{"id":917,"date":"2021-06-02T12:10:19","date_gmt":"2021-06-02T17:10:19","guid":{"rendered":"https:\/\/www.kreatico.com\/clientes\/fcuni\/?page_id=917"},"modified":"2025-01-08T00:03:40","modified_gmt":"2025-01-08T05:03:40","slug":"admision-maestrias","status":"publish","type":"page","link":"https:\/\/devcc.site\/en\/posgrado\/maestrias\/admision-maestrias\/","title":{"rendered":"Admisi\u00f3n a maestr\u00edas"},"content":{"rendered":"<div class=\"wp-block-group\"><div class=\"wp-block-group__inner-container is-layout-constrained wp-block-group-is-layout-constrained\">\n<p class=\"has-background\" style=\"background-color:#dddddd\">We are currently working on update this information. For the moment, this section will be displayed  in spanish. <\/p>\n<\/div><\/div>\n\n\n<h2 class=\"wp-block-heading\"><strong>Link de Inscripci\u00f3n<\/strong>: &nbsp;<\/h2>\n\n\n\n<p><a href=\"https:\/\/forms.office.com\/r\/adLacAa2Ag\">https:\/\/docs.google.com\/forms\/d\/e\/1FAIpQLSdeYGHFuYb25YkEVxOEQ27ns<\/a><\/p>\n\n\n\n<p><strong><u>Informaci\u00f3n general<\/u><\/strong><\/p>\n\n\n\n<p><strong>Requisitos:<\/strong><\/p>\n\n\n\n<ul class=\"wp-block-list\">\n<li>Ficha de datos.<\/li>\n\n\n\n<li>Solicitud dirigida al Director de la Escuela Central de Posgrado.<\/li>\n\n\n\n<li>Declaraci\u00f3n jurada, oblig\u00e1ndose a cumplir el Estatuto de la UNI y el Reglamento.<\/li>\n\n\n\n<li>Cartas de presentaci\u00f3n de dos profesores de reconocida trayectoria, de preferencia de la universidad de origen.<\/li>\n\n\n\n<li>CV documentado con copias simples.<\/li>\n\n\n\n<li>Para Maestr\u00eda: Copias simples del grado de Bachiller y del certificado de estudios universitarios (para egresados de otras universidades, deben de estar fedataedos por la UNI o por un notario).<\/li>\n\n\n\n<li>Para Doctorado: Copias simples del grado de Maestro y del certificado de estudios universitarios (para egresados de otras universidades, deben de estar fedataedos por la UNI o por un notario).<\/li>\n\n\n\n<li>Copia simple del DNI.<\/li>\n\n\n\n<li>Foto a color, con fondo blanco y sin lentes en formato jpg o png.<\/li>\n\n\n\n<li>Comprobante de pago por prospecto de admisi\u00f3n.<\/li>\n\n\n\n<li>Comprobante de pago por derecho de admisi\u00f3n.<\/li>\n<\/ul>\n\n\n\n<p><strong>Costos:<\/strong><\/p>\n\n\n\n<p>Prospecto de admisi\u00f3n&nbsp;&nbsp;&nbsp;&nbsp;&nbsp;&nbsp; S\/ 250,00<\/p>\n\n\n\n<p>Derecho de admisi\u00f3n&nbsp;&nbsp;&nbsp;&nbsp;&nbsp;&nbsp;&nbsp;&nbsp;&nbsp; S\/ 875,00<\/p>\n\n\n\n<p>Los profesores nombrados y contratados a tiempo completo con m\u00e1s de tres a\u00f1os de servicios continuos en la Universidad Nacional de Ingenier\u00eda, en actividad, pagaran el 20 % de los montos fijados.<\/p>\n\n\n\n<p>Los egresados de la UNI tienen el 15 % de descuento.<\/p>\n\n\n\n<h2 class=\"wp-block-heading\">MAESTR\u00cdA EN CIENCIAS EN QU\u00cdMICA<\/h2>\n\n\n\n<figure class=\"wp-block-table\"><table><thead><tr><th>CRONOGRAMA<\/th><th>FECHA<\/th><\/tr><\/thead><tbody><tr><td>INSCRIPCI\u00d3N<\/td><td>Del 04 de agosto al 06 de setiembre  <\/td><\/tr><tr><td>EXAMEN DE CONOCIMIENTOS &nbsp;<\/td><td>Del 07 al&nbsp;09 de setiembre  <\/td><\/tr><tr><td>EVALUACI\u00d3N DE M\u00c9RITOS<\/td><td>Del 07 al&nbsp;09 de setiembre<\/td><\/tr><tr><td>MATRICULA<\/td><td>Del 11 al&nbsp;13 de setiembre  <\/td><\/tr><tr><td>INICIO DE CLASES&nbsp;<\/td><td>14 de setiembre   <\/td><\/tr><\/tbody><\/table><\/figure>\n\n\n\n<h2 class=\"wp-block-heading\">MAESTR\u00cdA EN CIENCIAS EN MODELIZACI\u00d3N MATEM\u00c1TICA Y COMPUTACIONAL<\/h2>\n\n\n\n<figure class=\"wp-block-table\"><table><thead><tr><th>CRONOGRAMA<\/th><th>FECHA<\/th><\/tr><\/thead><tbody><tr><td>INSCRIPCI\u00d3N<\/td><td>Del 04 al 25 de agosto  <\/td><\/tr><tr><td>EXAMEN DE CONOCIMIENTOS &nbsp;<\/td><td>Del 28 al&nbsp; 29 de agosto  <\/td><\/tr><tr><td>EVALUACI\u00d3N DE M\u00c9RITOS<\/td><td>Del 28 al&nbsp; 29 de agosto<\/td><\/tr><tr><td>MATRICULA<\/td><td>Del 31 de agosto al 01 de setiembre   <\/td><\/tr><tr><td>INICIO DE CLASES<\/td><td>04 de setiembre   <\/td><\/tr><\/tbody><\/table><\/figure>\n\n\n\n<p><\/p>\n","protected":false},"excerpt":{"rendered":"<p>Link de Inscripci\u00f3n: &nbsp; https:\/\/docs.google.com\/forms\/d\/e\/1FAIpQLSdeYGHFuYb25YkEVxOEQ27ns Informaci\u00f3n general Requisitos: Costos: Prospecto de admisi\u00f3n&nbsp;&nbsp;&nbsp;&nbsp;&nbsp;&nbsp; S\/ 250,00 Derecho de admisi\u00f3n&nbsp;&nbsp;&nbsp;&nbsp;&nbsp;&nbsp;&nbsp;&nbsp;&nbsp; S\/ 875,00 Los profesores nombrados y contratados a tiempo completo con m\u00e1s de tres a\u00f1os de servicios continuos en la Universidad Nacional de Ingenier\u00eda, en actividad, pagaran el 20 % de los montos fijados. Los egresados de la [&hellip;]<\/p>\n","protected":false},"author":1,"featured_media":0,"parent":4553,"menu_order":0,"comment_status":"closed","ping_status":"closed","template":"","meta":{"footnotes":""},"class_list":["post-917","page","type-page","status-publish","hentry"],"_links":{"self":[{"href":"https:\/\/devcc.site\/en\/wp-json\/wp\/v2\/pages\/917","targetHints":{"allow":["GET"]}}],"collection":[{"href":"https:\/\/devcc.site\/en\/wp-json\/wp\/v2\/pages"}],"about":[{"href":"https:\/\/devcc.site\/en\/wp-json\/wp\/v2\/types\/page"}],"author":[{"embeddable":true,"href":"https:\/\/devcc.site\/en\/wp-json\/wp\/v2\/users\/1"}],"replies":[{"embeddable":true,"href":"https:\/\/devcc.site\/en\/wp-json\/wp\/v2\/comments?post=917"}],"version-history":[{"count":47,"href":"https:\/\/devcc.site\/en\/wp-json\/wp\/v2\/pages\/917\/revisions"}],"predecessor-version":[{"id":7026,"href":"https:\/\/devcc.site\/en\/wp-json\/wp\/v2\/pages\/917\/revisions\/7026"}],"up":[{"embeddable":true,"href":"https:\/\/devcc.site\/en\/wp-json\/wp\/v2\/pages\/4553"}],"wp:attachment":[{"href":"https:\/\/devcc.site\/en\/wp-json\/wp\/v2\/media?parent=917"}],"curies":[{"name":"wp","href":"https:\/\/api.w.org\/{rel}","templated":true}]}}