{"id":744,"date":"2021-05-24T21:13:05","date_gmt":"2021-05-25T02:13:05","guid":{"rendered":"http:\/\/localhost\/fcuni\/?page_id=744"},"modified":"2026-01-09T10:41:59","modified_gmt":"2026-01-09T15:41:59","slug":"documentos","status":"publish","type":"page","link":"https:\/\/devcc.site\/en\/estadistica\/documentos\/","title":{"rendered":"Matr\u00edcula y Procedimientos"},"content":{"rendered":"\n<div class=\"wp-block-columns is-layout-flex wp-container-core-columns-is-layout-9d6595d7 wp-block-columns-is-layout-flex\">\n<div class=\"wp-block-column is-layout-flow wp-block-column-is-layout-flow\" style=\"flex-basis:66.66%\">\n<div class=\"wp-block-columns is-layout-flex wp-container-core-columns-is-layout-9d6595d7 wp-block-columns-is-layout-flex\">\n<div class=\"wp-block-column coluno docinvesti is-layout-flow wp-block-column-is-layout-flow\">\n<h2 class=\"wp-block-heading\">Matr\u00edcula<\/h2>\n\n\n\n<p><strong>Estudiantes Regulares<\/strong><\/p>\n\n\n\n<ul class=\"wp-block-list\">\n<li><a href=\"https:\/\/drive.google.com\/file\/d\/1y7ioCVAbm2TCmCbAt5bZzFL9lu-hAWLL\/view?usp=drive_link\">Matr\u00edcula rezagada 2025-2<\/a><\/li>\n\n\n\n<li><a href=\"https:\/\/drive.google.com\/file\/d\/1Y0nMXFEW09Js_dztYOnGDJzDC6XENuJX\/view?usp=sharing\">Matr\u00edcula 2025-2: casos especiales<\/a><\/li>\n\n\n\n<li><a href=\"https:\/\/drive.google.com\/file\/d\/17zsY9T6yR1JHsuvqvDdUDszj05LL2DrB\/view?usp=sharing\"><strong>Cursos ofrecidos en verano 2025-3<\/strong><\/a><\/li>\n\n\n\n<li><a href=\"https:\/\/drive.google.com\/file\/d\/15cRuuYEbB5v_4MwuHi7l8FZYCHWjgx4V\/view?usp=sharing\" target=\"_blank\" rel=\"noreferrer noopener\">Alumnos en Riesgo Acad\u00e9mico<\/a><\/li>\n\n\n\n<li><a href=\"https:\/\/drive.google.com\/file\/d\/1sVroJ_mo6X0eTfPobKBJen4vDGmotU_P\/view?usp=sharing\">Tipos de Subsistema de Evaluaci\u00f3n<\/a><\/li>\n\n\n\n<li><a href=\"https:\/\/drive.google.com\/file\/d\/1QMGiNhCCsWfnOZFZV85lwXWfrR0GNQzP\/view?usp=sharing\">Matr\u00edcula Condicionada<\/a><\/li>\n\n\n\n<li><a href=\"https:\/\/drive.google.com\/file\/d\/1KHEhXMX_5isXyEK5aaKs8ALl6KJ-yBnZ\/view?usp=sharing\" target=\"_blank\" rel=\"noreferrer noopener\">Matr\u00edcula Preferencial<\/a><\/li>\n\n\n\n<li><a href=\"https:\/\/drive.google.com\/file\/d\/11HXSiXQUICkiT1a7XZcI54XrNqhdGngY\/view?usp=drive_link\">Matr\u00edcula Traslado Interno<\/a><\/li>\n<\/ul>\n\n\n\n<p><\/p>\n\n\n\n<p><strong>Ingresantes<\/strong><\/p>\n\n\n\n<ul class=\"wp-block-list\">\n<li><a href=\"https:\/\/drive.google.com\/file\/d\/1TqoZDUYwbsBnZ1WSvy1aEMD_KmOkF3If\/view?usp=sharing\"><strong>Entrega de documentos para la matr\u00edcula<\/strong><\/a> <\/li>\n\n\n\n<li><a href=\"https:\/\/drive.google.com\/file\/d\/1ggSPq_-CBbTgaURL9cgHOnRBZ9WAipxG\/view?usp=drive_link\">Requisitos y Procedimiento de matr\u00edcula<\/a><\/li>\n\n\n\n<li><a href=\"https:\/\/drive.google.com\/file\/d\/1eOYVjbFOo-uhNikplNcBCCB-tDaykwlv\/view?usp=drive_link\">Matr\u00edcula de Ingresantes<\/a><\/li>\n\n\n\n<li><a href=\"https:\/\/drive.google.com\/file\/d\/1ZeUH09xD_KKzmADHZqEtrMUq6SH8YpBW\/view?usp=sharing\">Matr\u00edcula de Graduado o Titulado<\/a><\/li>\n\n\n\n<li><a href=\"https:\/\/drive.google.com\/file\/d\/1TkOsGC6vrR6e_1UQXpSiIBysQFkssjfK\/view?usp=sharing\">Postergaci\u00f3n de Matr\u00edcula<\/a><\/li>\n\n\n\n<li><a href=\"https:\/\/drive.google.com\/file\/d\/1Y6Ph6IuPrAN1uQxfpyS68rtlXwJDwYDw\/view?usp=sharing\">Curso de Introductorio<\/a><\/li>\n\n\n\n<li><a href=\"https:\/\/drive.google.com\/file\/d\/18XEVQJOfDL-54Hr5vUMXwshvvu5S5j5B\/view?usp=sharing\">Perdida de la vacante de Ingreso<\/a><\/li>\n<\/ul>\n<\/div>\n\n\n\n<div class=\"wp-block-column coluno docinvesti is-layout-flow wp-block-column-is-layout-flow\">\n<h2 class=\"wp-block-heading\">Procedimientos<\/h2>\n\n\n\n<ul class=\"wp-block-list\">\n<li><a href=\"https:\/\/drive.google.com\/file\/d\/19TxkAdZvaFMAIDao7edwBYHoVfWP1NsD\/view?usp=sharing\" target=\"_blank\" rel=\"noreferrer noopener\">Retiro Parcial<\/a><\/li>\n\n\n\n<li><a href=\"https:\/\/drive.google.com\/file\/d\/15TsJHJFJKOfX_MPIaS4mpMna4YchSS2B\/view?usp=sharing\">Retiro Total<\/a><\/li>\n\n\n\n<li><a href=\"https:\/\/drive.google.com\/file\/d\/1LPE4BeZbA7G1bRprR5ILLGpYHCjmAS4j\/view?usp=sharing\">Reincorporaci\u00f3n<\/a><\/li>\n\n\n\n<li><a href=\"https:\/\/drive.google.com\/file\/d\/15ZZvoi1etESzH54Qd-xZNOV240cJ0UdH\/view?usp=sharinghttps:\/\/drive.google.com\/file\/d\/1AfZ_DABxYNmrUUe0ovrGMZ1h7PI-hZuI\/view?usp=sharing\" target=\"_blank\" rel=\"noreferrer noopener\">Reserva de Matr\u00edcula<\/a><\/li>\n\n\n\n<li><a href=\"https:\/\/drive.google.com\/file\/d\/186k0LcAs4n9WGbObFN2C-gl_nR28_RgK\/view?usp=sharing\" target=\"_blank\" rel=\"noreferrer noopener\">Examen de Regularizaci\u00f3n<\/a><\/li>\n\n\n\n<li><a href=\"https:\/\/drive.google.com\/file\/d\/1PB_xPiXvWS5McJU8-19ItKYG-h2ChRKJ\/view?usp=sharing\">Traslado Interno<\/a><\/li>\n<\/ul>\n\n\n\n<h2 class=\"wp-block-heading\">Manuales<\/h2>\n\n\n\n<ul class=\"wp-block-list\">\n<li><a href=\"https:\/\/drive.google.com\/file\/d\/1VoVyB4W-Zwlnt0NUC3kxwzPUqGCYChwl\/view?usp=sharing\">Manual Intranet-Docente<\/a><\/li>\n\n\n\n<li><a href=\"https:\/\/drive.google.com\/file\/d\/15npcYqnWuPpIZG8SqBSLSkoBqxnthTPK\/view?usp=sharing\">Manual constancia de egresado-SIGA-INTRALU<\/a><\/li>\n\n\n\n<li><strong><a href=\"https:\/\/drive.google.com\/file\/d\/1FcpooK6_QlXcgF3npvQ9A5-ejWoflQW2\/view?usp=share_link\" target=\"_blank\" rel=\"noreferrer noopener\">Manual de Convalidaciones<\/a><\/strong><\/li>\n\n\n\n<li><strong><a href=\"https:\/\/drive.google.com\/file\/d\/1Ecc5k_QGI-hGsFviiiQhlC66ZX7hUyeT\/view?usp=sharing\" target=\"_blank\" rel=\"noreferrer noopener\">Manual de Pagos UNI<\/a><\/strong><\/li>\n\n\n\n<li><a href=\"https:\/\/drive.google.com\/file\/d\/1X8KG084o_pQJ1I7vGKuZh0AFcrppelOt\/view?usp=share_link\" target=\"_blank\" rel=\"noreferrer noopener\">Manual de Reclamo de Notas<\/a><\/li>\n\n\n\n<li><a href=\"https:\/\/drive.google.com\/file\/d\/116ZkYT_5FnPh2b7qz2Bt8ws4r01u1di1\/view?usp=sharing\" target=\"_blank\" rel=\"noreferrer noopener\"><strong>Atenci\u00f3n de Reclamos &#8211; Docentes<\/strong><\/a><\/li>\n\n\n\n<li><strong><a href=\"https:\/\/drive.google.com\/file\/d\/1nzka4WpZa8EW3vc6_rAZPezEfU4IDgh0\/view?usp=sharing\">Directiva para obtener la constancia de egresado<\/a><\/strong><\/li>\n\n\n\n<li><a href=\"https:\/\/drive.google.com\/file\/d\/13kREBoitOlc-Fp_a8jC40YEAukdgr6bq\/view?usp=sharing\"><strong>Registro de Cr\u00e9ditos Extracurriculares<\/strong><\/a><\/li>\n<\/ul>\n<\/div>\n<\/div>\n\n\n\n<div class=\"wp-block-columns is-layout-flex wp-container-core-columns-is-layout-9d6595d7 wp-block-columns-is-layout-flex\">\n<div class=\"wp-block-column coluno docinvesti is-layout-flow wp-block-column-is-layout-flow\">\n<h2 class=\"wp-block-heading\">Rol de Ex\u00e1menes<\/h2>\n\n\n\n<ul class=\"wp-block-list\">\n<li>Ex. Parcial<\/li>\n\n\n\n<li>Ex. Final<\/li>\n\n\n\n<li>Ex. Sustitutorio<\/li>\n<\/ul>\n<\/div>\n\n\n\n<div class=\"wp-block-column coluno docinvesti is-layout-flow wp-block-column-is-layout-flow\">\n<h2 class=\"wp-block-heading\">Reglamentos<\/h2>\n\n\n\n<ul class=\"wp-block-list\">\n<li><a href=\"http:\/\/fc.uni.edu.pe\/wp-content\/uploads\/2022\/04\/reglamento-de-matricula-29-03-2022.pdf\" target=\"_blank\" rel=\"noreferrer noopener\">Reglamento de Matr\u00edcula<\/a><\/li>\n\n\n\n<li><a href=\"https:\/\/drive.google.com\/file\/d\/1iLOLMWZA9AJPsp7lJJjtXj2xEvp0heAC\/view?usp=sharing\"><strong>Modificaci\u00f3n del Reg. de<\/strong><\/a><\/li>\n\n\n\n<li><a href=\"https:\/\/drive.google.com\/file\/d\/1iLOLMWZA9AJPsp7lJJjtXj2xEvp0heAC\/view?usp=sharing\"><strong> Matr\u00edcula<\/strong><\/a><\/li>\n\n\n\n<li><a href=\"https:\/\/drive.google.com\/file\/d\/1wIWiBi6Lb7uZ6yFFddp10H2j0sHj4Hz7\/view?usp=sharing\">Fe de Erratas-Reg. de <\/a><\/li>\n\n\n\n<li><a href=\"https:\/\/drive.google.com\/file\/d\/1wIWiBi6Lb7uZ6yFFddp10H2j0sHj4Hz7\/view?usp=sharing\">Matr\u00edcula<\/a><\/li>\n\n\n\n<li><a href=\"http:\/\/fc.uni.edu.pe\/wp-content\/uploads\/2021\/06\/RR-0116-2017.pdf\" target=\"_blank\" rel=\"noreferrer noopener\">Reglamento de Evaluaci\u00f3n<\/a><\/li>\n\n\n\n<li><a href=\"https:\/\/fc.uni.edu.pe\/wp-content\/uploads\/2022\/09\/RR-0477-2017-reglamento-de-tutoria.pdf\" target=\"_blank\" rel=\"noreferrer noopener\">Reglamento de Tutor\u00eda<\/a><\/li>\n\n\n\n<li><a href=\"https:\/\/drive.google.com\/file\/d\/1sR6ycLk_qXdEhies2SriXsHDdwwAXlHN\/view?usp=sharing\">Reglamento de Verano<\/a><\/li>\n\n\n\n<li><a href=\"https:\/\/drive.google.com\/file\/d\/1c9b3PzYcYb7VTGpOgE0ha8xdjNP1RxuK\/view?usp=sharing\" target=\"_blank\" rel=\"noreferrer noopener\">Reglamento de Aplazados<\/a><\/li>\n\n\n\n<li><a href=\"https:\/\/drive.google.com\/file\/d\/1-_nJRLK9nK1Iooj3KYwgOnv_H68OLl8k\/view?usp=sharing\">Reglamento de Encuesta Docente<\/a><\/li>\n\n\n\n<li><a href=\"https:\/\/drive.google.com\/file\/d\/1TyTRyyBiQmJheLIiH7yddODwmwogsTFA\/view?usp=sharing\">Reglamento de Estudios Generales<\/a><\/li>\n\n\n\n<li><a href=\"https:\/\/drive.google.com\/file\/d\/1qSyjqk5YOTSlF_ohRsZgTrsGjkjypq9B\/view?usp=sharing\">Tarifario Oficial<\/a><\/li>\n\n\n\n<li><a href=\"https:\/\/drive.google.com\/file\/d\/1d7JEMYylObFiD801gFiGbuB8hETjm25o\/view?usp=sharing\">Reglamento de Admisi\u00f3n<\/a><\/li>\n<\/ul>\n<\/div>\n<\/div>\n\n\n\n<div class=\"wp-block-columns is-layout-flex wp-container-core-columns-is-layout-9d6595d7 wp-block-columns-is-layout-flex\">\n<div class=\"wp-block-column is-layout-flow wp-block-column-is-layout-flow\">\n<h2 class=\"wp-block-heading\">Reportes Estad\u00edsticos<\/h2>\n\n\n\n<p><\/p>\n\n\n\n<ul class=\"wp-block-list\">\n<li><a href=\"https:\/\/drive.google.com\/file\/d\/1E3x5GHL1nOj8-Q3FHQJ9b9gfVfcfdJ-R\/view?usp=drive_link\"><strong>Aprobados\/Desaprobados-Entre ingresantes 2024-1 a 2025-1 <\/strong><\/a><\/li>\n\n\n\n<li><a href=\"https:\/\/drive.google.com\/file\/d\/1enksjv-RzRT184A1bv_tt7xekI0NHWZl\/view?usp=sharing\">% Aprobados vs Desaprobados-2024-3<\/a><\/li>\n<\/ul>\n<\/div>\n\n\n\n<div class=\"wp-block-column is-layout-flow wp-block-column-is-layout-flow\">\n<h2 class=\"wp-block-heading\">Otros Tr\u00e1mites<\/h2>\n\n\n\n<ul class=\"wp-block-list\">\n<li><a href=\"https:\/\/drive.google.com\/file\/d\/1KpA6Y52Bs8vSRbSm94p0X9tTKP-FyJpU\/view?usp=sharing\"><strong>Constancia de notas<\/strong><\/a>\n<ul class=\"wp-block-list\">\n<li><a href=\"https:\/\/drive.google.com\/file\/d\/1NalzprwXHBqZ7I9BxdMVtOkJ1M2NOFqj\/view?usp=sharing\">Modelo en castellano<\/a><\/li>\n\n\n\n<li><a href=\"https:\/\/drive.google.com\/file\/d\/1eYhkogxp5yTJwHQJ2AMCMzfiviKmiBRI\/view?usp=sharing\">Modelo en ingl\u00e9s<\/a><\/li>\n<\/ul>\n<\/li>\n\n\n\n<li><strong><a href=\"https:\/\/drive.google.com\/file\/d\/1mSJ4BBqMbaWv8TQHjI0vXKWY72hu38Up\/view?usp=sharing\" target=\"_blank\" rel=\"noreferrer noopener\">Constancia de Matr\u00edcula<\/a><\/strong>\n<ul class=\"wp-block-list\">\n<li><a href=\"https:\/\/drive.google.com\/file\/d\/17qFqWZGKVJMAubQZICf4v8hUqQ7B8qru\/view?usp=sharing\">Modelo en castellano<\/a><\/li>\n\n\n\n<li><a href=\"https:\/\/drive.google.com\/file\/d\/13iO0_PsPTQXoBy5yR9VV1yA4AKjcgBqc\/view?usp=sharing\">Modelo en Ingl\u00e9s<\/a><\/li>\n<\/ul>\n<\/li>\n\n\n\n<li><a href=\"https:\/\/drive.google.com\/file\/d\/1WCTP5spv0Q69OvGE3B6fpkVMlcv6kgdO\/view?usp=sharing\"><strong>Constancia de Evaluaci\u00f3n Acad\u00e9mica Favorable<\/strong><\/a>\n<ul class=\"wp-block-list\">\n<li><a href=\"https:\/\/drive.google.com\/file\/d\/1R_lG7XbWMybcwxmNKf92r0_0Xhm5Pcbe\/view?usp=sharing\">Modelo <\/a><\/li>\n<\/ul>\n<\/li>\n<\/ul>\n<\/div>\n<\/div>\n\n\n\n<div class=\"wp-block-media-text\" style=\"grid-template-columns:18% auto\"><figure class=\"wp-block-media-text__media\"><img loading=\"lazy\" decoding=\"async\" width=\"700\" height=\"500\" src=\"https:\/\/fc.uni.edu.pe\/wp-content\/uploads\/2021\/05\/imagen-defecto-min.jpg\" alt=\"\" class=\"wp-image-80 size-full\" srcset=\"https:\/\/devcc.site\/wp-content\/uploads\/2021\/05\/imagen-defecto-min.jpg 700w, https:\/\/devcc.site\/wp-content\/uploads\/2021\/05\/imagen-defecto-min-300x214.jpg 300w\" sizes=\"auto, (max-width: 700px) 100vw, 700px\" \/><\/figure><div class=\"wp-block-media-text__content\">\n<hr class=\"wp-block-separator has-alpha-channel-opacity\" \/>\n\n\n\n<p class=\"has-medium-font-size\"><strong>Contacto<\/strong><\/p>\n\n\n\n<p style=\"letter-spacing:0px\"><strong>Secretarias<\/strong>: Elizabeth Roxana Almonacid Garc\u00eda, Mabel Rosales Ramirez <br><strong>Correo:<\/strong> estadistica_fc@uni.edu.pe<br><strong>Tel\u00e9fono: <\/strong>481-1070 anexos 5011 \/ 5023<\/p>\n\n\n\n<hr class=\"wp-block-separator has-alpha-channel-opacity\" \/>\n<\/div><\/div>\n<\/div>\n\n\n\n<div class=\"wp-block-column is-layout-flow wp-block-column-is-layout-flow\" style=\"flex-basis:33.33%\">\n<div class=\"wp-block-columns alignwide is-layout-flex wp-container-core-columns-is-layout-829b1d53 wp-block-columns-is-layout-flex\" style=\"margin-bottom:0\">\n<div class=\"wp-block-column has-text-color has-background has-link-color wp-elements-482dd46b28d265461cccf7c9aa6689cf is-layout-flow wp-block-column-is-layout-flow\" style=\"color:#000000;background-color:#e7e7e7;padding-top:2em;padding-right:2em;padding-bottom:2em;padding-left:2em\">\n<h2 class=\"wp-block-heading\" id=\"single\" style=\"font-size:20px\"><strong>M\u00e1s informaci\u00f3n<\/strong><\/h2>\n\n\n\n<p>Tr\u00e1mites <\/p>\n\n\n\n<ul class=\"wp-block-list\">\n<li><a href=\"https:\/\/fc.uni.edu.pe\/estadistica\/\">\u00c1rea de Estad\u00edstica y Registros Acad\u00e9micos (AERA)<\/a><\/li>\n\n\n\n<li>Matr\u00edcula y Procedimientos<\/li>\n\n\n\n<li><a href=\"https:\/\/fc.uni.edu.pe\/estadistica\/matricula-2024-2\/\">Matr\u00edcula 2024.2<\/a><\/li>\n<\/ul>\n\n\n\n<p><a href=\"https:\/\/fc.uni.edu.pe\/estudios-de-grado\/\">Estudiantes de grado<\/a><\/p>\n\n\n\n<ul class=\"wp-block-list\">\n<li><a href=\"https:\/\/fc.uni.edu.pe\/estudios-de-grado\/calendario-academico\/\">Calendario acad\u00e9mico<\/a><\/li>\n\n\n\n<li><a href=\"https:\/\/fc.uni.edu.pe\/estudios-de-grado\/biblioteca\/\">Biblioteca<\/a> <\/li>\n\n\n\n<li><a href=\"https:\/\/fc.uni.edu.pe\/estudios-de-grado\/grados-y-titulos\/\">Grados y T\u00edtulos<\/a><\/li>\n\n\n\n<li><a href=\"https:\/\/fc.uni.edu.pe\/estudios-de-grado\/empleabilidad\/\">Seguimiento al graduado<\/a><\/li>\n\n\n\n<li><a href=\"https:\/\/fc.uni.edu.pe\/pregrado\/creditos\/\">Cr\u00e9ditos Extracurriculares<\/a><\/li>\n\n\n\n<li><a href=\"https:\/\/fc.uni.edu.pe\/estudios-de-grado\/asociaciones-estudiantiles\/\">Asociaciones estudiantiles<\/a><\/li>\n<\/ul>\n\n\n\n<p><a href=\"https:\/\/fc.uni.edu.pe\/pregrado\/\">Carreras de Pregrado<\/a><\/p>\n\n\n\n<ul class=\"wp-block-list\">\n<li><a href=\"https:\/\/fc.uni.edu.pe\/pregrado\/fisica\/\">F\u00edsica<\/a><\/li>\n\n\n\n<li><a href=\"https:\/\/fc.uni.edu.pe\/pregrado\/matematica\/\">Matem\u00e1tica<\/a><\/li>\n\n\n\n<li><a href=\"https:\/\/fc.uni.edu.pe\/pregrado\/quimica\/\">Qu\u00edmica<\/a><\/li>\n\n\n\n<li><a href=\"https:\/\/fc.uni.edu.pe\/pregrado\/ingenieria-fisica\/\">Ingenier\u00eda F\u00edsica<\/a><\/li>\n\n\n\n<li><a href=\"https:\/\/fc.uni.edu.pe\/pregrado\/ciencia-de-la-computacion\/\">Ciencia de la Computaci\u00f3n<\/a><\/li>\n<\/ul>\n<\/div>\n<\/div>\n\n\n\n<div class=\"wp-block-columns alignwide is-layout-flex wp-container-core-columns-is-layout-829b1d53 wp-block-columns-is-layout-flex\" style=\"margin-bottom:0\">\n<div class=\"wp-block-column has-white-background-color has-text-color has-background has-link-color wp-elements-04b17e7110c617c3b321f8385644b1f9 is-layout-flow wp-block-column-is-layout-flow\" style=\"color:#000000;padding-top:2em;padding-right:2em;padding-bottom:2em;padding-left:2em\"><h2 class=\"wp-block-heading has-black-color has-text-color has-link-color wp-elements-5bbb62aca8f4f02cc39819257b246dc8\" id=\"single\" style=\"font-size:20px\"><strong>Eventos<\/strong> cient\u00edficos<\/h2>\n\n\n<ul class=\"wp-block-latest-posts__list has-link-color bullet-links wp-elements-d1fbb039474d2d6592128aac7caf5d32 wp-block-latest-posts has-text-color has-black-color\"><li><a class=\"wp-block-latest-posts__post-title\" href=\"https:\/\/devcc.site\/en\/2025\/12\/10\/deshidrogenacion-oxidativa-de-etano-odh-de-etano-con-oxidos-metalicos-en-atmosfera-de-co%e2%82%82-hacia-una-economia-circular\/\">Deshidrogenaci\u00f3n oxidativa de etano (ODH) de etano con \u00f3xidos met\u00e1licos en atm\u00f3sfera de CO\u2082: hacia una econom\u00eda circular<\/a><\/li>\n<li><a class=\"wp-block-latest-posts__post-title\" href=\"https:\/\/devcc.site\/en\/2025\/11\/28\/curso-estadistica-aplicada-en-procedimientos-de-quimica-analitica-en-la-industria-2\/\">Curso: Estad\u00edstica aplicada en procedimientos de qu\u00edmica anal\u00edtica en la industria<\/a><\/li>\n<li><a class=\"wp-block-latest-posts__post-title\" href=\"https:\/\/devcc.site\/en\/2025\/11\/05\/modelos-generativos-de-ia-y-sus-aplicaciones\/\">Modelos Generativos de IA y sus Aplicaciones<\/a><\/li>\n<li><a class=\"wp-block-latest-posts__post-title\" href=\"https:\/\/devcc.site\/en\/2025\/10\/15\/nuevas-sorpresas-de-la-mecanica-cuantica-y-los-premios-nobel-2025-de-fisica-y-de-quimica\/\">Nuevas sorpresas de la Mec\u00e1nica Cu\u00e1ntica y los Premios Nobel 2025 de F\u00edsica y de Qu\u00edmica<\/a><\/li>\n<\/ul><\/div>\n<\/div>\n<\/div>\n<\/div>\n","protected":false},"excerpt":{"rendered":"<p>Matr\u00edcula Estudiantes Regulares Ingresantes Procedimientos Manuales Rol de Ex\u00e1menes Reglamentos Reportes Estad\u00edsticos Otros Tr\u00e1mites Contacto Secretarias: Elizabeth Roxana Almonacid Garc\u00eda, Mabel Rosales Ramirez Correo: estadistica_fc@uni.edu.peTel\u00e9fono: 481-1070 anexos 5011 \/ 5023 M\u00e1s informaci\u00f3n Tr\u00e1mites Estudiantes de grado Carreras de Pregrado<\/p>\n","protected":false},"author":1,"featured_media":0,"parent":514,"menu_order":0,"comment_status":"closed","ping_status":"closed","template":"","meta":{"footnotes":""},"class_list":["post-744","page","type-page","status-publish","hentry"],"_links":{"self":[{"href":"https:\/\/devcc.site\/en\/wp-json\/wp\/v2\/pages\/744","targetHints":{"allow":["GET"]}}],"collection":[{"href":"https:\/\/devcc.site\/en\/wp-json\/wp\/v2\/pages"}],"about":[{"href":"https:\/\/devcc.site\/en\/wp-json\/wp\/v2\/types\/page"}],"author":[{"embeddable":true,"href":"https:\/\/devcc.site\/en\/wp-json\/wp\/v2\/users\/1"}],"replies":[{"embeddable":true,"href":"https:\/\/devcc.site\/en\/wp-json\/wp\/v2\/comments?post=744"}],"version-history":[{"count":259,"href":"https:\/\/devcc.site\/en\/wp-json\/wp\/v2\/pages\/744\/revisions"}],"predecessor-version":[{"id":7609,"href":"https:\/\/devcc.site\/en\/wp-json\/wp\/v2\/pages\/744\/revisions\/7609"}],"up":[{"embeddable":true,"href":"https:\/\/devcc.site\/en\/wp-json\/wp\/v2\/pages\/514"}],"wp:attachment":[{"href":"https:\/\/devcc.site\/en\/wp-json\/wp\/v2\/media?parent=744"}],"curies":[{"name":"wp","href":"https:\/\/api.w.org\/{rel}","templated":true}]}}