{"id":6959,"date":"2025-01-07T22:57:24","date_gmt":"2025-01-08T03:57:24","guid":{"rendered":"https:\/\/fc.uni.edu.pe\/?page_id=6959"},"modified":"2025-01-07T23:59:10","modified_gmt":"2025-01-08T04:59:10","slug":"maestria-en-ciencias-en-modelizacion-matematica-y-computacional","status":"publish","type":"page","link":"https:\/\/devcc.site\/en\/posgrado\/maestrias\/maestria-en-ciencias-en-modelizacion-matematica-y-computacional\/","title":{"rendered":"Maestr\u00eda en Modelizaci\u00f3n Matem\u00e1tica y Computacional"},"content":{"rendered":"\n<div class=\"wp-block-columns is-layout-flex wp-container-core-columns-is-layout-9d6595d7 wp-block-columns-is-layout-flex\">\n<div class=\"wp-block-column is-layout-flow wp-block-column-is-layout-flow\" style=\"flex-basis:66.66%\">\n<p>El Instituto de Matem\u00e1tica y Ciencias Afines (IMCA) presenta el <a href=\"http:\/\/imca.edu.pe\/es\/programa\/maestria-en-modelizacion-matematica-y-computacional\" target=\"_blank\" rel=\"noreferrer noopener\">programa de Maestr\u00eda en Modelizaci\u00f3n Matem\u00e1tica y Computacional<\/a>, dise\u00f1ado para formar especialistas e investigadores de alto nivel capaces de enfrentar los desaf\u00edos complejos de los sectores m\u00e1s importantes del pa\u00eds.<\/p>\n\n\n\n<p>Esta maestr\u00eda ofrece una formaci\u00f3n interdisciplinaria que integra herramientas avanzadas de modelizaci\u00f3n, simulaci\u00f3n num\u00e9rica y optimizaci\u00f3n aplicada a los sectores energ\u00eda, econom\u00eda, miner\u00eda, agroindustria, etc. <\/p>\n\n\n\n<p>Nuestros estudiantes estar\u00e1n preparados para abordar problemas estrat\u00e9gicos como el planeamiento integrado de largo plazo, la operaci\u00f3n eficiente de sistemas a corto plazo, el desarrollo de modelos predictivos, la optimizaci\u00f3n de redes inteligentes y mucho m\u00e1s.<\/p>\n\n\n\n<p class=\"has-medium-font-size\"><strong>Objetivos educacionales <\/strong><\/p>\n\n\n\n<p>Formar especialistas e investigadores multidisciplinarios de alto nivel que puedan ocuparse de los problemas t\u00e9cnicos actuales y futuros, relacionados con la modelizaci\u00f3n matem\u00e1tica y computacional de los sistemas industriales complejos, como por ejemplo los de energ\u00eda, recursos h\u00eddricos, transporte, telecomunicaciones, miner\u00eda, pesca, entre otros.<\/p>\n\n\n\n<p class=\"has-medium-font-size\"><strong>Perfil del ingresante<\/strong><\/p>\n\n\n\n<ul class=\"wp-block-list\">\n<li>Demuestra conocimientos adecuados de matem\u00e1tica y programaci\u00f3n. <\/li>\n\n\n\n<li>Dependiendo del proceso de admisi\u00f3n, debe poseer un tema de investigaci\u00f3n que puede ser tratado desde al menos una de las l\u00edneas de investigaci\u00f3n que el IMCA posee (o una de las entidades colaboradoras del IMCA).<\/li>\n<\/ul>\n\n\n\n<p class=\"has-medium-font-size\"><strong>Perfil del egresado<\/strong><\/p>\n\n\n\n<p>El egresado de la Maestr\u00eda deber\u00e1 estar capacitado para:<\/p>\n\n\n\n<ul class=\"wp-block-list\">\n<li>Interactuar con equipos multidisciplinarios que busquen solucionar problemas complejos de los sectores productivos, relacionados con el planeamiento de la operaci\u00f3n y la expansi\u00f3n de unidades de producci\u00f3n, estaciones, equipos, redes o activos, seg\u00fan corresponda a cada sector industrial.<\/li>\n\n\n\n<li>Desarrollar herramientas que apoyen la toma de decisiones, mediante modelaci\u00f3n y simulaci\u00f3n computacional para el correspondiente an\u00e1lisis cualitativo y cuantitativo de planes estrat\u00e9gicos, pol\u00edticas y regulaciones, y en especial de proyectos financieros de inversi\u00f3n en infraestructura de relevancia nacional (privada y estatal).<\/li>\n\n\n\n<li>Entender problemas que se presentan en otros campos donde la matem\u00e1tica aplicada es una herramienta fundamental, facilitando as\u00ed la transferencia tecnol\u00f3gica de las consultor\u00edas internacionales ejecutadas para el Per\u00fa.<\/li>\n\n\n\n<li>Ejercer investigaci\u00f3n en universidades y centros de desarrollo cient\u00edfico-industrial, nacionales o extranjeros.<\/li>\n\n\n\n<li>Realizar estudios de Doctorado siguiendo los lineamientos de este programa de maestr\u00eda.<\/li>\n<\/ul>\n\n\n\n<p class=\"has-medium-font-size\"><strong>Malla Curricular<\/strong><\/p>\n\n\n\n<figure class=\"wp-block-image size-full\"><img decoding=\"async\" src=\"https:\/\/fc.uni.edu.pe\/wp-content\/uploads\/2025\/01\/malla_2025_MMC.png\" alt=\"\" class=\"wp-image-6999\"\/><\/figure>\n\n\n\n<div style=\"height:26px\" aria-hidden=\"true\" class=\"wp-block-spacer\"><\/div>\n\n\n\n<div class=\"wp-block-buttons is-content-justification-left is-nowrap is-layout-flex wp-container-core-buttons-is-layout-6447b855 wp-block-buttons-is-layout-flex\">\n<div class=\"wp-block-button has-custom-font-size is-style-fill\" style=\"font-size:16px;font-style:normal;font-weight:600;letter-spacing:0px;text-transform:uppercase\"><a class=\"wp-block-button__link has-white-color has-text-color wp-element-button\" href=\"http:\/\/imca.edu.pe\/es\/programa\/maestria-en-modelizacion-matematica-y-computacional\" style=\"padding-top:24px;padding-right:48px;padding-bottom:24px;padding-left:48px\" target=\"_blank\" rel=\"noreferrer noopener\">m\u00e1s informaci\u00f3n<\/a><\/div>\n<\/div>\n\n\n\n<div style=\"height:50px\" aria-hidden=\"true\" class=\"wp-block-spacer\"><\/div>\n\n\n\n<div class=\"wp-block-columns is-layout-flex wp-container-core-columns-is-layout-9d6595d7 wp-block-columns-is-layout-flex\">\n<div class=\"wp-block-column is-layout-flow wp-block-column-is-layout-flow\" style=\"flex-basis:5%\"><\/div>\n\n\n\n<div class=\"wp-block-column is-layout-flow wp-block-column-is-layout-flow\" style=\"flex-basis:66.66%\">\n<div class=\"wp-block-group\"><div class=\"wp-block-group__inner-container is-layout-constrained wp-block-group-is-layout-constrained\">\n<hr class=\"wp-block-separator has-alpha-channel-opacity\"\/>\n\n\n\n<p class=\"has-medium-font-size\"><strong>Contacto<\/strong><\/p>\n\n\n\n<p style=\"letter-spacing:0px\"><strong>UNIDAD DE POSGRADO<\/strong><br><strong>Correo:<\/strong> <a href=\"mailto:postgradofc@uni.edu.pe\">postgradofc@uni.edu.pe<\/a><br><strong>Tel\u00e9fono: <\/strong>481-1070 anexo 5032<\/p>\n\n\n\n<p><strong><strong>\u276f<\/strong><\/strong>&nbsp;<strong>Consultas al Whatsapp<\/strong>: 900 184 643<\/p>\n\n\n\n<hr class=\"wp-block-separator has-alpha-channel-opacity\"\/>\n<\/div><\/div>\n<\/div>\n<\/div>\n<\/div>\n\n\n\n<div class=\"wp-block-column is-layout-flow wp-block-column-is-layout-flow\" style=\"flex-basis:33.33%\">\n<div class=\"wp-block-columns alignwide is-layout-flex wp-container-core-columns-is-layout-829b1d53 wp-block-columns-is-layout-flex\" style=\"margin-bottom:0\">\n<div class=\"wp-block-column has-text-color has-background has-link-color wp-elements-8a5cff07d98461d16ba7e546d6fe85fd is-layout-flow wp-block-column-is-layout-flow\" style=\"color:#000000;background-color:#e7e7e7;padding-top:2em;padding-right:2em;padding-bottom:2em;padding-left:2em\">\n<h2 class=\"wp-block-heading\" id=\"single\" style=\"font-size:20px\"><strong>M\u00e1s informaci\u00f3n<\/strong><\/h2>\n\n\n\n<p><a href=\"https:\/\/fc.uni.edu.pe\/posgrado\/maestrias\/\">Maestr\u00edas<\/a><\/p>\n\n\n\n<ul class=\"wp-block-list\">\n<li><a href=\"https:\/\/fc.uni.edu.pe\/posgrado\/maestrias\/fisica\/\">Maestr\u00eda en F\u00edsica<\/a><\/li>\n\n\n\n<li><a href=\"https:\/\/fc.uni.edu.pe\/posgrado\/maestrias\/quimica\/\">Maestr\u00eda en Qu\u00edmica<\/a><\/li>\n\n\n\n<li><a href=\"https:\/\/fc.uni.edu.pe\/posgrado\/maestrias\/energias-renovables-y-eficiencia-energetica\/\">Maestr\u00eda en Energ\u00edas Renovables<\/a><\/li>\n\n\n\n<li><a href=\"https:\/\/fc.uni.edu.pe\/posgrado\/maestrias\/ciencia-de-la-computacion\/\">Maestr\u00eda en Ciencia de la Computaci\u00f3n<\/a><\/li>\n\n\n\n<li><a href=\"https:\/\/fc.uni.edu.pe\/posgrado\/maestrias\/fisica-medica\/\">Maestr\u00eda en F\u00edsica M\u00e9dica<\/a><\/li>\n\n\n\n<li><a href=\"https:\/\/fc.uni.edu.pe\/posgrado\/maestrias\/matematica-aplicada\/\">Maestr\u00eda en Matem\u00e1tica Aplicada<\/a><\/li>\n\n\n\n<li><a href=\"https:\/\/fc.uni.edu.pe\/posgrado\/maestrias\/energia-nuclear\/\">Maestr\u00eda en Energ\u00eda Nuclear<\/a><\/li>\n\n\n\n<li><a href=\"https:\/\/fc.uni.edu.pe\/posgrado\/maestria-en-ciencias-en-modelizacion-matematica-y-computacional\/\">Maestr\u00eda en Modelizaci\u00f3n Matem\u00e1tica y Computacional<\/a><\/li>\n<\/ul>\n\n\n\n<p>Doctorados<\/p>\n\n\n\n<ul class=\"wp-block-list\">\n<li><a href=\"https:\/\/fc.uni.edu.pe\/posgrado\/doctorados\/doctorado-fisica\/\">Doctorado F\u00edsica<\/a><\/li>\n\n\n\n<li><a href=\"https:\/\/fc.uni.edu.pe\/posgrado\/doctorados\/doctorado-quimica\/\">Doctorado en Qu\u00edmica<\/a><\/li>\n\n\n\n<li><a href=\"https:\/\/fc.uni.edu.pe\/posgrado\/doctorados\/doctorado-matematica\/\">Doctorado en Matem\u00e1tica<\/a><\/li>\n<\/ul>\n\n\n\n<p>Inscripciones <\/p>\n\n\n\n<ul class=\"wp-block-list\">\n<li><a href=\"https:\/\/fc.uni.edu.pe\/posgrado\/maestrias\/admision-maestrias\/\">Admisi\u00f3n a maestr\u00edas<\/a><\/li>\n\n\n\n<li><a href=\"https:\/\/fc.uni.edu.pe\/posgrado\/cronograma-de-admision-a-maestrias\/\">Cronograma de admisi\u00f3n a maestr\u00edas<\/a><\/li>\n\n\n\n<li><a href=\"https:\/\/fc.uni.edu.pe\/posgrado\/doctorados\/admision-doctorados\/\">Admisi\u00f3n a doctorados<\/a><\/li>\n\n\n\n<li><a href=\"https:\/\/fc.uni.edu.pe\/posgrado\/descargas\/\">Documentos importantes<\/a><\/li>\n<\/ul>\n\n\n\n<p>Unidad de Posgrado<\/p>\n\n\n\n<ul class=\"wp-block-list\">\n<li><a href=\"https:\/\/fc.uni.edu.pe\/posgrado\/directorio-posgrado\/\">Directorio Posgrado<\/a><\/li>\n<\/ul>\n<\/div>\n<\/div>\n\n\n\n<div class=\"wp-block-columns alignwide is-layout-flex wp-container-core-columns-is-layout-829b1d53 wp-block-columns-is-layout-flex\" style=\"margin-bottom:0\">\n<div class=\"wp-block-column has-white-background-color has-text-color has-background has-link-color wp-elements-04b17e7110c617c3b321f8385644b1f9 is-layout-flow wp-block-column-is-layout-flow\" style=\"color:#000000;padding-top:2em;padding-right:2em;padding-bottom:2em;padding-left:2em\"><h2 class=\"wp-block-heading has-black-color has-text-color has-link-color wp-elements-5bbb62aca8f4f02cc39819257b246dc8\" id=\"single\" style=\"font-size:20px\"><strong>Eventos<\/strong> cient\u00edficos<\/h2>\n\n\n<ul class=\"wp-block-latest-posts__list has-link-color bullet-links wp-elements-d1fbb039474d2d6592128aac7caf5d32 wp-block-latest-posts has-text-color has-black-color\"><li><a class=\"wp-block-latest-posts__post-title\" href=\"https:\/\/devcc.site\/en\/2025\/12\/10\/deshidrogenacion-oxidativa-de-etano-odh-de-etano-con-oxidos-metalicos-en-atmosfera-de-co%e2%82%82-hacia-una-economia-circular\/\">Deshidrogenaci\u00f3n oxidativa de etano (ODH) de etano con \u00f3xidos met\u00e1licos en atm\u00f3sfera de CO\u2082: hacia una econom\u00eda circular<\/a><\/li>\n<li><a class=\"wp-block-latest-posts__post-title\" href=\"https:\/\/devcc.site\/en\/2025\/11\/28\/curso-estadistica-aplicada-en-procedimientos-de-quimica-analitica-en-la-industria-2\/\">Curso: Estad\u00edstica aplicada en procedimientos de qu\u00edmica anal\u00edtica en la industria<\/a><\/li>\n<li><a class=\"wp-block-latest-posts__post-title\" href=\"https:\/\/devcc.site\/en\/2025\/11\/05\/modelos-generativos-de-ia-y-sus-aplicaciones\/\">Modelos Generativos de IA y sus Aplicaciones<\/a><\/li>\n<li><a class=\"wp-block-latest-posts__post-title\" href=\"https:\/\/devcc.site\/en\/2025\/10\/15\/nuevas-sorpresas-de-la-mecanica-cuantica-y-los-premios-nobel-2025-de-fisica-y-de-quimica\/\">Nuevas sorpresas de la Mec\u00e1nica Cu\u00e1ntica y los Premios Nobel 2025 de F\u00edsica y de Qu\u00edmica<\/a><\/li>\n<\/ul><\/div>\n<\/div>\n<\/div>\n<\/div>\n\n\n\n<p><\/p>\n","protected":false},"excerpt":{"rendered":"<p>El Instituto de Matem\u00e1tica y Ciencias Afines (IMCA) presenta el programa de Maestr\u00eda en Modelizaci\u00f3n Matem\u00e1tica y Computacional, dise\u00f1ado para formar especialistas e investigadores de alto nivel capaces de enfrentar los desaf\u00edos complejos de los sectores m\u00e1s importantes del pa\u00eds. Esta maestr\u00eda ofrece una formaci\u00f3n interdisciplinaria que integra herramientas avanzadas de modelizaci\u00f3n, simulaci\u00f3n num\u00e9rica y [&hellip;]<\/p>\n","protected":false},"author":1,"featured_media":0,"parent":4553,"menu_order":0,"comment_status":"closed","ping_status":"closed","template":"","meta":{"footnotes":""},"class_list":["post-6959","page","type-page","status-publish","hentry"],"_links":{"self":[{"href":"https:\/\/devcc.site\/en\/wp-json\/wp\/v2\/pages\/6959","targetHints":{"allow":["GET"]}}],"collection":[{"href":"https:\/\/devcc.site\/en\/wp-json\/wp\/v2\/pages"}],"about":[{"href":"https:\/\/devcc.site\/en\/wp-json\/wp\/v2\/types\/page"}],"author":[{"embeddable":true,"href":"https:\/\/devcc.site\/en\/wp-json\/wp\/v2\/users\/1"}],"replies":[{"embeddable":true,"href":"https:\/\/devcc.site\/en\/wp-json\/wp\/v2\/comments?post=6959"}],"version-history":[{"count":25,"href":"https:\/\/devcc.site\/en\/wp-json\/wp\/v2\/pages\/6959\/revisions"}],"predecessor-version":[{"id":7019,"href":"https:\/\/devcc.site\/en\/wp-json\/wp\/v2\/pages\/6959\/revisions\/7019"}],"up":[{"embeddable":true,"href":"https:\/\/devcc.site\/en\/wp-json\/wp\/v2\/pages\/4553"}],"wp:attachment":[{"href":"https:\/\/devcc.site\/en\/wp-json\/wp\/v2\/media?parent=6959"}],"curies":[{"name":"wp","href":"https:\/\/api.w.org\/{rel}","templated":true}]}}