{"id":6914,"date":"2025-01-07T10:44:52","date_gmt":"2025-01-07T15:44:52","guid":{"rendered":"https:\/\/fc.uni.edu.pe\/?page_id=6914"},"modified":"2025-01-07T10:55:20","modified_gmt":"2025-01-07T15:55:20","slug":"pre-maestria-2025-en-ciencia-de-la-computacion","status":"publish","type":"page","link":"https:\/\/devcc.site\/en\/posgrado\/pre-maestria-2025-en-ciencia-de-la-computacion\/","title":{"rendered":"Pre-maestr\u00eda 2025 en Ciencia de la Computaci\u00f3n"},"content":{"rendered":"\n<div class=\"wp-block-columns is-layout-flex wp-container-core-columns-is-layout-9d6595d7 wp-block-columns-is-layout-flex\">\n<div class=\"wp-block-column is-layout-flow wp-block-column-is-layout-flow\" style=\"flex-basis:66.66%\">\n<p><strong>OBJETIVOS<\/strong><br><\/p>\n\n\n\n<ul class=\"wp-block-list\">\n<li>Reforzar los conocimientos y herramientas que son pre-requisitos para llevar los cursos en la Maestr\u00eda.<\/li>\n<\/ul>\n\n\n\n<div class=\"wp-block-group has-background\" style=\"background-color:#ededed\"><div class=\"wp-block-group__inner-container is-layout-constrained wp-block-group-is-layout-constrained\">\n<p><strong>CHARLA INFORMATIVA<\/strong><\/p>\n\n\n\n<p>Informaci\u00f3n sobre la premaestr\u00eda, la maestr\u00eda, costos, cursos y tesis<\/p>\n\n\n\n<ul class=\"wp-block-list\">\n<li>D\u00eda: Lunes, 06 de enero<\/li>\n\n\n\n<li>Hora: 7 pm<\/li>\n\n\n\n<li>Enlace:\u00a0<a href=\"https:\/\/us02web.zoom.us\/j\/85722277018?pwd=p3doO6jbaqjpnrRuYevWSZ3CAvORgn.1\" target=\"_blank\" rel=\"noreferrer noopener\">https:\/\/us02web.zoom.us\/j\/85722277018?pwd=p3doO6jbaqjpnrRuYevWSZ3CAvORgn.1<\/a><\/li>\n<\/ul>\n<\/div><\/div>\n\n\n\n<p><strong>INFORMACI\u00d3N DE LA PRE-MAESTR\u00cdA 2025-1<br><\/strong><\/p>\n\n\n\n<ul class=\"wp-block-list\">\n<li>INSCRIPCIONES: Desde el 02 de diciembre del 2024 hasta el 06 de enero del 2025<\/li>\n\n\n\n<li>Modalidad: Virtual, a partir de las 6 p.m.<\/li>\n\n\n\n<li>Costo de la inscripci\u00f3n por participante: S\/ 1000,00.<\/li>\n\n\n\n<li>M\u00e9todo de pago: Banco BCP ==> <a href=\"https:\/\/drive.google.com\/file\/d\/1Htw1yY9B4fZQR1hOdJjjTgRAKntVwSb3\/view\">Gu\u00eda de ayuda<\/a><\/li>\n\n\n\n<li>Duraci\u00f3n: 10 semanas<\/li>\n\n\n\n<li>Ingreso directo: Quedan exonerados del examen de conocimientos los que aprueben todos los cursos con un promedio ponderado igual o mayor a doce (12).<\/li>\n<\/ul>\n\n\n\n<p><strong>PROGRAMACI\u00d3N DE LOS CURSOS<br>Programaci\u00f3n OO<\/strong><\/p>\n\n\n\n<ul class=\"wp-block-list\">\n<li>Fechas: 08 de enero al 27 de enero<\/li>\n\n\n\n<li>Duraci\u00f3n: 30 horas<\/li>\n\n\n\n<li>Horario: Lunes, Mi\u00e9rcoles y Viernes de 6:00 p.m. a 9:00 p.m.<\/li>\n<\/ul>\n\n\n\n<p><strong>Introducci\u00f3n a la Estructura de Datos<\/strong><\/p>\n\n\n\n<ul class=\"wp-block-list\">\n<li>Fechas: 31de enero al 21 de febrero<\/li>\n\n\n\n<li>Duraci\u00f3n: 36 horas<\/li>\n\n\n\n<li>Horario: Por confirmar<\/li>\n<\/ul>\n\n\n\n<p><strong>Introducci\u00f3n a la Inteligencia Artificial<\/strong><\/p>\n\n\n\n<ul class=\"wp-block-list\">\n<li>Fechas: 24 de febrero al 12 de marzo<\/li>\n\n\n\n<li>Duraci\u00f3n: 24 horas<\/li>\n\n\n\n<li>Horario: Por confirmar<\/li>\n<\/ul>\n\n\n\n<h2 class=\"wp-block-heading\" id=\"h.bclif5a7xyhq_l\">PROCESO DE INSCRIPCI\u00d3N<\/h2>\n\n\n\n<ul class=\"wp-block-list\">\n<li>El interesado debe registrar sus datos en el&nbsp;<a href=\"https:\/\/forms.office.com\/r\/XsPzZdTJLQ\" target=\"_blank\" rel=\"noreferrer noopener\">formulario de inscripci\u00f3n<\/a>.<\/li>\n\n\n\n<li>Una vez completado el registro de datos, le llegar\u00e1 una&nbsp;orden de pago&nbsp;con el monto de&nbsp;S\/&nbsp;1000 al correo previamente registrado.<\/li>\n\n\n\n<li>El interesado debe cancelar la orden de pago (<em>ver&nbsp;<\/em><a href=\"https:\/\/drive.google.com\/file\/d\/1Htw1yY9B4fZQR1hOdJjjTgRAKntVwSb3\/view?usp=sharing\" target=\"_blank\" rel=\"noreferrer noopener\"><em>gu\u00eda de ayuda<\/em><\/a>) y enviar el comprobante al correo&nbsp;<a href=\"mailto:postgradofc@uni.edu.pe\" target=\"_blank\" rel=\"noreferrer noopener\">postgradofc@uni.edu.pe<\/a>&nbsp;para completar su inscripci\u00f3n.<\/li>\n\n\n\n<li>Al interesado le llegar\u00e1 un correo de confirmaci\u00f3n por parte de la Unidad de Posgrado y la invitaci\u00f3n del&nbsp;GOOGLE CLASSROOM&nbsp;del curso.&nbsp;<\/li>\n<\/ul>\n\n\n\n<p><strong>MEDIOS DE CONTACTO<br><\/strong><\/p>\n\n\n\n<ul class=\"wp-block-list\">\n<li>Correo electr\u00f3nico: postgradofc@uni.edu.pe<\/li>\n\n\n\n<li>Facebook: FC<a href=\"https:\/\/www.facebook.com\/posgradofc\/?locale=es_LA\"> Posgrado UNI<\/a><\/li>\n\n\n\n<li>Tel\u00e9fonos: Oficina: 481-1070 \/ Anexo 5032<\/li>\n\n\n\n<li>Whatsapp: 900 184 643<\/li>\n<\/ul>\n<\/div>\n\n\n\n<div class=\"wp-block-column is-layout-flow wp-block-column-is-layout-flow\" style=\"flex-basis:33.33%\">\n<div class=\"wp-block-columns alignwide is-layout-flex wp-container-core-columns-is-layout-829b1d53 wp-block-columns-is-layout-flex\" style=\"margin-bottom:0\">\n<div class=\"wp-block-column has-text-color has-background has-link-color wp-elements-6de650f68c48f72b74b8f5a11449188a is-layout-flow wp-block-column-is-layout-flow\" style=\"color:#000000;background-color:#e7e7e7;padding-top:2em;padding-right:2em;padding-bottom:2em;padding-left:2em\">\n<h2 class=\"wp-block-heading\" id=\"single\" style=\"font-size:20px\"><strong>M\u00e1s informaci\u00f3n<\/strong><\/h2>\n\n\n\n<p><a href=\"https:\/\/fc.uni.edu.pe\/posgrado\/maestrias\/\">Maestr\u00edas<\/a><\/p>\n\n\n\n<ul class=\"wp-block-list\">\n<li><a href=\"https:\/\/fc.uni.edu.pe\/posgrado\/maestrias\/fisica\/\">Maestr\u00eda en F\u00edsica<\/a><\/li>\n\n\n\n<li><a href=\"https:\/\/fc.uni.edu.pe\/posgrado\/maestrias\/quimica\/\">Maestr\u00eda en Qu\u00edmica<\/a><\/li>\n\n\n\n<li><a href=\"https:\/\/fc.uni.edu.pe\/posgrado\/maestrias\/energias-renovables-y-eficiencia-energetica\/\">Maestr\u00eda en Energ\u00edas Renovables<\/a><\/li>\n\n\n\n<li><a href=\"https:\/\/fc.uni.edu.pe\/posgrado\/maestrias\/ciencia-de-la-computacion\/\">Maestr\u00eda en Ciencia de la Computaci\u00f3n<\/a><\/li>\n\n\n\n<li><a href=\"https:\/\/fc.uni.edu.pe\/posgrado\/maestrias\/fisica-medica\/\">Maestr\u00eda en F\u00edsica M\u00e9dica<\/a><\/li>\n\n\n\n<li><a href=\"https:\/\/fc.uni.edu.pe\/posgrado\/maestrias\/matematica-aplicada\/\">Maestr\u00eda en Matem\u00e1tica Aplicada<\/a><\/li>\n\n\n\n<li><a href=\"https:\/\/fc.uni.edu.pe\/posgrado\/maestrias\/energia-nuclear\/\">Maestr\u00eda en Energ\u00eda Nuclear<\/a><\/li>\n<\/ul>\n\n\n\n<p><a href=\"https:\/\/fc.uni.edu.pe\/posgrado\/doctorados\/\">Doctorados<\/a><\/p>\n\n\n\n<ul class=\"wp-block-list\">\n<li><a href=\"https:\/\/fc.uni.edu.pe\/posgrado\/doctorados\/doctorado-fisica\/\">Doctorado F\u00edsica<\/a><\/li>\n\n\n\n<li><a href=\"https:\/\/fc.uni.edu.pe\/posgrado\/doctorados\/doctorado-quimica\/\">Doctorado en Qu\u00edmica<\/a><\/li>\n\n\n\n<li><a href=\"https:\/\/fc.uni.edu.pe\/posgrado\/doctorados\/doctorado-matematica\/\">Doctorado en Matem\u00e1tica<\/a><\/li>\n<\/ul>\n\n\n\n<p>Inscripciones <\/p>\n\n\n\n<ul class=\"wp-block-list\">\n<li><a href=\"https:\/\/fc.uni.edu.pe\/posgrado\/maestrias\/admision-maestrias\/\">Admisi\u00f3n a maestr\u00edas<\/a><\/li>\n\n\n\n<li><a href=\"https:\/\/fc.uni.edu.pe\/posgrado\/cronograma-de-admision-a-maestrias\/\">Cronograma de admisi\u00f3n a maestr\u00edas<\/a><\/li>\n\n\n\n<li><a href=\"https:\/\/fc.uni.edu.pe\/posgrado\/doctorados\/admision-doctorados\/\">Admisi\u00f3n a doctorados<\/a><\/li>\n\n\n\n<li><a href=\"https:\/\/fc.uni.edu.pe\/posgrado\/descargas\/\">Documentos importantes<\/a><\/li>\n<\/ul>\n\n\n\n<p>Unidad de Posgrado<\/p>\n\n\n\n<ul class=\"wp-block-list\">\n<li><a href=\"https:\/\/fc.uni.edu.pe\/posgrado\/directorio-posgrado\/\">Directorio Posgrado<\/a><\/li>\n<\/ul>\n<\/div>\n<\/div>\n\n\n\n<div class=\"wp-block-columns alignwide is-layout-flex wp-container-core-columns-is-layout-829b1d53 wp-block-columns-is-layout-flex\" style=\"margin-bottom:0\">\n<div class=\"wp-block-column has-white-background-color has-text-color has-background has-link-color wp-elements-04b17e7110c617c3b321f8385644b1f9 is-layout-flow wp-block-column-is-layout-flow\" style=\"color:#000000;padding-top:2em;padding-right:2em;padding-bottom:2em;padding-left:2em\"><h2 class=\"wp-block-heading has-black-color has-text-color has-link-color wp-elements-5bbb62aca8f4f02cc39819257b246dc8\" id=\"single\" style=\"font-size:20px\"><strong>Eventos<\/strong> cient\u00edficos<\/h2>\n\n\n<ul class=\"wp-block-latest-posts__list has-link-color bullet-links wp-elements-d1fbb039474d2d6592128aac7caf5d32 wp-block-latest-posts has-text-color has-black-color\"><li><a class=\"wp-block-latest-posts__post-title\" href=\"https:\/\/devcc.site\/en\/2025\/12\/10\/deshidrogenacion-oxidativa-de-etano-odh-de-etano-con-oxidos-metalicos-en-atmosfera-de-co%e2%82%82-hacia-una-economia-circular\/\">Deshidrogenaci\u00f3n oxidativa de etano (ODH) de etano con \u00f3xidos met\u00e1licos en atm\u00f3sfera de CO\u2082: hacia una econom\u00eda circular<\/a><\/li>\n<li><a class=\"wp-block-latest-posts__post-title\" href=\"https:\/\/devcc.site\/en\/2025\/11\/28\/curso-estadistica-aplicada-en-procedimientos-de-quimica-analitica-en-la-industria-2\/\">Curso: Estad\u00edstica aplicada en procedimientos de qu\u00edmica anal\u00edtica en la industria<\/a><\/li>\n<li><a class=\"wp-block-latest-posts__post-title\" href=\"https:\/\/devcc.site\/en\/2025\/11\/05\/modelos-generativos-de-ia-y-sus-aplicaciones\/\">Modelos Generativos de IA y sus Aplicaciones<\/a><\/li>\n<li><a class=\"wp-block-latest-posts__post-title\" href=\"https:\/\/devcc.site\/en\/2025\/10\/15\/nuevas-sorpresas-de-la-mecanica-cuantica-y-los-premios-nobel-2025-de-fisica-y-de-quimica\/\">Nuevas sorpresas de la Mec\u00e1nica Cu\u00e1ntica y los Premios Nobel 2025 de F\u00edsica y de Qu\u00edmica<\/a><\/li>\n<\/ul><\/div>\n<\/div>\n<\/div>\n<\/div>\n","protected":false},"excerpt":{"rendered":"<p>OBJETIVOS CHARLA INFORMATIVA Informaci\u00f3n sobre la premaestr\u00eda, la maestr\u00eda, costos, cursos y tesis INFORMACI\u00d3N DE LA PRE-MAESTR\u00cdA 2025-1 PROGRAMACI\u00d3N DE LOS CURSOSProgramaci\u00f3n OO Introducci\u00f3n a la Estructura de Datos Introducci\u00f3n a la Inteligencia Artificial PROCESO DE INSCRIPCI\u00d3N MEDIOS DE CONTACTO M\u00e1s informaci\u00f3n Maestr\u00edas Doctorados Inscripciones Unidad de Posgrado<\/p>\n","protected":false},"author":1,"featured_media":0,"parent":98,"menu_order":0,"comment_status":"closed","ping_status":"closed","template":"","meta":{"footnotes":""},"class_list":["post-6914","page","type-page","status-publish","hentry"],"_links":{"self":[{"href":"https:\/\/devcc.site\/en\/wp-json\/wp\/v2\/pages\/6914","targetHints":{"allow":["GET"]}}],"collection":[{"href":"https:\/\/devcc.site\/en\/wp-json\/wp\/v2\/pages"}],"about":[{"href":"https:\/\/devcc.site\/en\/wp-json\/wp\/v2\/types\/page"}],"author":[{"embeddable":true,"href":"https:\/\/devcc.site\/en\/wp-json\/wp\/v2\/users\/1"}],"replies":[{"embeddable":true,"href":"https:\/\/devcc.site\/en\/wp-json\/wp\/v2\/comments?post=6914"}],"version-history":[{"count":2,"href":"https:\/\/devcc.site\/en\/wp-json\/wp\/v2\/pages\/6914\/revisions"}],"predecessor-version":[{"id":6917,"href":"https:\/\/devcc.site\/en\/wp-json\/wp\/v2\/pages\/6914\/revisions\/6917"}],"up":[{"embeddable":true,"href":"https:\/\/devcc.site\/en\/wp-json\/wp\/v2\/pages\/98"}],"wp:attachment":[{"href":"https:\/\/devcc.site\/en\/wp-json\/wp\/v2\/media?parent=6914"}],"curies":[{"name":"wp","href":"https:\/\/api.w.org\/{rel}","templated":true}]}}