{"id":6861,"date":"2024-12-14T12:25:05","date_gmt":"2024-12-14T17:25:05","guid":{"rendered":"https:\/\/fc.uni.edu.pe\/?page_id=6861"},"modified":"2025-07-18T15:19:58","modified_gmt":"2025-07-18T20:19:58","slug":"escuelas","status":"publish","type":"page","link":"https:\/\/devcc.site\/en\/nosotros\/escuelas\/","title":{"rendered":"Escuelas Profesionales"},"content":{"rendered":"\n<p><\/p>\n\n\n\n<div class=\"wp-block-columns is-layout-flex wp-container-core-columns-is-layout-9d6595d7 wp-block-columns-is-layout-flex\">\n<div class=\"wp-block-column is-layout-flow wp-block-column-is-layout-flow\" style=\"flex-basis:66.66%\">\n<p>La Escuela Profesional es la unidad org\u00e1nica de l\u00ednea dependiente del Decanato responsable del dise\u00f1o y actualizaci\u00f3n curricular de la carrera profesional, de acuerdo al avance de la ciencia y tecnolog\u00eda, as\u00ed como de dirigir su aplicaci\u00f3n, para la formaci\u00f3n y capacitaci\u00f3n pertinente hasta la obtenci\u00f3n del grado acad\u00e9mico y t\u00edtulo profesional correspondiente (Art. 6, <a href=\"https:\/\/fc.uni.edu.pe\/wp-content\/uploads\/2024\/12\/RR-0142-2023.pdf\">ROF UNI<\/a>).<\/p>\n\n\n\n<p>La Facultad de Ciencias cuenta con las siguientes Escuelas Profesionales:<\/p>\n\n\n\n<ul class=\"wp-block-list\">\n<li>Escuela Profesional de F\u00edsica<\/li>\n\n\n\n<li>Escuela Profesional de Matem\u00e1tica<\/li>\n\n\n\n<li>Escuela Profesional de Qu\u00edmica<\/li>\n\n\n\n<li>Escuela Profesional de Ingenier\u00eda F\u00edsica<\/li>\n\n\n\n<li>Escuela Profesional de Ciencias de la computaci\u00f3n<\/li>\n<\/ul>\n\n\n\n<p><strong>Contacto<\/strong><\/p>\n\n\n\n<ul class=\"wp-block-list\">\n<li>El personal administrativo de las escuelas se encuentran en la <strong>oficina R2-246<\/strong> de la Facultad de Ciencias (Pabell\u00f3n R) de la Universidad Nacional de Ingenier\u00eda.<\/li>\n\n\n\n<li>Si desea comunicarse virtualmente, puede enviar un correo a las siguientes direcciones: \n<ul class=\"wp-block-list\">\n<li>Para las Escuelas Profesionales de F\u00edsica y Ciencia de la Computaci\u00f3n: <a href=\"mailto:escuelas_fc2@uni.edu.pe\">escuelas_fc2@uni.edu.pe<\/a><\/li>\n\n\n\n<li>Para las Escuelas Profesionales de Matem\u00e1tica, Qu\u00edmica e Ingenier\u00eda F\u00edsica: <a href=\"mailto:escuelas_fc1@uni.edu.pe\">escuelas_fc1@uni.edu.pe<\/a><\/li>\n<\/ul>\n<\/li>\n<\/ul>\n\n\n\n<p><strong>Funci\u00f3n de la Escuela Profesional<\/strong><\/p>\n\n\n\n<ul class=\"wp-block-list\">\n<li>Dise\u00f1ar y actualizar los Programas Curriculares y Planes de Estudio de la carrera profesional, de acuerdo con el modelo educativo de la Universidad, con la demanda de los sectores econ\u00f3micos y productivos del pa\u00eds, y con el avance cient\u00edfico y tecnol\u00f3gico. <\/li>\n\n\n\n<li>Planificar, organizar, coordinar, implementar y evaluar las actividades acad\u00e9micas y curriculares de acuerdo al Plan de Estudio.<\/li>\n\n\n\n<li>Evaluar permanentemente el avance del dictado de las clases te\u00f3ricas y pr\u00e1cticas por asignaturas, de acuerdo al contenido del silabo presentado, as\u00ed como de la asistencia del estudiante, seg\u00fan reportes de los docentes.<\/li>\n\n\n\n<li>Conducir el adecuado proceso de matr\u00edcula de los estudiantes de la Facultad. <\/li>\n\n\n\n<li>Implementar los programas de movilidad acad\u00e9mica.<\/li>\n\n\n\n<li>Velar por la excelencia acad\u00e9mica y la acreditaci\u00f3n de la Escuela Profesional.<\/li>\n\n\n\n<li>Elaborar y difundir materiales para la orientaci\u00f3n al estudiante.<\/li>\n\n\n\n<li>Proponer las medidas acad\u00e9micas, econ\u00f3micas y administrativas que estime convenientes en bien de las carreras profesionales y la Escuela.<\/li>\n\n\n\n<li>Promover las actividades de investigaci\u00f3n formativa y velar por el desarrollo de las actividades de responsabilidad social.<\/li>\n\n\n\n<li>Conducir y supervisar la buena marcha de la escuela y evaluar semestralmente los resultados de cada asignatura y  compatibilizarlo con el Plan de mejora de la Escuela.<\/li>\n\n\n\n<li>Realizar las dem\u00e1s funciones inherentes a la naturaleza de la Escuela Profesional que le asigne el Decanato.<\/li>\n<\/ul>\n<\/div>\n\n\n\n<div class=\"wp-block-column is-layout-flow wp-block-column-is-layout-flow\" style=\"flex-basis:33.33%\">\n<div class=\"wp-block-columns alignwide is-layout-flex wp-container-core-columns-is-layout-829b1d53 wp-block-columns-is-layout-flex\" style=\"margin-bottom:0\">\n<div class=\"wp-block-column has-text-color has-background has-link-color wp-elements-9256a5dbc5d17b003f04692cc62352e9 is-layout-flow wp-block-column-is-layout-flow\" style=\"color:#000000;background-color:#e7e7e7;padding-top:2em;padding-right:2em;padding-bottom:2em;padding-left:2em\">\n<h2 class=\"wp-block-heading\" id=\"single\" style=\"font-size:20px\"><strong>M\u00e1s informaci\u00f3n<\/strong><\/h2>\n\n\n\n<p>Estudios de grado<\/p>\n\n\n\n<ul class=\"wp-block-list\">\n<li><a href=\"https:\/\/fc.uni.edu.pe\/estudios-de-grado\/calendario-academico\/\">Calendario acad\u00e9mico<\/a><\/li>\n\n\n\n<li><a href=\"https:\/\/fc.uni.edu.pe\/estudios-de-grado\/biblioteca\/\">Biblioteca<\/a> <\/li>\n\n\n\n<li><a href=\"https:\/\/fc.uni.edu.pe\/estudios-de-grado\/grados-y-titulos\/\">Grados y T\u00edtulos<\/a><\/li>\n\n\n\n<li><a href=\"https:\/\/fc.uni.edu.pe\/estadistica\/documentos\/\">Matr\u00edcula y Procedimientos<\/a><\/li>\n\n\n\n<li><a href=\"https:\/\/fc.uni.edu.pe\/estudios-de-grado\/empleabilidad\/\">Seguimiento al graduado<\/a><\/li>\n\n\n\n<li><a href=\"https:\/\/fc.uni.edu.pe\/pregrado\/creditos\/\">Cr\u00e9ditos Extracurriculares<\/a><\/li>\n<\/ul>\n\n\n\n<p><a href=\"https:\/\/fc.uni.edu.pe\/pregrado\/\">Carreras de Pregrado<\/a><\/p>\n\n\n\n<ul class=\"wp-block-list\">\n<li><a href=\"https:\/\/fc.uni.edu.pe\/pregrado\/fisica\/\">F\u00edsica<\/a><\/li>\n\n\n\n<li><a href=\"https:\/\/fc.uni.edu.pe\/pregrado\/matematica\/\">Matem\u00e1tica<\/a><\/li>\n\n\n\n<li><a href=\"https:\/\/fc.uni.edu.pe\/pregrado\/quimica\/\">Qu\u00edmica<\/a><\/li>\n\n\n\n<li><a href=\"https:\/\/fc.uni.edu.pe\/pregrado\/ingenieria-fisica\/\">Ingenier\u00eda F\u00edsica<\/a><\/li>\n\n\n\n<li><a href=\"https:\/\/fc.uni.edu.pe\/pregrado\/ciencia-de-la-computacion\/\">Ciencia de la Computaci\u00f3n<\/a><\/li>\n<\/ul>\n\n\n\n<p><a href=\"https:\/\/fc.uni.edu.pe\/estudios-de-grado\/asociaciones-estudiantiles\/\">Asociaciones estudiantiles<\/a><\/p>\n\n\n\n<ul class=\"wp-block-list\">\n<li><a href=\"https:\/\/fc.uni.edu.pe\/estudios-de-grado\/asociaciones-estudiantiles\/cec-uni\/\">Centro de Estudiantes \u2013 CEC<\/a><\/li>\n\n\n\n<li><a href=\"https:\/\/fc.uni.edu.pe\/estudios-de-grado\/asociaciones-estudiantiles\/astronomia\/\">Asociaci\u00f3n Estudiantil Astronom\u00eda \u2013 GA<\/a><\/li>\n\n\n\n<li><a href=\"https:\/\/fc.uni.edu.pe\/estudios-de-grado\/asociaciones-estudiantiles\/fisica-recreativa\/\">Asociaci\u00f3n Estudiantil de F\u00edsica Recreativa<\/a><\/li>\n\n\n\n<li><a href=\"https:\/\/fc.uni.edu.pe\/estudios-de-grado\/asociaciones-estudiantiles\/aedici\/\">Asociaci\u00f3n Estudiantil de Divulgaci\u00f3n Cient\u00edfica \u2013 AEDICI<\/a><\/li>\n\n\n\n<li><a href=\"https:\/\/fc.uni.edu.pe\/estudios-de-grado\/asociaciones-estudiantiles\/greic\/\">Asociaci\u00f3n Estudiantil de Instrumentaci\u00f3n Cient\u00edfica \u2013 GREIC<\/a><\/li>\n\n\n\n<li><a href=\"https:\/\/fc.uni.edu.pe\/estudios-de-grado\/asociaciones-estudiantiles\/acecom\/\">Asociaci\u00f3n Cient\u00edfica Especializada en Computaci\u00f3n \u2013 ACECOM<\/a><\/li>\n\n\n\n<li><a href=\"https:\/\/fc.uni.edu.pe\/estudios-de-grado\/asociaciones-estudiantiles\/geft\/\">Grupo Estudiantil de F\u00edsica Te\u00f3rica<\/a><\/li>\n\n\n\n<li><a href=\"https:\/\/fc.uni.edu.pe\/estudios-de-grado\/asociaciones-estudiantiles\/gem\/\">Grupo Estudiantil de Matem\u00e1tica<\/a><\/li>\n<\/ul>\n<\/div>\n<\/div>\n\n\n\n<div class=\"wp-block-columns alignwide is-layout-flex wp-container-core-columns-is-layout-829b1d53 wp-block-columns-is-layout-flex\" style=\"margin-bottom:0\">\n<div class=\"wp-block-column has-white-background-color has-text-color has-background has-link-color wp-elements-04b17e7110c617c3b321f8385644b1f9 is-layout-flow wp-block-column-is-layout-flow\" style=\"color:#000000;padding-top:2em;padding-right:2em;padding-bottom:2em;padding-left:2em\"><h2 class=\"wp-block-heading has-black-color has-text-color has-link-color wp-elements-5bbb62aca8f4f02cc39819257b246dc8\" id=\"single\" style=\"font-size:20px\"><strong>Eventos<\/strong> cient\u00edficos<\/h2>\n\n\n<ul class=\"wp-block-latest-posts__list has-link-color bullet-links wp-elements-d1fbb039474d2d6592128aac7caf5d32 wp-block-latest-posts has-text-color has-black-color\"><li><a class=\"wp-block-latest-posts__post-title\" href=\"https:\/\/devcc.site\/en\/2025\/12\/10\/deshidrogenacion-oxidativa-de-etano-odh-de-etano-con-oxidos-metalicos-en-atmosfera-de-co%e2%82%82-hacia-una-economia-circular\/\">Deshidrogenaci\u00f3n oxidativa de etano (ODH) de etano con \u00f3xidos met\u00e1licos en atm\u00f3sfera de CO\u2082: hacia una econom\u00eda circular<\/a><\/li>\n<li><a class=\"wp-block-latest-posts__post-title\" href=\"https:\/\/devcc.site\/en\/2025\/11\/28\/curso-estadistica-aplicada-en-procedimientos-de-quimica-analitica-en-la-industria-2\/\">Curso: Estad\u00edstica aplicada en procedimientos de qu\u00edmica anal\u00edtica en la industria<\/a><\/li>\n<li><a class=\"wp-block-latest-posts__post-title\" href=\"https:\/\/devcc.site\/en\/2025\/11\/05\/modelos-generativos-de-ia-y-sus-aplicaciones\/\">Modelos Generativos de IA y sus Aplicaciones<\/a><\/li>\n<li><a class=\"wp-block-latest-posts__post-title\" href=\"https:\/\/devcc.site\/en\/2025\/10\/15\/nuevas-sorpresas-de-la-mecanica-cuantica-y-los-premios-nobel-2025-de-fisica-y-de-quimica\/\">Nuevas sorpresas de la Mec\u00e1nica Cu\u00e1ntica y los Premios Nobel 2025 de F\u00edsica y de Qu\u00edmica<\/a><\/li>\n<\/ul><\/div>\n<\/div>\n<\/div>\n<\/div>\n","protected":false},"excerpt":{"rendered":"<p>La Escuela Profesional es la unidad org\u00e1nica de l\u00ednea dependiente del Decanato responsable del dise\u00f1o y actualizaci\u00f3n curricular de la carrera profesional, de acuerdo al avance de la ciencia y tecnolog\u00eda, as\u00ed como de dirigir su aplicaci\u00f3n, para la formaci\u00f3n y capacitaci\u00f3n pertinente hasta la obtenci\u00f3n del grado acad\u00e9mico y t\u00edtulo profesional correspondiente (Art. 6, [&hellip;]<\/p>\n","protected":false},"author":1,"featured_media":0,"parent":128,"menu_order":0,"comment_status":"closed","ping_status":"closed","template":"","meta":{"footnotes":""},"class_list":["post-6861","page","type-page","status-publish","hentry"],"_links":{"self":[{"href":"https:\/\/devcc.site\/en\/wp-json\/wp\/v2\/pages\/6861","targetHints":{"allow":["GET"]}}],"collection":[{"href":"https:\/\/devcc.site\/en\/wp-json\/wp\/v2\/pages"}],"about":[{"href":"https:\/\/devcc.site\/en\/wp-json\/wp\/v2\/types\/page"}],"author":[{"embeddable":true,"href":"https:\/\/devcc.site\/en\/wp-json\/wp\/v2\/users\/1"}],"replies":[{"embeddable":true,"href":"https:\/\/devcc.site\/en\/wp-json\/wp\/v2\/comments?post=6861"}],"version-history":[{"count":4,"href":"https:\/\/devcc.site\/en\/wp-json\/wp\/v2\/pages\/6861\/revisions"}],"predecessor-version":[{"id":7292,"href":"https:\/\/devcc.site\/en\/wp-json\/wp\/v2\/pages\/6861\/revisions\/7292"}],"up":[{"embeddable":true,"href":"https:\/\/devcc.site\/en\/wp-json\/wp\/v2\/pages\/128"}],"wp:attachment":[{"href":"https:\/\/devcc.site\/en\/wp-json\/wp\/v2\/media?parent=6861"}],"curies":[{"name":"wp","href":"https:\/\/api.w.org\/{rel}","templated":true}]}}