{"id":6826,"date":"2024-12-06T15:42:31","date_gmt":"2024-12-06T20:42:31","guid":{"rendered":"https:\/\/fc.uni.edu.pe\/?page_id=6826"},"modified":"2024-12-06T16:03:23","modified_gmt":"2024-12-06T21:03:23","slug":"convocatoria-de-proyectos-de-investigacion-2025","status":"publish","type":"page","link":"https:\/\/devcc.site\/en\/investigacion\/convocatoria-de-proyectos-de-investigacion-2025\/","title":{"rendered":"Convocatoria a Proyectos de Investigaci\u00f3n 2025"},"content":{"rendered":"\n<div class=\"wp-block-columns is-layout-flex wp-container-core-columns-is-layout-9d6595d7 wp-block-columns-is-layout-flex\">\n<div class=\"wp-block-column is-layout-flow wp-block-column-is-layout-flow\" style=\"flex-basis:66.66%\">\n<p>La Facultad de Ciencias invita a docentes y estudiantes a participar en la <strong>Convocatoria a Proyectos de Investigaci\u00f3n 202<\/strong>5, una iniciativa dise\u00f1ada para fortalecer la actividad cient\u00edfica y promover la consolidaci\u00f3n de los Laboratorios de Investigaci\u00f3n.<\/p>\n\n\n\n<h4 class=\"wp-block-heading\"><strong>Objetivos de la convocatoria<\/strong><\/h4>\n\n\n\n<ul class=\"wp-block-list\">\n<li>Fomentar la investigaci\u00f3n cient\u00edfica entre los docentes que se est\u00e1n iniciando como investigadores y los docentes con experiencia en investigaci\u00f3n, a trav\u00e9s de los diferentes grupos de investigaci\u00f3n que conforman los laboratorios.<\/li>\n\n\n\n<li>Apoyar la formalizaci\u00f3n de los Laboratorios de Investigaci\u00f3n de la Facultad de Ciencias.<\/li>\n\n\n\n<li>Reforzamiento y aumento de l\u00edneas de investigaci\u00f3n.<\/li>\n<\/ul>\n\n\n\n<h4 class=\"wp-block-heading\"><strong>Metas esperadas<\/strong><\/h4>\n\n\n\n<ul class=\"wp-block-list\">\n<li>Publicaci\u00f3n de art\u00edculos cient\u00edficos en revistas nacionales o internacionales<\/li>\n\n\n\n<li>Participaci\u00f3n como expositores en eventos nacionales o internacionales.<\/li>\n\n\n\n<li>Sustentaciones de tesis de Licenciatura, Maestr\u00eda y Doctorado<\/li>\n<\/ul>\n\n\n\n<p><strong>Participantes<\/strong><\/p>\n\n\n\n<ul class=\"wp-block-list\">\n<li><strong>Jefe de Proyecto<\/strong>: Es el Investigador Principal y es un profesor nombrado o contratado de la Facultad de Ciencias que pertenece a un grupo de investigaci\u00f3n, que presenta el proyecto y ser\u00e1 el responsable del cumplimiento de los objetivos y obligaciones generadas por la asignaci\u00f3n del financiamiento. <\/li>\n\n\n\n<li>El jefe de Proyecto no deber\u00e1 tener pendiente de entrega alg\u00fan Informe T\u00e9cnico y\/o Econ\u00f3mico correspondiente a los Proyectos de Investigaci\u00f3n de la Facultad de Ciencias de los a\u00f1os 2017 al 2021 y solo puede ser declarado ganador como investigador principal en un solo proyecto y a lo m\u00e1s ser co-investigador en otro proyecto.<\/li>\n\n\n\n<li><strong>Co-investigador<\/strong>: Pueden ser profesores nombrados o contratados de universidades nacionales y\/o extranjeras que contribuyan con la ejecuci\u00f3n del proyecto. En el caso de los profesores de la Facultad de Ciencias deben de pertenecer a un Grupo de Investigaci\u00f3n.<\/li>\n\n\n\n<li><strong>Tesista de pregrado y posgrado<\/strong>: Estudiantes de la Facultad de Ciencias que tengan como prop\u00f3sito la obtenci\u00f3n de su tesis.<\/li>\n<\/ul>\n\n\n\n<p>Todos los participantes nacionales deber\u00e1n estar debidamente registrados en el CTI Vitae, Directorio de Recursos Humanos afines a la CTI: <a href=\"https:\/\/ctivitae.concytec.gob.pe\/appDirectorioCTI\/\">https:\/\/ctivitae.concytec.gob.pe\/appDirectorioCTI\/<\/a><\/p>\n\n\n\n<p><strong>Modalidades<\/strong><\/p>\n\n\n\n<ul class=\"wp-block-list\">\n<li>F\u00edsica-Ingenier\u00eda F\u00edsica<\/li>\n\n\n\n<li>Matem\u00e1tica-Ciencia de la Computaci\u00f3n<\/li>\n\n\n\n<li>Qu\u00edmica<\/li>\n<\/ul>\n\n\n\n<p>La Unidad de Investigaci\u00f3n financiar\u00e1 24 proyectos, repartidos con prioridad de acuerdo a la tabla de la secci\u00f3n 1.6 del Anexo del R.D. 394-2024. <\/p>\n\n\n\n<figure class=\"wp-block-image size-full\"><img decoding=\"async\" src=\"https:\/\/fc.uni.edu.pe\/wp-content\/uploads\/2024\/12\/image-1.png\" alt=\"\" class=\"wp-image-6834\"\/><\/figure>\n\n\n\n<p><strong>Cronograma<\/strong><\/p>\n\n\n\n<ul class=\"wp-block-list\">\n<li>Recepci\u00f3n de proyectos: Del 4 de noviembre al 20 de diciembre de 2024 <\/li>\n\n\n\n<li>Publicaci\u00f3n de resultados: A la firma de la Resoluci\u00f3n Decanal de la Facultad<\/li>\n\n\n\n<li>Periodo de ejecuci\u00f3n: Enero \u2013 Diciembre 2025<\/li>\n<\/ul>\n\n\n\n<p><strong>Documentos de postulaci\u00f3n<\/strong><\/p>\n\n\n\n<ul class=\"wp-block-list\">\n<li>Solicitud dirigida al director de la Unidad de Investigaci\u00f3n (Anexo 01)<a href=\"https:\/\/fc.uni.edu.pe\/wp-content\/uploads\/2024\/12\/ANEXO-001-2024-1.docx\"><img loading=\"lazy\" decoding=\"async\" width=\"20\" height=\"20\" class=\"wp-image-288\" style=\"width: 20px;\" src=\"https:\/\/fc.uni.edu.pe\/wp-content\/uploads\/2021\/05\/descarga-icono-min.png\" alt=\"\"><\/a>.<\/li>\n\n\n\n<li>Perfil del proyecto (Anexo 02)<a href=\"https:\/\/fc.uni.edu.pe\/wp-content\/uploads\/2024\/12\/ANEXO-2-2024-1.docx\"><img loading=\"lazy\" decoding=\"async\" width=\"20\" height=\"20\" class=\"wp-image-288\" style=\"width: 20px;\" src=\"https:\/\/fc.uni.edu.pe\/wp-content\/uploads\/2021\/05\/descarga-icono-min.png\" alt=\"\"><\/a>.<\/li>\n\n\n\n<li>Anexo N\u00b0 2: Informe Econ\u00f3mico (formato excel)<a href=\"https:\/\/fc.uni.edu.pe\/wp-content\/uploads\/2024\/12\/Copia-de-ANEXO-II-Informe-Economico-1.xlsx\"><img loading=\"lazy\" decoding=\"async\" width=\"21\" height=\"21\" class=\"wp-image-288\" style=\"width: 21px;\" src=\"https:\/\/fc.uni.edu.pe\/wp-content\/uploads\/2021\/05\/descarga-icono-min.png\" alt=\"\"><\/a><\/li>\n\n\n\n<li>Curriculum Vitae de los participantes nacionales del proyecto descargado del directorio nacional de Investigadores e Innovadores CTI Vitae.<\/li>\n\n\n\n<li>Curriculum Vitae resumido de los participantes extranjeros<\/li>\n<\/ul>\n\n\n\n<p>La presentaci\u00f3n de los Proyectos ser\u00e1 por la plataforma virtual del OGI: <a href=\"https:\/\/www.vriproyectos.uni.edu.pe\/proyectos\/app_Login\">https:\/\/www.vriproyectos.uni.edu.pe\/proyectos\/app_Login<\/a><\/p>\n\n\n\n<p>Para lo cual deber\u00e1n registrarse si es que todav\u00eda no est\u00e1n registrados. M\u00e1s informaci\u00f3n en la Resoluci\u00f3n Decanal N\u00b0 394-2024. <\/p>\n\n\n\n<p><strong>Documentos adicionales<\/strong><\/p>\n\n\n\n<ul class=\"wp-block-list\">\n<li>Resoluci\u00f3n Decanal N\u00b0 394-2024<a href=\"https:\/\/fc.uni.edu.pe\/wp-content\/uploads\/2024\/12\/RD-394-2024-Convocatoria-de-proyectos-de-investigacion-2025.pdf\"><img loading=\"lazy\" decoding=\"async\" width=\"20\" height=\"20\" class=\"wp-image-288\" style=\"width: 20px;\" src=\"https:\/\/fc.uni.edu.pe\/wp-content\/uploads\/2021\/05\/descarga-icono-min.png\" alt=\"\"><\/a> <\/li>\n\n\n\n<li>Anexo N\u00b0 3: Cartilla de Evaluaci\u00f3n<a href=\"https:\/\/fc.uni.edu.pe\/wp-content\/uploads\/2024\/12\/ANEXO-03-Cartilla-de-Evaluacion-2024-1-3.docx\"><img loading=\"lazy\" decoding=\"async\" width=\"20\" height=\"20\" class=\"wp-image-288\" style=\"width: 20px;\" src=\"https:\/\/fc.uni.edu.pe\/wp-content\/uploads\/2021\/05\/descarga-icono-min.png\" alt=\"\"><\/a> <\/li>\n\n\n\n<li>EXTENSI\u00d3N DE LA POSTULACION DE LA CONVOCATORIA DE PROYECTOS DE INVESTIGACI\u00d3N 2025 FC hasta el 20 de  Diciembre del 2024<a href=\"https:\/\/fc.uni.edu.pe\/wp-content\/uploads\/2024\/12\/050-Convocatoria-postergacion-2025-DR.-WARREN-.2R-1.pdf\"><img loading=\"lazy\" decoding=\"async\" width=\"20\" height=\"20\" class=\"wp-image-288\" style=\"width: 20px;\" src=\"https:\/\/fc.uni.edu.pe\/wp-content\/uploads\/2021\/05\/descarga-icono-min.png\" alt=\"\"><\/a><\/li>\n<\/ul>\n<\/div>\n\n\n\n<div class=\"wp-block-column is-layout-flow wp-block-column-is-layout-flow\" style=\"flex-basis:33.33%\">\n<div class=\"wp-block-columns alignwide is-layout-flex wp-container-core-columns-is-layout-829b1d53 wp-block-columns-is-layout-flex\" style=\"margin-bottom:0\">\n<div class=\"wp-block-column has-text-color has-background has-link-color wp-elements-fb2ed00b58e76bde13141221b6a73892 is-layout-flow wp-block-column-is-layout-flow\" style=\"color:#000000;background-color:#e7e7e7;padding-top:2em;padding-right:2em;padding-bottom:2em;padding-left:2em\">\n<h2 class=\"wp-block-heading\" id=\"single\" style=\"font-size:20px\"><strong>M\u00e1s informaci\u00f3n<\/strong><\/h2>\n\n\n\n<p><a href=\"https:\/\/fc.uni.edu.pe\/investigacion\/\">Investigaci\u00f3n<\/a> <\/p>\n\n\n\n<ul class=\"wp-block-list\">\n<li>Unidad de Investigaci\u00f3n<\/li>\n\n\n\n<li><a href=\"https:\/\/fc.uni.edu.pe\/investigacion\/laboratorios\/\">Laboratorios<\/a><\/li>\n\n\n\n<li><a href=\"https:\/\/fc.uni.edu.pe\/investigacion\/grupos-de-investigacion\/\">Grupos de Investigaci\u00f3n<\/a><\/li>\n<\/ul>\n\n\n\n<p>Centros Asociados<\/p>\n\n\n\n<ul class=\"wp-block-list\">\n<li><a href=\"http:\/\/imca.edu.pe\/es\/\" target=\"_blank\" rel=\"noreferrer noopener\">Instituto de Matem\u00e1tica y Ciencias Afines &#8211; IMCA<\/a><\/li>\n\n\n\n<li><a href=\"https:\/\/cemat.uni.edu.pe\/\" target=\"_blank\" rel=\"noreferrer noopener\">Centro para el Desarrollo de Materiales Avanzados y Nanotecnolog\u00eda \u2013 CEMAT <\/a><\/li>\n\n\n\n<li><a href=\"https:\/\/fc.uni.edu.pe\/investigacion\/observatorio-oauni\/\" target=\"_blank\" rel=\"noreferrer noopener\">Observatorio Astron\u00f3mico OAUNI<\/a><\/li>\n<\/ul>\n<\/div>\n<\/div>\n\n\n\n<div class=\"wp-block-columns alignwide is-layout-flex wp-container-core-columns-is-layout-829b1d53 wp-block-columns-is-layout-flex\" style=\"margin-bottom:0\">\n<div class=\"wp-block-column has-white-background-color has-text-color has-background has-link-color wp-elements-04b17e7110c617c3b321f8385644b1f9 is-layout-flow wp-block-column-is-layout-flow\" style=\"color:#000000;padding-top:2em;padding-right:2em;padding-bottom:2em;padding-left:2em\"><h2 class=\"wp-block-heading has-black-color has-text-color has-link-color wp-elements-5bbb62aca8f4f02cc39819257b246dc8\" id=\"single\" style=\"font-size:20px\"><strong>Eventos<\/strong> cient\u00edficos<\/h2>\n\n\n<ul class=\"wp-block-latest-posts__list has-link-color bullet-links wp-elements-d1fbb039474d2d6592128aac7caf5d32 wp-block-latest-posts has-text-color has-black-color\"><li><a class=\"wp-block-latest-posts__post-title\" href=\"https:\/\/devcc.site\/en\/2025\/12\/10\/deshidrogenacion-oxidativa-de-etano-odh-de-etano-con-oxidos-metalicos-en-atmosfera-de-co%e2%82%82-hacia-una-economia-circular\/\">Deshidrogenaci\u00f3n oxidativa de etano (ODH) de etano con \u00f3xidos met\u00e1licos en atm\u00f3sfera de CO\u2082: hacia una econom\u00eda circular<\/a><\/li>\n<li><a class=\"wp-block-latest-posts__post-title\" href=\"https:\/\/devcc.site\/en\/2025\/11\/28\/curso-estadistica-aplicada-en-procedimientos-de-quimica-analitica-en-la-industria-2\/\">Curso: Estad\u00edstica aplicada en procedimientos de qu\u00edmica anal\u00edtica en la industria<\/a><\/li>\n<li><a class=\"wp-block-latest-posts__post-title\" href=\"https:\/\/devcc.site\/en\/2025\/11\/05\/modelos-generativos-de-ia-y-sus-aplicaciones\/\">Modelos Generativos de IA y sus Aplicaciones<\/a><\/li>\n<li><a class=\"wp-block-latest-posts__post-title\" href=\"https:\/\/devcc.site\/en\/2025\/10\/15\/nuevas-sorpresas-de-la-mecanica-cuantica-y-los-premios-nobel-2025-de-fisica-y-de-quimica\/\">Nuevas sorpresas de la Mec\u00e1nica Cu\u00e1ntica y los Premios Nobel 2025 de F\u00edsica y de Qu\u00edmica<\/a><\/li>\n<\/ul><\/div>\n<\/div>\n<\/div>\n<\/div>\n\n\n\n<p><\/p>\n","protected":false},"excerpt":{"rendered":"<p>La Facultad de Ciencias invita a docentes y estudiantes a participar en la Convocatoria a Proyectos de Investigaci\u00f3n 2025, una iniciativa dise\u00f1ada para fortalecer la actividad cient\u00edfica y promover la consolidaci\u00f3n de los Laboratorios de Investigaci\u00f3n. Objetivos de la convocatoria Metas esperadas Participantes Todos los participantes nacionales deber\u00e1n estar debidamente registrados en el CTI Vitae, [&hellip;]<\/p>\n","protected":false},"author":1,"featured_media":0,"parent":488,"menu_order":0,"comment_status":"closed","ping_status":"closed","template":"","meta":{"footnotes":""},"class_list":["post-6826","page","type-page","status-publish","hentry"],"_links":{"self":[{"href":"https:\/\/devcc.site\/en\/wp-json\/wp\/v2\/pages\/6826","targetHints":{"allow":["GET"]}}],"collection":[{"href":"https:\/\/devcc.site\/en\/wp-json\/wp\/v2\/pages"}],"about":[{"href":"https:\/\/devcc.site\/en\/wp-json\/wp\/v2\/types\/page"}],"author":[{"embeddable":true,"href":"https:\/\/devcc.site\/en\/wp-json\/wp\/v2\/users\/1"}],"replies":[{"embeddable":true,"href":"https:\/\/devcc.site\/en\/wp-json\/wp\/v2\/comments?post=6826"}],"version-history":[{"count":3,"href":"https:\/\/devcc.site\/en\/wp-json\/wp\/v2\/pages\/6826\/revisions"}],"predecessor-version":[{"id":6840,"href":"https:\/\/devcc.site\/en\/wp-json\/wp\/v2\/pages\/6826\/revisions\/6840"}],"up":[{"embeddable":true,"href":"https:\/\/devcc.site\/en\/wp-json\/wp\/v2\/pages\/488"}],"wp:attachment":[{"href":"https:\/\/devcc.site\/en\/wp-json\/wp\/v2\/media?parent=6826"}],"curies":[{"name":"wp","href":"https:\/\/api.w.org\/{rel}","templated":true}]}}