{"id":6740,"date":"2024-11-30T08:33:21","date_gmt":"2024-11-30T13:33:21","guid":{"rendered":"https:\/\/fc.uni.edu.pe\/?page_id=6740"},"modified":"2024-11-30T08:33:23","modified_gmt":"2024-11-30T13:33:23","slug":"oficina-de-grados-y-titulos","status":"publish","type":"page","link":"https:\/\/devcc.site\/en\/nosotros\/oficina-de-grados-y-titulos\/","title":{"rendered":"Oficina de Grados y T\u00edtulos"},"content":{"rendered":"\n<div class=\"wp-block-columns is-layout-flex wp-container-core-columns-is-layout-9d6595d7 wp-block-columns-is-layout-flex\">\n<div class=\"wp-block-column is-layout-flow wp-block-column-is-layout-flow\" style=\"flex-basis:66.66%\">\n<p>La Oficina de Grados y T\u00edtulos, ubicada en el segundo piso del Pabell\u00f3n R1, es una unidad de gesti\u00f3n administrativa encargada de supervisar y coordinar los tr\u00e1mites para la obtenci\u00f3n del grado acad\u00e9mico de Bachiller y del T\u00edtulo Profesional por parte de los egresados. Su labor incluye planificar, organizar, evaluar, controlar, orientar y gestionar los procedimientos asociados a estos procesos.<\/p>\n\n\n\n<p>As\u00ed mismo, a trav\u00e9s de la Comisi\u00f3n encargada, designa a los miembros del jurado con visto bueno del Decano para la obtenci\u00f3n del T\u00edtulo Profesional, en cualquier modalidad optada por el graduado.<\/p>\n\n\n\n<p>Tr\u00e1mites que realiza la Oficina<\/p>\n\n\n\n<ul class=\"wp-block-list\">\n<li>Obtenci\u00f3n del Grado de Bachiller<\/li>\n\n\n\n<li>Obtenci\u00f3n del T\u00edtulo Profesional de Licenciatura<\/li>\n\n\n\n<li>Titulaci\u00f3n por Modalidad de Trabajo de Suficiencia Profesional<\/li>\n<\/ul>\n\n\n\n<p><br><\/p>\n\n\n\n<div style=\"height:30px\" aria-hidden=\"true\" class=\"wp-block-spacer\"><\/div>\n\n\n\n<div class=\"wp-block-media-text is-stacked-on-mobile\" style=\"grid-template-columns:18% auto\"><figure class=\"wp-block-media-text__media\"><img loading=\"lazy\" decoding=\"async\" width=\"700\" height=\"500\" src=\"https:\/\/fc.uni.edu.pe\/wp-content\/uploads\/2021\/05\/imagen-defecto-min.jpg\" alt=\"\" class=\"wp-image-80 size-full\" srcset=\"https:\/\/devcc.site\/wp-content\/uploads\/2021\/05\/imagen-defecto-min.jpg 700w, https:\/\/devcc.site\/wp-content\/uploads\/2021\/05\/imagen-defecto-min-300x214.jpg 300w\" sizes=\"auto, (max-width: 700px) 100vw, 700px\" \/><\/figure><div class=\"wp-block-media-text__content\">\n<hr class=\"wp-block-separator has-alpha-channel-opacity\"\/>\n\n\n\n<p class=\"has-medium-font-size\"><strong>Contacto<\/strong><\/p>\n\n\n\n<p><strong>Dr. CHARLIE ONCEBAY SEGURA, Jefe (e)<\/strong><br>Jefe de la Oficina de Grados y T\u00edtulos<br><strong>Correo:<\/strong> gradosytitulosfc@uni.edu.pe, jefatura.gradosytitulosfc@uni.edu.pe<br><strong>Tel\u00e9fono: <\/strong>481-1070 anexo 5039<\/p>\n\n\n\n<hr class=\"wp-block-separator has-alpha-channel-opacity\"\/>\n<\/div><\/div>\n<\/div>\n\n\n\n<div class=\"wp-block-column is-layout-flow wp-block-column-is-layout-flow\" style=\"flex-basis:33.33%\">\n<div class=\"wp-block-columns alignwide is-layout-flex wp-container-core-columns-is-layout-829b1d53 wp-block-columns-is-layout-flex\" style=\"margin-bottom:0\">\n<div class=\"wp-block-column has-text-color has-background has-link-color wp-elements-d12cd63e9c9059348fa901efbbb182a9 is-layout-flow wp-block-column-is-layout-flow\" style=\"color:#000000;background-color:#e7e7e7;padding-top:2em;padding-right:2em;padding-bottom:2em;padding-left:2em\">\n<h2 class=\"wp-block-heading\" id=\"single\" style=\"font-size:20px\"><strong>M\u00e1s informaci\u00f3n<\/strong><\/h2>\n\n\n\n<p><a href=\"https:\/\/fc.uni.edu.pe\/estudios-de-grado\/\">Estudios de grado<\/a><\/p>\n\n\n\n<ul class=\"wp-block-list\">\n<li><a href=\"https:\/\/fc.uni.edu.pe\/estudios-de-grado\/calendario-academico\/\">Calendario acad\u00e9mico<\/a><\/li>\n\n\n\n<li><a href=\"https:\/\/fc.uni.edu.pe\/estudios-de-grado\/biblioteca\/\">Biblioteca<\/a> <\/li>\n\n\n\n<li>Grados y T\u00edtulos<\/li>\n\n\n\n<li><a href=\"https:\/\/fc.uni.edu.pe\/estadistica\/documentos\/\">Matr\u00edcula y Procedimientos<\/a><\/li>\n\n\n\n<li><a href=\"https:\/\/fc.uni.edu.pe\/estudios-de-grado\/empleabilidad\/\">Seguimiento al graduado<\/a><\/li>\n\n\n\n<li><a href=\"https:\/\/fc.uni.edu.pe\/pregrado\/creditos\/\">Cr\u00e9ditos Extracurriculares<\/a><\/li>\n<\/ul>\n\n\n\n<p><a href=\"https:\/\/fc.uni.edu.pe\/pregrado\/\">Carreras de Pregrado<\/a><\/p>\n\n\n\n<ul class=\"wp-block-list\">\n<li><a href=\"https:\/\/fc.uni.edu.pe\/pregrado\/fisica\/\">F\u00edsica<\/a><\/li>\n\n\n\n<li><a href=\"https:\/\/fc.uni.edu.pe\/pregrado\/matematica\/\">Matem\u00e1tica<\/a><\/li>\n\n\n\n<li><a href=\"https:\/\/fc.uni.edu.pe\/pregrado\/quimica\/\">Qu\u00edmica<\/a><\/li>\n\n\n\n<li><a href=\"https:\/\/fc.uni.edu.pe\/pregrado\/ingenieria-fisica\/\">Ingenier\u00eda F\u00edsica<\/a><\/li>\n\n\n\n<li><a href=\"https:\/\/fc.uni.edu.pe\/pregrado\/ciencia-de-la-computacion\/\">Ciencia de la Computaci\u00f3n<\/a><\/li>\n<\/ul>\n\n\n\n<p><a href=\"https:\/\/fc.uni.edu.pe\/estudios-de-grado\/asociaciones-estudiantiles\/\">Asociaciones estudiantiles<\/a><\/p>\n\n\n\n<ul class=\"wp-block-list\">\n<li><a href=\"https:\/\/fc.uni.edu.pe\/estudios-de-grado\/asociaciones-estudiantiles\/cec-uni\/\">Centro de Estudiantes \u2013 CEC<\/a><\/li>\n\n\n\n<li><a href=\"https:\/\/fc.uni.edu.pe\/estudios-de-grado\/asociaciones-estudiantiles\/astronomia\/\">Asociaci\u00f3n Estudiantil Astronom\u00eda \u2013 GA<\/a><\/li>\n\n\n\n<li><a href=\"https:\/\/fc.uni.edu.pe\/estudios-de-grado\/asociaciones-estudiantiles\/fisica-recreativa\/\">Asociaci\u00f3n Estudiantil de F\u00edsica Recreativa<\/a><\/li>\n\n\n\n<li><a href=\"https:\/\/fc.uni.edu.pe\/estudios-de-grado\/asociaciones-estudiantiles\/aedici\/\">Asociaci\u00f3n Estudiantil de Divulgaci\u00f3n Cient\u00edfica \u2013 AEDICI<\/a><\/li>\n\n\n\n<li><a href=\"https:\/\/fc.uni.edu.pe\/estudios-de-grado\/asociaciones-estudiantiles\/greic\/\">Asociaci\u00f3n Estudiantil de Instrumentaci\u00f3n Cient\u00edfica \u2013 GREIC<\/a><\/li>\n\n\n\n<li><a href=\"https:\/\/fc.uni.edu.pe\/estudios-de-grado\/asociaciones-estudiantiles\/acecom\/\">Asociaci\u00f3n Cient\u00edfica Especializada en Computaci\u00f3n \u2013 ACECOM<\/a><\/li>\n\n\n\n<li><a href=\"https:\/\/fc.uni.edu.pe\/estudios-de-grado\/asociaciones-estudiantiles\/geft\/\">Grupo Estudiantil de F\u00edsica Te\u00f3rica<\/a><\/li>\n\n\n\n<li><a href=\"https:\/\/fc.uni.edu.pe\/estudios-de-grado\/asociaciones-estudiantiles\/gem\/\">Grupo Estudiantil de Matem\u00e1tica<\/a><\/li>\n<\/ul>\n<\/div>\n<\/div>\n\n\n\n<div class=\"wp-block-columns alignwide is-layout-flex wp-container-core-columns-is-layout-829b1d53 wp-block-columns-is-layout-flex\" style=\"margin-bottom:0\">\n<div class=\"wp-block-column has-white-background-color has-text-color has-background has-link-color wp-elements-04b17e7110c617c3b321f8385644b1f9 is-layout-flow wp-block-column-is-layout-flow\" style=\"color:#000000;padding-top:2em;padding-right:2em;padding-bottom:2em;padding-left:2em\"><h2 class=\"wp-block-heading has-black-color has-text-color has-link-color wp-elements-5bbb62aca8f4f02cc39819257b246dc8\" id=\"single\" style=\"font-size:20px\"><strong>Eventos<\/strong> cient\u00edficos<\/h2>\n\n\n<ul class=\"wp-block-latest-posts__list has-link-color bullet-links wp-elements-d1fbb039474d2d6592128aac7caf5d32 wp-block-latest-posts has-text-color has-black-color\"><li><a class=\"wp-block-latest-posts__post-title\" href=\"https:\/\/devcc.site\/en\/2025\/12\/10\/deshidrogenacion-oxidativa-de-etano-odh-de-etano-con-oxidos-metalicos-en-atmosfera-de-co%e2%82%82-hacia-una-economia-circular\/\">Deshidrogenaci\u00f3n oxidativa de etano (ODH) de etano con \u00f3xidos met\u00e1licos en atm\u00f3sfera de CO\u2082: hacia una econom\u00eda circular<\/a><\/li>\n<li><a class=\"wp-block-latest-posts__post-title\" href=\"https:\/\/devcc.site\/en\/2025\/11\/28\/curso-estadistica-aplicada-en-procedimientos-de-quimica-analitica-en-la-industria-2\/\">Curso: Estad\u00edstica aplicada en procedimientos de qu\u00edmica anal\u00edtica en la industria<\/a><\/li>\n<li><a class=\"wp-block-latest-posts__post-title\" href=\"https:\/\/devcc.site\/en\/2025\/11\/05\/modelos-generativos-de-ia-y-sus-aplicaciones\/\">Modelos Generativos de IA y sus Aplicaciones<\/a><\/li>\n<li><a class=\"wp-block-latest-posts__post-title\" href=\"https:\/\/devcc.site\/en\/2025\/10\/15\/nuevas-sorpresas-de-la-mecanica-cuantica-y-los-premios-nobel-2025-de-fisica-y-de-quimica\/\">Nuevas sorpresas de la Mec\u00e1nica Cu\u00e1ntica y los Premios Nobel 2025 de F\u00edsica y de Qu\u00edmica<\/a><\/li>\n<\/ul><\/div>\n<\/div>\n<\/div>\n<\/div>\n\n\n\n<p><\/p>\n","protected":false},"excerpt":{"rendered":"<p>La Oficina de Grados y T\u00edtulos, ubicada en el segundo piso del Pabell\u00f3n R1, es una unidad de gesti\u00f3n administrativa encargada de supervisar y coordinar los tr\u00e1mites para la obtenci\u00f3n del grado acad\u00e9mico de Bachiller y del T\u00edtulo Profesional por parte de los egresados. Su labor incluye planificar, organizar, evaluar, controlar, orientar y gestionar los [&hellip;]<\/p>\n","protected":false},"author":1,"featured_media":0,"parent":128,"menu_order":0,"comment_status":"closed","ping_status":"closed","template":"","meta":{"footnotes":""},"class_list":["post-6740","page","type-page","status-publish","hentry"],"_links":{"self":[{"href":"https:\/\/devcc.site\/en\/wp-json\/wp\/v2\/pages\/6740","targetHints":{"allow":["GET"]}}],"collection":[{"href":"https:\/\/devcc.site\/en\/wp-json\/wp\/v2\/pages"}],"about":[{"href":"https:\/\/devcc.site\/en\/wp-json\/wp\/v2\/types\/page"}],"author":[{"embeddable":true,"href":"https:\/\/devcc.site\/en\/wp-json\/wp\/v2\/users\/1"}],"replies":[{"embeddable":true,"href":"https:\/\/devcc.site\/en\/wp-json\/wp\/v2\/comments?post=6740"}],"version-history":[{"count":1,"href":"https:\/\/devcc.site\/en\/wp-json\/wp\/v2\/pages\/6740\/revisions"}],"predecessor-version":[{"id":6742,"href":"https:\/\/devcc.site\/en\/wp-json\/wp\/v2\/pages\/6740\/revisions\/6742"}],"up":[{"embeddable":true,"href":"https:\/\/devcc.site\/en\/wp-json\/wp\/v2\/pages\/128"}],"wp:attachment":[{"href":"https:\/\/devcc.site\/en\/wp-json\/wp\/v2\/media?parent=6740"}],"curies":[{"name":"wp","href":"https:\/\/api.w.org\/{rel}","templated":true}]}}