{"id":6424,"date":"2024-10-09T16:25:21","date_gmt":"2024-10-09T21:25:21","guid":{"rendered":"https:\/\/fc.uni.edu.pe\/?page_id=6424"},"modified":"2024-10-09T16:25:22","modified_gmt":"2024-10-09T21:25:22","slug":"orientacion-vocacional","status":"publish","type":"page","link":"https:\/\/devcc.site\/en\/pregrado\/orientacion-vocacional\/","title":{"rendered":"Orientaci\u00f3n Vocacional"},"content":{"rendered":"\n<div class=\"wp-block-columns is-layout-flex wp-container-core-columns-is-layout-9d6595d7 wp-block-columns-is-layout-flex\">\n<div class=\"wp-block-column is-layout-flow wp-block-column-is-layout-flow\" style=\"flex-basis:66.66%\">\n<p>La Facultad de Ciencias de la Universidad Nacional de Ingenier\u00eda (UNI) lleva a cabo diversas actividades de orientaci\u00f3n vocacional con el objetivo de ayudar a los estudiantes y futuros ingresantes a conocer mejor las carreras que ofrece, as\u00ed como las oportunidades y perspectivas profesionales que cada una de ellas brinda. Estas actividades incluyen:<\/p>\n\n\n\n<ol class=\"wp-block-list\">\n<li><strong>Charlas informativas<\/strong><\/li>\n\n\n\n<li><strong>Talleres pr\u00e1cticos<\/strong><\/li>\n\n\n\n<li><strong>Visitas guiadas<\/strong><\/li>\n\n\n\n<li><strong>Ferias vocacionales<\/strong> <\/li>\n<\/ol>\n\n\n\n<p>Estas actividades buscan acercar la ciencia y la ingenier\u00eda a j\u00f3venes talentos, promoviendo la vocaci\u00f3n cient\u00edfica y ayudando a los futuros estudiantes a tomar decisiones informadas sobre su futuro acad\u00e9mico y profesional.<\/p>\n<\/div>\n\n\n\n<div class=\"wp-block-column has-text-color has-link-color wp-elements-3d76411a27919258a184c48df3e11739 is-layout-flow wp-block-column-is-layout-flow\" style=\"color:#000000;padding-top:2em;padding-right:2em;padding-bottom:2em;padding-left:2em\">\n<div class=\"wp-block-columns alignwide is-layout-flex wp-container-core-columns-is-layout-829b1d53 wp-block-columns-is-layout-flex\" style=\"margin-bottom:0\">\n<div class=\"wp-block-column has-text-color has-background has-link-color wp-elements-4fb11b8b44f5e55fbed8193d64f6fe8a is-layout-flow wp-block-column-is-layout-flow\" style=\"color:#000000;background-color:#e7e7e7;padding-top:2em;padding-right:2em;padding-bottom:2em;padding-left:2em\">\n<h2 class=\"wp-block-heading\" id=\"single\" style=\"font-size:20px\"><strong>M\u00e1s informaci\u00f3n<\/strong><\/h2>\n\n\n\n<p>Carreras de Pregrado<\/p>\n\n\n\n<ul class=\"wp-block-list\">\n<li><a href=\"https:\/\/fc.uni.edu.pe\/pregrado\/fisica\/\">F\u00edsica<\/a><\/li>\n\n\n\n<li><a href=\"https:\/\/fc.uni.edu.pe\/pregrado\/matematica\/\">Matem\u00e1tica<\/a><\/li>\n\n\n\n<li><a href=\"https:\/\/fc.uni.edu.pe\/pregrado\/quimica\/\">Qu\u00edmica<\/a><\/li>\n\n\n\n<li><a href=\"https:\/\/fc.uni.edu.pe\/pregrado\/ingenieria-fisica\/\">Ingenier\u00eda F\u00edsica<\/a><\/li>\n\n\n\n<li><a href=\"https:\/\/fc.uni.edu.pe\/pregrado\/ciencia-de-la-computacion\/\">Ciencia de la Computaci\u00f3n<\/a><\/li>\n<\/ul>\n\n\n\n<p><a href=\"https:\/\/fc.uni.edu.pe\/estudios-de-grado\/\">Estudiantes de grado<\/a><\/p>\n\n\n\n<ul class=\"wp-block-list\">\n<li><a href=\"https:\/\/fc.uni.edu.pe\/estudios-de-grado\/calendario-academico\/\">Calendario acad\u00e9mico<\/a><\/li>\n\n\n\n<li><a href=\"https:\/\/fc.uni.edu.pe\/estudios-de-grado\/biblioteca\/\">Biblioteca<\/a> <\/li>\n\n\n\n<li><a href=\"https:\/\/fc.uni.edu.pe\/estudios-de-grado\/grados-y-titulos\/\">Grados y T\u00edtulos<\/a><\/li>\n\n\n\n<li><a href=\"https:\/\/fc.uni.edu.pe\/estadistica\/documentos\/\">Matr\u00edcula y Procedimientos<\/a><\/li>\n\n\n\n<li><a href=\"https:\/\/fc.uni.edu.pe\/estudios-de-grado\/empleabilidad\/\">Seguimiento al graduado<\/a><\/li>\n\n\n\n<li><a href=\"https:\/\/fc.uni.edu.pe\/pregrado\/creditos\/\">Cr\u00e9ditos Extracurriculares<\/a><\/li>\n<\/ul>\n\n\n\n<p><a href=\"https:\/\/fc.uni.edu.pe\/estudios-de-grado\/asociaciones-estudiantiles\/\">Asociaciones estudiantiles<\/a><\/p>\n\n\n\n<ul class=\"wp-block-list\">\n<li><a href=\"https:\/\/fc.uni.edu.pe\/estudios-de-grado\/asociaciones-estudiantiles\/cec-uni\/\">Centro de Estudiantes \u2013 CEC<\/a><\/li>\n\n\n\n<li><a href=\"https:\/\/fc.uni.edu.pe\/estudios-de-grado\/asociaciones-estudiantiles\/astronomia\/\">Asociaci\u00f3n Estudiantil Astronom\u00eda \u2013 GA<\/a><\/li>\n\n\n\n<li><a href=\"https:\/\/fc.uni.edu.pe\/estudios-de-grado\/asociaciones-estudiantiles\/fisica-recreativa\/\">Asociaci\u00f3n Estudiantil de F\u00edsica Recreativa<\/a><\/li>\n\n\n\n<li><a href=\"https:\/\/fc.uni.edu.pe\/estudios-de-grado\/asociaciones-estudiantiles\/aedici\/\">Asociaci\u00f3n Estudiantil de Divulgaci\u00f3n Cient\u00edfica \u2013 AEDICI<\/a><\/li>\n\n\n\n<li><a href=\"https:\/\/fc.uni.edu.pe\/estudios-de-grado\/asociaciones-estudiantiles\/greic\/\">Asociaci\u00f3n Estudiantil de Instrumentaci\u00f3n Cient\u00edfica \u2013 GREIC<\/a><\/li>\n\n\n\n<li><a href=\"https:\/\/fc.uni.edu.pe\/estudios-de-grado\/asociaciones-estudiantiles\/acecom\/\">Asociaci\u00f3n Cient\u00edfica Especializada en Computaci\u00f3n \u2013 ACECOM<\/a><\/li>\n\n\n\n<li><a href=\"https:\/\/fc.uni.edu.pe\/estudios-de-grado\/asociaciones-estudiantiles\/geft\/\">Grupo Estudiantil de F\u00edsica Te\u00f3rica<\/a><\/li>\n\n\n\n<li><a href=\"https:\/\/fc.uni.edu.pe\/estudios-de-grado\/asociaciones-estudiantiles\/gem\/\">Grupo Estudiantil de Matem\u00e1tica<\/a><\/li>\n<\/ul>\n<\/div>\n<\/div>\n\n\n\n<div class=\"wp-block-columns alignwide is-layout-flex wp-container-core-columns-is-layout-829b1d53 wp-block-columns-is-layout-flex\" style=\"margin-bottom:0\">\n<div class=\"wp-block-column has-white-background-color has-text-color has-background has-link-color wp-elements-04b17e7110c617c3b321f8385644b1f9 is-layout-flow wp-block-column-is-layout-flow\" style=\"color:#000000;padding-top:2em;padding-right:2em;padding-bottom:2em;padding-left:2em\"><h2 class=\"wp-block-heading has-black-color has-text-color has-link-color wp-elements-5bbb62aca8f4f02cc39819257b246dc8\" id=\"single\" style=\"font-size:20px\"><strong>Eventos<\/strong> cient\u00edficos<\/h2>\n\n\n<ul class=\"wp-block-latest-posts__list has-link-color bullet-links wp-elements-d1fbb039474d2d6592128aac7caf5d32 wp-block-latest-posts has-text-color has-black-color\"><li><a class=\"wp-block-latest-posts__post-title\" href=\"https:\/\/devcc.site\/en\/2025\/12\/10\/deshidrogenacion-oxidativa-de-etano-odh-de-etano-con-oxidos-metalicos-en-atmosfera-de-co%e2%82%82-hacia-una-economia-circular\/\">Deshidrogenaci\u00f3n oxidativa de etano (ODH) de etano con \u00f3xidos met\u00e1licos en atm\u00f3sfera de CO\u2082: hacia una econom\u00eda circular<\/a><\/li>\n<li><a class=\"wp-block-latest-posts__post-title\" href=\"https:\/\/devcc.site\/en\/2025\/11\/28\/curso-estadistica-aplicada-en-procedimientos-de-quimica-analitica-en-la-industria-2\/\">Curso: Estad\u00edstica aplicada en procedimientos de qu\u00edmica anal\u00edtica en la industria<\/a><\/li>\n<li><a class=\"wp-block-latest-posts__post-title\" href=\"https:\/\/devcc.site\/en\/2025\/11\/05\/modelos-generativos-de-ia-y-sus-aplicaciones\/\">Modelos Generativos de IA y sus Aplicaciones<\/a><\/li>\n<li><a class=\"wp-block-latest-posts__post-title\" href=\"https:\/\/devcc.site\/en\/2025\/10\/15\/nuevas-sorpresas-de-la-mecanica-cuantica-y-los-premios-nobel-2025-de-fisica-y-de-quimica\/\">Nuevas sorpresas de la Mec\u00e1nica Cu\u00e1ntica y los Premios Nobel 2025 de F\u00edsica y de Qu\u00edmica<\/a><\/li>\n<\/ul><\/div>\n<\/div>\n<\/div>\n<\/div>\n","protected":false},"excerpt":{"rendered":"<p>La Facultad de Ciencias de la Universidad Nacional de Ingenier\u00eda (UNI) lleva a cabo diversas actividades de orientaci\u00f3n vocacional con el objetivo de ayudar a los estudiantes y futuros ingresantes a conocer mejor las carreras que ofrece, as\u00ed como las oportunidades y perspectivas profesionales que cada una de ellas brinda. Estas actividades incluyen: Estas actividades [&hellip;]<\/p>\n","protected":false},"author":1,"featured_media":6415,"parent":4251,"menu_order":0,"comment_status":"closed","ping_status":"closed","template":"","meta":{"footnotes":""},"class_list":["post-6424","page","type-page","status-publish","has-post-thumbnail","hentry"],"_links":{"self":[{"href":"https:\/\/devcc.site\/en\/wp-json\/wp\/v2\/pages\/6424","targetHints":{"allow":["GET"]}}],"collection":[{"href":"https:\/\/devcc.site\/en\/wp-json\/wp\/v2\/pages"}],"about":[{"href":"https:\/\/devcc.site\/en\/wp-json\/wp\/v2\/types\/page"}],"author":[{"embeddable":true,"href":"https:\/\/devcc.site\/en\/wp-json\/wp\/v2\/users\/1"}],"replies":[{"embeddable":true,"href":"https:\/\/devcc.site\/en\/wp-json\/wp\/v2\/comments?post=6424"}],"version-history":[{"count":1,"href":"https:\/\/devcc.site\/en\/wp-json\/wp\/v2\/pages\/6424\/revisions"}],"predecessor-version":[{"id":6425,"href":"https:\/\/devcc.site\/en\/wp-json\/wp\/v2\/pages\/6424\/revisions\/6425"}],"up":[{"embeddable":true,"href":"https:\/\/devcc.site\/en\/wp-json\/wp\/v2\/pages\/4251"}],"wp:featuredmedia":[{"embeddable":true,"href":"https:\/\/devcc.site\/en\/wp-json\/"}],"wp:attachment":[{"href":"https:\/\/devcc.site\/en\/wp-json\/wp\/v2\/media?parent=6424"}],"curies":[{"name":"wp","href":"https:\/\/api.w.org\/{rel}","templated":true}]}}