{"id":625,"date":"2021-05-24T00:20:24","date_gmt":"2021-05-24T05:20:24","guid":{"rendered":"http:\/\/localhost\/fcuni\/?page_id=625"},"modified":"2024-09-23T19:02:53","modified_gmt":"2024-09-24T00:02:53","slug":"matematica","status":"publish","type":"page","link":"https:\/\/devcc.site\/en\/pregrado\/matematica\/","title":{"rendered":"Matem\u00e1tica"},"content":{"rendered":"<div class=\"wp-block-group\"><div class=\"wp-block-group__inner-container is-layout-constrained wp-block-group-is-layout-constrained\">\n<p class=\"has-background\" style=\"background-color:#dddddd\">We are currently working on update this information. For the moment, this section will be displayed  in spanish. <\/p>\n<\/div><\/div>\n\n\n<div class=\"wp-block-columns is-layout-flex wp-container-core-columns-is-layout-9d6595d7 wp-block-columns-is-layout-flex\">\n<div class=\"wp-block-column is-layout-flow wp-block-column-is-layout-flow\" style=\"flex-basis:66.66%\">\n<p>Formar profesionales con pensamiento cr\u00edtico y capacidad de investigaci\u00f3n en el campo de las matem\u00e1ticas. As\u00ed mismo contribuye con la capacitaci\u00f3n y actualizaci\u00f3n de los profesores de nivel secundario para optimizar y uniformizar la ense\u00f1anza de la matem\u00e1tica en ese nivel<\/p>\n\n\n\n<h2 class=\"wp-block-heading\">Perfil del Egresado<\/h2>\n\n\n\n<p>El egresado de la carrera de Matem\u00e1tica de la Universidad Nacional de Ingenier\u00eda, estar\u00e1 en capacidad de resolver diversos problemas modelando y prediciendo sus comportamientos, para lo cual hace uso de las herramientas matem\u00e1ticas. En ambientes globales e interdisciplinarios estudiar\u00e1 modelos generados que surgen de problemas din\u00e1micos. Su capacidad cient\u00edfica adquirida le permite potenciar, dimensionar, controlar y predecir la informaci\u00f3n mediante modelos probabil\u00edsticos y estoc\u00e1sticos. Su labor profesional incluye formular y dar soluciones a problemas de gran escala; asimismo, es el indicado para formular y dar soluci\u00f3n num\u00e9rica mediante simulaciones a modelos que se plantean. Justificar\u00e1 anal\u00edticamente las aplicaciones y dar\u00e1 soporte a las mismas generando la creaci\u00f3n de nuevos conceptos.<br>Su alta formaci\u00f3n profesional le permite desarrollar satisfactoriamente una maestr\u00eda cient\u00edfica conducente a doctorado, lo que le permitir\u00e1 hacer investigaci\u00f3n avanzada.<\/p>\n\n\n\n<h2 class=\"wp-block-heading\">L\u00edneas de Investigaci\u00f3n<\/h2>\n\n\n\n<p>En la Escuela Profesional de Matem\u00e1tica se desarrollan 6 l\u00edneas de investigaci\u00f3n:<\/p>\n\n\n\n<ol class=\"wp-block-list\">\n<li>Optimizaci\u00f3n<\/li>\n\n\n\n<li>\u00c1lgebra, Geometr\u00eda y Topolog\u00eda<\/li>\n\n\n\n<li>Probabilidad y procesos estoc\u00e1sticos<\/li>\n\n\n\n<li>Ecuaciones diferenciales y sistemas din\u00e1micos<\/li>\n\n\n\n<li>An\u00e1lisis num\u00e9rico<\/li>\n\n\n\n<li>An\u00e1lisis y Teor\u00eda de n\u00fameros<\/li>\n<\/ol>\n\n\n\n<p>Informaci\u00f3n detallada acerca de la Escuela Profesional de Matem\u00e1tica en el siguiente enlace:<\/p>\n\n\n\n<h2 class=\"wp-block-heading\">Plana Docente<\/h2>\n\n\n\n<ul class=\"planadocente wp-block-list\">\n<li>Abanto Silva, Dimas Percy<\/li>\n\n\n\n<li>Acu\u00f1a Ortega, Richard Flavio<\/li>\n\n\n\n<li>Arce Flores, Jack Denne<\/li>\n\n\n\n<li>Canales Garcia, Pedro<\/li>\n\n\n\n<li>Caytuiro Sandoval, David Paul<\/li>\n\n\n\n<li>Ccahuancama Trujillo, Cyntia Victoria<\/li>\n\n\n\n<li>Cernades G\u00f3mez, Jes\u00fas<\/li>\n\n\n\n<li>Chulluncuy Centeno, Andres Vicente<\/li>\n\n\n\n<li>Cribillero Aching, Juan Aurelio<\/li>\n\n\n\n<li>Echegaray Castillo, William Carlos<\/li>\n\n\n\n<li>Escalante del \u00c1guila, Segundo F\u00e9lix<\/li>\n\n\n\n<li>Flores Luyo, Luis Ernesto<\/li>\n\n\n\n<li>Guimaray Huerta, H\u00e9ctor Carlos<\/li>\n\n\n\n<li>Hidalgo Gordillo, Alejandro Eduardo<\/li>\n\n\n\n<li>Jara Huanca, Fidel<\/li>\n\n\n\n<li>La rosa Obando, Laura Betzab\u00e9<\/li>\n\n\n\n<li>Mantilla Nu\u00f1ez, Irla Doraliza<\/li>\n\n\n\n<li>Mas Huaman, Ronald Jesus<\/li>\n\n\n\n<li>Mayta Guillermo, Jorge Enrique<\/li>\n\n\n\n<li>Metzger Alvan, Roger Javier<\/li>\n\n\n\n<li>Munguia la Cotera, Jonathan Alfredo<\/li>\n\n\n\n<li>Navarro Rojas, Frank<\/li>\n\n\n\n<li>Oca\u00f1a Anaya, Eladio Te\u00f3filo<\/li>\n\n\n\n<li>Or\u00e9 Alborn\u00f3z, Ernesto<\/li>\n\n\n\n<li>Ostos Cordero, Benito Leonardo<\/li>\n\n\n\n<li>Palacios Balde\u00f3n, Joe Albino<\/li>\n\n\n\n<li>Panizo Garcia, Gonzalo<\/li>\n\n\n\n<li>Paredes Soria, Leopoldo<\/li>\n\n\n\n<li>Perez Cupe, R\u00f3sulo Hilari\u00f3n<\/li>\n\n\n\n<li>Qui\u00f1ones Robles, Marco Ernesto<\/li>\n\n\n\n<li>Ram\u00edrez Gutierrez, Angel Enrique<\/li>\n\n\n\n<li>Roca Galindo, Luis Rodolfo<\/li>\n\n\n\n<li>Sulca Chipana, Jorge Joel<\/li>\n\n\n\n<li>Toribio Cangana, Manuel Teodosio<\/li>\n\n\n\n<li>Ugarte Chamorro, Jos\u00e9 Luis<\/li>\n\n\n\n<li>Valverde Montoro, Johnny Mois\u00e9s<\/li>\n\n\n\n<li>Vel\u00e1squez Casta\u00f1\u00f3n, Oswaldo Jos\u00e9<\/li>\n\n\n\n<li>Villanueva Santos, Felix Ricardo<\/li>\n\n\n\n<li>Villavicencio Fernandez, Helmuth<\/li>\n\n\n\n<li>Zamudio Peves, Jos\u00e9 Fernando<\/li>\n<\/ul>\n<\/div>\n\n\n\n<div class=\"wp-block-column has-white-background-color has-text-color has-background has-link-color wp-elements-4c6f93fd32a0ee19dd577477766c5706 is-layout-flow wp-block-column-is-layout-flow\" style=\"color:#000000;padding-top:2em;padding-right:2em;padding-bottom:2em;padding-left:2em\">\n<h2 class=\"wp-block-heading\" id=\"single\" style=\"font-size:20px\"><strong>More<\/strong><\/h2>\n\n\n<\/div>\n<\/div>\n","protected":false},"excerpt":{"rendered":"<p>Formar profesionales con pensamiento cr\u00edtico y capacidad de investigaci\u00f3n en el campo de las matem\u00e1ticas. As\u00ed mismo contribuye con la capacitaci\u00f3n y actualizaci\u00f3n de los profesores de nivel secundario para optimizar y uniformizar la ense\u00f1anza de la matem\u00e1tica en ese nivel Perfil del Egresado El egresado de la carrera de Matem\u00e1tica de la Universidad Nacional [&hellip;]<\/p>\n","protected":false},"author":1,"featured_media":0,"parent":4251,"menu_order":0,"comment_status":"closed","ping_status":"closed","template":"","meta":{"footnotes":""},"class_list":["post-625","page","type-page","status-publish","hentry"],"_links":{"self":[{"href":"https:\/\/devcc.site\/en\/wp-json\/wp\/v2\/pages\/625","targetHints":{"allow":["GET"]}}],"collection":[{"href":"https:\/\/devcc.site\/en\/wp-json\/wp\/v2\/pages"}],"about":[{"href":"https:\/\/devcc.site\/en\/wp-json\/wp\/v2\/types\/page"}],"author":[{"embeddable":true,"href":"https:\/\/devcc.site\/en\/wp-json\/wp\/v2\/users\/1"}],"replies":[{"embeddable":true,"href":"https:\/\/devcc.site\/en\/wp-json\/wp\/v2\/comments?post=625"}],"version-history":[{"count":39,"href":"https:\/\/devcc.site\/en\/wp-json\/wp\/v2\/pages\/625\/revisions"}],"predecessor-version":[{"id":6254,"href":"https:\/\/devcc.site\/en\/wp-json\/wp\/v2\/pages\/625\/revisions\/6254"}],"up":[{"embeddable":true,"href":"https:\/\/devcc.site\/en\/wp-json\/wp\/v2\/pages\/4251"}],"wp:attachment":[{"href":"https:\/\/devcc.site\/en\/wp-json\/wp\/v2\/media?parent=625"}],"curies":[{"name":"wp","href":"https:\/\/api.w.org\/{rel}","templated":true}]}}