{"id":617,"date":"2021-05-23T23:44:01","date_gmt":"2021-05-24T04:44:01","guid":{"rendered":"http:\/\/localhost\/fcuni\/?page_id=617"},"modified":"2024-11-04T14:28:02","modified_gmt":"2024-11-04T19:28:02","slug":"ciencia-de-la-computacion","status":"publish","type":"page","link":"https:\/\/devcc.site\/en\/pregrado\/ciencia-de-la-computacion\/","title":{"rendered":"Computer Science"},"content":{"rendered":"<div class=\"wp-block-group\"><div class=\"wp-block-group__inner-container is-layout-constrained wp-block-group-is-layout-constrained\">\n<p class=\"has-background\" style=\"background-color:#dddddd\">We are currently working on update this information. For the moment, this section will be displayed  in spanish. <\/p>\n<\/div><\/div>\n\n\n<div class=\"wp-block-columns is-layout-flex wp-container-core-columns-is-layout-9d6595d7 wp-block-columns-is-layout-flex\">\n<div class=\"wp-block-column is-layout-flow wp-block-column-is-layout-flow\" style=\"flex-basis:66.66%\">\n<p>Formar profesionales altamente capacitados en el campo de la computaci\u00f3n para contribuir en la investigaci\u00f3n y las innovaciones de las instituciones y empresas. <\/p>\n\n\n\n<h2 class=\"wp-block-heading\">Perfil del Egresado<\/h2>\n\n\n\n<ul class=\"wp-block-list\">\n<li>Desarrolla nuevas t\u00e9cnicas computacionales.<\/li>\n\n\n\n<li>Propicia a trav\u00e9s de la innovaci\u00f3n permanente la formaci\u00f3n de empresas de base tecnol\u00f3gica.<\/li>\n\n\n\n<li>Analiza un problema e identifica y define los requerimientos computacionales para su soluci\u00f3n.<\/li>\n\n\n\n<li>Dise\u00f1a, implementa y eval\u00faa un sistema, proceso, componente o programa computacional para alcanzar las necesidades deseadas.<\/li>\n\n\n\n<li>Aplica la base matem\u00e1tica, principios de algoritmos y la teor\u00eda de la Ciencia de la Computaci\u00f3n en el modelamiento y dise\u00f1o de sistemas computacionales.<\/li>\n<\/ul>\n\n\n\n<h2 class=\"wp-block-heading\">Plana Docente<\/h2>\n\n\n\n<ul class=\"planadocente wp-block-list\">\n<li>Alania Vicente, Marcos Antonio<\/li>\n\n\n\n<li>Arrun\u00e1tegui angulo, Gipsy Miguel A.<\/li>\n\n\n\n<li>Baz\u00e1n Cabanillas, Carlos Alberto<\/li>\n\n\n\n<li>Canales Cuba, Manolo<\/li>\n\n\n\n<li>Ccoicca Pacasi, Yuri Javier<\/li>\n\n\n\n<li>Cruz salazar, C\u00e9sar Mart\u00edn<\/li>\n\n\n\n<li>D\u00edaz Dominguez, Carlos Manuel<\/li>\n\n\n\n<li>Espejo Delzo, Juan Carlos<\/li>\n\n\n\n<li>Fiestas Iquira, Jos\u00e9 Antonio<\/li>\n\n\n\n<li>Lara Avila, C\u00e9sar<\/li>\n\n\n\n<li>Lav\u00e1n Quiroz, David Alfonso<\/li>\n\n\n\n<li>Lozano Aparicio, Jos\u00e9 Mart\u00edn<\/li>\n\n\n\n<li>Mart\u00ednez Chunga, Ronald<\/li>\n\n\n\n<li>Melchor Espinoza, V\u00edctor<\/li>\n\n\n\n<li>Navarro Huaman\u00ed, Luis Alberto<\/li>\n\n\n\n<li>Nu\u00f1ez Iturri, Ciro Javier<\/li>\n\n\n\n<li>N\u00fa\u00f1ez Medrano, Yuri<\/li>\n\n\n\n<li>Osorio Ubaldo, Jaime<\/li>\n\n\n\n<li>Segovia Ju\u00e1rez, Jos\u00e9 Luis<\/li>\n\n\n\n<li>Valer Quispe, Sidney<\/li>\n<\/ul>\n<\/div>\n\n\n\n<div class=\"wp-block-column has-white-background-color has-text-color has-background has-link-color wp-elements-ebb4a0423627690f0125d77cae024064 is-layout-flow wp-block-column-is-layout-flow\" style=\"color:#000000;padding-top:2em;padding-right:2em;padding-bottom:2em;padding-left:2em\">\n<h2 class=\"wp-block-heading\" id=\"single\" style=\"font-size:20px\"><strong>M\u00e1s informaci\u00f3n<\/strong><\/h2>\n\n\n<\/div>\n<\/div>\n","protected":false},"excerpt":{"rendered":"<p>Formar profesionales altamente capacitados en el campo de la computaci\u00f3n para contribuir en la investigaci\u00f3n y las innovaciones de las instituciones y empresas. Perfil del Egresado Plana Docente M\u00e1s informaci\u00f3n<\/p>\n","protected":false},"author":1,"featured_media":0,"parent":4251,"menu_order":0,"comment_status":"closed","ping_status":"closed","template":"","meta":{"footnotes":""},"class_list":["post-617","page","type-page","status-publish","hentry"],"_links":{"self":[{"href":"https:\/\/devcc.site\/en\/wp-json\/wp\/v2\/pages\/617","targetHints":{"allow":["GET"]}}],"collection":[{"href":"https:\/\/devcc.site\/en\/wp-json\/wp\/v2\/pages"}],"about":[{"href":"https:\/\/devcc.site\/en\/wp-json\/wp\/v2\/types\/page"}],"author":[{"embeddable":true,"href":"https:\/\/devcc.site\/en\/wp-json\/wp\/v2\/users\/1"}],"replies":[{"embeddable":true,"href":"https:\/\/devcc.site\/en\/wp-json\/wp\/v2\/comments?post=617"}],"version-history":[{"count":29,"href":"https:\/\/devcc.site\/en\/wp-json\/wp\/v2\/pages\/617\/revisions"}],"predecessor-version":[{"id":6475,"href":"https:\/\/devcc.site\/en\/wp-json\/wp\/v2\/pages\/617\/revisions\/6475"}],"up":[{"embeddable":true,"href":"https:\/\/devcc.site\/en\/wp-json\/wp\/v2\/pages\/4251"}],"wp:attachment":[{"href":"https:\/\/devcc.site\/en\/wp-json\/wp\/v2\/media?parent=617"}],"curies":[{"name":"wp","href":"https:\/\/api.w.org\/{rel}","templated":true}]}}