{"id":603,"date":"2021-05-23T22:55:41","date_gmt":"2021-05-24T03:55:41","guid":{"rendered":"http:\/\/localhost\/fcuni\/?page_id=603"},"modified":"2026-05-17T14:58:30","modified_gmt":"2026-05-17T19:58:30","slug":"fisica","status":"publish","type":"page","link":"https:\/\/devcc.site\/en\/pregrado\/fisica\/","title":{"rendered":"Physics"},"content":{"rendered":"<div class=\"wp-block-group\"><div class=\"wp-block-group__inner-container is-layout-constrained wp-block-group-is-layout-constrained\">\n<p class=\"has-background\" style=\"background-color:#dddddd\">We are currently working on update this information. For the moment, this section will be displayed  in spanish. <\/p>\n<\/div><\/div>\n\n\n<div class=\"wp-block-columns is-layout-flex wp-container-core-columns-is-layout-9d6595d7 wp-block-columns-is-layout-flex\">\n<div class=\"wp-block-column is-layout-flow wp-block-column-is-layout-flow\" style=\"flex-basis:66.66%\">\n<p>Formar profesionales con amplios conocimientos en los diferentes campos de la F\u00edsica Te\u00f3rica y Aplicada, con \u00e9nfasis en F\u00edsica del Estado S\u00f3lido, F\u00edsica Nuclear y de Part\u00edculas, \u00d3ptica, L\u00e1seres y Espectroscop\u00eda. Para alcanzar estos objetivos el profesional de F\u00edsica domina las herramientas matem\u00e1ticas y computacionales necesarias para formular y desarrollar modelos basados en los principios y leyes f\u00edsicas.<\/p>\n\n\n\n<h2 class=\"wp-block-heading\">Perfil del Egresado<\/h2>\n\n\n\n<ul class=\"wp-block-list\">\n<li>Se desenvuelve en laboratorios en los que se estudian dispositivos y materiales, aplicando t\u00e9cnicas basadas en espectroscop\u00eda molecular, at\u00f3mica y nuclear. Aplica sus conocimientos para desarrollar, implementar e interpretar ensayos en dispositivos el\u00e9ctricos y electr\u00f3nicos.<\/li>\n\n\n\n<li>Preparado para continuar desarroll\u00e1ndose en \u00e1reas del conocimiento tales como: meteorolog\u00eda, geof\u00edsica, astronom\u00eda y astrof\u00edsica, biof\u00edsica, f\u00edsica m\u00e9dica, energ\u00edas convencionales y alternativas, entre otros.<\/li>\n\n\n\n<li>Preparado para continuar estudios de posgrado, en instituciones locales e internacionales.<\/li>\n\n\n\n<li>Se desenvuelve en la docencia superior.<\/li>\n<\/ul>\n\n\n\n<h2 class=\"wp-block-heading\">Plana Docente<\/h2>\n\n\n\n<ul class=\"planadocente wp-block-list\">\n<li>Altamirano Macetas, Alejandra<\/li>\n\n\n\n<li>Amoretti Vidal, Jes\u00fas Esteban<\/li>\n\n\n\n<li>Beltran Ramirez, Jhosep Victorino<\/li>\n\n\n\n<li>Brocca Pobes, Manuel Enrique<\/li>\n\n\n\n<li>Castillo Ruiz, Oscar Eduardo<\/li>\n\n\n\n<li>Castromonte Flores, C\u00e9sar Manuel<\/li>\n\n\n\n<li>Cortez Reyes, Gregorio Custodio<\/li>\n\n\n\n<li>Custodio Fern\u00e1ndez, Santiago Rossevelt<\/li>\n\n\n\n<li>Cuyubamba Espinoza, Marco Antonio<\/li>\n\n\n\n<li>D\u00edaz Chavez, Henry Jos\u00e9<\/li>\n\n\n\n<li>Eyzaguirre Gorvenia, Carmen Rosa<\/li>\n\n\n\n<li>Inga Caqui, Marvyn William<\/li>\n\n\n\n<li>Le\u00f3n Hilario, Ludwin Misael<\/li>\n\n\n\n<li>Loro Ram\u00edrez, H\u00e9ctor Ra\u00fal<\/li>\n\n\n\n<li>Ochoa Jimenez, Rosendo<\/li>\n\n\n\n<li>Oncebay Segura, Charlie Oscar<\/li>\n\n\n\n<li>Orccohuarancca Nina, Am\u00e9rico<\/li>\n\n\n\n<li>Paredes Cabrel, Alejandro Daniel<\/li>\n\n\n\n<li>Paredes Carlos, \u00c1ngel Juvencio<\/li>\n\n\n\n<li>Pereyra Ravinez, Orlando Luis<\/li>\n\n\n\n<li>Petrick Casagrande, Susana Margarita<\/li>\n\n\n\n<li>Pujada Bermudez, Braulio Rafael<\/li>\n\n\n\n<li>Rodriguez Laura, Sandro Miguel<\/li>\n\n\n\n<li>Rondinel Pineda, Circe Marina<\/li>\n\n\n\n<li>Rueda Raez, Luis Daniel<\/li>\n\n\n\n<li>Salazar Rodriguez, Roberto<\/li>\n\n\n\n<li>Sanchez Cordova, Heriberto Abraham<\/li>\n\n\n\n<li>Soto Barrientos, Daniel Eduardo<\/li>\n\n\n\n<li>Talledo Coronado, Arturo Fernando<\/li>\n\n\n\n<li>Tello Galvez, Julio Cesar<\/li>\n\n\n\n<li>Tovar Landeo, Renato<\/li>\n\n\n\n<li>Valera Palacios, An\u00edbal Abel<\/li>\n\n\n\n<li>Vidal\u00f3n Vidal\u00f3n, Edgard<\/li>\n\n\n\n<li>Zevallos Herencia, Mar\u00eda Isela<\/li>\n<\/ul>\n<\/div>\n\n\n\n<div class=\"wp-block-column has-white-background-color has-text-color has-background has-link-color wp-elements-ebb4a0423627690f0125d77cae024064 is-layout-flow wp-block-column-is-layout-flow\" style=\"color:#000000;padding-top:2em;padding-right:2em;padding-bottom:2em;padding-left:2em\">\n<h2 class=\"wp-block-heading\" id=\"single\" style=\"font-size:20px\"><strong>M\u00e1s informaci\u00f3n<\/strong><\/h2>\n\n\n<\/div>\n<\/div>\n","protected":false},"excerpt":{"rendered":"<p>Formar profesionales con amplios conocimientos en los diferentes campos de la F\u00edsica Te\u00f3rica y Aplicada, con \u00e9nfasis en F\u00edsica del Estado S\u00f3lido, F\u00edsica Nuclear y de Part\u00edculas, \u00d3ptica, L\u00e1seres y Espectroscop\u00eda. Para alcanzar estos objetivos el profesional de F\u00edsica domina las herramientas matem\u00e1ticas y computacionales necesarias para formular y desarrollar modelos basados en los principios [&hellip;]<\/p>\n","protected":false},"author":1,"featured_media":0,"parent":4251,"menu_order":0,"comment_status":"closed","ping_status":"closed","template":"","meta":{"footnotes":""},"class_list":["post-603","page","type-page","status-publish","hentry"],"_links":{"self":[{"href":"https:\/\/devcc.site\/en\/wp-json\/wp\/v2\/pages\/603","targetHints":{"allow":["GET"]}}],"collection":[{"href":"https:\/\/devcc.site\/en\/wp-json\/wp\/v2\/pages"}],"about":[{"href":"https:\/\/devcc.site\/en\/wp-json\/wp\/v2\/types\/page"}],"author":[{"embeddable":true,"href":"https:\/\/devcc.site\/en\/wp-json\/wp\/v2\/users\/1"}],"replies":[{"embeddable":true,"href":"https:\/\/devcc.site\/en\/wp-json\/wp\/v2\/comments?post=603"}],"version-history":[{"count":43,"href":"https:\/\/devcc.site\/en\/wp-json\/wp\/v2\/pages\/603\/revisions"}],"predecessor-version":[{"id":7720,"href":"https:\/\/devcc.site\/en\/wp-json\/wp\/v2\/pages\/603\/revisions\/7720"}],"up":[{"embeddable":true,"href":"https:\/\/devcc.site\/en\/wp-json\/wp\/v2\/pages\/4251"}],"wp:attachment":[{"href":"https:\/\/devcc.site\/en\/wp-json\/wp\/v2\/media?parent=603"}],"curies":[{"name":"wp","href":"https:\/\/api.w.org\/{rel}","templated":true}]}}