{"id":5862,"date":"2024-07-25T17:56:51","date_gmt":"2024-07-25T22:56:51","guid":{"rendered":"https:\/\/fc.uni.edu.pe\/?page_id=5862"},"modified":"2025-01-08T00:03:42","modified_gmt":"2025-01-08T05:03:42","slug":"cronograma-de-admision-a-maestrias","status":"publish","type":"page","link":"https:\/\/devcc.site\/en\/posgrado\/cronograma-de-admision-a-maestrias\/","title":{"rendered":"Cronograma de admisi\u00f3n"},"content":{"rendered":"\n<div class=\"wp-block-columns is-layout-flex wp-container-core-columns-is-layout-9d6595d7 wp-block-columns-is-layout-flex\">\n<div class=\"wp-block-column is-layout-flow wp-block-column-is-layout-flow\" style=\"flex-basis:66.66%\">\n<p>El cronograma de admisi\u00f3n 2024.2 para los programas de maestr\u00eda son: <\/p>\n\n\n\n<p class=\"has-background\" style=\"background-color:#e7e7e7\"><strong>Maestr\u00eda en Ciencias en Matem\u00e1tica Aplicada<br><\/strong>Inscripciones: Del 26 de julio hasta el 16 de agosto<br>Examen de conocimiento y m\u00e9ritos: Del 20 al 22 de agosto<br>Matr\u00edcula: Del 26 al 29 de agosto<br>Inicio de clases: 03 setiembre<\/p>\n\n\n\n<p class=\"has-white-background-color has-background\"><strong>Maestr\u00eda en Ciencias en Qu\u00edmica<br><\/strong>Inscripciones: Del 26 de julio hasta el 16 de agosto<br>Examen de conocimiento y m\u00e9ritos: Del 20 al 22 de agosto<br>Matr\u00edcula: Del 26 al 29 de agosto<br>Inicio de clases: 02 setiembre<\/p>\n\n\n\n<p class=\"has-background\" style=\"background-color:#e7e7e7\"><strong>Maestr\u00eda en Ciencias en F\u00edsica<br><\/strong>Inscripciones: Del 26 de julio hasta el 16 de agosto<br>Examen de conocimiento y m\u00e9ritos: Del 20 al 21 de agosto<br>Matr\u00edcula: Del 22 al 23 de agosto<br>Inicio de clases: 26 agosto<\/p>\n\n\n\n<p class=\"has-white-background-color has-background\"><strong>Maestr\u00eda en Ciencias en Energ\u00eda Nuclear<br><\/strong>Inscripciones: Del 26 de julio hasta el 16 de agosto<br>Examen de conocimiento: 21 de agosto<br>Examen de m\u00e9ritos: 22 de agosto<br>Matr\u00edcula: 23 de agosto<br>Inicio de clases: 26 agosto<\/p>\n\n\n\n<div style=\"height:40px\" aria-hidden=\"true\" class=\"wp-block-spacer\"><\/div>\n\n\n\n<div class=\"wp-block-media-text\" style=\"grid-template-columns:18% auto\"><figure class=\"wp-block-media-text__media\"><img loading=\"lazy\" decoding=\"async\" width=\"700\" height=\"500\" src=\"https:\/\/fc.uni.edu.pe\/wp-content\/uploads\/2021\/05\/imagen-defecto-min.jpg\" alt=\"\" class=\"wp-image-80 size-full\" srcset=\"https:\/\/devcc.site\/wp-content\/uploads\/2021\/05\/imagen-defecto-min.jpg 700w, https:\/\/devcc.site\/wp-content\/uploads\/2021\/05\/imagen-defecto-min-300x214.jpg 300w\" sizes=\"auto, (max-width: 700px) 100vw, 700px\" \/><\/figure><div class=\"wp-block-media-text__content\">\n<hr class=\"wp-block-separator has-alpha-channel-opacity\"\/>\n\n\n\n<p class=\"has-medium-font-size\"><strong>Contacto<\/strong><\/p>\n\n\n\n<p style=\"letter-spacing:0px\"><strong>UNIDAD DE POSGRADO<\/strong><br><strong>Correo:<\/strong> <a href=\"mailto:postgradofc@uni.edu.pe\">postgradofc@uni.edu.pe<\/a><br><strong>Tel\u00e9fono: <\/strong>481-1070 anexo 5032<\/p>\n\n\n\n<p><strong>Consultas al Whatsapp<\/strong>: 900 184 643 <\/p>\n\n\n\n<hr class=\"wp-block-separator has-alpha-channel-opacity\"\/>\n<\/div><\/div>\n<\/div>\n\n\n\n<div class=\"wp-block-column is-layout-flow wp-block-column-is-layout-flow\">\n<div class=\"wp-block-columns alignwide is-layout-flex wp-container-core-columns-is-layout-829b1d53 wp-block-columns-is-layout-flex\" style=\"margin-bottom:0\">\n<div class=\"wp-block-column has-text-color has-background has-link-color wp-elements-1e64f16221432d0926788f52cab1f147 is-layout-flow wp-block-column-is-layout-flow\" style=\"color:#000000;background-color:#e7e7e7;padding-top:2em;padding-right:2em;padding-bottom:2em;padding-left:2em\">\n<h2 class=\"wp-block-heading\" id=\"single\" style=\"font-size:20px\"><strong>M\u00e1s informaci\u00f3n<\/strong><\/h2>\n\n\n\n<p>Maestr\u00edas <\/p>\n\n\n\n<ul class=\"wp-block-list\">\n<li><a href=\"https:\/\/fc.uni.edu.pe\/posgrado\/maestrias\/fisica\/\">Maestr\u00eda en F\u00edsica<\/a><\/li>\n\n\n\n<li><a href=\"https:\/\/fc.uni.edu.pe\/posgrado\/maestrias\/quimica\/\">Maestr\u00eda en Qu\u00edmica<\/a><\/li>\n\n\n\n<li><a href=\"https:\/\/fc.uni.edu.pe\/posgrado\/maestrias\/energias-renovables-y-eficiencia-energetica\/\">Maestr\u00eda en Energ\u00edas Renovables<\/a><\/li>\n\n\n\n<li><a href=\"https:\/\/fc.uni.edu.pe\/posgrado\/maestrias\/ciencia-de-la-computacion\/\">Maestr\u00eda en Ciencia de la Computaci\u00f3n<\/a><\/li>\n\n\n\n<li><a href=\"https:\/\/fc.uni.edu.pe\/posgrado\/maestrias\/fisica-medica\/\">Maestr\u00eda en F\u00edsica M\u00e9dica<\/a><\/li>\n\n\n\n<li><a href=\"https:\/\/fc.uni.edu.pe\/posgrado\/maestrias\/matematica-aplicada\/\">Maestr\u00eda en Matem\u00e1tica Aplicada<\/a><\/li>\n\n\n\n<li><a href=\"https:\/\/fc.uni.edu.pe\/posgrado\/maestrias\/energia-nuclear\/\">Maestr\u00eda en Energ\u00eda Nuclear<\/a><\/li>\n\n\n\n<li><a href=\"https:\/\/fc.uni.edu.pe\/posgrado\/maestria-en-ciencias-en-modelizacion-matematica-y-computacional\/\">Maestr\u00eda en Modelizaci\u00f3n Matem\u00e1tica y Computacional<\/a><\/li>\n<\/ul>\n\n\n\n<p>Doctorados<\/p>\n\n\n\n<ul class=\"wp-block-list\">\n<li><a href=\"https:\/\/fc.uni.edu.pe\/posgrado\/doctorados\/doctorado-fisica\/\">Doctorado F\u00edsica<\/a><\/li>\n\n\n\n<li><a href=\"https:\/\/fc.uni.edu.pe\/posgrado\/doctorados\/doctorado-quimica\/\">Doctorado en Qu\u00edmica<\/a><\/li>\n\n\n\n<li><a href=\"https:\/\/fc.uni.edu.pe\/posgrado\/doctorados\/doctorado-matematica\/\">Doctorado en Matem\u00e1tica<\/a><\/li>\n<\/ul>\n\n\n\n<p>Inscripciones <\/p>\n\n\n\n<ul class=\"wp-block-list\">\n<li><a href=\"https:\/\/fc.uni.edu.pe\/posgrado\/maestrias\/admision-maestrias\/\">Admisi\u00f3n a maestr\u00edas<\/a><\/li>\n\n\n\n<li>Cronograma de admisi\u00f3n a maestr\u00edas<\/li>\n\n\n\n<li><a href=\"https:\/\/fc.uni.edu.pe\/posgrado\/doctorados\/admision-doctorados\/\">Admisi\u00f3n a doctorados<\/a><\/li>\n\n\n\n<li><a href=\"https:\/\/fc.uni.edu.pe\/posgrado\/descargas\/\">Documentos importantes<\/a><\/li>\n<\/ul>\n\n\n\n<p>Unidad de Posgrado<\/p>\n\n\n\n<ul class=\"wp-block-list\">\n<li><a href=\"https:\/\/fc.uni.edu.pe\/posgrado\/directorio-posgrado\/\">Directorio Posgrado<\/a><\/li>\n<\/ul>\n<\/div>\n<\/div>\n\n\n\n<div class=\"wp-block-columns alignwide is-layout-flex wp-container-core-columns-is-layout-829b1d53 wp-block-columns-is-layout-flex\" style=\"margin-bottom:0\">\n<div class=\"wp-block-column has-white-background-color has-text-color has-background has-link-color wp-elements-04b17e7110c617c3b321f8385644b1f9 is-layout-flow wp-block-column-is-layout-flow\" style=\"color:#000000;padding-top:2em;padding-right:2em;padding-bottom:2em;padding-left:2em\"><h2 class=\"wp-block-heading has-black-color has-text-color has-link-color wp-elements-5bbb62aca8f4f02cc39819257b246dc8\" id=\"single\" style=\"font-size:20px\"><strong>Eventos<\/strong> cient\u00edficos<\/h2>\n\n\n<ul class=\"wp-block-latest-posts__list has-link-color bullet-links wp-elements-d1fbb039474d2d6592128aac7caf5d32 wp-block-latest-posts has-text-color has-black-color\"><li><a class=\"wp-block-latest-posts__post-title\" href=\"https:\/\/devcc.site\/en\/2025\/12\/10\/deshidrogenacion-oxidativa-de-etano-odh-de-etano-con-oxidos-metalicos-en-atmosfera-de-co%e2%82%82-hacia-una-economia-circular\/\">Deshidrogenaci\u00f3n oxidativa de etano (ODH) de etano con \u00f3xidos met\u00e1licos en atm\u00f3sfera de CO\u2082: hacia una econom\u00eda circular<\/a><\/li>\n<li><a class=\"wp-block-latest-posts__post-title\" href=\"https:\/\/devcc.site\/en\/2025\/11\/28\/curso-estadistica-aplicada-en-procedimientos-de-quimica-analitica-en-la-industria-2\/\">Curso: Estad\u00edstica aplicada en procedimientos de qu\u00edmica anal\u00edtica en la industria<\/a><\/li>\n<li><a class=\"wp-block-latest-posts__post-title\" href=\"https:\/\/devcc.site\/en\/2025\/11\/05\/modelos-generativos-de-ia-y-sus-aplicaciones\/\">Modelos Generativos de IA y sus Aplicaciones<\/a><\/li>\n<li><a class=\"wp-block-latest-posts__post-title\" href=\"https:\/\/devcc.site\/en\/2025\/10\/15\/nuevas-sorpresas-de-la-mecanica-cuantica-y-los-premios-nobel-2025-de-fisica-y-de-quimica\/\">Nuevas sorpresas de la Mec\u00e1nica Cu\u00e1ntica y los Premios Nobel 2025 de F\u00edsica y de Qu\u00edmica<\/a><\/li>\n<\/ul><\/div>\n<\/div>\n<\/div>\n<\/div>\n","protected":false},"excerpt":{"rendered":"<p>El cronograma de admisi\u00f3n 2024.2 para los programas de maestr\u00eda son: Maestr\u00eda en Ciencias en Matem\u00e1tica AplicadaInscripciones: Del 26 de julio hasta el 16 de agostoExamen de conocimiento y m\u00e9ritos: Del 20 al 22 de agostoMatr\u00edcula: Del 26 al 29 de agostoInicio de clases: 03 setiembre Maestr\u00eda en Ciencias en Qu\u00edmicaInscripciones: Del 26 de julio [&hellip;]<\/p>\n","protected":false},"author":1,"featured_media":0,"parent":98,"menu_order":0,"comment_status":"closed","ping_status":"closed","template":"","meta":{"footnotes":""},"class_list":["post-5862","page","type-page","status-publish","hentry"],"_links":{"self":[{"href":"https:\/\/devcc.site\/en\/wp-json\/wp\/v2\/pages\/5862","targetHints":{"allow":["GET"]}}],"collection":[{"href":"https:\/\/devcc.site\/en\/wp-json\/wp\/v2\/pages"}],"about":[{"href":"https:\/\/devcc.site\/en\/wp-json\/wp\/v2\/types\/page"}],"author":[{"embeddable":true,"href":"https:\/\/devcc.site\/en\/wp-json\/wp\/v2\/users\/1"}],"replies":[{"embeddable":true,"href":"https:\/\/devcc.site\/en\/wp-json\/wp\/v2\/comments?post=5862"}],"version-history":[{"count":9,"href":"https:\/\/devcc.site\/en\/wp-json\/wp\/v2\/pages\/5862\/revisions"}],"predecessor-version":[{"id":7027,"href":"https:\/\/devcc.site\/en\/wp-json\/wp\/v2\/pages\/5862\/revisions\/7027"}],"up":[{"embeddable":true,"href":"https:\/\/devcc.site\/en\/wp-json\/wp\/v2\/pages\/98"}],"wp:attachment":[{"href":"https:\/\/devcc.site\/en\/wp-json\/wp\/v2\/media?parent=5862"}],"curies":[{"name":"wp","href":"https:\/\/api.w.org\/{rel}","templated":true}]}}