{"id":5852,"date":"2024-07-16T21:02:14","date_gmt":"2024-07-17T02:02:14","guid":{"rendered":"https:\/\/fc.uni.edu.pe\/?page_id=5852"},"modified":"2024-12-01T15:34:40","modified_gmt":"2024-12-01T20:34:40","slug":"docentes","status":"publish","type":"page","link":"https:\/\/devcc.site\/en\/estudios-de-grado\/docentes\/","title":{"rendered":"Docentes"},"content":{"rendered":"\n<div class=\"wp-block-columns is-layout-flex wp-container-core-columns-is-layout-9d6595d7 wp-block-columns-is-layout-flex\">\n<div class=\"wp-block-column is-layout-flow wp-block-column-is-layout-flow\" style=\"flex-basis:66.66%\">\n<p>En construcci\u00f3n<\/p>\n\n\n\n<table id=\"posts-table-1\" class=\"posts-data-table\" data-page-length=\"20\" data-paging=\"true\" data-order='[[0, \"asc\"]]' data-click-filter=\"true\" data-scroll-offset=\"15\" cellspacing=\"0\" width=\"100%\"><thead><tr><th data-name=\"title\" data-priority=\"1\" data-width=\"\">Title<\/th><th data-name=\"categories\" data-priority=\"7\" data-width=\"\">Categories<\/th><\/tr><\/thead><tbody><tr><td><a href=\"https:\/\/devcc.site\/en\/2025\/12\/18\/facultad-de-ciencias-apuesta-por-la-formacion-nuclear-y-renueva-su-laboratorio-con-un-moderno-espectrometro-gamma\/\">Facultad de Ciencias apuesta por la formaci\u00f3n en f\u00edsica nuclear y renueva su laboratorio con un moderno espectr\u00f3metro gamma<\/a><\/td><td><a href=\"https:\/\/devcc.site\/en\/category\/principal\/\" rel=\"category tag\">Principal<\/a><\/td><\/tr><tr><td><a href=\"https:\/\/devcc.site\/en\/2025\/12\/10\/deshidrogenacion-oxidativa-de-etano-odh-de-etano-con-oxidos-metalicos-en-atmosfera-de-co%e2%82%82-hacia-una-economia-circular\/\">Deshidrogenaci\u00f3n oxidativa de etano (ODH) de etano con \u00f3xidos met\u00e1licos en atm\u00f3sfera de CO\u2082: hacia una econom\u00eda circular<\/a><\/td><td><a href=\"https:\/\/devcc.site\/en\/category\/eventos\/\" rel=\"category tag\">Eventos<\/a>, <a href=\"https:\/\/devcc.site\/en\/category\/principal\/\" rel=\"category tag\">Principal<\/a><\/td><\/tr><tr><td><a href=\"https:\/\/devcc.site\/en\/2025\/11\/28\/curso-estadistica-aplicada-en-procedimientos-de-quimica-analitica-en-la-industria-2\/\">Curso: Estad\u00edstica aplicada en procedimientos de qu\u00edmica anal\u00edtica en la industria<\/a><\/td><td><a href=\"https:\/\/devcc.site\/en\/category\/destacados\/\" rel=\"category tag\">Destacados<\/a>, <a href=\"https:\/\/devcc.site\/en\/category\/eventos\/\" rel=\"category tag\">Eventos<\/a>, <a href=\"https:\/\/devcc.site\/en\/category\/principal\/\" rel=\"category tag\">Principal<\/a><\/td><\/tr><tr><td><a href=\"https:\/\/devcc.site\/en\/2025\/11\/28\/curso-estadistica-aplicada-en-procedimientos-de-quimica-analitica-en-la-industria\/\">Curso: Estad\u00edstica aplicada en procedimientos de qu\u00edmica anal\u00edtica en la industria<\/a><\/td><td><a href=\"https:\/\/devcc.site\/en\/category\/destacados\/\" rel=\"category tag\">Destacados<\/a>, <a href=\"https:\/\/devcc.site\/en\/category\/principal\/\" rel=\"category tag\">Principal<\/a><\/td><\/tr><tr><td><a href=\"https:\/\/devcc.site\/en\/2025\/11\/24\/conferencia-cientifica-materiales-cuanticos-para-una-electronica-de-bajo-consumo\/\">Conferencia cient\u00edfica: \u201cMateriales cu\u00e1nticos para una electr\u00f3nica de bajo consumo\u201d<\/a><\/td><td><a href=\"https:\/\/devcc.site\/en\/category\/principal\/\" rel=\"category tag\">Principal<\/a><\/td><\/tr><tr><td><a href=\"https:\/\/devcc.site\/en\/2025\/11\/10\/los-andes-tropicales-peruanos-como-region-donde-ocurrio-y-ocurre-la-domesticacion-de-biodiversidad\/\">Conferencia Cient\u00edfica: Los Andes tropicales peruanos, cuna de biodiversidad y domesticaci\u00f3n de especies<\/a><\/td><td><a href=\"https:\/\/devcc.site\/en\/category\/eventos\/conferencias\/\" rel=\"category tag\">Conferencias<\/a>, <a href=\"https:\/\/devcc.site\/en\/category\/principal\/\" rel=\"category tag\">Principal<\/a><\/td><\/tr><tr><td><a href=\"https:\/\/devcc.site\/en\/2025\/11\/05\/modelos-generativos-de-ia-y-sus-aplicaciones\/\">Modelos Generativos de IA y sus Aplicaciones<\/a><\/td><td><a href=\"https:\/\/devcc.site\/en\/category\/eventos\/\" rel=\"category tag\">Eventos<\/a>, <a href=\"https:\/\/devcc.site\/en\/category\/principal\/\" rel=\"category tag\">Principal<\/a><\/td><\/tr><tr><td><a href=\"https:\/\/devcc.site\/en\/2025\/11\/04\/residuos-solidos-organicos-para-el-desarrollo-de-electrodos-para-supercapacitores\/\">Residuos s\u00f3lidos org\u00e1nicos para el desarrollo de electrodos para supercapacitores<\/a><\/td><td><a href=\"https:\/\/devcc.site\/en\/category\/eventos\/conferencias\/\" rel=\"category tag\">Conferencias<\/a>, <a href=\"https:\/\/devcc.site\/en\/category\/principal\/\" rel=\"category tag\">Principal<\/a><\/td><\/tr><tr><td><a href=\"https:\/\/devcc.site\/en\/2025\/10\/22\/programa-de-especializacion-de-sistemas-fotovoltaicos\/\">PROGRAMA DE ESPECIALIZACI\u00d3N DE SISTEMAS FOTOVOLTAICOS<\/a><\/td><td><a href=\"https:\/\/devcc.site\/en\/category\/principal\/\" rel=\"category tag\">Principal<\/a><\/td><\/tr><tr><td><a href=\"https:\/\/devcc.site\/en\/2025\/10\/15\/nuevas-sorpresas-de-la-mecanica-cuantica-y-los-premios-nobel-2025-de-fisica-y-de-quimica\/\">Nuevas sorpresas de la Mec\u00e1nica Cu\u00e1ntica y los Premios Nobel 2025 de F\u00edsica y de Qu\u00edmica<\/a><\/td><td><a href=\"https:\/\/devcc.site\/en\/category\/destacados\/\" rel=\"category tag\">Destacados<\/a>, <a href=\"https:\/\/devcc.site\/en\/category\/eventos\/\" rel=\"category tag\">Eventos<\/a>, <a href=\"https:\/\/devcc.site\/en\/category\/principal\/\" rel=\"category tag\">Principal<\/a><\/td><\/tr><tr><td><a href=\"https:\/\/devcc.site\/en\/2025\/10\/06\/convocatoria-beca-permanencia-2025\/\">Convocatoria Beca Permanencia 2025<\/a><\/td><td><a href=\"https:\/\/devcc.site\/en\/category\/comunidad\/\" rel=\"category tag\">Comunidad<\/a>, <a href=\"https:\/\/devcc.site\/en\/category\/principal\/\" rel=\"category tag\">Principal<\/a><\/td><\/tr><tr><td><a href=\"https:\/\/devcc.site\/en\/2025\/10\/06\/rayos-cosmicos-historia-fenomenologia-y-aplicaciones\/\">Rayos C\u00f3smicos: Historia, Fenomenolog\u00eda y Aplicaciones<\/a><\/td><td><a href=\"https:\/\/devcc.site\/en\/category\/principal\/\" rel=\"category tag\">Principal<\/a><\/td><\/tr><tr><td><a href=\"https:\/\/devcc.site\/en\/2025\/10\/02\/desde-el-inicio-de-la-mecanica-cuantica-hasta-algunas-extensiones-del-modelo-estandar\/\">Desde el inicio de la Mec\u00e1nica Cu\u00e1ntica hasta algunas extensiones del Modelo Est\u00e1ndar<\/a><\/td><td><a href=\"https:\/\/devcc.site\/en\/category\/principal\/\" rel=\"category tag\">Principal<\/a><\/td><\/tr><tr><td><a href=\"https:\/\/devcc.site\/en\/2025\/09\/24\/programa-deespecializacion-de-sistemas-termicos-para-agua-caliente-sanitaria-modulo-basico\/\">PROGRAMA DE ESPECIALIZACI\u00d3N DE SISTEMAS T\u00c9RMICOS PARA AGUA CALIENTE SANITARIA-M\u00d3DULO B\u00c1SICO<\/a><\/td><td><a href=\"https:\/\/devcc.site\/en\/category\/eventos\/\" rel=\"category tag\">Eventos<\/a>, <a href=\"https:\/\/devcc.site\/en\/category\/eventos\/otros\/\" rel=\"category tag\">Otros<\/a>, <a href=\"https:\/\/devcc.site\/en\/category\/general\/\" rel=\"category tag\">General<\/a><\/td><\/tr><tr><td><a href=\"https:\/\/devcc.site\/en\/2025\/09\/24\/nanotecnologia-para-una-agricultura-sustentable\/\">Nanotecnolog\u00eda para una agricultura sustentable<\/a><\/td><td><a href=\"https:\/\/devcc.site\/en\/category\/eventos\/conferencias\/\" rel=\"category tag\">Conferencias<\/a>, <a href=\"https:\/\/devcc.site\/en\/category\/eventos\/\" rel=\"category tag\">Eventos<\/a>, <a href=\"https:\/\/devcc.site\/en\/category\/principal\/\" rel=\"category tag\">Principal<\/a><\/td><\/tr><tr><td><a href=\"https:\/\/devcc.site\/en\/2025\/09\/12\/tecnicas-avanzadas-de-integracion-hibrida-de-tecnologias-alternativas\/\">T\u00e9cnicas avanzadas de integraci\u00f3n h\u00edbrida de Tecnolog\u00edas Alternativas<\/a><\/td><td><a href=\"https:\/\/devcc.site\/en\/category\/principal\/\" rel=\"category tag\">Principal<\/a><\/td><\/tr><tr><td><a href=\"https:\/\/devcc.site\/en\/2025\/09\/03\/orgullo-uni-top-12-mundial-en-icpc-world-finals-2025\/\">Orgullo UNI: Top 12 mundial en el concurso global de programaci\u00f3n ICPC World Finals 2025<\/a><\/td><td><a href=\"https:\/\/devcc.site\/en\/category\/eventos\/ciencia-de-la-computacion\/\" rel=\"category tag\">Ciencia de la Computaci\u00f3n<\/a>, <a href=\"https:\/\/devcc.site\/en\/category\/destacados\/\" rel=\"category tag\">Destacados<\/a>, <a href=\"https:\/\/devcc.site\/en\/category\/eventos\/otros\/\" rel=\"category tag\">Otros<\/a>, <a href=\"https:\/\/devcc.site\/en\/category\/principal\/\" rel=\"category tag\">Principal<\/a><\/td><\/tr><tr><td><a href=\"https:\/\/devcc.site\/en\/2025\/09\/02\/calendario\/\">Calendario<\/a><\/td><td><a href=\"https:\/\/devcc.site\/en\/category\/principal\/\" rel=\"category tag\">Principal<\/a><\/td><\/tr><tr><td><a href=\"https:\/\/devcc.site\/en\/2025\/08\/26\/convocatoria-concurso-docente-2025-2-matematica\/\">CONVOCATORIA CONCURSO DOCENTE &#8211; 2025-2 &#8211; MATEM\u00c1TICA<\/a><\/td><td><a href=\"https:\/\/devcc.site\/en\/category\/destacados\/\" rel=\"category tag\">Destacados<\/a>, <a href=\"https:\/\/devcc.site\/en\/category\/eventos\/otros\/\" rel=\"category tag\">Otros<\/a>, <a href=\"https:\/\/devcc.site\/en\/category\/principal\/\" rel=\"category tag\">Principal<\/a><\/td><\/tr><\/tbody><\/table>\n<\/div>\n\n\n\n<div class=\"wp-block-column is-layout-flow wp-block-column-is-layout-flow\" style=\"flex-basis:33.33%\"><\/div>\n<\/div>\n","protected":false},"excerpt":{"rendered":"<p>En construcci\u00f3n<\/p>\n","protected":false},"author":1,"featured_media":0,"parent":537,"menu_order":0,"comment_status":"closed","ping_status":"closed","template":"","meta":{"footnotes":""},"class_list":["post-5852","page","type-page","status-publish","hentry"],"_links":{"self":[{"href":"https:\/\/devcc.site\/en\/wp-json\/wp\/v2\/pages\/5852","targetHints":{"allow":["GET"]}}],"collection":[{"href":"https:\/\/devcc.site\/en\/wp-json\/wp\/v2\/pages"}],"about":[{"href":"https:\/\/devcc.site\/en\/wp-json\/wp\/v2\/types\/page"}],"author":[{"embeddable":true,"href":"https:\/\/devcc.site\/en\/wp-json\/wp\/v2\/users\/1"}],"replies":[{"embeddable":true,"href":"https:\/\/devcc.site\/en\/wp-json\/wp\/v2\/comments?post=5852"}],"version-history":[{"count":2,"href":"https:\/\/devcc.site\/en\/wp-json\/wp\/v2\/pages\/5852\/revisions"}],"predecessor-version":[{"id":6025,"href":"https:\/\/devcc.site\/en\/wp-json\/wp\/v2\/pages\/5852\/revisions\/6025"}],"up":[{"embeddable":true,"href":"https:\/\/devcc.site\/en\/wp-json\/wp\/v2\/pages\/537"}],"wp:attachment":[{"href":"https:\/\/devcc.site\/en\/wp-json\/wp\/v2\/media?parent=5852"}],"curies":[{"name":"wp","href":"https:\/\/api.w.org\/{rel}","templated":true}]}}