{"id":5580,"date":"2024-06-19T18:52:34","date_gmt":"2024-06-19T23:52:34","guid":{"rendered":"https:\/\/fc.uni.edu.pe\/?page_id=5580"},"modified":"2025-07-18T15:24:17","modified_gmt":"2025-07-18T20:24:17","slug":"unidad-de-investigacion","status":"publish","type":"page","link":"https:\/\/devcc.site\/en\/investigacion\/unidad-de-investigacion\/","title":{"rendered":"Unidad de Investigaci\u00f3n"},"content":{"rendered":"\n<div class=\"wp-block-columns is-layout-flex wp-container-core-columns-is-layout-9d6595d7 wp-block-columns-is-layout-flex\">\n<div class=\"wp-block-column is-layout-flow wp-block-column-is-layout-flow\" style=\"flex-basis:66.66%\">\n<p>Cada Facultad de la Universidad Nacional de Ingenier\u00eda posee una Unidad de Investigaci\u00f3n formada por un director y un Comit\u00e9 Consultivo de Investigaci\u00f3n. El Comit\u00e9 Consultivo est\u00e1 integrado por el director de la Unidad de Investigaci\u00f3n y dos docentes investigadores de la facultad.<\/p>\n\n\n\n<p class=\"has-medium-font-size\"><strong>Funciones<\/strong><\/p>\n\n\n\n<p>La Unidad de Investigaci\u00f3n de la Facultad de Ciencias somete toda propuesta de investigaci\u00f3n al Comit\u00e9 Consultivo de Investigaci\u00f3n a fin de ser aprobado. Es de responsabilidad de la Unidad de Investigaci\u00f3n verificar el cumplimiento de los requisitos formales seg\u00fan los reglamentos vigentes.<\/p>\n\n\n\n<p class=\"has-medium-font-size\"><strong>Procedimiento para los otorgar las subvenciones bajo la modalidad de concursos<\/strong><\/p>\n\n\n\n<p>Todo concurso de proyectos financiado por la Unidad de Investigaci\u00f3n, el Comit\u00e9 Consultivo de Investigaci\u00f3n propone las Bases para ser aprobados en el Consejo de Facultad.<\/p>\n\n\n\n<ul class=\"wp-block-list\">\n<li>En los concursos de proyectos financiados por la Unidad de Investigaci\u00f3n, los concursantes realizan sus postulaciones a trav\u00e9s de la p\u00e1gina web del Vicerrectorado de Investigaci\u00f3n de la UNI (VRI). <\/li>\n\n\n\n<li>El vicerrectorado realiza los procedimientos respectivos con el fin de que cada proyecto presentando sea evaluado por jurados externos a la UNI a fin de determinar el ranking de calificaci\u00f3n de los proyectos presentados. <\/li>\n\n\n\n<li>El VRI env\u00eda a la Unidad de Investigaci\u00f3n de la Facultad de Ciencias los resultados de las evaluaciones. <\/li>\n\n\n\n<li>En base a los resultados proporcionados por el VRI, la Unidad de Investigaci\u00f3n determina los proyectos de investigaci\u00f3n a ser aprobados para su financiaci\u00f3n acorde con las bases del concurso.<\/li>\n<\/ul>\n\n\n\n<p class=\"has-medium-font-size\"><strong>Requisitos para los proyectos financiados<\/strong><\/p>\n\n\n\n<p>Todo proyecto de investigaci\u00f3n cuenta con un Investigador Principal del proyecto quien es responsable de su formulaci\u00f3n, ejecuci\u00f3n, culminaci\u00f3n y manejo econ\u00f3mico. <\/p>\n\n\n\n<ul class=\"wp-block-list\">\n<li>El Investigador Principal tiene la obligaci\u00f3n de supervisar el avance y ejecuci\u00f3n del presupuesto seg\u00fan el cronograma y plan de trabajo. <\/li>\n\n\n\n<li>Al final de la ejecuci\u00f3n del proyecto, el Investigador Principal deber\u00e1 presentar un informe t\u00e9cnico y otro econ\u00f3mico, en donde se incluye los resultados del proyecto, conclusiones y recomendaciones. <\/li>\n\n\n\n<li>El informe econ\u00f3mico deber\u00e1 incluir los recibos y facturas de los gastos realizados. <\/li>\n<\/ul>\n\n\n\n<p>El Investigador Principal es responsable del inventario valorizado de los equipos o instrumentos adquiridos o construidos con fondos asignado al proyecto.<\/p>\n\n\n\n<p class=\"has-medium-font-size\"><strong>Fuentes de financiamiento<\/strong><\/p>\n\n\n\n<p>Todos los proyectos de investigaci\u00f3n son financiados tanto con Recursos Ordinarios y Directamente Recaudados, o donaciones, transferencia u otras fuentes. El monto de la subvenci\u00f3n destinada a los miembros del equipo de investigaci\u00f3n en conjunto, ser\u00e1 establecido seg\u00fan las bases de cada concurso.<\/p>\n\n\n\n<div class=\"wp-block-columns alignwide is-layout-flex wp-container-core-columns-is-layout-829b1d53 wp-block-columns-is-layout-flex\" style=\"margin-bottom:0\">\n<div class=\"wp-block-column has-text-color has-background has-link-color wp-elements-889a7880c8507ed2e872718f29865851 is-layout-flow wp-block-column-is-layout-flow\" style=\"color:#000000;background-color:#fafafa;padding-top:2em;padding-right:2em;padding-bottom:2em;padding-left:2em\">\n<p><strong>Director de la Unidad<\/strong><\/p>\n\n\n\n<p>Dr. Braulio Rafael Pujada Berm\u00fadez<\/p>\n\n\n\n<p>Unidad de Investigaci\u00f3n de la Facultad de Ciencias &#8211; UNI<\/p>\n<\/div>\n<\/div>\n\n\n\n<div style=\"height:40px\" aria-hidden=\"true\" class=\"wp-block-spacer\"><\/div>\n\n\n\n<div class=\"wp-block-media-text is-stacked-on-mobile\" style=\"grid-template-columns:18% auto\"><figure class=\"wp-block-media-text__media\"><img loading=\"lazy\" decoding=\"async\" width=\"700\" height=\"500\" src=\"https:\/\/fc.uni.edu.pe\/wp-content\/uploads\/2021\/05\/imagen-defecto-min.jpg\" alt=\"\" class=\"wp-image-80 size-full\" srcset=\"https:\/\/devcc.site\/wp-content\/uploads\/2021\/05\/imagen-defecto-min.jpg 700w, https:\/\/devcc.site\/wp-content\/uploads\/2021\/05\/imagen-defecto-min-300x214.jpg 300w\" sizes=\"auto, (max-width: 700px) 100vw, 700px\" \/><\/figure><div class=\"wp-block-media-text__content\">\n<hr class=\"wp-block-separator has-alpha-channel-opacity\"\/>\n\n\n\n<p class=\"has-medium-font-size\"><strong>Contacto<\/strong><\/p>\n\n\n\n<p><strong>Alicia Montalv\u00e1n<\/strong><br>Unidad de Investigaci\u00f3n<br><strong>Correo:<\/strong> investigacionfc@uni.edu.pe<br><strong>Tel\u00e9fono: <\/strong>481-1070 anexo 5031<\/p>\n\n\n\n<hr class=\"wp-block-separator has-alpha-channel-opacity\"\/>\n<\/div><\/div>\n\n\n\n<p><\/p>\n<\/div>\n\n\n\n<div class=\"wp-block-column is-layout-flow wp-block-column-is-layout-flow\" style=\"flex-basis:33.33%\">\n<div class=\"wp-block-columns alignwide is-layout-flex wp-container-core-columns-is-layout-829b1d53 wp-block-columns-is-layout-flex\" style=\"margin-bottom:0\">\n<div class=\"wp-block-column has-text-color has-background has-link-color wp-elements-69346aac3c5fc546ac1c2f317215ed74 is-layout-flow wp-block-column-is-layout-flow\" style=\"color:#000000;background-color:#e7e7e7;padding-top:2em;padding-right:2em;padding-bottom:2em;padding-left:2em\">\n<h2 class=\"wp-block-heading\" id=\"single\" style=\"font-size:20px\"><strong>M\u00e1s informaci\u00f3n<\/strong><\/h2>\n\n\n\n<p><a href=\"https:\/\/fc.uni.edu.pe\/investigacion\/\">Investigaci\u00f3n<\/a> <\/p>\n\n\n\n<ul class=\"wp-block-list\">\n<li>Unidad de Investigaci\u00f3n<\/li>\n\n\n\n<li><a href=\"https:\/\/fc.uni.edu.pe\/investigacion\/laboratorios\/\">Laboratorios<\/a><\/li>\n\n\n\n<li><a href=\"https:\/\/fc.uni.edu.pe\/investigacion\/grupos-de-investigacion\/\">Grupos de Investigaci\u00f3n<\/a><\/li>\n\n\n\n<li><a href=\"https:\/\/fc.uni.edu.pe\/revciuni\/\">Revista cient\u00edfica de la Facultad de Ciencias &#8211; UNI<\/a><\/li>\n<\/ul>\n\n\n\n<p>Centros Asociados<\/p>\n\n\n\n<ul class=\"wp-block-list\">\n<li><a href=\"http:\/\/imca.edu.pe\/es\/\" target=\"_blank\" rel=\"noreferrer noopener\">Instituto de Matem\u00e1tica y Ciencias Afines &#8211; IMCA<\/a><\/li>\n\n\n\n<li><a href=\"https:\/\/cemat.uni.edu.pe\/\" target=\"_blank\" rel=\"noreferrer noopener\">Centro para el Desarrollo de Materiales Avanzados y Nanotecnolog\u00eda \u2013 CEMAT <\/a><\/li>\n\n\n\n<li><a href=\"https:\/\/fc.uni.edu.pe\/investigacion\/observatorio-oauni\/\" target=\"_blank\" rel=\"noreferrer noopener\">Observatorio Astron\u00f3mico OAUNI<\/a><\/li>\n<\/ul>\n<\/div>\n<\/div>\n\n\n\n<div class=\"wp-block-columns alignwide is-layout-flex wp-container-core-columns-is-layout-829b1d53 wp-block-columns-is-layout-flex\" style=\"margin-bottom:0\">\n<div class=\"wp-block-column has-white-background-color has-text-color has-background has-link-color wp-elements-04b17e7110c617c3b321f8385644b1f9 is-layout-flow wp-block-column-is-layout-flow\" style=\"color:#000000;padding-top:2em;padding-right:2em;padding-bottom:2em;padding-left:2em\"><h2 class=\"wp-block-heading has-black-color has-text-color has-link-color wp-elements-5bbb62aca8f4f02cc39819257b246dc8\" id=\"single\" style=\"font-size:20px\"><strong>Eventos<\/strong> cient\u00edficos<\/h2>\n\n\n<ul class=\"wp-block-latest-posts__list has-link-color bullet-links wp-elements-d1fbb039474d2d6592128aac7caf5d32 wp-block-latest-posts has-text-color has-black-color\"><li><a class=\"wp-block-latest-posts__post-title\" href=\"https:\/\/devcc.site\/en\/2025\/12\/10\/deshidrogenacion-oxidativa-de-etano-odh-de-etano-con-oxidos-metalicos-en-atmosfera-de-co%e2%82%82-hacia-una-economia-circular\/\">Deshidrogenaci\u00f3n oxidativa de etano (ODH) de etano con \u00f3xidos met\u00e1licos en atm\u00f3sfera de CO\u2082: hacia una econom\u00eda circular<\/a><\/li>\n<li><a class=\"wp-block-latest-posts__post-title\" href=\"https:\/\/devcc.site\/en\/2025\/11\/28\/curso-estadistica-aplicada-en-procedimientos-de-quimica-analitica-en-la-industria-2\/\">Curso: Estad\u00edstica aplicada en procedimientos de qu\u00edmica anal\u00edtica en la industria<\/a><\/li>\n<li><a class=\"wp-block-latest-posts__post-title\" href=\"https:\/\/devcc.site\/en\/2025\/11\/05\/modelos-generativos-de-ia-y-sus-aplicaciones\/\">Modelos Generativos de IA y sus Aplicaciones<\/a><\/li>\n<li><a class=\"wp-block-latest-posts__post-title\" href=\"https:\/\/devcc.site\/en\/2025\/10\/15\/nuevas-sorpresas-de-la-mecanica-cuantica-y-los-premios-nobel-2025-de-fisica-y-de-quimica\/\">Nuevas sorpresas de la Mec\u00e1nica Cu\u00e1ntica y los Premios Nobel 2025 de F\u00edsica y de Qu\u00edmica<\/a><\/li>\n<\/ul><\/div>\n<\/div>\n<\/div>\n<\/div>\n","protected":false},"excerpt":{"rendered":"<p>Cada Facultad de la Universidad Nacional de Ingenier\u00eda posee una Unidad de Investigaci\u00f3n formada por un director y un Comit\u00e9 Consultivo de Investigaci\u00f3n. El Comit\u00e9 Consultivo est\u00e1 integrado por el director de la Unidad de Investigaci\u00f3n y dos docentes investigadores de la facultad. Funciones La Unidad de Investigaci\u00f3n de la Facultad de Ciencias somete toda [&hellip;]<\/p>\n","protected":false},"author":1,"featured_media":0,"parent":488,"menu_order":0,"comment_status":"closed","ping_status":"closed","template":"","meta":{"footnotes":""},"class_list":["post-5580","page","type-page","status-publish","hentry"],"_links":{"self":[{"href":"https:\/\/devcc.site\/en\/wp-json\/wp\/v2\/pages\/5580","targetHints":{"allow":["GET"]}}],"collection":[{"href":"https:\/\/devcc.site\/en\/wp-json\/wp\/v2\/pages"}],"about":[{"href":"https:\/\/devcc.site\/en\/wp-json\/wp\/v2\/types\/page"}],"author":[{"embeddable":true,"href":"https:\/\/devcc.site\/en\/wp-json\/wp\/v2\/users\/1"}],"replies":[{"embeddable":true,"href":"https:\/\/devcc.site\/en\/wp-json\/wp\/v2\/comments?post=5580"}],"version-history":[{"count":10,"href":"https:\/\/devcc.site\/en\/wp-json\/wp\/v2\/pages\/5580\/revisions"}],"predecessor-version":[{"id":7297,"href":"https:\/\/devcc.site\/en\/wp-json\/wp\/v2\/pages\/5580\/revisions\/7297"}],"up":[{"embeddable":true,"href":"https:\/\/devcc.site\/en\/wp-json\/wp\/v2\/pages\/488"}],"wp:attachment":[{"href":"https:\/\/devcc.site\/en\/wp-json\/wp\/v2\/media?parent=5580"}],"curies":[{"name":"wp","href":"https:\/\/api.w.org\/{rel}","templated":true}]}}