{"id":552,"date":"2021-05-23T20:53:24","date_gmt":"2021-05-24T01:53:24","guid":{"rendered":"http:\/\/localhost\/fcuni\/?page_id=552"},"modified":"2024-09-05T19:23:08","modified_gmt":"2024-09-06T00:23:08","slug":"quimica","status":"publish","type":"page","link":"https:\/\/devcc.site\/en\/pregrado\/quimica\/","title":{"rendered":"Chemistry"},"content":{"rendered":"<div class=\"wp-block-group\"><div class=\"wp-block-group__inner-container is-layout-constrained wp-block-group-is-layout-constrained\">\n<p class=\"has-background\" style=\"background-color:#dddddd\">We are currently working on update this information. For the moment, this section will be displayed  in spanish. <\/p>\n<\/div><\/div>\n\n\n<div class=\"wp-block-columns is-layout-flex wp-container-core-columns-is-layout-9d6595d7 wp-block-columns-is-layout-flex\">\n<div class=\"wp-block-column is-layout-flow wp-block-column-is-layout-flow\" style=\"flex-basis:66.66%\">\n<p>Formar profesionales con una s\u00f3lida formaci\u00f3n cient\u00edfica y visi\u00f3n cr\u00edtica para abordar problemas tecnol\u00f3gicos relacionados con la s\u00edntesis de nuevos productos qu\u00edmicos, las t\u00e9cnicas de caracterizaci\u00f3n y el an\u00e1lisis qu\u00edmico, la evaluaci\u00f3n y an\u00e1lisis de los efluentes industriales, detecci\u00f3n de contaminantes, entre otros. Los conocimientos del egresado en qu\u00edmica se basan en las siguientes disciplinas troncales: Qu\u00edmica Anal\u00edtica e Instrumentaci\u00f3n, Qu\u00edmica Org\u00e1nica, Qu\u00edmica Inorg\u00e1nica, Fisicoqu\u00edmica y su interacci\u00f3n con otras disciplinas, tales como, la ciencia de los materiales, ciencias del medio ambiente, etc.<\/p>\n\n\n\n<h2 class=\"wp-block-heading\">Perfil del Egresado<\/h2>\n\n\n\n<ul class=\"wp-block-list\">\n<li>Organiza y dirige laboratorios de an\u00e1lisis qu\u00edmico, control de calidad, Investigaci\u00f3n y desarrollo.<\/li>\n\n\n\n<li>Analiza y propone nuevos procedimientos para la s\u00edntesis de productos qu\u00edmicos.<\/li>\n\n\n\n<li>Eval\u00faa el impacto ambiental relacionado al uso y disposici\u00f3n de reactivos qu\u00edmicos proponiendo t\u00e9cnicas apropiadas para su mitigaci\u00f3n.<\/li>\n<\/ul>\n\n\n\n<h2 class=\"wp-block-heading\">Plana Docente<\/h2>\n\n\n\n<ul class=\"planadocente wp-block-list\">\n<li>Aguilar Vitorino, H\u00e9ctor<\/li>\n\n\n\n<li>Alarcon Cavero, Hugo Arturo<\/li>\n\n\n\n<li>Baena Moncada, Angelica Maria<\/li>\n\n\n\n<li>Beretta Enciso, Jos\u00e9 Gonzalo<\/li>\n\n\n\n<li>Carlos Salazar, Max Jorge<\/li>\n\n\n\n<li>Carpio Deza, Edward Arsenio<\/li>\n\n\n\n<li>Carvajal Carranza, Guy<\/li>\n\n\n\n<li>Cconislla Bello, Jos\u00e9 Luis<\/li>\n\n\n\n<li>Condor Cuyubamba, Elena Alicia<\/li>\n\n\n\n<li>Corzo Lucioni, Alberto<\/li>\n\n\n\n<li>Dami\u00e1n Briones, Maria Ang\u00e9lica<\/li>\n\n\n\n<li>Davila Ingaruca, Marcelino Eusebio<\/li>\n\n\n\n<li>Durand Aguilar, Koral\u00ed Carolina<\/li>\n\n\n\n<li>Fern\u00e1ndez Aguirre, Maribel G.<\/li>\n\n\n\n<li>Flores Garc\u00e9s, Jos\u00e9 Augusto<\/li>\n\n\n\n<li>Garcia Avelino, Pilar Amalia<\/li>\n\n\n\n<li>Gontaruk Collque, Hugo Cristhian<\/li>\n\n\n\n<li>Jacinto Hernandez, Christian Ronald<\/li>\n\n\n\n<li>La Rosa Toro Gomez, Adolfo<\/li>\n\n\n\n<li>L\u00f3pez Cisneros, Rosario Cristina<\/li>\n\n\n\n<li>L\u00f3pez Pino, Patricia<\/li>\n\n\n\n<li>Maza Mejia, Ily Marilu<\/li>\n\n\n\n<li>Morales Gomero, Juan Carlos<\/li>\n\n\n\n<li>Muedas Taipe, Golfer<\/li>\n\n\n\n<li>Pastrana Alta, Roxana Yesenia<\/li>\n\n\n\n<li>Picasso Escobar, Gino Italo<\/li>\n\n\n\n<li>Quiroz Aguinaga, Ulises<\/li>\n\n\n\n<li>Reyna Pinedo, Victor<\/li>\n\n\n\n<li>Ruiz Montoya, Jos\u00e9 Gabriel<\/li>\n\n\n\n<li>Sayan Rivera, Rosa Mar\u00eda<\/li>\n\n\n\n<li>Torpoco Carmen, Virginia<\/li>\n\n\n\n<li>Valderrama Negr\u00f3n, Ana Cecilia<\/li>\n<\/ul>\n<\/div>\n\n\n\n<div class=\"wp-block-column has-white-background-color has-text-color has-background has-link-color wp-elements-594f40759dd88d09c11dac8539f1d84a is-layout-flow wp-block-column-is-layout-flow\" style=\"color:#000000;padding-top:2em;padding-right:2em;padding-bottom:2em;padding-left:2em\">\n<h2 class=\"wp-block-heading\" id=\"single\" style=\"font-size:20px\"><strong>More<\/strong><\/h2>\n\n\n<\/div>\n<\/div>\n","protected":false},"excerpt":{"rendered":"<p>Formar profesionales con una s\u00f3lida formaci\u00f3n cient\u00edfica y visi\u00f3n cr\u00edtica para abordar problemas tecnol\u00f3gicos relacionados con la s\u00edntesis de nuevos productos qu\u00edmicos, las t\u00e9cnicas de caracterizaci\u00f3n y el an\u00e1lisis qu\u00edmico, la evaluaci\u00f3n y an\u00e1lisis de los efluentes industriales, detecci\u00f3n de contaminantes, entre otros. Los conocimientos del egresado en qu\u00edmica se basan en las siguientes disciplinas [&hellip;]<\/p>\n","protected":false},"author":1,"featured_media":0,"parent":4251,"menu_order":0,"comment_status":"closed","ping_status":"closed","template":"","meta":{"footnotes":""},"class_list":["post-552","page","type-page","status-publish","hentry"],"_links":{"self":[{"href":"https:\/\/devcc.site\/en\/wp-json\/wp\/v2\/pages\/552","targetHints":{"allow":["GET"]}}],"collection":[{"href":"https:\/\/devcc.site\/en\/wp-json\/wp\/v2\/pages"}],"about":[{"href":"https:\/\/devcc.site\/en\/wp-json\/wp\/v2\/types\/page"}],"author":[{"embeddable":true,"href":"https:\/\/devcc.site\/en\/wp-json\/wp\/v2\/users\/1"}],"replies":[{"embeddable":true,"href":"https:\/\/devcc.site\/en\/wp-json\/wp\/v2\/comments?post=552"}],"version-history":[{"count":94,"href":"https:\/\/devcc.site\/en\/wp-json\/wp\/v2\/pages\/552\/revisions"}],"predecessor-version":[{"id":6149,"href":"https:\/\/devcc.site\/en\/wp-json\/wp\/v2\/pages\/552\/revisions\/6149"}],"up":[{"embeddable":true,"href":"https:\/\/devcc.site\/en\/wp-json\/wp\/v2\/pages\/4251"}],"wp:attachment":[{"href":"https:\/\/devcc.site\/en\/wp-json\/wp\/v2\/media?parent=552"}],"curies":[{"name":"wp","href":"https:\/\/api.w.org\/{rel}","templated":true}]}}