{"id":550,"date":"2021-05-23T20:52:50","date_gmt":"2021-05-24T01:52:50","guid":{"rendered":"http:\/\/localhost\/fcuni\/?page_id=550"},"modified":"2024-11-04T14:29:03","modified_gmt":"2024-11-04T19:29:03","slug":"ingenieria-fisica","status":"publish","type":"page","link":"https:\/\/devcc.site\/en\/pregrado\/ingenieria-fisica\/","title":{"rendered":"Engineering Physics"},"content":{"rendered":"<div class=\"wp-block-group\"><div class=\"wp-block-group__inner-container is-layout-constrained wp-block-group-is-layout-constrained\">\n<p class=\"has-background\" style=\"background-color:#dddddd\">We are currently working on update this information. For the moment, this section will be displayed  in spanish. <\/p>\n<\/div><\/div>\n\n\n<div class=\"wp-block-columns is-layout-flex wp-container-core-columns-is-layout-9d6595d7 wp-block-columns-is-layout-flex\">\n<div class=\"wp-block-column is-layout-flow wp-block-column-is-layout-flow\" style=\"flex-basis:66.66%\">\n<p>Formar profesionales con capacidad para aplicar las ciencias b\u00e1sicas en la soluci\u00f3n de problemas tecnol\u00f3gicos. Las competencias del Ingeniero F\u00edsico se sustentan en una s\u00f3lida formaci\u00f3n en F\u00edsica Experimental y una visi\u00f3n integradora de la Qu\u00edmica, la F\u00edsica y la Matem\u00e1tica que le permita abordar con solvencia las aplicaciones tecnol\u00f3gicas modernas. Los campos de su competencia se orientan al uso y manejo de instrumentos de alta tecnolog\u00eda, la energ\u00eda no convencional, la F\u00edsica M\u00e9dica y la Ciencia de los Materiales.<\/p>\n\n\n\n<h2 class=\"wp-block-heading\">Perfil del Egresado<\/h2>\n\n\n\n<ul class=\"wp-block-list\">\n<li>Plantea soluciones a problemas tecnol\u00f3gicos proponiendo proyectos que tomen en cuenta todos los aspectos necesarios para lograr los objetivos.<\/li>\n\n\n\n<li>Integra sus conocimientos en Ciencias F\u00edsicas y Ciencias de la Ingenier\u00eda como \u201csoporte\u201d para la soluci\u00f3n de problemas tecnol\u00f3gicos en el ejercicio de su profesi\u00f3n, los que le brinda una base para su permanente actualizaci\u00f3n<\/li>\n\n\n\n<li>Emplea software profesional y especializado, as\u00ed como instrumentos basados en tecnolog\u00edas modernas<\/li>\n\n\n\n<li>Contribuye al planteamiento del diagn\u00f3stico integral de una situaci\u00f3n, en forma objetiva y cr\u00edtica, integr\u00e1ndose a un equipo multidisciplinario<\/li>\n<\/ul>\n\n\n\n<h2 class=\"wp-block-heading\">Plana Docente<\/h2>\n\n\n\n<ul class=\"planadocente wp-block-list\">\n<li>Castillo Oca\u00f1a, Guido Juvenal<\/li>\n\n\n\n<li>Comina Bellido, German Yuri<\/li>\n\n\n\n<li>Estrada Lopez, Walter Francisco<\/li>\n\n\n\n<li>Gutarra Espinoza, Abel Aurelio<\/li>\n\n\n\n<li>Laura Ccahuana, Damaso<\/li>\n\n\n\n<li>Luyo Caycho, Clemente Alfredo<\/li>\n\n\n\n<li>Montoya Zavaleta, Modesto Edilberto<\/li>\n\n\n\n<li>Paucarchuco Muzurrieta, Carlos Ra\u00fal<\/li>\n\n\n\n<li>Perez Collantes, Rafael Diego<\/li>\n\n\n\n<li>Rodr\u00edguez Rodr\u00edguez, Juan Mart\u00edn<\/li>\n\n\n\n<li>Solano Salinas, Carlos Javier<\/li>\n\n\n\n<li>Solis veliz, Jos\u00e9 Luis<\/li>\n\n\n\n<li>Ccanre Salazar, Policarpio<\/li>\n\n\n\n<li>D\u00edaz Rosado, Jos\u00e9 Carlos<\/li>\n\n\n\n<li>G\u00f3mez Le\u00f3n, M\u00f3nica<\/li>\n\n\n\n<li>Huaman\u00ed Huaranja, Daniel<\/li>\n\n\n\n<li>Huanca Loza, Henry Ren\u00e9<\/li>\n\n\n\n<li>Quintana C\u00e1ceda, Mar\u00eda Esther<\/li>\n\n\n\n<li>Rojas Estela, Oswaldo<\/li>\n\n\n\n<li>S\u00e1nchez Rodas, Luis Alberto<\/li>\n<\/ul>\n<\/div>\n\n\n\n<div class=\"wp-block-column has-white-background-color has-text-color has-background has-link-color wp-elements-ebb4a0423627690f0125d77cae024064 is-layout-flow wp-block-column-is-layout-flow\" style=\"color:#000000;padding-top:2em;padding-right:2em;padding-bottom:2em;padding-left:2em\">\n<h2 class=\"wp-block-heading\" id=\"single\" style=\"font-size:20px\"><strong>M\u00e1s informaci\u00f3n<\/strong><\/h2>\n\n\n<\/div>\n<\/div>\n","protected":false},"excerpt":{"rendered":"<p>Formar profesionales con capacidad para aplicar las ciencias b\u00e1sicas en la soluci\u00f3n de problemas tecnol\u00f3gicos. Las competencias del Ingeniero F\u00edsico se sustentan en una s\u00f3lida formaci\u00f3n en F\u00edsica Experimental y una visi\u00f3n integradora de la Qu\u00edmica, la F\u00edsica y la Matem\u00e1tica que le permita abordar con solvencia las aplicaciones tecnol\u00f3gicas modernas. Los campos de su [&hellip;]<\/p>\n","protected":false},"author":1,"featured_media":0,"parent":4251,"menu_order":0,"comment_status":"closed","ping_status":"closed","template":"","meta":{"footnotes":""},"class_list":["post-550","page","type-page","status-publish","hentry"],"_links":{"self":[{"href":"https:\/\/devcc.site\/en\/wp-json\/wp\/v2\/pages\/550","targetHints":{"allow":["GET"]}}],"collection":[{"href":"https:\/\/devcc.site\/en\/wp-json\/wp\/v2\/pages"}],"about":[{"href":"https:\/\/devcc.site\/en\/wp-json\/wp\/v2\/types\/page"}],"author":[{"embeddable":true,"href":"https:\/\/devcc.site\/en\/wp-json\/wp\/v2\/users\/1"}],"replies":[{"embeddable":true,"href":"https:\/\/devcc.site\/en\/wp-json\/wp\/v2\/comments?post=550"}],"version-history":[{"count":30,"href":"https:\/\/devcc.site\/en\/wp-json\/wp\/v2\/pages\/550\/revisions"}],"predecessor-version":[{"id":6476,"href":"https:\/\/devcc.site\/en\/wp-json\/wp\/v2\/pages\/550\/revisions\/6476"}],"up":[{"embeddable":true,"href":"https:\/\/devcc.site\/en\/wp-json\/wp\/v2\/pages\/4251"}],"wp:attachment":[{"href":"https:\/\/devcc.site\/en\/wp-json\/wp\/v2\/media?parent=550"}],"curies":[{"name":"wp","href":"https:\/\/api.w.org\/{rel}","templated":true}]}}