{"id":5347,"date":"2024-06-10T15:34:40","date_gmt":"2024-06-10T20:34:40","guid":{"rendered":"https:\/\/fc.uni.edu.pe\/?page_id=5347"},"modified":"2024-10-09T13:22:45","modified_gmt":"2024-10-09T18:22:45","slug":"empleabilidad","status":"publish","type":"page","link":"https:\/\/devcc.site\/en\/estudios-de-grado\/empleabilidad\/","title":{"rendered":"Empleabilidad y seguimiento al graduado"},"content":{"rendered":"\n<div class=\"wp-block-columns is-layout-flex wp-container-core-columns-is-layout-9d6595d7 wp-block-columns-is-layout-flex\">\n<div class=\"wp-block-column is-layout-flow wp-block-column-is-layout-flow\" style=\"flex-basis:66.66%\">\n<p>Las actividades de empleabilidad y seguimiento al graduado son de vital importancia para la Facultad de Ciencias. Como una instituci\u00f3n comprometida con el desarrollo de la ciencia y la tecnolog\u00eda en un mundo cada vez m\u00e1s competitivo, es fundamental asegurar que nuestros estudiantes y egresados est\u00e9n bien preparados para enfrentar los desaf\u00edos de la academia e industria nacional e internacional.<\/p>\n\n\n\n<p>Para ese fin, la Facultad de Ciencias ha iniciado el proyecto para mejorar la empleabilidad y segumiento al graduado, que tiene como objetivo fortalecer las capacidades y opciones de empleo de los estudiantes de pregrado de la Facultad de Ciencias de la Universidad Nacional de Ingenier\u00eda.<\/p>\n\n\n\n<p>Este proyecto, dependiente del decanato de la facultad y en coordinaci\u00f3n con la Oficina de Grados y T\u00edtulos, buscar\u00e1 desarrollar alianzas, colaboraciones y convenios con asociaciones civiles, empresas, startups, centros de investigaci\u00f3n nacionales y extranjeros, para facilitar la inserci\u00f3n de nuestros egresados en el campo laboral de la econom\u00eda del conocimiento, tanto a nivel local como mundial.<\/p>\n\n\n\n<p class=\"has-medium-font-size\"><strong>Ejes de acci\u00f3n<\/strong><\/p>\n\n\n\n<ul class=\"wp-block-list\">\n<li>Modernizaci\u00f3n institucional en el \u00e1rea de seguimiento la graduado<\/li>\n\n\n\n<li>Alianzas con instituciones nacionales e internacionales <\/li>\n\n\n\n<li>Desarrollo de capacidades de empleabilidad de nuestros estudiantiles<\/li>\n<\/ul>\n\n\n\n<p class=\"has-medium-font-size\"><strong>Resultados esperados<\/strong><\/p>\n\n\n\n<p>Al finalizar el proyecto se tendr\u00e1 un primer diagn\u00f3stico de la empleabilidad del egresado FC-UNI, un plan para el fortalecimiento de la Bolsa Laboral FC-UNI, y un primer mapeo de nuestros egresados en el mundo.<\/p>\n\n\n\n<p>En esta secci\u00f3n se ir\u00e1 actualizando con informaci\u00f3n adicional las actividades programadas. Aseg\u00farese de visitarla regularmente para mantenerse al tanto de las \u00faltimas novedades y oportunidades.<\/p>\n\n\n\n<p class=\"has-medium-font-size\"><strong>Contacto<\/strong><\/p>\n\n\n\n<div class=\"wp-block-columns alignwide is-layout-flex wp-container-core-columns-is-layout-829b1d53 wp-block-columns-is-layout-flex\" style=\"margin-bottom:0\">\n<div class=\"wp-block-column has-white-background-color has-text-color has-background has-link-color wp-elements-268415c0d7ba59605342f69186ea5798 is-layout-flow wp-block-column-is-layout-flow\" style=\"color:#000000;padding-top:2em;padding-right:2em;padding-bottom:2em;padding-left:2em\">\n<p class=\"has-medium-font-size\"><strong>Oficina de Grados y T\u00edtulos<\/strong><\/p>\n\n\n\n<p style=\"font-size:16px\"><strong>Dr. Charlie Oncebay, Jefe (e)<\/strong><br>Jefe de la Oficina de Grados y T\u00edtulos<\/p>\n\n\n\n<p style=\"font-size:16px\"><strong>Correo:<\/strong>&nbsp;concebay@uni.edu.pe<\/p>\n<\/div>\n\n\n\n<div class=\"wp-block-column has-white-background-color has-text-color has-background has-link-color wp-elements-d214734abdd5b3413726c4505e283cbf is-layout-flow wp-block-column-is-layout-flow\" style=\"color:#000000;padding-top:2em;padding-right:2em;padding-bottom:2em;padding-left:2em\">\n<p class=\"has-medium-font-size\"><strong>Coordinaci\u00f3n del proyecto<\/strong><\/p>\n\n\n\n<p style=\"font-size:16px\"><strong>Gerald Salazar<\/strong><br>Proyectos FC-UNI<\/p>\n\n\n\n<p style=\"font-size:16px\"><strong>Correo: <\/strong>gsalazarq@uni.edu.pe <\/p>\n<\/div>\n<\/div>\n<\/div>\n\n\n\n<div class=\"wp-block-column is-layout-flow wp-block-column-is-layout-flow\" style=\"flex-basis:33.33%\">\n<div class=\"wp-block-columns alignwide is-layout-flex wp-container-core-columns-is-layout-829b1d53 wp-block-columns-is-layout-flex\" style=\"margin-bottom:0\">\n<div class=\"wp-block-column has-text-color has-background has-link-color wp-elements-e93fc7f0d615c4ff6e0a468a0971dfec is-layout-flow wp-block-column-is-layout-flow\" style=\"color:#000000;background-color:#e7e7e7;padding-top:2em;padding-right:2em;padding-bottom:2em;padding-left:2em\">\n<h2 class=\"wp-block-heading\" id=\"single\" style=\"font-size:20px\"><strong>M\u00e1s informaci\u00f3n<\/strong><\/h2>\n\n\n\n<p><a href=\"https:\/\/fc.uni.edu.pe\/estudios-de-grado\/\">Estudiantes de grado<\/a><\/p>\n\n\n\n<ul class=\"wp-block-list\">\n<li><a href=\"https:\/\/fc.uni.edu.pe\/estudios-de-grado\/calendario-academico\/\">Calendario acad\u00e9mico<\/a><\/li>\n\n\n\n<li><a href=\"https:\/\/fc.uni.edu.pe\/estudios-de-grado\/biblioteca\/\">Biblioteca<\/a> <\/li>\n\n\n\n<li><a href=\"https:\/\/fc.uni.edu.pe\/estudios-de-grado\/grados-y-titulos\/\">Grados y T\u00edtulos<\/a><\/li>\n\n\n\n<li><a href=\"https:\/\/fc.uni.edu.pe\/estadistica\/documentos\/\">Matr\u00edcula y Procedimientos<\/a><\/li>\n\n\n\n<li>Seguimiento al graduado<\/li>\n\n\n\n<li><a href=\"https:\/\/fc.uni.edu.pe\/pregrado\/creditos\/\">Cr\u00e9ditos Extracurriculares<\/a><\/li>\n<\/ul>\n\n\n\n<p><a href=\"https:\/\/fc.uni.edu.pe\/pregrado\/\">Carreras de Pregrado<\/a><\/p>\n\n\n\n<ul class=\"wp-block-list\">\n<li><a href=\"https:\/\/fc.uni.edu.pe\/pregrado\/fisica\/\">F\u00edsica<\/a><\/li>\n\n\n\n<li><a href=\"https:\/\/fc.uni.edu.pe\/pregrado\/matematica\/\">Matem\u00e1tica<\/a><\/li>\n\n\n\n<li><a href=\"https:\/\/fc.uni.edu.pe\/pregrado\/quimica\/\">Qu\u00edmica<\/a><\/li>\n\n\n\n<li><a href=\"https:\/\/fc.uni.edu.pe\/pregrado\/ingenieria-fisica\/\">Ingenier\u00eda F\u00edsica<\/a><\/li>\n\n\n\n<li><a href=\"https:\/\/fc.uni.edu.pe\/pregrado\/ciencia-de-la-computacion\/\">Ciencia de la Computaci\u00f3n<\/a><\/li>\n<\/ul>\n\n\n\n<p><a href=\"https:\/\/fc.uni.edu.pe\/estudios-de-grado\/asociaciones-estudiantiles\/\">Asociaciones estudiantiles<\/a><\/p>\n\n\n\n<ul class=\"wp-block-list\">\n<li><a href=\"https:\/\/fc.uni.edu.pe\/estudios-de-grado\/asociaciones-estudiantiles\/cec-uni\/\">Centro de Estudiantes \u2013 CEC<\/a><\/li>\n\n\n\n<li><a href=\"https:\/\/fc.uni.edu.pe\/estudios-de-grado\/asociaciones-estudiantiles\/astronomia\/\">Asociaci\u00f3n Estudiantil Astronom\u00eda \u2013 GA<\/a><\/li>\n\n\n\n<li><a href=\"https:\/\/fc.uni.edu.pe\/estudios-de-grado\/asociaciones-estudiantiles\/fisica-recreativa\/\">Asociaci\u00f3n Estudiantil de F\u00edsica Recreativa<\/a><\/li>\n\n\n\n<li><a href=\"https:\/\/fc.uni.edu.pe\/estudios-de-grado\/asociaciones-estudiantiles\/aedici\/\">Asociaci\u00f3n Estudiantil de Divulgaci\u00f3n Cient\u00edfica \u2013 AEDICI<\/a><\/li>\n\n\n\n<li><a href=\"https:\/\/fc.uni.edu.pe\/estudios-de-grado\/asociaciones-estudiantiles\/greic\/\">Asociaci\u00f3n Estudiantil de Instrumentaci\u00f3n Cient\u00edfica \u2013 GREIC<\/a><\/li>\n\n\n\n<li><a href=\"https:\/\/fc.uni.edu.pe\/estudios-de-grado\/asociaciones-estudiantiles\/acecom\/\">Asociaci\u00f3n Cient\u00edfica Especializada en Computaci\u00f3n \u2013 ACECOM<\/a><\/li>\n\n\n\n<li><a href=\"https:\/\/fc.uni.edu.pe\/estudios-de-grado\/asociaciones-estudiantiles\/geft\/\">Grupo Estudiantil de F\u00edsica Te\u00f3rica<\/a><\/li>\n\n\n\n<li><a href=\"https:\/\/fc.uni.edu.pe\/estudios-de-grado\/asociaciones-estudiantiles\/gem\/\">Grupo Estudiantil de Matem\u00e1tica<\/a><\/li>\n<\/ul>\n<\/div>\n<\/div>\n\n\n\n<div class=\"wp-block-columns alignwide is-layout-flex wp-container-core-columns-is-layout-829b1d53 wp-block-columns-is-layout-flex\" style=\"margin-bottom:0\">\n<div class=\"wp-block-column has-white-background-color has-text-color has-background has-link-color wp-elements-04b17e7110c617c3b321f8385644b1f9 is-layout-flow wp-block-column-is-layout-flow\" style=\"color:#000000;padding-top:2em;padding-right:2em;padding-bottom:2em;padding-left:2em\"><h2 class=\"wp-block-heading has-black-color has-text-color has-link-color wp-elements-5bbb62aca8f4f02cc39819257b246dc8\" id=\"single\" style=\"font-size:20px\"><strong>Eventos<\/strong> cient\u00edficos<\/h2>\n\n\n<ul class=\"wp-block-latest-posts__list has-link-color bullet-links wp-elements-d1fbb039474d2d6592128aac7caf5d32 wp-block-latest-posts has-text-color has-black-color\"><li><a class=\"wp-block-latest-posts__post-title\" href=\"https:\/\/devcc.site\/en\/2025\/12\/10\/deshidrogenacion-oxidativa-de-etano-odh-de-etano-con-oxidos-metalicos-en-atmosfera-de-co%e2%82%82-hacia-una-economia-circular\/\">Deshidrogenaci\u00f3n oxidativa de etano (ODH) de etano con \u00f3xidos met\u00e1licos en atm\u00f3sfera de CO\u2082: hacia una econom\u00eda circular<\/a><\/li>\n<li><a class=\"wp-block-latest-posts__post-title\" href=\"https:\/\/devcc.site\/en\/2025\/11\/28\/curso-estadistica-aplicada-en-procedimientos-de-quimica-analitica-en-la-industria-2\/\">Curso: Estad\u00edstica aplicada en procedimientos de qu\u00edmica anal\u00edtica en la industria<\/a><\/li>\n<li><a class=\"wp-block-latest-posts__post-title\" href=\"https:\/\/devcc.site\/en\/2025\/11\/05\/modelos-generativos-de-ia-y-sus-aplicaciones\/\">Modelos Generativos de IA y sus Aplicaciones<\/a><\/li>\n<li><a class=\"wp-block-latest-posts__post-title\" href=\"https:\/\/devcc.site\/en\/2025\/10\/15\/nuevas-sorpresas-de-la-mecanica-cuantica-y-los-premios-nobel-2025-de-fisica-y-de-quimica\/\">Nuevas sorpresas de la Mec\u00e1nica Cu\u00e1ntica y los Premios Nobel 2025 de F\u00edsica y de Qu\u00edmica<\/a><\/li>\n<\/ul><\/div>\n<\/div>\n<\/div>\n<\/div>\n","protected":false},"excerpt":{"rendered":"<p>Las actividades de empleabilidad y seguimiento al graduado son de vital importancia para la Facultad de Ciencias. Como una instituci\u00f3n comprometida con el desarrollo de la ciencia y la tecnolog\u00eda en un mundo cada vez m\u00e1s competitivo, es fundamental asegurar que nuestros estudiantes y egresados est\u00e9n bien preparados para enfrentar los desaf\u00edos de la academia [&hellip;]<\/p>\n","protected":false},"author":1,"featured_media":0,"parent":537,"menu_order":0,"comment_status":"closed","ping_status":"closed","template":"","meta":{"footnotes":""},"class_list":["post-5347","page","type-page","status-publish","hentry"],"_links":{"self":[{"href":"https:\/\/devcc.site\/en\/wp-json\/wp\/v2\/pages\/5347","targetHints":{"allow":["GET"]}}],"collection":[{"href":"https:\/\/devcc.site\/en\/wp-json\/wp\/v2\/pages"}],"about":[{"href":"https:\/\/devcc.site\/en\/wp-json\/wp\/v2\/types\/page"}],"author":[{"embeddable":true,"href":"https:\/\/devcc.site\/en\/wp-json\/wp\/v2\/users\/1"}],"replies":[{"embeddable":true,"href":"https:\/\/devcc.site\/en\/wp-json\/wp\/v2\/comments?post=5347"}],"version-history":[{"count":22,"href":"https:\/\/devcc.site\/en\/wp-json\/wp\/v2\/pages\/5347\/revisions"}],"predecessor-version":[{"id":6330,"href":"https:\/\/devcc.site\/en\/wp-json\/wp\/v2\/pages\/5347\/revisions\/6330"}],"up":[{"embeddable":true,"href":"https:\/\/devcc.site\/en\/wp-json\/wp\/v2\/pages\/537"}],"wp:attachment":[{"href":"https:\/\/devcc.site\/en\/wp-json\/wp\/v2\/media?parent=5347"}],"curies":[{"name":"wp","href":"https:\/\/api.w.org\/{rel}","templated":true}]}}