{"id":5290,"date":"2024-06-09T15:14:30","date_gmt":"2024-06-09T20:14:30","guid":{"rendered":"https:\/\/fc.uni.edu.pe\/?page_id=5290"},"modified":"2024-06-11T12:34:40","modified_gmt":"2024-06-11T17:34:40","slug":"labicer","status":"publish","type":"page","link":"https:\/\/devcc.site\/en\/investigacion\/servicios\/labicer\/","title":{"rendered":"LABICER"},"content":{"rendered":"\n<div class=\"wp-block-columns is-layout-flex wp-container-core-columns-is-layout-9d6595d7 wp-block-columns-is-layout-flex\">\n<div class=\"wp-block-column is-layout-flow wp-block-column-is-layout-flow\" style=\"flex-basis:66.66%\">\n<p>El LABICER FC-UNI de la Universidad Nacional de Ingenier\u00eda ofrece el servicio de investigaci\u00f3n en la l\u00ednea de productos naturales, brinda asesor\u00eda en el desarrollo de tesis de antegrado y postgrado. Brinda asesor\u00eda al sector empresarial, realiza inspecciones de procesos industriales y desarrolla an\u00e1lisis para los sectores: Miner\u00eda, Construcci\u00f3n, Industrial, Medio Ambiente, Hidrocarburos, Alimentos, Farmaindustria, etc.<\/p>\n\n\n\n<div class=\"wp-block-buttons is-layout-flex wp-block-buttons-is-layout-flex\">\n<div class=\"wp-block-button has-custom-font-size has-small-font-size\"><a class=\"wp-block-button__link wp-element-button\" href=\"https:\/\/labicer.uni.edu.pe\/\" style=\"border-radius:20px\" target=\"_blank\" rel=\"noreferrer noopener\">Ir a la p\u00e1gina web<\/a><\/div>\n<\/div>\n\n\n\n<p class=\"has-medium-font-size\"><strong>Servicios ofrecidos<\/strong><\/p>\n\n\n\n<p>I. INVESTIGACI\u00d3N &#8211; L\u00cdNEA DE PRODUCTOS NATURALES<\/p>\n\n\n\n<ul class=\"wp-block-list\">\n<li>Investigaci\u00f3n en productos naturales y especies utilizadas principalmente en la industria alimenticia, medicina y agroindustria<\/li>\n<\/ul>\n\n\n\n<p>II. SERVICIO AL SECTOR EMPRESARIAL &#8211; SECTOR MINER\u00cdA<\/p>\n\n\n\n<ul class=\"wp-block-list\">\n<li>An\u00e1lisis de minerales met\u00e1licos, que incluyen metales industriales como plomo, cobre, plata, oro y minerales de zinc y concentrados junto con muchos otros. An\u00e1lisis de muestras no met\u00e1licas (sulfatos, carbonatos, nitratos, fosfatos, silicatos, arcillas, etc). An\u00e1lisis de aguas y efluentes de sector minero. An\u00e1lisis de composici\u00f3n qu\u00edmica de minerales y rocas (barrido completo).<\/li>\n<\/ul>\n\n\n\n<p>SECTOR CONSTRUCCI\u00d3N<\/p>\n\n\n\n<ul class=\"wp-block-list\">\n<li>An\u00e1lisis de suelos, calicatas, agregados, cemento y mortero (qu\u00edmico y f\u00edsico), an\u00e1lisis granulom\u00e9trico, aguas (cloruros, sulfatos, etc.), ensayo de compresi\u00f3n, flexi\u00f3n, tracci\u00f3n, etc., en materiales de construcci\u00f3n (concreto, acero, madera, ladrillo, etc.). Resistividad y conductividad el\u00e9ctrica de suelos y cemento conductivo.<\/li>\n<\/ul>\n\n\n\n<p>SECTOR INDUSTRIAL<\/p>\n\n\n\n<ul class=\"wp-block-list\">\n<li>Ensayos de materiales (metales, aleaciones: aceros, latones, bronces, etc., no metales: pol\u00edmeros, elast\u00f3meros, papeles, maderas, cueros, etc., pinturas, barnices, lacas, thinners, etc.), ensayo de propiedades t\u00e9rmicas, ensayos de inflamabilidad, an\u00e1lisis de composici\u00f3n qu\u00edmica, an\u00e1lisis microestructurado, ensayos de resistencia a la exposici\u00f3n a la intemperie (luz ultravioleta, calor, lluvia \u00e1cida, etc.), envejecimiento, dimensionamiento, ensayos de seguridad. Verificaci\u00f3n de caracter\u00edsticas de materiales.<\/li>\n\n\n\n<li>Ensayos mec\u00e1nicos y f\u00edsicos:<\/li>\n\n\n\n<li>Ensayos de materiales: tracci\u00f3n, elongaci\u00f3n , flexi\u00f3n, compresi\u00f3n, impacto, dureza (Rockwell, Brinell, Vickers, Shore, Shore A, Shore D, etc.), an\u00e1lisis metalogr\u00e1fico, an\u00e1lisis de falla, evaluaci\u00f3n de art\u00edculos de seguridad industrial (cascos, guantes, botas, arn\u00e9s, etc.).<\/li>\n<\/ul>\n\n\n\n<p>SECTOR AMBIENTAL<\/p>\n\n\n\n<ul class=\"wp-block-list\">\n<li>Muestreo y an\u00e1lisis de aire: Determinaci\u00f3n de part\u00edculas en suspensi\u00f3n PM10, NOx, SO2 , CO, etc.<\/li>\n\n\n\n<li>Muestreo y an\u00e1lisis de aguas y suelos.<\/li>\n\n\n\n<li>Medici\u00f3n de intensidad de ruido.<\/li>\n<\/ul>\n\n\n\n<p>SECTOR HIDROCARBUROS<\/p>\n\n\n\n<ul class=\"wp-block-list\">\n<li>An\u00e1lisis de hidrocarburos, diesel, biodiesel, petr\u00f3leo residual, combustibles, gases, aceites y grasas.<\/li>\n<\/ul>\n\n\n\n<p>SECTOR ALIMENTOS Y FARMAINDUSTRIA<\/p>\n\n\n\n<ul class=\"wp-block-list\">\n<li>Ensayos qu\u00edmicos, f\u00edsicos y organol\u00e9pticos para analizar la composici\u00f3n, inocuidad y calidad de las muestras alimenticias, farmace\u00faticas, veterinarias.<\/li>\n\n\n\n<li>An\u00e1lisis de empaques, incluyendo etiquetas y marcas. Requerimientos de empaques para exportaci\u00f3n.<\/li>\n<\/ul>\n\n\n\n<p>OTROS SERVICIOS<\/p>\n\n\n\n<ul class=\"wp-block-list\">\n<li>ESTUDIOS DE MERMAS EN LOS PROCESOS INDUSTRIALES REQUERIDOS POR LA SUNAT.<\/li>\n\n\n\n<li>Evaluaci\u00f3n de elementos de seguridad (papel, hologramas, etiquetas hologr\u00e1ficas, diplomas, l\u00e1minas de seguridad, etc.).<\/li>\n\n\n\n<li>Determinaci\u00f3n de partida arancelaria de productos de importaci\u00f3n.<\/li>\n\n\n\n<li>Estudio de Mermas.<\/li>\n\n\n\n<li>Desarrollo de investigaciones que requieran las empresas.<\/li>\n\n\n\n<li>Asesor\u00eda t\u00e9cnica en la elaboraci\u00f3n de formulaciones qu\u00edmicas, procesos qu\u00edmicos, elaboraci\u00f3n de fichas t\u00e9cnicas.<\/li>\n\n\n\n<li>Consultor\u00eda y asistencia t\u00e9cnica a empresas relacionadas con productos qu\u00edmicos y afines.<\/li>\n\n\n\n<li>Participaci\u00f3n en Auditor\u00edas como experto t\u00e9cnico.<\/li>\n\n\n\n<li>Dictado de cursos te\u00f3ricos y pr\u00e1cticos en el manejo de los equipos: Espectrofot\u00f3metro de Absorci\u00f3n At\u00f3mica de Flama, Horno de grafito y Generador de hidruros, Espectr\u00f3metro de Fluorescencia de Rayos X de Energ\u00eda Dispersiva, Espectrofot\u00f3metro UV-Visible, Cromat\u00f3grafo L\u00edquido de Alta Performance (HPLC) y Cromat\u00f3grafo de gases (GC).<\/li>\n<\/ul>\n\n\n\n<div style=\"height:40px\" aria-hidden=\"true\" class=\"wp-block-spacer\"><\/div>\n\n\n\n<div class=\"wp-block-media-text is-stacked-on-mobile\" style=\"grid-template-columns:18% auto\"><figure class=\"wp-block-media-text__media\"><img loading=\"lazy\" decoding=\"async\" width=\"700\" height=\"500\" src=\"https:\/\/fc.uni.edu.pe\/wp-content\/uploads\/2021\/05\/imagen-defecto-min.jpg\" alt=\"\" class=\"wp-image-80 size-full\" srcset=\"https:\/\/devcc.site\/wp-content\/uploads\/2021\/05\/imagen-defecto-min.jpg 700w, https:\/\/devcc.site\/wp-content\/uploads\/2021\/05\/imagen-defecto-min-300x214.jpg 300w\" sizes=\"auto, (max-width: 700px) 100vw, 700px\" \/><\/figure><div class=\"wp-block-media-text__content\">\n<hr class=\"wp-block-separator has-alpha-channel-opacity\"\/>\n\n\n\n<p class=\"has-medium-font-size\"><strong>Contacto<\/strong><\/p>\n\n\n\n<p><strong>LABICER<\/strong><br><strong>Correo:<\/strong> labicer@uni.edu.pe<br><strong>Tel\u00e9fono: <\/strong>382-0500 <\/p>\n\n\n\n<p><strong><strong>\u276f<\/strong><\/strong>\u00a0Ubicado en el Pabell\u00f3n R2, 1er Piso de la Facultad de Ciencias, UNI. Puerta N\u00b05. <\/p>\n\n\n\n<p><strong><strong>\u276f<\/strong><\/strong>\u00a0Web: <a href=\"Web: http:\/\/labicer.uni.edu.pe\"><\/a><a href=\"http:\/\/labicer.uni.edu.pe\">http:\/\/labicer.uni.edu.pe<\/a><\/p>\n\n\n\n<hr class=\"wp-block-separator has-alpha-channel-opacity\"\/>\n<\/div><\/div>\n\n\n\n<div class=\"wp-block-columns is-layout-flex wp-container-core-columns-is-layout-9d6595d7 wp-block-columns-is-layout-flex\">\n<div class=\"wp-block-column is-layout-flow wp-block-column-is-layout-flow\"><\/div>\n<\/div>\n<\/div>\n\n\n\n<div class=\"wp-block-column is-layout-flow wp-block-column-is-layout-flow\" style=\"flex-basis:33.33%\">\n<div class=\"wp-block-columns alignwide is-layout-flex wp-container-core-columns-is-layout-829b1d53 wp-block-columns-is-layout-flex\" style=\"margin-bottom:0\">\n<div class=\"wp-block-column has-text-color has-background has-link-color wp-elements-0c4084c14196369c25ace428b98096f3 is-layout-flow wp-block-column-is-layout-flow\" style=\"color:#000000;background-color:#e7e7e7;padding-top:2em;padding-right:2em;padding-bottom:2em;padding-left:2em\">\n<h2 class=\"wp-block-heading\" id=\"single\" style=\"font-size:20px\"><strong>M\u00e1s informaci\u00f3n<\/strong><\/h2>\n\n\n<\/div>\n<\/div>\n\n\n\n<div class=\"wp-block-columns alignwide is-layout-flex wp-container-core-columns-is-layout-829b1d53 wp-block-columns-is-layout-flex\" style=\"margin-bottom:0\">\n<div class=\"wp-block-column has-white-background-color has-text-color has-background has-link-color wp-elements-04b17e7110c617c3b321f8385644b1f9 is-layout-flow wp-block-column-is-layout-flow\" style=\"color:#000000;padding-top:2em;padding-right:2em;padding-bottom:2em;padding-left:2em\"><h2 class=\"wp-block-heading has-black-color has-text-color has-link-color wp-elements-5bbb62aca8f4f02cc39819257b246dc8\" id=\"single\" style=\"font-size:20px\"><strong>Eventos<\/strong> cient\u00edficos<\/h2>\n\n\n<ul class=\"wp-block-latest-posts__list has-link-color bullet-links wp-elements-d1fbb039474d2d6592128aac7caf5d32 wp-block-latest-posts has-text-color has-black-color\"><li><a class=\"wp-block-latest-posts__post-title\" href=\"https:\/\/devcc.site\/en\/2025\/12\/10\/deshidrogenacion-oxidativa-de-etano-odh-de-etano-con-oxidos-metalicos-en-atmosfera-de-co%e2%82%82-hacia-una-economia-circular\/\">Deshidrogenaci\u00f3n oxidativa de etano (ODH) de etano con \u00f3xidos met\u00e1licos en atm\u00f3sfera de CO\u2082: hacia una econom\u00eda circular<\/a><\/li>\n<li><a class=\"wp-block-latest-posts__post-title\" href=\"https:\/\/devcc.site\/en\/2025\/11\/28\/curso-estadistica-aplicada-en-procedimientos-de-quimica-analitica-en-la-industria-2\/\">Curso: Estad\u00edstica aplicada en procedimientos de qu\u00edmica anal\u00edtica en la industria<\/a><\/li>\n<li><a class=\"wp-block-latest-posts__post-title\" href=\"https:\/\/devcc.site\/en\/2025\/11\/05\/modelos-generativos-de-ia-y-sus-aplicaciones\/\">Modelos Generativos de IA y sus Aplicaciones<\/a><\/li>\n<li><a class=\"wp-block-latest-posts__post-title\" href=\"https:\/\/devcc.site\/en\/2025\/10\/15\/nuevas-sorpresas-de-la-mecanica-cuantica-y-los-premios-nobel-2025-de-fisica-y-de-quimica\/\">Nuevas sorpresas de la Mec\u00e1nica Cu\u00e1ntica y los Premios Nobel 2025 de F\u00edsica y de Qu\u00edmica<\/a><\/li>\n<\/ul><\/div>\n<\/div>\n<\/div>\n<\/div>\n","protected":false},"excerpt":{"rendered":"<p>El LABICER FC-UNI de la Universidad Nacional de Ingenier\u00eda ofrece el servicio de investigaci\u00f3n en la l\u00ednea de productos naturales, brinda asesor\u00eda en el desarrollo de tesis de antegrado y postgrado. Brinda asesor\u00eda al sector empresarial, realiza inspecciones de procesos industriales y desarrolla an\u00e1lisis para los sectores: Miner\u00eda, Construcci\u00f3n, Industrial, Medio Ambiente, Hidrocarburos, Alimentos, Farmaindustria, [&hellip;]<\/p>\n","protected":false},"author":1,"featured_media":0,"parent":499,"menu_order":0,"comment_status":"closed","ping_status":"closed","template":"","meta":{"footnotes":""},"class_list":["post-5290","page","type-page","status-publish","hentry"],"_links":{"self":[{"href":"https:\/\/devcc.site\/en\/wp-json\/wp\/v2\/pages\/5290","targetHints":{"allow":["GET"]}}],"collection":[{"href":"https:\/\/devcc.site\/en\/wp-json\/wp\/v2\/pages"}],"about":[{"href":"https:\/\/devcc.site\/en\/wp-json\/wp\/v2\/types\/page"}],"author":[{"embeddable":true,"href":"https:\/\/devcc.site\/en\/wp-json\/wp\/v2\/users\/1"}],"replies":[{"embeddable":true,"href":"https:\/\/devcc.site\/en\/wp-json\/wp\/v2\/comments?post=5290"}],"version-history":[{"count":7,"href":"https:\/\/devcc.site\/en\/wp-json\/wp\/v2\/pages\/5290\/revisions"}],"predecessor-version":[{"id":5537,"href":"https:\/\/devcc.site\/en\/wp-json\/wp\/v2\/pages\/5290\/revisions\/5537"}],"up":[{"embeddable":true,"href":"https:\/\/devcc.site\/en\/wp-json\/wp\/v2\/pages\/499"}],"wp:attachment":[{"href":"https:\/\/devcc.site\/en\/wp-json\/wp\/v2\/media?parent=5290"}],"curies":[{"name":"wp","href":"https:\/\/api.w.org\/{rel}","templated":true}]}}