{"id":5252,"date":"2024-06-09T13:52:11","date_gmt":"2024-06-09T18:52:11","guid":{"rendered":"https:\/\/fc.uni.edu.pe\/?page_id=5252"},"modified":"2024-06-09T15:14:02","modified_gmt":"2024-06-09T20:14:02","slug":"laboratorio-de-quimica-inorganica","status":"publish","type":"page","link":"https:\/\/devcc.site\/en\/investigacion\/servicios\/laboratorio-de-quimica-inorganica\/","title":{"rendered":"Laboratorio de Qu\u00edmica Inorg\u00e1nica"},"content":{"rendered":"\n<div class=\"wp-block-columns is-layout-flex wp-container-core-columns-is-layout-9d6595d7 wp-block-columns-is-layout-flex\">\n<div class=\"wp-block-column is-layout-flow wp-block-column-is-layout-flow\" style=\"flex-basis:66.66%\">\n<p>Efectuamos trabajos de Investigaci\u00f3n sobre aislamiento y caracterizaci\u00f3n de aceites esenciales, elementos activos de algunas plantas y productos naturales propios del pa\u00eds.<\/p>\n\n\n\n<p class=\"has-medium-font-size\"><strong>Servicios ofrecidos<\/strong><\/p>\n\n\n\n<ul class=\"wp-block-list\">\n<li>Desarrollamos actividades de formaci\u00f3n acad\u00e9mica experimental b\u00e1sica en Qu\u00edmica General para las especialidades de Matem\u00e1tica, F\u00edsica, Qu\u00edmica e Ingenier\u00eda F\u00edsica y de especializaci\u00f3n en Qu\u00edmica Org\u00e1nica, Inorg\u00e1nica y productos naturales.<\/li>\n\n\n\n<li>Efectuamos trabajos de Investigaci\u00f3n sobre aislamiento y caracterizaci\u00f3n de aceites esenciales, elementos activos de algunas plantas y productos naturales propios del pa\u00eds.<\/li>\n\n\n\n<li>Sintetizamos y caracterizamos compuestos inorg\u00e1nicos utilizados en la extracci\u00f3n de iones met\u00e1licos que contaminan las aguas.<\/li>\n\n\n\n<li>Brindamos Servicios de proyecci\u00f3n Social en an\u00e1lisis Qu\u00edmicos solicitados por las industrias y terceras personas. Organizamos y desarrollamos Cursos de Extensi\u00f3n universitaria. Desarrollamos y elaboramos material did\u00e1ctico para la ense\u00f1anza de qu\u00edmica en los colegios e instituciones.<\/li>\n<\/ul>\n<\/div>\n\n\n\n<div class=\"wp-block-column is-layout-flow wp-block-column-is-layout-flow\" style=\"flex-basis:33.33%\">\n<div class=\"wp-block-columns alignwide is-layout-flex wp-container-core-columns-is-layout-829b1d53 wp-block-columns-is-layout-flex\" style=\"margin-bottom:0\">\n<div class=\"wp-block-column has-text-color has-background has-link-color wp-elements-0c4084c14196369c25ace428b98096f3 is-layout-flow wp-block-column-is-layout-flow\" style=\"color:#000000;background-color:#e7e7e7;padding-top:2em;padding-right:2em;padding-bottom:2em;padding-left:2em\">\n<h2 class=\"wp-block-heading\" id=\"single\" style=\"font-size:20px\"><strong>M\u00e1s informaci\u00f3n<\/strong><\/h2>\n\n\n<\/div>\n<\/div>\n\n\n\n<div class=\"wp-block-columns alignwide is-layout-flex wp-container-core-columns-is-layout-829b1d53 wp-block-columns-is-layout-flex\" style=\"margin-bottom:0\">\n<div class=\"wp-block-column has-white-background-color has-text-color has-background has-link-color wp-elements-04b17e7110c617c3b321f8385644b1f9 is-layout-flow wp-block-column-is-layout-flow\" style=\"color:#000000;padding-top:2em;padding-right:2em;padding-bottom:2em;padding-left:2em\"><h2 class=\"wp-block-heading has-black-color has-text-color has-link-color wp-elements-5bbb62aca8f4f02cc39819257b246dc8\" id=\"single\" style=\"font-size:20px\"><strong>Eventos<\/strong> cient\u00edficos<\/h2>\n\n\n<ul class=\"wp-block-latest-posts__list has-link-color bullet-links wp-elements-d1fbb039474d2d6592128aac7caf5d32 wp-block-latest-posts has-text-color has-black-color\"><li><a class=\"wp-block-latest-posts__post-title\" href=\"https:\/\/devcc.site\/en\/2025\/12\/10\/deshidrogenacion-oxidativa-de-etano-odh-de-etano-con-oxidos-metalicos-en-atmosfera-de-co%e2%82%82-hacia-una-economia-circular\/\">Deshidrogenaci\u00f3n oxidativa de etano (ODH) de etano con \u00f3xidos met\u00e1licos en atm\u00f3sfera de CO\u2082: hacia una econom\u00eda circular<\/a><\/li>\n<li><a class=\"wp-block-latest-posts__post-title\" href=\"https:\/\/devcc.site\/en\/2025\/11\/28\/curso-estadistica-aplicada-en-procedimientos-de-quimica-analitica-en-la-industria-2\/\">Curso: Estad\u00edstica aplicada en procedimientos de qu\u00edmica anal\u00edtica en la industria<\/a><\/li>\n<li><a class=\"wp-block-latest-posts__post-title\" href=\"https:\/\/devcc.site\/en\/2025\/11\/05\/modelos-generativos-de-ia-y-sus-aplicaciones\/\">Modelos Generativos de IA y sus Aplicaciones<\/a><\/li>\n<li><a class=\"wp-block-latest-posts__post-title\" href=\"https:\/\/devcc.site\/en\/2025\/10\/15\/nuevas-sorpresas-de-la-mecanica-cuantica-y-los-premios-nobel-2025-de-fisica-y-de-quimica\/\">Nuevas sorpresas de la Mec\u00e1nica Cu\u00e1ntica y los Premios Nobel 2025 de F\u00edsica y de Qu\u00edmica<\/a><\/li>\n<\/ul><\/div>\n<\/div>\n<\/div>\n<\/div>\n","protected":false},"excerpt":{"rendered":"<p>Efectuamos trabajos de Investigaci\u00f3n sobre aislamiento y caracterizaci\u00f3n de aceites esenciales, elementos activos de algunas plantas y productos naturales propios del pa\u00eds. Servicios ofrecidos M\u00e1s informaci\u00f3n<\/p>\n","protected":false},"author":1,"featured_media":0,"parent":499,"menu_order":0,"comment_status":"closed","ping_status":"closed","template":"","meta":{"footnotes":""},"class_list":["post-5252","page","type-page","status-publish","hentry"],"_links":{"self":[{"href":"https:\/\/devcc.site\/en\/wp-json\/wp\/v2\/pages\/5252","targetHints":{"allow":["GET"]}}],"collection":[{"href":"https:\/\/devcc.site\/en\/wp-json\/wp\/v2\/pages"}],"about":[{"href":"https:\/\/devcc.site\/en\/wp-json\/wp\/v2\/types\/page"}],"author":[{"embeddable":true,"href":"https:\/\/devcc.site\/en\/wp-json\/wp\/v2\/users\/1"}],"replies":[{"embeddable":true,"href":"https:\/\/devcc.site\/en\/wp-json\/wp\/v2\/comments?post=5252"}],"version-history":[{"count":2,"href":"https:\/\/devcc.site\/en\/wp-json\/wp\/v2\/pages\/5252\/revisions"}],"predecessor-version":[{"id":5294,"href":"https:\/\/devcc.site\/en\/wp-json\/wp\/v2\/pages\/5252\/revisions\/5294"}],"up":[{"embeddable":true,"href":"https:\/\/devcc.site\/en\/wp-json\/wp\/v2\/pages\/499"}],"wp:attachment":[{"href":"https:\/\/devcc.site\/en\/wp-json\/wp\/v2\/media?parent=5252"}],"curies":[{"name":"wp","href":"https:\/\/api.w.org\/{rel}","templated":true}]}}