{"id":5222,"date":"2024-06-09T12:55:54","date_gmt":"2024-06-09T17:55:54","guid":{"rendered":"https:\/\/fc.uni.edu.pe\/?page_id=5222"},"modified":"2025-07-18T15:42:23","modified_gmt":"2025-07-18T20:42:23","slug":"cec-uni","status":"publish","type":"page","link":"https:\/\/devcc.site\/en\/estudios-de-grado\/cec-uni\/","title":{"rendered":"Centro de Estudiantes CEC-UNI"},"content":{"rendered":"\n<div class=\"wp-block-columns is-layout-flex wp-container-core-columns-is-layout-9d6595d7 wp-block-columns-is-layout-flex\">\n<div class=\"wp-block-column is-layout-flow wp-block-column-is-layout-flow\" style=\"flex-basis:66.66%\">\n<div class=\"wp-block-media-text alignwide is-stacked-on-mobile is-vertically-aligned-center has-white-background-color has-background\" style=\"grid-template-columns:32% auto\"><figure class=\"wp-block-media-text__media\"><img decoding=\"async\" src=\"https:\/\/fc.uni.edu.pe\/wp-content\/uploads\/2024\/06\/logo_cec-1024x1024.jpg\" alt=\"\" class=\"wp-image-5314 size-full\"\/><\/figure><div class=\"wp-block-media-text__content\">\n<div class=\"wp-block-group\" style=\"padding-top:2em;padding-right:2em;padding-bottom:2em;padding-left:2em\"><div class=\"wp-block-group__inner-container is-layout-flow wp-block-group-is-layout-flow\">\n<p style=\"font-size:16px\">El Centro de Estudiantes (CEC) es un ente gremial enfocado en la mejora constante de la Facultad de Ciencias en sus aspectos acad\u00e9mico, social, cultural y pol\u00edtico.<\/p>\n\n\n\n<p style=\"font-size:16px\"><\/p>\n<\/div><\/div>\n<\/div><\/div>\n\n\n\n<p><strong>Actividades<\/strong><\/p>\n\n\n\n<p>El Centro de Estudiantes de la Facultad de Ciencias desempe\u00f1a una variedad de actividades para representar y apoyar a la comunidad estudiantil. <\/p>\n\n\n\n<ul class=\"wp-block-list\">\n<li>Representaci\u00f3n Estudiantil<\/li>\n\n\n\n<li>Apoyo Acad\u00e9mico y Personal<br>Tutor\u00edas y Asesoramiento<\/li>\n\n\n\n<li>Organizaci\u00f3n de Eventos y Actividades<\/li>\n\n\n\n<li>Comunicaci\u00f3n e Informaci\u00f3n<\/li>\n\n\n\n<li>Mediaci\u00f3n y Resoluci\u00f3n de Conflictos<\/li>\n\n\n\n<li>Participaci\u00f3n en la Comunidad<\/li>\n<\/ul>\n\n\n\n<h2 class=\"wp-block-heading\" id=\"single\" style=\"font-size:18px\"><strong>Informaci\u00f3n b\u00e1sica<\/strong><\/h2>\n\n\n\n<p style=\"font-size:16px\"><strong>\u27a6<\/strong> B\u00fascalos en la sala <\/p>\n\n\n\n<p style=\"font-size:16px;line-height:1.5\"><strong><strong>\u27a6<\/strong><\/strong> Convoca nuevos miembros cada inicio de ciclo.<\/p>\n\n\n\n<p style=\"font-size:16px\"><strong><strong>\u27a6<\/strong><\/strong> Correo: cec.uni.edu@gmail.com<\/p>\n\n\n\n<p style=\"font-size:16px\"><strong><strong><strong>\u27a6<\/strong><\/strong><\/strong> Redes sociales:<\/p>\n\n\n\n<ul class=\"wp-block-list\">\n<li style=\"font-size:16px\"><a href=\"https:\/\/www.facebook.com\/cec.uni.fc\" target=\"_blank\" rel=\"noreferrer noopener\">Facebook<\/a><\/li>\n\n\n\n<li style=\"font-size:16px\"><a href=\"https:\/\/linktr.ee\/cec_uni\">Linktree<\/a><\/li>\n<\/ul>\n<\/div>\n\n\n\n<div class=\"wp-block-column is-layout-flow wp-block-column-is-layout-flow\" style=\"flex-basis:33.33%\">\n<div style=\"height:40px\" aria-hidden=\"true\" class=\"wp-block-spacer\"><\/div>\n\n\n\n<div class=\"wp-block-columns alignwide is-layout-flex wp-container-core-columns-is-layout-829b1d53 wp-block-columns-is-layout-flex\" style=\"margin-bottom:0\">\n<div class=\"wp-block-column has-text-color has-background has-link-color wp-elements-0c4084c14196369c25ace428b98096f3 is-layout-flow wp-block-column-is-layout-flow\" style=\"color:#000000;background-color:#e7e7e7;padding-top:2em;padding-right:2em;padding-bottom:2em;padding-left:2em\">\n<h2 class=\"wp-block-heading\" id=\"single\" style=\"font-size:20px\"><strong>M\u00e1s informaci\u00f3n<\/strong><\/h2>\n\n\n<\/div>\n<\/div>\n\n\n\n<div class=\"wp-block-columns alignwide is-layout-flex wp-container-core-columns-is-layout-829b1d53 wp-block-columns-is-layout-flex\" style=\"margin-bottom:0\">\n<div class=\"wp-block-column has-white-background-color has-text-color has-background has-link-color wp-elements-04b17e7110c617c3b321f8385644b1f9 is-layout-flow wp-block-column-is-layout-flow\" style=\"color:#000000;padding-top:2em;padding-right:2em;padding-bottom:2em;padding-left:2em\"><h2 class=\"wp-block-heading has-black-color has-text-color has-link-color wp-elements-5bbb62aca8f4f02cc39819257b246dc8\" id=\"single\" style=\"font-size:20px\"><strong>Eventos<\/strong> cient\u00edficos<\/h2>\n\n\n<ul class=\"wp-block-latest-posts__list has-link-color bullet-links wp-elements-d1fbb039474d2d6592128aac7caf5d32 wp-block-latest-posts has-text-color has-black-color\"><li><a class=\"wp-block-latest-posts__post-title\" href=\"https:\/\/devcc.site\/en\/2025\/12\/10\/deshidrogenacion-oxidativa-de-etano-odh-de-etano-con-oxidos-metalicos-en-atmosfera-de-co%e2%82%82-hacia-una-economia-circular\/\">Deshidrogenaci\u00f3n oxidativa de etano (ODH) de etano con \u00f3xidos met\u00e1licos en atm\u00f3sfera de CO\u2082: hacia una econom\u00eda circular<\/a><\/li>\n<li><a class=\"wp-block-latest-posts__post-title\" href=\"https:\/\/devcc.site\/en\/2025\/11\/28\/curso-estadistica-aplicada-en-procedimientos-de-quimica-analitica-en-la-industria-2\/\">Curso: Estad\u00edstica aplicada en procedimientos de qu\u00edmica anal\u00edtica en la industria<\/a><\/li>\n<li><a class=\"wp-block-latest-posts__post-title\" href=\"https:\/\/devcc.site\/en\/2025\/11\/05\/modelos-generativos-de-ia-y-sus-aplicaciones\/\">Modelos Generativos de IA y sus Aplicaciones<\/a><\/li>\n<li><a class=\"wp-block-latest-posts__post-title\" href=\"https:\/\/devcc.site\/en\/2025\/10\/15\/nuevas-sorpresas-de-la-mecanica-cuantica-y-los-premios-nobel-2025-de-fisica-y-de-quimica\/\">Nuevas sorpresas de la Mec\u00e1nica Cu\u00e1ntica y los Premios Nobel 2025 de F\u00edsica y de Qu\u00edmica<\/a><\/li>\n<\/ul><\/div>\n<\/div>\n<\/div>\n<\/div>\n\n\n\n<div style=\"height:40px\" aria-hidden=\"true\" class=\"wp-block-spacer\"><\/div>\n","protected":false},"excerpt":{"rendered":"<p>El Centro de Estudiantes (CEC) es un ente gremial enfocado en la mejora constante de la Facultad de Ciencias en sus aspectos acad\u00e9mico, social, cultural y pol\u00edtico. Actividades El Centro de Estudiantes de la Facultad de Ciencias desempe\u00f1a una variedad de actividades para representar y apoyar a la comunidad estudiantil. Informaci\u00f3n b\u00e1sica \u27a6 B\u00fascalos en [&hellip;]<\/p>\n","protected":false},"author":1,"featured_media":6427,"parent":537,"menu_order":0,"comment_status":"closed","ping_status":"closed","template":"page-titulosobreimagen.php","meta":{"footnotes":""},"class_list":["post-5222","page","type-page","status-publish","has-post-thumbnail","hentry"],"_links":{"self":[{"href":"https:\/\/devcc.site\/en\/wp-json\/wp\/v2\/pages\/5222","targetHints":{"allow":["GET"]}}],"collection":[{"href":"https:\/\/devcc.site\/en\/wp-json\/wp\/v2\/pages"}],"about":[{"href":"https:\/\/devcc.site\/en\/wp-json\/wp\/v2\/types\/page"}],"author":[{"embeddable":true,"href":"https:\/\/devcc.site\/en\/wp-json\/wp\/v2\/users\/1"}],"replies":[{"embeddable":true,"href":"https:\/\/devcc.site\/en\/wp-json\/wp\/v2\/comments?post=5222"}],"version-history":[{"count":30,"href":"https:\/\/devcc.site\/en\/wp-json\/wp\/v2\/pages\/5222\/revisions"}],"predecessor-version":[{"id":7304,"href":"https:\/\/devcc.site\/en\/wp-json\/wp\/v2\/pages\/5222\/revisions\/7304"}],"up":[{"embeddable":true,"href":"https:\/\/devcc.site\/en\/wp-json\/wp\/v2\/pages\/537"}],"wp:featuredmedia":[{"embeddable":true,"href":"https:\/\/devcc.site\/en\/wp-json\/"}],"wp:attachment":[{"href":"https:\/\/devcc.site\/en\/wp-json\/wp\/v2\/media?parent=5222"}],"curies":[{"name":"wp","href":"https:\/\/api.w.org\/{rel}","templated":true}]}}