{"id":517,"date":"2021-05-23T03:11:35","date_gmt":"2021-05-23T03:11:35","guid":{"rendered":"http:\/\/localhost\/fcuni\/?page_id=517"},"modified":"2025-11-12T15:34:47","modified_gmt":"2025-11-12T20:34:47","slug":"grados-y-titulos","status":"publish","type":"page","link":"https:\/\/devcc.site\/en\/estudios-de-grado\/grados-y-titulos\/","title":{"rendered":"Degrees and Procedures"},"content":{"rendered":"\n<p class=\"has-background\" style=\"background-color:#dddddd\">For the moment, this information will be displayed only in spanish.<\/p>\n\n\n\n<p>La Oficina de Grados y T\u00edtulos es una oficina de gesti\u00f3n administrativa que tiene como finalidad gestionar el grado acad\u00e9mico de Bachiller y T\u00edtulo Profesional de sus egresados, detall\u00e1ndoles los requisitos y los procedimientos que deben cumplir para la obtenci\u00f3n del grado o t\u00edtulo respectivo.<\/p>\n\n\n\n<h2 class=\"wp-block-heading\" id=\"actividades-que-se-realizan\">Actividades que se realizan<\/h2>\n\n\n\n<ul class=\"wp-block-list\">\n<li>La Oficina de Grados y T\u00edtulos es un \u00f3rgano de apoyo de la Facultad encargada de registro, ordenamiento, tr\u00e1mite.<\/li>\n\n\n\n<li>Es funci\u00f3n de la Oficina de Grados y T\u00edtulos de la facultad: planificar organizar, evaluar, controlar, orientar, y gestionar el proceso de los tr\u00e1mites conducentes a la obtenci\u00f3n del Grado Acad\u00e9mico de Bachiller y del T\u00edtulo Profesional.<\/li>\n\n\n\n<li>Por medio de la Comisi\u00f3n encargada, se designar a los miembros del jurado con visto bueno del Decano para la obtenci\u00f3n del T\u00edtulo Profesional, en cualquier modalidad optada por el graduado.<\/li>\n<\/ul>\n\n\n\n<h2 class=\"wp-block-heading\" id=\"descargas\">Descargas<\/h2>\n\n\n\n<div class=\"wp-block-columns descargas-item is-layout-flex wp-container-core-columns-is-layout-9d6595d7 wp-block-columns-is-layout-flex\">\n<div class=\"wp-block-column coluno is-layout-flow wp-block-column-is-layout-flow\">\n<h2 class=\"wp-block-heading\" id=\"requisitos-sustentacion-y-obtener-el-titulo-profesional-de-licenciatura\"><img loading=\"lazy\" decoding=\"async\" width=\"39\" height=\"39\" class=\"wp-image-289\" style=\"width: 39px;\" src=\"http:\/\/fc.uni.edu.pe\/wp-content\/uploads\/2021\/05\/contrato-icono-min.png\" alt=\"\">Requisitos &#8211; Sustentaci\u00f3n y Obtener el Titulo Profesional de Licenciatura<\/h2>\n\n\n\n<p class=\"descargar\"><a href=\"http:\/\/fc.uni.edu.pe\/wp-content\/uploads\/2022\/02\/DESCRIPCION-OBTENER-EL-TITULO.pdf\">Descargar<img loading=\"lazy\" decoding=\"async\" width=\"28\" height=\"28\" class=\"wp-image-288\" style=\"width: 28px;\" src=\"http:\/\/fc.uni.edu.pe\/wp-content\/uploads\/2021\/05\/descarga-icono-min.png\" alt=\"\"><\/a><\/p>\n<\/div>\n\n\n\n<div class=\"wp-block-column coluno is-layout-flow wp-block-column-is-layout-flow\">\n<h2 class=\"wp-block-heading\" id=\"requisitos-sustentacion-de-tesis\"><img loading=\"lazy\" decoding=\"async\" width=\"39\" height=\"39\" class=\"wp-image-289\" style=\"width: 39px;\" src=\"http:\/\/fc.uni.edu.pe\/wp-content\/uploads\/2021\/05\/contrato-icono-min.png\" alt=\"\">Requisitos &#8211; Sustentaci\u00f3n de Tesis<\/h2>\n\n\n\n<p class=\"descargar\"><a href=\"http:\/\/fc.uni.edu.pe\/wp-content\/uploads\/2022\/02\/REQUISITOS-TESIS.docx\">Descargar<img loading=\"lazy\" decoding=\"async\" width=\"28\" height=\"28\" class=\"wp-image-288\" style=\"width: 28px;\" src=\"http:\/\/fc.uni.edu.pe\/wp-content\/uploads\/2021\/05\/descarga-icono-min.png\" alt=\"\"><\/a><\/p>\n<\/div>\n\n\n\n<div class=\"wp-block-column is-layout-flow wp-block-column-is-layout-flow\">\n<h2 class=\"wp-block-heading\" id=\"solicitud-de-grado-de-bachiller\"><img loading=\"lazy\" decoding=\"async\" width=\"39\" height=\"39\" class=\"wp-image-289\" style=\"width: 39px;\" src=\"http:\/\/fc.uni.edu.pe\/wp-content\/uploads\/2021\/05\/contrato-icono-min.png\" alt=\"\">Solicitud de Grado de Bachiller<\/h2>\n\n\n\n<p class=\"descargar\"><a href=\"http:\/\/fc.uni.edu.pe\/wp-content\/uploads\/2022\/02\/SolicitudGradoBachiller.doc\">Descargar<img loading=\"lazy\" decoding=\"async\" width=\"28\" height=\"28\" class=\"wp-image-288\" style=\"width: 28px;\" src=\"http:\/\/fc.uni.edu.pe\/wp-content\/uploads\/2021\/05\/descarga-icono-min.png\" alt=\"\"><\/a><\/p>\n<\/div>\n\n\n\n<div class=\"wp-block-column is-layout-flow wp-block-column-is-layout-flow\">\n<h2 class=\"wp-block-heading\" id=\"declaracion-jurada-simple-para-bachiller\"><img loading=\"lazy\" decoding=\"async\" width=\"39\" height=\"39\" class=\"wp-image-289\" style=\"width: 39px;\" src=\"http:\/\/fc.uni.edu.pe\/wp-content\/uploads\/2021\/05\/contrato-icono-min.png\" alt=\"\">Declaraci\u00f3n Jurada Simple para Bachiller<\/h2>\n\n\n\n<p class=\"descargar\"><a href=\"http:\/\/fc.uni.edu.pe\/wp-content\/uploads\/2022\/02\/DeclaracionJuradaBachiller.doc\">Descargar<img loading=\"lazy\" decoding=\"async\" width=\"28\" height=\"28\" class=\"wp-image-288\" style=\"width: 28px;\" src=\"http:\/\/fc.uni.edu.pe\/wp-content\/uploads\/2021\/05\/descarga-icono-min.png\" alt=\"\"><\/a><\/p>\n<\/div>\n<\/div>\n\n\n\n<div class=\"wp-block-columns descargas-item is-layout-flex wp-container-core-columns-is-layout-9d6595d7 wp-block-columns-is-layout-flex\">\n<div class=\"wp-block-column coluno is-layout-flow wp-block-column-is-layout-flow\">\n<h2 class=\"wp-block-heading\" id=\"requisitos-grado-academico-de-bachiller\"><img loading=\"lazy\" decoding=\"async\" width=\"39\" height=\"39\" class=\"wp-image-289\" style=\"width: 39px;\" src=\"http:\/\/fc.uni.edu.pe\/wp-content\/uploads\/2021\/05\/contrato-icono-min.png\" alt=\"\">Requisitos &#8211; Grado Acad\u00e9mico de Bachiller<\/h2>\n\n\n\n<p class=\"descargar\"><a href=\"http:\/\/fc.uni.edu.pe\/wp-content\/uploads\/2022\/02\/BachillerRequisitos.doc\">Descargar<img loading=\"lazy\" decoding=\"async\" width=\"28\" height=\"28\" class=\"wp-image-288\" style=\"width: 28px;\" src=\"http:\/\/fc.uni.edu.pe\/wp-content\/uploads\/2021\/05\/descarga-icono-min.png\" alt=\"\"><\/a><\/p>\n<\/div>\n\n\n\n<div class=\"wp-block-column coluno is-layout-flow wp-block-column-is-layout-flow\">\n<h2 class=\"wp-block-heading\"><\/h2>\n\n\n\n<p class=\"descargar\"><\/p>\n<\/div>\n\n\n\n<div class=\"wp-block-column is-layout-flow wp-block-column-is-layout-flow\">\n<h2 class=\"wp-block-heading\"><\/h2>\n\n\n\n<p class=\"descargar\"><\/p>\n<\/div>\n\n\n\n<div class=\"wp-block-column is-layout-flow wp-block-column-is-layout-flow\">\n<h2 class=\"wp-block-heading\"><\/h2>\n\n\n\n<p class=\"descargar\"><\/p>\n<\/div>\n<\/div>\n\n\n\n<h2 class=\"wp-block-heading\">Titulaci\u00f3n por Modalidad de Trabajo de Suficiencia Profesional<\/h2>\n\n\n\n<h2 class=\"wp-block-heading\"><img loading=\"lazy\" decoding=\"async\" width=\"39\" height=\"39\" class=\"wp-image-289\" style=\"width: 39px;\" src=\"https:\/\/fc.uni.edu.pe\/wp-content\/uploads\/2021\/05\/contrato-icono-min.png\" alt=\"\"><a href=\"https:\/\/fc.uni.edu.pe\/wp-content\/uploads\/2023\/05\/MODALIDAD-DE-SUFICIENCIA-PROFESIONAL.pdf\">Cronograma de Actividades y Vacantes<\/a><img loading=\"lazy\" decoding=\"async\" width=\"28\" height=\"28\" class=\"wp-image-288\" style=\"width: 28px;\" src=\"https:\/\/fc.uni.edu.pe\/wp-content\/uploads\/2021\/05\/descarga-icono-min.png\" alt=\"\"><\/h2>\n\n\n\n<h2 class=\"wp-block-heading has-text-align-left\"><img loading=\"lazy\" decoding=\"async\" width=\"39\" height=\"39\" class=\"wp-image-289\" style=\"width: 39px;\" src=\"https:\/\/fc.uni.edu.pe\/wp-content\/uploads\/2021\/05\/contrato-icono-min.png\" alt=\"\"><a href=\"https:\/\/fc.uni.edu.pe\/wp-content\/uploads\/2023\/05\/REQUISITOS-MODALIDAD-DE-SUFICIENCIA-PROFESIONAL.pdf\">Requisitos Modalidad de Suficiencia Profesional<\/a><img loading=\"lazy\" decoding=\"async\" width=\"28\" height=\"28\" class=\"wp-image-288\" style=\"width: 28px;\" src=\"https:\/\/fc.uni.edu.pe\/wp-content\/uploads\/2021\/05\/descarga-icono-min.png\" alt=\"\"><\/h2>\n\n\n\n<h2 class=\"wp-block-heading\">Descargas<\/h2>\n\n\n\n<ul class=\"wp-block-list\">\n<li><img loading=\"lazy\" decoding=\"async\" width=\"39\" height=\"39\" class=\"wp-image-289\" style=\"width: 39px;\" src=\"https:\/\/fc.uni.edu.pe\/wp-content\/uploads\/2021\/05\/contrato-icono-min.png\" alt=\"\"><a href=\"https:\/\/fc.uni.edu.pe\/wp-content\/uploads\/2023\/05\/SOLICITUD_SUFICIENCIA-PROFESIONAL.docx\">Solicitud<\/a> <img loading=\"lazy\" decoding=\"async\" width=\"28\" height=\"28\" class=\"wp-image-288\" style=\"width: 28px;\" src=\"https:\/\/fc.uni.edu.pe\/wp-content\/uploads\/2021\/05\/descarga-icono-min.png\" alt=\"\"> <\/li>\n\n\n\n<li><img loading=\"lazy\" decoding=\"async\" width=\"39\" height=\"39\" class=\"wp-image-289\" style=\"width: 39px;\" src=\"https:\/\/fc.uni.edu.pe\/wp-content\/uploads\/2021\/05\/contrato-icono-min.png\" alt=\"\"><a href=\"https:\/\/fc.uni.edu.pe\/wp-content\/uploads\/2023\/05\/FORMATO-DE-CONSTANCIA-DE-AUTENTICIDAD.docx\">Formato de Constancia de Autenticidad<\/a> <img loading=\"lazy\" decoding=\"async\" width=\"28\" height=\"28\" class=\"wp-image-288\" style=\"width: 28px;\" src=\"https:\/\/fc.uni.edu.pe\/wp-content\/uploads\/2021\/05\/descarga-icono-min.png\" alt=\"\"><\/li>\n\n\n\n<li><img loading=\"lazy\" decoding=\"async\" width=\"39\" height=\"39\" class=\"wp-image-289\" style=\"width: 39px;\" src=\"https:\/\/fc.uni.edu.pe\/wp-content\/uploads\/2021\/05\/contrato-icono-min.png\" alt=\"\"><a href=\"https:\/\/fc.uni.edu.pe\/wp-content\/uploads\/2023\/05\/FORMATO-DE-GENERACION-DE-ORDEN-DE-PAGO.docx\">Formato de Generaci\u00f3n de Orden de Pago<\/a> <img loading=\"lazy\" decoding=\"async\" width=\"28\" height=\"28\" class=\"wp-image-288\" style=\"width: 28px;\" src=\"https:\/\/fc.uni.edu.pe\/wp-content\/uploads\/2021\/05\/descarga-icono-min.png\" alt=\"\"><\/li>\n\n\n\n<li><img loading=\"lazy\" decoding=\"async\" width=\"39\" height=\"39\" class=\"wp-image-289\" style=\"width: 39px;\" src=\"https:\/\/fc.uni.edu.pe\/wp-content\/uploads\/2021\/05\/contrato-icono-min.png\" alt=\"\"><a href=\"https:\/\/fc.uni.edu.pe\/wp-content\/uploads\/2023\/05\/FORMATO-DE-PLAN-DE-TRABAJO.docx\">Formato de Plan de Trabajo<\/a> <img loading=\"lazy\" decoding=\"async\" width=\"28\" height=\"28\" class=\"wp-image-288\" style=\"width: 28px;\" src=\"https:\/\/fc.uni.edu.pe\/wp-content\/uploads\/2021\/05\/descarga-icono-min.png\" alt=\"\"><\/li>\n\n\n\n<li><img loading=\"lazy\" decoding=\"async\" width=\"39\" height=\"39\" class=\"wp-image-289\" style=\"width: 39px;\" src=\"https:\/\/fc.uni.edu.pe\/wp-content\/uploads\/2021\/05\/contrato-icono-min.png\" alt=\"\"><a href=\"https:\/\/fc.uni.edu.pe\/wp-content\/uploads\/2023\/05\/FORMATO-DE-RESUMEN-EJECUTIVO.docx\">Formato de Resumen Ejecutivo<\/a> <img loading=\"lazy\" decoding=\"async\" width=\"28\" height=\"28\" class=\"wp-image-288\" style=\"width: 28px;\" src=\"https:\/\/fc.uni.edu.pe\/wp-content\/uploads\/2021\/05\/descarga-icono-min.png\" alt=\"\"><\/li>\n<\/ul>\n\n\n\n<h2 class=\"wp-block-heading\" id=\"contacto\">Contacto<\/h2>\n\n\n\n<p class=\"item-contacto\"><strong>Mg. Carlos Paucarchuco Muzurrieta<\/strong><br>Jefe de la Oficina de Grados y T\u00edtulos<br><strong>E-mail:<\/strong> gradosytitulosfc@uni.edu.pe \/ jefatura.gradosytitulosfc@uni.edu.pe<br><strong>Tel\u00e9fono: <\/strong>481-1070 anexo 5039<\/p>\n","protected":false},"excerpt":{"rendered":"<p>For the moment, this information will be displayed only in spanish. La Oficina de Grados y T\u00edtulos es una oficina de gesti\u00f3n administrativa que tiene como finalidad gestionar el grado acad\u00e9mico de Bachiller y T\u00edtulo Profesional de sus egresados, detall\u00e1ndoles los requisitos y los procedimientos que deben cumplir para la obtenci\u00f3n del grado o t\u00edtulo [&hellip;]<\/p>\n","protected":false},"author":1,"featured_media":0,"parent":537,"menu_order":0,"comment_status":"closed","ping_status":"closed","template":"","meta":{"footnotes":""},"class_list":["post-517","page","type-page","status-publish","hentry"],"_links":{"self":[{"href":"https:\/\/devcc.site\/en\/wp-json\/wp\/v2\/pages\/517","targetHints":{"allow":["GET"]}}],"collection":[{"href":"https:\/\/devcc.site\/en\/wp-json\/wp\/v2\/pages"}],"about":[{"href":"https:\/\/devcc.site\/en\/wp-json\/wp\/v2\/types\/page"}],"author":[{"embeddable":true,"href":"https:\/\/devcc.site\/en\/wp-json\/wp\/v2\/users\/1"}],"replies":[{"embeddable":true,"href":"https:\/\/devcc.site\/en\/wp-json\/wp\/v2\/comments?post=517"}],"version-history":[{"count":106,"href":"https:\/\/devcc.site\/en\/wp-json\/wp\/v2\/pages\/517\/revisions"}],"predecessor-version":[{"id":7532,"href":"https:\/\/devcc.site\/en\/wp-json\/wp\/v2\/pages\/517\/revisions\/7532"}],"up":[{"embeddable":true,"href":"https:\/\/devcc.site\/en\/wp-json\/wp\/v2\/pages\/537"}],"wp:attachment":[{"href":"https:\/\/devcc.site\/en\/wp-json\/wp\/v2\/media?parent=517"}],"curies":[{"name":"wp","href":"https:\/\/api.w.org\/{rel}","templated":true}]}}