{"id":514,"date":"2021-05-23T02:18:48","date_gmt":"2021-05-23T02:18:48","guid":{"rendered":"http:\/\/localhost\/fcuni\/?page_id=514"},"modified":"2025-07-18T15:22:58","modified_gmt":"2025-07-18T20:22:58","slug":"estadistica","status":"publish","type":"page","link":"https:\/\/devcc.site\/en\/estadistica\/","title":{"rendered":"\u00c1rea de Estad\u00edstica y Registros Acad\u00e9micos (AERA)"},"content":{"rendered":"<div class=\"wp-block-group\"><div class=\"wp-block-group__inner-container is-layout-constrained wp-block-group-is-layout-constrained\">\n<p class=\"has-background\" style=\"background-color:#dddddd\">We are currently working on update this information. For the moment, this section will be displayed  in spanish. <\/p>\n<\/div><\/div>\n\n\n<p>El \u00c1rea de Estad\u00edstica y Registros Acad\u00e9micos de la Facultad de Ciencias es un \u00f3rgano de apoyo administrativo, encargado de centralizar, verificar y custodiar la documentaci\u00f3n acad\u00e9mica de la Facultad.<\/p>\n\n\n\n<p><strong>Actividades que se realizan<\/strong><\/p>\n\n\n\n<div class=\"wp-block-columns objetivos is-layout-flex wp-container-core-columns-is-layout-9d6595d7 wp-block-columns-is-layout-flex\">\n<div class=\"wp-block-column is-layout-flow wp-block-column-is-layout-flow\">\n<h2 class=\"wp-block-heading\">Procesos de matr\u00edcula<\/h2>\n\n\n\n<p>Planificar, atender y supervisar los procedimientos de la matr\u00edcula en cada semestre Acad\u00e9mico de acuerdo al Reglamento de Matr\u00edcula de estudiantes de antegrado vigente.<\/p>\n\n\n\n<ul class=\"wp-block-list\">\n<li>Matr\u00edcula (ingresantes, regular, condicionada y rezagada).<\/li>\n\n\n\n<li>Reincorporaci\u00f3n.<\/li>\n\n\n\n<li>Grupo cero de Matr\u00edcula.<\/li>\n\n\n\n<li>Matr\u00edcula Condicionada.<\/li>\n\n\n\n<li>Matr\u00edcula Preferencial.<\/li>\n\n\n\n<li>Reserva de Matr\u00edcula.<\/li>\n\n\n\n<li>Retiros (Parciales, Totales y Definitivos).<\/li>\n<\/ul>\n<\/div>\n\n\n\n<div class=\"wp-block-column is-layout-flow wp-block-column-is-layout-flow\">\n<h2 class=\"wp-block-heading\">Procesos de evaluaci\u00f3n<\/h2>\n\n\n\n<p>Supervisar e informar el cumplimiento de los procedimientos que regulan el sistema de calificaci\u00f3n de acuerdo al Reglamento de Evaluaci\u00f3n para estudiantes de antegrado vigente.<\/p>\n\n\n\n<ul class=\"wp-block-list\">\n<li>Supervisar el registro de notas de pr\u00e1cticas, ex\u00e1menes y solucionario.<\/li>\n\n\n\n<li>Supervisi\u00f3n en la atenci\u00f3n de los reclamos de notas de los estudiantes.<\/li>\n\n\n\n<li>Informar sobre las faltas en la entrega oportuna de notas por parte de los docentes.<\/li>\n\n\n\n<li>Gestionar el registro de nota del Examen de Regularizaci\u00f3n.<\/li>\n<\/ul>\n<\/div>\n\n\n\n<div class=\"wp-block-column is-layout-flow wp-block-column-is-layout-flow\">\n<h2 class=\"wp-block-heading\">Otras Actividades<\/h2>\n\n\n\n<ul class=\"wp-block-list\">\n<li>Coordinar el tr\u00e1mite de los carn\u00e9s universitarios.<\/li>\n\n\n\n<li>Elaborar las Constancias de Notas y\/o Matr\u00edcula.<\/li>\n\n\n\n<li>Verificar la informaci\u00f3n de los Certificados de notas, Constancias de Egresado y  Constancias de No Adeudos emitidas por la DIRCE.<\/li>\n\n\n\n<li>Entrega reportes y estad\u00edsticas a las diferentes oficinas de la Facultad para su evaluaci\u00f3n y toma de decisiones.<\/li>\n\n\n\n<li>Realizar el estudio de las deudas por Decreto Legislativo 739 (Derecho de la Ense\u00f1anza) e informar al estudiante para que cumplan con la cancelaci\u00f3n respectiva.<\/li>\n<\/ul>\n<\/div>\n<\/div>\n\n\n\n<h2 class=\"wp-block-heading\">Contacto<\/h2>\n\n\n\n<p class=\"item-contacto\"><strong>Jefe: <\/strong>Dr. R\u00f3sulo Hilari\u00f3n P\u00e9rez Cupe<br><strong>Secretarias:<\/strong> Elizabeth Roxana Almonacid Garc\u00eda \/ Jackelin Mishel Jara Zorrilla <br><strong>E-mail:<\/strong> estadistica_fc@uni.edu.pe<br><strong>Tel\u00e9fono:<\/strong> 481-1070 anexos 5011 \/ 5023<\/p>\n","protected":false},"excerpt":{"rendered":"<p>El \u00c1rea de Estad\u00edstica y Registros Acad\u00e9micos de la Facultad de Ciencias es un \u00f3rgano de apoyo administrativo, encargado de centralizar, verificar y custodiar la documentaci\u00f3n acad\u00e9mica de la Facultad. Actividades que se realizan Procesos de matr\u00edcula Planificar, atender y supervisar los procedimientos de la matr\u00edcula en cada semestre Acad\u00e9mico de acuerdo al Reglamento de [&hellip;]<\/p>\n","protected":false},"author":1,"featured_media":0,"parent":0,"menu_order":0,"comment_status":"closed","ping_status":"closed","template":"","meta":{"footnotes":""},"class_list":["post-514","page","type-page","status-publish","hentry"],"_links":{"self":[{"href":"https:\/\/devcc.site\/en\/wp-json\/wp\/v2\/pages\/514","targetHints":{"allow":["GET"]}}],"collection":[{"href":"https:\/\/devcc.site\/en\/wp-json\/wp\/v2\/pages"}],"about":[{"href":"https:\/\/devcc.site\/en\/wp-json\/wp\/v2\/types\/page"}],"author":[{"embeddable":true,"href":"https:\/\/devcc.site\/en\/wp-json\/wp\/v2\/users\/1"}],"replies":[{"embeddable":true,"href":"https:\/\/devcc.site\/en\/wp-json\/wp\/v2\/comments?post=514"}],"version-history":[{"count":38,"href":"https:\/\/devcc.site\/en\/wp-json\/wp\/v2\/pages\/514\/revisions"}],"predecessor-version":[{"id":7296,"href":"https:\/\/devcc.site\/en\/wp-json\/wp\/v2\/pages\/514\/revisions\/7296"}],"wp:attachment":[{"href":"https:\/\/devcc.site\/en\/wp-json\/wp\/v2\/media?parent=514"}],"curies":[{"name":"wp","href":"https:\/\/api.w.org\/{rel}","templated":true}]}}