{"id":499,"date":"2021-05-23T01:41:50","date_gmt":"2021-05-23T01:41:50","guid":{"rendered":"http:\/\/localhost\/fcuni\/?page_id=499"},"modified":"2024-07-03T19:19:07","modified_gmt":"2024-07-04T00:19:07","slug":"servicios","status":"publish","type":"page","link":"https:\/\/devcc.site\/en\/investigacion\/servicios\/","title":{"rendered":"Servicios"},"content":{"rendered":"\n<div class=\"wp-block-columns is-layout-flex wp-container-core-columns-is-layout-9d6595d7 wp-block-columns-is-layout-flex\">\n<div class=\"wp-block-column is-layout-flow wp-block-column-is-layout-flow\" style=\"flex-basis:66.66%\">\n<p>La facultad ofrece una variedad de servicios tecnol\u00f3gicos, capacitaciones, an\u00e1lisis, material did\u00e1ctico, asesor\u00edas y pruebas piloto, a partir de su disponibilidad de RRHH, infraestructura y equipos especializados en las \u00e1reas de ciencia de materiales, qu\u00edmica, energ\u00edas renovables, optimizaci\u00f3n, inteligencia artificial e instrumentaci\u00f3n de precisi\u00f3n.<\/p>\n\n\n\n<div class=\"wp-block-media-text\" style=\"grid-template-columns:25% auto\"><figure class=\"wp-block-media-text__media\"><img loading=\"lazy\" decoding=\"async\" width=\"126\" height=\"51\" src=\"https:\/\/fc.uni.edu.pe\/wp-content\/uploads\/2021\/05\/labicer-marca.jpg\" alt=\"\" class=\"wp-image-43 size-full\"\/><\/figure><div class=\"wp-block-media-text__content\">\n<p><strong>LABICER<\/strong><\/p>\n\n\n\n<p>El LABICER FC-UNI ofrece servicios tecnol\u00f3gicos en las \u00e1reas de Miner\u00eda, Construcci\u00f3n, Industrial, Medio Ambiente, Hidrocarburos, Alimentos, Farmaindustria, entre otros. <\/p>\n\n\n\n<div class=\"wp-block-buttons is-layout-flex wp-block-buttons-is-layout-flex\">\n<div class=\"wp-block-button has-custom-font-size has-small-font-size\"><a class=\"wp-block-button__link wp-element-button\" href=\"https:\/\/fc.uni.edu.pe\/investigacion\/servicios\/labicer\/\" style=\"border-radius:20px\">Conoce todos los servicios<\/a><\/div>\n<\/div>\n<\/div><\/div>\n\n\n\n<div style=\"height:40px\" aria-hidden=\"true\" class=\"wp-block-spacer\"><\/div>\n\n\n\n<div class=\"wp-block-media-text\" style=\"grid-template-columns:25% auto\"><figure class=\"wp-block-media-text__media\"><img decoding=\"async\" src=\"https:\/\/fc.uni.edu.pe\/wp-content\/uploads\/2024\/06\/modelamiento_labosin.jpg\" alt=\"\" class=\"wp-image-5232 size-full\"\/><\/figure><div class=\"wp-block-media-text__content\">\n<p><strong>Laboratorio de Simulaci\u00f3n e Investigaci\u00f3n Num\u00e9rica (LABOSIN)<\/strong><\/p>\n\n\n\n<p>Ofrecemos servicios de modelaci\u00f3n matem\u00e1tica orientada a la mec\u00e1nica de fluidos, s\u00f3lidos, resistencia de materiales, transferencia de calor, electromagnetismo y comportamiento de propagaci\u00f3n epidemiol\u00f3gica. <\/p>\n\n\n\n<div class=\"wp-block-buttons is-layout-flex wp-block-buttons-is-layout-flex\">\n<div class=\"wp-block-button has-custom-font-size has-small-font-size\"><a class=\"wp-block-button__link wp-element-button\" href=\"https:\/\/fc.uni.edu.pe\/investigacion\/servicios\/labosin\/\" style=\"border-radius:20px\">Conoce todos los servicios<\/a><\/div>\n<\/div>\n<\/div><\/div>\n\n\n\n<div style=\"height:40px\" aria-hidden=\"true\" class=\"wp-block-spacer\"><\/div>\n\n\n\n<div class=\"wp-block-media-text\" style=\"grid-template-columns:25% auto\"><figure class=\"wp-block-media-text__media\"><img decoding=\"async\" src=\"https:\/\/fc.uni.edu.pe\/wp-content\/uploads\/2024\/06\/foto_laser-1.png\" alt=\"\" class=\"wp-image-5260 size-full\"\/><\/figure><div class=\"wp-block-media-text__content\">\n<p><strong>Laboratorio de F\u00edsica General<\/strong><\/p>\n\n\n\n<p>Ofrecemos la fabricaci\u00f3n de equipos b\u00e1sicos de laboratorio a nivel escolar y superior. Adem\u00e1s, brindamos cursos de actualizaci\u00f3n a docentes en temas de f\u00edsica general y realizamos pr\u00e1cticas de laboratorio de f\u00edsica general para institutos superiores y universidades.<\/p>\n\n\n\n<div class=\"wp-block-buttons is-layout-flex wp-block-buttons-is-layout-flex\">\n<div class=\"wp-block-button has-custom-font-size has-small-font-size\"><a class=\"wp-block-button__link wp-element-button\" href=\"https:\/\/fc.uni.edu.pe\/investigacion\/servicios\/laboratorio-de-fisica-general\/\" style=\"border-radius:20px\">Conoce todos los servicios<\/a><\/div>\n<\/div>\n<\/div><\/div>\n\n\n\n<div style=\"height:40px\" aria-hidden=\"true\" class=\"wp-block-spacer\"><\/div>\n\n\n\n<div class=\"wp-block-media-text\" style=\"grid-template-columns:25% auto\"><figure class=\"wp-block-media-text__media\"><img decoding=\"async\" src=\"https:\/\/fc.uni.edu.pe\/wp-content\/uploads\/2024\/06\/matraz_foto-1.jpg\" alt=\"\" class=\"wp-image-5257 size-full\"\/><\/figure><div class=\"wp-block-media-text__content\">\n<p><strong>Laboratorio de Qu\u00edmica Anal\u00edtica e Instrumental<\/strong><\/p>\n\n\n\n<p>Ofrecemos servicios de an\u00e1lisis volum\u00e9trico e instrumental de muestras l\u00edquidas y s\u00f3lidas, an\u00e1lisis qu\u00edmico de minerales mediante absorci\u00f3n at\u00f3mica, y an\u00e1lisis de alimentos.<\/p>\n\n\n\n<div class=\"wp-block-buttons is-layout-flex wp-block-buttons-is-layout-flex\">\n<div class=\"wp-block-button has-custom-font-size has-small-font-size\"><a class=\"wp-block-button__link wp-element-button\" href=\"https:\/\/fc.uni.edu.pe\/investigacion\/servicios\/laboratorio-de-fisica-general\/\" style=\"border-radius:20px\">Conoce todos los servicios<\/a><\/div>\n<\/div>\n<\/div><\/div>\n\n\n\n<div style=\"height:40px\" aria-hidden=\"true\" class=\"wp-block-spacer\"><\/div>\n\n\n\n<div class=\"wp-block-media-text\" style=\"grid-template-columns:25% auto\"><figure class=\"wp-block-media-text__media\"><img decoding=\"async\" src=\"https:\/\/fc.uni.edu.pe\/wp-content\/uploads\/2024\/06\/inorganico_foto.png\" alt=\"\" class=\"wp-image-5240 size-full\"\/><\/figure><div class=\"wp-block-media-text__content\">\n<p><strong>Laboratorio de Qu\u00edmica Inorg\u00e1nica<\/strong><\/p>\n\n\n\n<p>Efectuamos trabajos de Investigaci\u00f3n sobre aislamiento y caracterizaci\u00f3n de aceites esenciales, elementos activos de algunas plantas y productos naturales propios del pa\u00eds.<\/p>\n\n\n\n<div class=\"wp-block-buttons is-layout-flex wp-block-buttons-is-layout-flex\">\n<div class=\"wp-block-button has-custom-font-size has-small-font-size\"><a class=\"wp-block-button__link wp-element-button\" href=\"https:\/\/fc.uni.edu.pe\/investigacion\/servicios\/laboratorio-de-quimica-inorganica\/\" style=\"border-radius:20px\">Conoce todos los servicios<\/a><\/div>\n<\/div>\n<\/div><\/div>\n\n\n\n<div style=\"height:40px\" aria-hidden=\"true\" class=\"wp-block-spacer\"><\/div>\n\n\n\n<div class=\"wp-block-media-text\" style=\"grid-template-columns:25% auto\"><figure class=\"wp-block-media-text__media\"><img decoding=\"async\" src=\"https:\/\/fc.uni.edu.pe\/wp-content\/uploads\/2024\/06\/microscopia_foto.jpg\" alt=\"\" class=\"wp-image-5241 size-full\"\/><\/figure><div class=\"wp-block-media-text__content\">\n<p><strong>Laboratorio de F\u00edsica<\/strong><\/p>\n\n\n\n<p>Ofrecemos servicios de caracterizaci\u00f3n \u00f3ptica de pel\u00edculas y fibras \u00f3pticas, holograf\u00eda, metalizaci\u00f3n de superficies, y caracterizaci\u00f3n de materiales fotovoltaicos y paneles solares.  <\/p>\n\n\n\n<div class=\"wp-block-buttons is-layout-flex wp-block-buttons-is-layout-flex\">\n<div class=\"wp-block-button has-custom-font-size has-small-font-size\"><a class=\"wp-block-button__link wp-element-button\" href=\"https:\/\/fc.uni.edu.pe\/investigacion\/servicios\/laboratorio-de-fisica\/\" style=\"border-radius:20px\">Conoce todos los servicios<\/a><\/div>\n<\/div>\n<\/div><\/div>\n\n\n\n<div style=\"height:40px\" aria-hidden=\"true\" class=\"wp-block-spacer\"><\/div>\n<\/div>\n\n\n\n<div class=\"wp-block-column is-layout-flow wp-block-column-is-layout-flow\" style=\"flex-basis:33.33%\">\n<div class=\"wp-block-columns alignwide is-layout-flex wp-container-core-columns-is-layout-829b1d53 wp-block-columns-is-layout-flex\" style=\"margin-bottom:0\">\n<div class=\"wp-block-column has-text-color has-background has-link-color wp-elements-9af1b1c749fd678b829f35da824ef994 is-layout-flow wp-block-column-is-layout-flow\" style=\"color:#000000;background-color:#e7e7e7;padding-top:2em;padding-right:2em;padding-bottom:2em;padding-left:2em\">\n<h2 class=\"wp-block-heading has-black-color has-text-color has-link-color wp-elements-ca650c7dd03e5e9561a3b16abf5f7465\" id=\"single\" style=\"font-size:20px\"><strong>M\u00e1s informaci\u00f3n<\/strong><\/h2>\n\n\n<\/div>\n<\/div>\n\n\n\n<div class=\"wp-block-columns alignwide is-layout-flex wp-container-core-columns-is-layout-829b1d53 wp-block-columns-is-layout-flex\" style=\"margin-bottom:0\">\n<div class=\"wp-block-column has-white-background-color has-text-color has-background has-link-color wp-elements-04b17e7110c617c3b321f8385644b1f9 is-layout-flow wp-block-column-is-layout-flow\" style=\"color:#000000;padding-top:2em;padding-right:2em;padding-bottom:2em;padding-left:2em\"><h2 class=\"wp-block-heading has-black-color has-text-color has-link-color wp-elements-5bbb62aca8f4f02cc39819257b246dc8\" id=\"single\" style=\"font-size:20px\"><strong>Eventos<\/strong> cient\u00edficos<\/h2>\n\n\n<ul class=\"wp-block-latest-posts__list has-link-color bullet-links wp-elements-d1fbb039474d2d6592128aac7caf5d32 wp-block-latest-posts has-text-color has-black-color\"><li><a class=\"wp-block-latest-posts__post-title\" href=\"https:\/\/devcc.site\/en\/2025\/12\/10\/deshidrogenacion-oxidativa-de-etano-odh-de-etano-con-oxidos-metalicos-en-atmosfera-de-co%e2%82%82-hacia-una-economia-circular\/\">Deshidrogenaci\u00f3n oxidativa de etano (ODH) de etano con \u00f3xidos met\u00e1licos en atm\u00f3sfera de CO\u2082: hacia una econom\u00eda circular<\/a><\/li>\n<li><a class=\"wp-block-latest-posts__post-title\" href=\"https:\/\/devcc.site\/en\/2025\/11\/28\/curso-estadistica-aplicada-en-procedimientos-de-quimica-analitica-en-la-industria-2\/\">Curso: Estad\u00edstica aplicada en procedimientos de qu\u00edmica anal\u00edtica en la industria<\/a><\/li>\n<li><a class=\"wp-block-latest-posts__post-title\" href=\"https:\/\/devcc.site\/en\/2025\/11\/05\/modelos-generativos-de-ia-y-sus-aplicaciones\/\">Modelos Generativos de IA y sus Aplicaciones<\/a><\/li>\n<li><a class=\"wp-block-latest-posts__post-title\" href=\"https:\/\/devcc.site\/en\/2025\/10\/15\/nuevas-sorpresas-de-la-mecanica-cuantica-y-los-premios-nobel-2025-de-fisica-y-de-quimica\/\">Nuevas sorpresas de la Mec\u00e1nica Cu\u00e1ntica y los Premios Nobel 2025 de F\u00edsica y de Qu\u00edmica<\/a><\/li>\n<\/ul><\/div>\n<\/div>\n<\/div>\n<\/div>\n","protected":false},"excerpt":{"rendered":"<p>La facultad ofrece una variedad de servicios tecnol\u00f3gicos, capacitaciones, an\u00e1lisis, material did\u00e1ctico, asesor\u00edas y pruebas piloto, a partir de su disponibilidad de RRHH, infraestructura y equipos especializados en las \u00e1reas de ciencia de materiales, qu\u00edmica, energ\u00edas renovables, optimizaci\u00f3n, inteligencia artificial e instrumentaci\u00f3n de precisi\u00f3n. LABICER El LABICER FC-UNI ofrece servicios tecnol\u00f3gicos en las \u00e1reas de [&hellip;]<\/p>\n","protected":false},"author":1,"featured_media":0,"parent":488,"menu_order":0,"comment_status":"closed","ping_status":"closed","template":"","meta":{"footnotes":""},"class_list":["post-499","page","type-page","status-publish","hentry"],"_links":{"self":[{"href":"https:\/\/devcc.site\/en\/wp-json\/wp\/v2\/pages\/499","targetHints":{"allow":["GET"]}}],"collection":[{"href":"https:\/\/devcc.site\/en\/wp-json\/wp\/v2\/pages"}],"about":[{"href":"https:\/\/devcc.site\/en\/wp-json\/wp\/v2\/types\/page"}],"author":[{"embeddable":true,"href":"https:\/\/devcc.site\/en\/wp-json\/wp\/v2\/users\/1"}],"replies":[{"embeddable":true,"href":"https:\/\/devcc.site\/en\/wp-json\/wp\/v2\/comments?post=499"}],"version-history":[{"count":34,"href":"https:\/\/devcc.site\/en\/wp-json\/wp\/v2\/pages\/499\/revisions"}],"predecessor-version":[{"id":5692,"href":"https:\/\/devcc.site\/en\/wp-json\/wp\/v2\/pages\/499\/revisions\/5692"}],"up":[{"embeddable":true,"href":"https:\/\/devcc.site\/en\/wp-json\/wp\/v2\/pages\/488"}],"wp:attachment":[{"href":"https:\/\/devcc.site\/en\/wp-json\/wp\/v2\/media?parent=499"}],"curies":[{"name":"wp","href":"https:\/\/api.w.org\/{rel}","templated":true}]}}