{"id":4714,"date":"2024-06-05T10:12:52","date_gmt":"2024-06-05T15:12:52","guid":{"rendered":"https:\/\/fc.uni.edu.pe\/?page_id=4714"},"modified":"2024-06-10T23:05:35","modified_gmt":"2024-06-11T04:05:35","slug":"tutoria","status":"publish","type":"page","link":"https:\/\/devcc.site\/en\/estudios-de-grado\/tutoria\/","title":{"rendered":"Tutor\u00eda"},"content":{"rendered":"\n<div class=\"wp-block-columns is-layout-flex wp-container-core-columns-is-layout-9d6595d7 wp-block-columns-is-layout-flex\">\n<div class=\"wp-block-column is-layout-flow wp-block-column-is-layout-flow\" style=\"flex-basis:66.66%\">\n<p>El Programa de Tutor\u00eda tiene como objetivo contribuir a mejorar el rendimiento acad\u00e9mico de los estudiantes en riesgo acad\u00e9mico, para prevenir o tratar de evitar su separaci\u00f3n temporal o retiro definitivo de la UNI. Un estudiante en riesgo acad\u00e9mico es aquel que ha desaprobado por segunda vez una asignatura y por tal motivo la tutor\u00eda es obligatoria.<\/p>\n\n\n\n<p class=\"has-medium-font-size\"><strong>Apoyos que brinda el programa<\/strong><\/p>\n\n\n\n<ul class=\"wp-block-list\">\n<li><strong>Docente Tutor:<\/strong> Brindar\u00e1 ayuda y alternativas de soluci\u00f3n para superar el riesgo acad\u00e9mico, las asesor\u00edas se realizar\u00e1n de manera presencial y se coordinan mediante correo electr\u00f3nico.<\/li>\n\n\n\n<li><strong>Ayudant\u00eda Solidaria:<\/strong> Brindar\u00e1 talleres de reforzamiento de pr\u00e1cticas y ex\u00e1menes pasado u otros ejercicios, para que adquieran confianza al enfrentar las evaluaciones, que les permitir\u00e1n mejorar en las competencias acad\u00e9micas.<\/li>\n\n\n\n<li><strong>Servicio Psicol\u00f3gico:<\/strong> Brindar\u00e1 orientaci\u00f3n personalizada mediante entrevistas y talleres presenciales o virtuales.<\/li>\n<\/ul>\n\n\n\n<p class=\"has-medium-font-size\"><strong>Estudiantes en riesgo acad\u00e9mico<\/strong><\/p>\n\n\n\n<p>Antes de las fechas de matr\u00edcula general en la UNI, los estudiantes en riesgo acad\u00e9mico tienen que pasar por el Programa de Tutor\u00eda para que sean matriculados en los cursos en los que se encuentran en riesgo acad\u00e9mico, de lo contrario <strong>no <\/strong>podr\u00e1n realizar una matr\u00edcula regular.<\/p>\n\n\n\n<div class=\"wp-block-columns is-layout-flex wp-container-core-columns-is-layout-9d6595d7 wp-block-columns-is-layout-flex\">\n<div class=\"wp-block-column is-layout-flow wp-block-column-is-layout-flow\"><\/div>\n\n\n\n<div class=\"wp-block-column is-layout-flow wp-block-column-is-layout-flow\"><\/div>\n\n\n\n<div class=\"wp-block-column is-layout-flow wp-block-column-is-layout-flow\"><\/div>\n<\/div>\n\n\n\n<div class=\"wp-block-media-text is-stacked-on-mobile\" style=\"grid-template-columns:18% auto\"><figure class=\"wp-block-media-text__media\"><img loading=\"lazy\" decoding=\"async\" width=\"700\" height=\"500\" src=\"https:\/\/fc.uni.edu.pe\/wp-content\/uploads\/2021\/05\/imagen-defecto-min.jpg\" alt=\"\" class=\"wp-image-80 size-full\" srcset=\"https:\/\/devcc.site\/wp-content\/uploads\/2021\/05\/imagen-defecto-min.jpg 700w, https:\/\/devcc.site\/wp-content\/uploads\/2021\/05\/imagen-defecto-min-300x214.jpg 300w\" sizes=\"auto, (max-width: 700px) 100vw, 700px\" \/><\/figure><div class=\"wp-block-media-text__content\">\n<hr class=\"wp-block-separator has-alpha-channel-opacity\"\/>\n\n\n\n<p class=\"has-medium-font-size\"><strong>Contacto<\/strong><\/p>\n\n\n\n<p style=\"letter-spacing:0px\"><strong>PROGRAMA DE TUTOR\u00cdA<\/strong><br><strong>Correo:<\/strong> tutoriafc@uni.edu.pe<br><strong>Tel\u00e9fono: <\/strong>481-1070 anexo 5039<\/p>\n\n\n\n<p class=\"has-small-font-size\">Se comparte anexo con la Unidad de Planificaci\u00f3n, indicar que se desea contactar con el Programa de Tutor\u00eda.<\/p>\n\n\n\n<hr class=\"wp-block-separator has-alpha-channel-opacity\"\/>\n<\/div><\/div>\n\n\n\n<div class=\"wp-block-columns has-white-background-color has-background is-layout-flex wp-container-core-columns-is-layout-9d6595d7 wp-block-columns-is-layout-flex\">\n<div class=\"wp-block-column is-layout-flow wp-block-column-is-layout-flow\">\n<div class=\"wp-block-columns alignwide is-layout-flex wp-container-core-columns-is-layout-829b1d53 wp-block-columns-is-layout-flex\" style=\"margin-bottom:0\">\n<div class=\"wp-block-column has-white-background-color has-text-color has-background has-link-color wp-elements-d326743ab4d19c7478f16f354f24c85d is-layout-flow wp-block-column-is-layout-flow\" style=\"color:#000000;padding-top:2em;padding-right:2em;padding-bottom:2em;padding-left:2em\"><\/div>\n<\/div>\n<\/div>\n\n\n\n<div class=\"wp-block-column is-layout-flow wp-block-column-is-layout-flow\"><\/div>\n<\/div>\n<\/div>\n\n\n\n<div class=\"wp-block-column is-layout-flow wp-block-column-is-layout-flow\" style=\"flex-basis:33.33%\">\n<div class=\"wp-block-columns alignwide is-layout-flex wp-container-core-columns-is-layout-829b1d53 wp-block-columns-is-layout-flex\" style=\"margin-bottom:0\">\n<div class=\"wp-block-column has-text-color has-background has-link-color wp-elements-0c4084c14196369c25ace428b98096f3 is-layout-flow wp-block-column-is-layout-flow\" style=\"color:#000000;background-color:#e7e7e7;padding-top:2em;padding-right:2em;padding-bottom:2em;padding-left:2em\">\n<h2 class=\"wp-block-heading\" id=\"single\" style=\"font-size:20px\"><strong>M\u00e1s informaci\u00f3n<\/strong><\/h2>\n\n\n<\/div>\n<\/div>\n\n\n\n<div class=\"wp-block-columns alignwide is-layout-flex wp-container-core-columns-is-layout-829b1d53 wp-block-columns-is-layout-flex\" style=\"margin-bottom:0\">\n<div class=\"wp-block-column has-white-background-color has-text-color has-background has-link-color wp-elements-04b17e7110c617c3b321f8385644b1f9 is-layout-flow wp-block-column-is-layout-flow\" style=\"color:#000000;padding-top:2em;padding-right:2em;padding-bottom:2em;padding-left:2em\"><h2 class=\"wp-block-heading has-black-color has-text-color has-link-color wp-elements-5bbb62aca8f4f02cc39819257b246dc8\" id=\"single\" style=\"font-size:20px\"><strong>Eventos<\/strong> cient\u00edficos<\/h2>\n\n\n<ul class=\"wp-block-latest-posts__list has-link-color bullet-links wp-elements-d1fbb039474d2d6592128aac7caf5d32 wp-block-latest-posts has-text-color has-black-color\"><li><a class=\"wp-block-latest-posts__post-title\" href=\"https:\/\/devcc.site\/en\/2025\/12\/10\/deshidrogenacion-oxidativa-de-etano-odh-de-etano-con-oxidos-metalicos-en-atmosfera-de-co%e2%82%82-hacia-una-economia-circular\/\">Deshidrogenaci\u00f3n oxidativa de etano (ODH) de etano con \u00f3xidos met\u00e1licos en atm\u00f3sfera de CO\u2082: hacia una econom\u00eda circular<\/a><\/li>\n<li><a class=\"wp-block-latest-posts__post-title\" href=\"https:\/\/devcc.site\/en\/2025\/11\/28\/curso-estadistica-aplicada-en-procedimientos-de-quimica-analitica-en-la-industria-2\/\">Curso: Estad\u00edstica aplicada en procedimientos de qu\u00edmica anal\u00edtica en la industria<\/a><\/li>\n<li><a class=\"wp-block-latest-posts__post-title\" href=\"https:\/\/devcc.site\/en\/2025\/11\/05\/modelos-generativos-de-ia-y-sus-aplicaciones\/\">Modelos Generativos de IA y sus Aplicaciones<\/a><\/li>\n<li><a class=\"wp-block-latest-posts__post-title\" href=\"https:\/\/devcc.site\/en\/2025\/10\/15\/nuevas-sorpresas-de-la-mecanica-cuantica-y-los-premios-nobel-2025-de-fisica-y-de-quimica\/\">Nuevas sorpresas de la Mec\u00e1nica Cu\u00e1ntica y los Premios Nobel 2025 de F\u00edsica y de Qu\u00edmica<\/a><\/li>\n<\/ul><\/div>\n<\/div>\n<\/div>\n<\/div>\n\n\n\n<p><\/p>\n","protected":false},"excerpt":{"rendered":"<p>El Programa de Tutor\u00eda tiene como objetivo contribuir a mejorar el rendimiento acad\u00e9mico de los estudiantes en riesgo acad\u00e9mico, para prevenir o tratar de evitar su separaci\u00f3n temporal o retiro definitivo de la UNI. Un estudiante en riesgo acad\u00e9mico es aquel que ha desaprobado por segunda vez una asignatura y por tal motivo la tutor\u00eda [&hellip;]<\/p>\n","protected":false},"author":1,"featured_media":0,"parent":537,"menu_order":0,"comment_status":"closed","ping_status":"closed","template":"","meta":{"footnotes":""},"class_list":["post-4714","page","type-page","status-publish","hentry"],"_links":{"self":[{"href":"https:\/\/devcc.site\/en\/wp-json\/wp\/v2\/pages\/4714","targetHints":{"allow":["GET"]}}],"collection":[{"href":"https:\/\/devcc.site\/en\/wp-json\/wp\/v2\/pages"}],"about":[{"href":"https:\/\/devcc.site\/en\/wp-json\/wp\/v2\/types\/page"}],"author":[{"embeddable":true,"href":"https:\/\/devcc.site\/en\/wp-json\/wp\/v2\/users\/1"}],"replies":[{"embeddable":true,"href":"https:\/\/devcc.site\/en\/wp-json\/wp\/v2\/comments?post=4714"}],"version-history":[{"count":38,"href":"https:\/\/devcc.site\/en\/wp-json\/wp\/v2\/pages\/4714\/revisions"}],"predecessor-version":[{"id":5412,"href":"https:\/\/devcc.site\/en\/wp-json\/wp\/v2\/pages\/4714\/revisions\/5412"}],"up":[{"embeddable":true,"href":"https:\/\/devcc.site\/en\/wp-json\/wp\/v2\/pages\/537"}],"wp:attachment":[{"href":"https:\/\/devcc.site\/en\/wp-json\/wp\/v2\/media?parent=4714"}],"curies":[{"name":"wp","href":"https:\/\/api.w.org\/{rel}","templated":true}]}}