{"id":465,"date":"2021-05-22T22:27:14","date_gmt":"2021-05-22T22:27:14","guid":{"rendered":"http:\/\/localhost\/fcuni\/?page_id=465"},"modified":"2025-01-08T00:02:22","modified_gmt":"2025-01-08T05:02:22","slug":"doctorado-fisica","status":"publish","type":"page","link":"https:\/\/devcc.site\/en\/posgrado\/doctorados\/doctorado-fisica\/","title":{"rendered":"Doctorado F\u00edsica"},"content":{"rendered":"<div class=\"wp-block-group\"><div class=\"wp-block-group__inner-container is-layout-constrained wp-block-group-is-layout-constrained\">\n<p class=\"has-background\" style=\"background-color:#dddddd\">We are currently working on update this information. For the moment, this section will be displayed  in spanish. <\/p>\n<\/div><\/div>\n\n\n<h2 class=\"wp-block-heading\">Temario <sup><span class=\"has-inline-color has-cyan-bluish-gray-color\">(Temario para el examen de Admisi\u00f3n 2021-1)<\/span><\/sup><\/h2>\n\n\n\n<ol class=\"wp-block-list\">\n<li><strong>Electrodin\u00e1mica Cl\u00e1sica<\/strong><br>Ecuaciones de Maxwell. Ecuaciones de Maxwell dependientes del tiempo. Potenciales electromagn\u00e9ticos. Formulaci\u00f3n covariante de la electrodin\u00e1mica. La funci\u00f3n diel\u00e9ctrica compleja. Propagaci\u00f3n de ondas en medios dispersivos y conductores. Reflexi\u00f3n y refracci\u00f3n de ondas electromagn\u00e9ticas en una interfaz plana. Radiaci\u00f3n.<\/li>\n\n\n\n<li><strong>Mec\u00e1nica Cl\u00e1sica<\/strong><br>Mec\u00e1nica Newtoniana. Formulaci\u00f3n lagrangiana. Principios variacionales. Leyes de conservaci\u00f3n. Campo central. Oscilaciones. Cuerpo r\u00edgido. Ecuaciones de Hamilton y transformaciones can\u00f3nicas. Teor\u00eda de Hamilton-Jacobi. Variables de acci\u00f3n-\u00e1ngulo.<\/li>\n\n\n\n<li><strong>Mec\u00e1nica Cu\u00e1ntica<\/strong><br>Ecuaci\u00f3n de Schr\u00f6dinger. Esquemas de Schr\u00f6dinger, Heisenberg y de Interacci\u00f3n. Momento angular orbital y de esp\u00edn. Matrices de Pauli. Adici\u00f3n de momentos angulares. Bosones y fermiones. Part\u00edcula libre. Oscilador arm\u00f3nico. Segunda cuantizaci\u00f3n. \u00c1tomo de hidr\u00f3geno no relativista. Campos externos: efecto Zeeman y efecto Stark. Teor\u00eda de la dispersi\u00f3n. M\u00e9todo WKB. M\u00e9todo perturbativo. M\u00e9todo variacional. Desarrollo en estados pre-establecidos. Campo medio.<\/li>\n\n\n\n<li><strong>F\u00edsica Estad\u00edstica<\/strong><br>Termodin\u00e1mica. Fundamentos de la f\u00edsica estad\u00edstica. Evoluci\u00f3n temporal de la densidad de probabilidad. Teorema de Liouville. Conjunto microcan\u00f3nico. Entrop\u00eda y temperatura. Conjunto can\u00f3nico. Estad\u00edstica de Maxwell -Boltzmann. Conjunto gran can\u00f3nico. Distribuci\u00f3n gran can\u00f3nica. Estad\u00edsticas cu\u00e1nticas: bosones y fermiones. Fluctuaciones de densidad. Gases ideales cu\u00e1nticos. Transiciones de fase. Transiciones de primer orden. Ecuaci\u00f3n de Van der Waals. Ferromagnetismo. Modelo de Ising. Transiciones continuas. Teor\u00eda de Ginzburg &#8211; Landau. Par\u00e1metro de orden y exponentes cr\u00edticos<\/li>\n<\/ol>\n\n\n\n<h2 class=\"wp-block-heading titulorojo topmargin\">Plan de Estudio<\/h2>\n\n\n\n<div class=\"wp-block-columns planesdeestudio is-layout-flex wp-container-core-columns-is-layout-9d6595d7 wp-block-columns-is-layout-flex\">\n<div class=\"wp-block-column is-layout-flow wp-block-column-is-layout-flow\">\n<h2 class=\"wp-block-heading\">Primer Semestre<\/h2>\n\n\n\n<figure class=\"wp-block-table is-style-stripes\"><table><thead><tr><th class=\"has-text-align-center\" data-align=\"center\">C\u00f3digo<\/th><th>Curso<\/th><th class=\"has-text-align-center\" data-align=\"center\">Horas<\/th><th class=\"has-text-align-center\" data-align=\"center\">Cr\u00e9ditos<\/th><\/tr><\/thead><tbody><tr><td class=\"has-text-align-center\" data-align=\"center\">DF001<\/td><td>Proyecto de Investigaci\u00f3n I<\/td><td class=\"has-text-align-center\" data-align=\"center\">128<\/td><td class=\"has-text-align-center\" data-align=\"center\">8<\/td><\/tr><tr><td class=\"has-text-align-center\" data-align=\"center\"><\/td><td>Cursos electivos*<\/td><td class=\"has-text-align-center\" data-align=\"center\"><\/td><td class=\"has-text-align-center\" data-align=\"center\"><\/td><\/tr><\/tbody><\/table><\/figure>\n\n\n\n<h2 class=\"wp-block-heading\">Segundo Semestre<\/h2>\n\n\n\n<figure class=\"wp-block-table is-style-stripes\"><table><thead><tr><th class=\"has-text-align-center\" data-align=\"center\">C\u00f3digo<\/th><th>Curso<\/th><th class=\"has-text-align-center\" data-align=\"center\">Horas<\/th><th class=\"has-text-align-center\" data-align=\"center\">Cr\u00e9ditos<\/th><\/tr><\/thead><tbody><tr><td class=\"has-text-align-center\" data-align=\"center\">DF002<\/td><td>Proyecto de Investigaci\u00f3n II<\/td><td class=\"has-text-align-center\" data-align=\"center\">128<\/td><td class=\"has-text-align-center\" data-align=\"center\">8<\/td><\/tr><tr><td class=\"has-text-align-center\" data-align=\"center\"><\/td><td>Cursos electivos*<\/td><td class=\"has-text-align-center\" data-align=\"center\"><\/td><td class=\"has-text-align-center\" data-align=\"center\"><\/td><\/tr><\/tbody><\/table><\/figure>\n\n\n\n<h2 class=\"wp-block-heading\">Tercer Semestre<\/h2>\n\n\n\n<figure class=\"wp-block-table is-style-stripes\"><table><thead><tr><th class=\"has-text-align-center\" data-align=\"center\">C\u00f3digo<\/th><th>Curso<\/th><th class=\"has-text-align-center\" data-align=\"center\">Horas<\/th><th class=\"has-text-align-center\" data-align=\"center\">Cr\u00e9ditos<\/th><\/tr><\/thead><tbody><tr><td class=\"has-text-align-center\" data-align=\"center\">DF003<\/td><td>Proyecto de Investigaci\u00f3n III<\/td><td class=\"has-text-align-center\" data-align=\"center\">128<\/td><td class=\"has-text-align-center\" data-align=\"center\">8<\/td><\/tr><tr><td class=\"has-text-align-center\" data-align=\"center\"><\/td><td>Cursos Electivos*<\/td><td class=\"has-text-align-center\" data-align=\"center\"><\/td><td class=\"has-text-align-center\" data-align=\"center\"><\/td><\/tr><\/tbody><\/table><\/figure>\n\n\n\n<h2 class=\"wp-block-heading\">Cuarto Semestre<\/h2>\n\n\n\n<figure class=\"wp-block-table is-style-stripes\"><table><thead><tr><th class=\"has-text-align-center\" data-align=\"center\">C\u00f3digo<\/th><th>Curso<\/th><th class=\"has-text-align-center\" data-align=\"center\">Horas<\/th><th class=\"has-text-align-center\" data-align=\"center\">Cr\u00e9ditos<\/th><\/tr><\/thead><tbody><tr><td class=\"has-text-align-center\" data-align=\"center\">DF004<\/td><td>Proyecto de Investigaci\u00f3n IV<\/td><td class=\"has-text-align-center\" data-align=\"center\">128<\/td><td class=\"has-text-align-center\" data-align=\"center\">8<\/td><\/tr><\/tbody><\/table><\/figure>\n\n\n\n<h2 class=\"wp-block-heading\">Quinto Semestre<\/h2>\n\n\n\n<figure class=\"wp-block-table is-style-stripes\"><table><thead><tr><th class=\"has-text-align-center\" data-align=\"center\">C\u00f3digo<\/th><th>Curso<\/th><th class=\"has-text-align-center\" data-align=\"center\">Horas<\/th><th class=\"has-text-align-center\" data-align=\"center\">Cr\u00e9ditos<\/th><\/tr><\/thead><tbody><tr><td class=\"has-text-align-center\" data-align=\"center\">DF021<\/td><td>Seminario de Tesis A<\/td><td class=\"has-text-align-center\" data-align=\"center\">144<\/td><td class=\"has-text-align-center\" data-align=\"center\">9<\/td><\/tr><\/tbody><\/table><\/figure>\n\n\n\n<h2 class=\"wp-block-heading\">Sexto Semestre<\/h2>\n\n\n\n<figure class=\"wp-block-table is-style-stripes\"><table><thead><tr><th class=\"has-text-align-center\" data-align=\"center\">C\u00f3digo<\/th><th>Curso<\/th><th class=\"has-text-align-center\" data-align=\"center\">Horas<\/th><th class=\"has-text-align-center\" data-align=\"center\">Cr\u00e9ditos<\/th><\/tr><\/thead><tbody><tr><td class=\"has-text-align-center\" data-align=\"center\">DF022<\/td><td>Seminario de Tesis B<\/td><td class=\"has-text-align-center\" data-align=\"center\">144<\/td><td class=\"has-text-align-center\" data-align=\"center\">9<\/td><\/tr><\/tbody><\/table><figcaption class=\"wp-element-caption\">*Tiene que llevar como m\u00ednimo 14 cr\u00e9ditos en cursos electivos<\/figcaption><\/figure>\n<\/div>\n\n\n\n<div class=\"wp-block-column is-layout-flow wp-block-column-is-layout-flow\">\n<h2 class=\"wp-block-heading\">Cursos Electivos<\/h2>\n\n\n\n<figure class=\"wp-block-table is-style-stripes\"><table><thead><tr><th class=\"has-text-align-center\" data-align=\"center\">C\u00f3digo<\/th><th>Curso<\/th><th class=\"has-text-align-center\" data-align=\"center\">Horas<\/th><th class=\"has-text-align-center\" data-align=\"center\">Cr\u00e9ditos<\/th><\/tr><\/thead><tbody><tr><td class=\"has-text-align-center\" data-align=\"center\">DF005<\/td><td>T\u00f3picos Avanzados de F\u00edsica I **<\/td><td class=\"has-text-align-center\" data-align=\"center\">16<\/td><td class=\"has-text-align-center\" data-align=\"center\">1<\/td><\/tr><tr><td class=\"has-text-align-center\" data-align=\"center\">DF006<\/td><td>T\u00f3picos Avanzados de F\u00edsica II **<\/td><td class=\"has-text-align-center\" data-align=\"center\">32<\/td><td class=\"has-text-align-center\" data-align=\"center\">2<\/td><\/tr><tr><td class=\"has-text-align-center\" data-align=\"center\">DF007<\/td><td>T\u00f3picos Avanzados de F\u00edsica III **<\/td><td class=\"has-text-align-center\" data-align=\"center\">48<\/td><td class=\"has-text-align-center\" data-align=\"center\">3<\/td><\/tr><tr><td class=\"has-text-align-center\" data-align=\"center\">DF008<\/td><td>T\u00f3picos Avanzados de F\u00edsica IV **<\/td><td class=\"has-text-align-center\" data-align=\"center\">64<\/td><td class=\"has-text-align-center\" data-align=\"center\">4<\/td><\/tr><tr><td class=\"has-text-align-center\" data-align=\"center\">DF009<\/td><td>T\u00f3picos Avanzados de F\u00edsica V **<\/td><td class=\"has-text-align-center\" data-align=\"center\">80<\/td><td class=\"has-text-align-center\" data-align=\"center\">5<\/td><\/tr><\/tbody><\/table><figcaption class=\"wp-element-caption\">**Estos cursos pueden ofrecerse varias veces por ejemplo: DF005A, DF005B, etc., con diferentes contenidos<\/figcaption><\/figure>\n<\/div>\n<\/div>\n\n\n\n<h2 class=\"wp-block-heading\">Plana docente<\/h2>\n\n\n\n<p>En construcci\u00f3n. \u00daltima actualizaci\u00f3n 16\/04\/24.<\/p>\n\n\n\n<h2 class=\"wp-block-heading\">Bibliograf\u00eda<\/h2>\n\n\n\n<p><strong>Electrodin\u00e1mica Cl\u00e1sica<\/strong><\/p>\n\n\n\n<ul class=\"wp-block-list\">\n<li>Jackson J. D., Classical electrodynamics 3rd. edition, John Wiley and sons, New York,1999.<\/li>\n\n\n\n<li>Greiner W., Classical Electrodynamics, Springer-Verlag, 1998.<\/li>\n\n\n\n<li>J. Schwinger y Otros, Classical electrodynamics, Perseus Reading Massachusetts, 1998.<\/li>\n<\/ul>\n\n\n\n<p><strong>Mec\u00e1nica Cl\u00e1sica<\/strong><\/p>\n\n\n\n<ul class=\"wp-block-list\">\n<li>H. A. Goldstein et al. Classical Mechanics. Addison Wesley,2002.<\/li>\n\n\n\n<li>J. J. Valenzuela and E. J. Saletan. Classical Dynamics: A Contemporary Approach.Cambridge University Press, 1998.<\/li>\n\n\n\n<li>V.I. Arnold. Mathematical Methods of Classical Mechanics. Springer-Verlag,1989.<\/li>\n<\/ul>\n\n\n\n<p><strong>Mec\u00e1nica Cu\u00e1ntica<\/strong><\/p>\n\n\n\n<ul class=\"wp-block-list\">\n<li>Sakurai, J.J., Modern quantum mechanics, Addison-Wesley, Read\u00edng, Mass, New York,1994.<\/li>\n\n\n\n<li>C. Cohen-Tannoudji, B. Diu and F. Laloe, Quantum mechanics, Vols. 1 &#038; 2, Wiley, 1991.<\/li>\n\n\n\n<li>Landau L.D. y Lifshitz E.M., Quantum mechanics, Pergamon, Oxford, 1965.<\/li>\n<\/ul>\n\n\n\n<p><strong>F\u00edsica Estad\u00edstica<\/strong><\/p>\n\n\n\n<ul class=\"wp-block-list\">\n<li>Statistical Mechanics for Beginners: A Textbook for Undergraduates, B. L.Gilles, Wor ld Scientific, Singapore, 2010.<\/li>\n\n\n\n<li>Statistical Mechanics: A Survival Guide, A. M. Glazer y J. S. Wark, Oxford UniversityPress, Oxford, 2001.<\/li>\n\n\n\n<li>Introducci\u00f3n a la F\u00edsica Estad\u00edstica, Leopoldo Garc\u00eda<\/li>\n<\/ul>\n","protected":false},"excerpt":{"rendered":"<p>Temario (Temario para el examen de Admisi\u00f3n 2021-1) Plan de Estudio Primer Semestre C\u00f3digo Curso Horas Cr\u00e9ditos DF001 Proyecto de Investigaci\u00f3n I 128 8 Cursos electivos* Segundo Semestre C\u00f3digo Curso Horas Cr\u00e9ditos DF002 Proyecto de Investigaci\u00f3n II 128 8 Cursos electivos* Tercer Semestre C\u00f3digo Curso Horas Cr\u00e9ditos DF003 Proyecto de Investigaci\u00f3n III 128 8 Cursos [&hellip;]<\/p>\n","protected":false},"author":1,"featured_media":0,"parent":4568,"menu_order":0,"comment_status":"closed","ping_status":"closed","template":"","meta":{"footnotes":""},"class_list":["post-465","page","type-page","status-publish","hentry"],"_links":{"self":[{"href":"https:\/\/devcc.site\/en\/wp-json\/wp\/v2\/pages\/465","targetHints":{"allow":["GET"]}}],"collection":[{"href":"https:\/\/devcc.site\/en\/wp-json\/wp\/v2\/pages"}],"about":[{"href":"https:\/\/devcc.site\/en\/wp-json\/wp\/v2\/types\/page"}],"author":[{"embeddable":true,"href":"https:\/\/devcc.site\/en\/wp-json\/wp\/v2\/users\/1"}],"replies":[{"embeddable":true,"href":"https:\/\/devcc.site\/en\/wp-json\/wp\/v2\/comments?post=465"}],"version-history":[{"count":15,"href":"https:\/\/devcc.site\/en\/wp-json\/wp\/v2\/pages\/465\/revisions"}],"predecessor-version":[{"id":7023,"href":"https:\/\/devcc.site\/en\/wp-json\/wp\/v2\/pages\/465\/revisions\/7023"}],"up":[{"embeddable":true,"href":"https:\/\/devcc.site\/en\/wp-json\/wp\/v2\/pages\/4568"}],"wp:attachment":[{"href":"https:\/\/devcc.site\/en\/wp-json\/wp\/v2\/media?parent=465"}],"curies":[{"name":"wp","href":"https:\/\/api.w.org\/{rel}","templated":true}]}}