{"id":4568,"date":"2024-06-01T21:13:54","date_gmt":"2024-06-02T02:13:54","guid":{"rendered":"https:\/\/fc.uni.edu.pe\/?page_id=4568"},"modified":"2024-10-09T14:00:36","modified_gmt":"2024-10-09T19:00:36","slug":"doctorados","status":"publish","type":"page","link":"https:\/\/devcc.site\/en\/posgrado\/doctorados\/","title":{"rendered":"Doctorados"},"content":{"rendered":"\n<div class=\"wp-block-columns is-layout-flex wp-container-core-columns-is-layout-9d6595d7 wp-block-columns-is-layout-flex\">\n<div class=\"wp-block-column is-layout-flow wp-block-column-is-layout-flow\" style=\"flex-basis:66.66%\">\n<p>Los programas de doctorado de la Facultad de Ciencias est\u00e1n dise\u00f1ados para formar investigadores que produzca conocimiento original, innovador y de alta calidad en diversos campos de las ciencias b\u00e1sicas.<\/p>\n\n\n\n<ul class=\"wp-block-list\">\n<li><a href=\"https:\/\/fc.uni.edu.pe\/posgrado\/doctorados\/doctorado-fisica\/\">Doctorado en Ciencias con Menci\u00f3n en F\u00edsica<\/a><\/li>\n\n\n\n<li><a href=\"https:\/\/fc.uni.edu.pe\/posgrado\/doctorados\/doctorado-quimica\/\">Doctorado en Ciencias con Menci\u00f3n en Qu\u00edmica<\/a><\/li>\n\n\n\n<li><a href=\"https:\/\/fc.uni.edu.pe\/posgrado\/doctorados\/doctorado-matematica\/\">Doctorado en Ciencias con Menci\u00f3n en Matem\u00e1tica<\/a><\/li>\n<\/ul>\n\n\n\n<p><strong>Proceso de admisi\u00f3n al doctorado<\/strong><\/p>\n\n\n\n<p>El proceso de admisi\u00f3n al doctorado se realiza en dos etapas: primero se realiza una admisi\u00f3n inicial (postulaci\u00f3n) y luego de un a\u00f1o, la admisi\u00f3n definitiva. Las condiciones para obtener esta categor\u00eda son:<\/p>\n\n\n\n<ul class=\"wp-block-list\">\n<li>Tener la aceptaci\u00f3n de un profesor del posgrado respectivo para ser su asesor. La aceptaci\u00f3n tambi\u00e9n debe provenir de un asesor externo, en atenci\u00f3n a lo cual deber\u00e1 contar con la aprobaci\u00f3n del Comit\u00e9 de Doctorado. El asesor externo puede ser: de otro programa de la UNI, de un programa de doctorado de otra Universidad del Per\u00fa o del extranjero, o especialista que no siendo docente cuenta con la experiencia en el tema de la investigaci\u00f3n para ser asesor.<\/li>\n\n\n\n<li>Presentar el plan de tesis aprobado por el asesor. El Comit\u00e9 de Doctorado revisar\u00e1 el plan de tesis a efectos de su aprobaci\u00f3n;<\/li>\n\n\n\n<li>Aprobar los ex\u00e1menes de calificaci\u00f3n y otros requisitos que fije el Reglamento de Posgrado.<\/li>\n<\/ul>\n\n\n\n<p><strong>Doctorados PROCIENCIA-UNI<\/strong><\/p>\n\n\n\n<p>Como parte del financiamiento obtenido por PROCIENCIA para el desarrollo de&nbsp;<a href=\"https:\/\/prociencia.gob.pe\/2023\/12\/prociencia-financia-8-programas-doctorales-y-304-becas-para-transformar-el-futuro-del-pais\/\">Doctorado en Alianzas Interinstitucionales<\/a>, la Facultad de Ciencias ofrece el&nbsp;<a href=\"https:\/\/doctoradoquimica.uni.edu.pe\/\">Doctorado en Qu\u00edmica<\/a>&nbsp;y el&nbsp;<a href=\"https:\/\/doctoradofisica.uni.edu.pe\/\">Doctorado en F\u00edsica<\/a>&nbsp;con becas de estudio completas.<\/p>\n\n\n\n<ul class=\"wp-block-list\">\n<li>Los interesados en postular las Becas PROCIENCIA para el programa de Doctorado en Qu\u00edmica deben de postular tambi\u00e9n en la UNI.<\/li>\n\n\n\n<li>Los interesados en postular las Becas PROCIENCIA para el programa de Doctorado en F\u00edsica lo har\u00e1n a trav\u00e9s de la pagina web de PROCIENCIA.<\/li>\n<\/ul>\n\n\n\n<p><strong>Admisi\u00f3n inicial por traslado externo<\/strong><\/p>\n\n\n\n<p>El postulante que desee concluir sus estudios de doctorado en la Universidad Nacional de Ingenier\u00eda, haya obtenido un promedio ponderado igual o mayor a diecis\u00e9is(16) y alcance vacante en estricto orden de m\u00e9rito de acuerdo a una evaluaci\u00f3n de m\u00e9ritos, ser\u00e1 admitido inicialmente en el doctorado.&nbsp;<\/p>\n\n\n\n<p><strong>Admisi\u00f3n inicial por Convenio<\/strong><\/p>\n\n\n\n<p>El postulante que se encuentre dentro de los alcances de un convenio suscrito por la Universidad con sus similares, aprobado por el Consejo Universitario de la UNI y alcance vacante en estricto orden de m\u00e9rito, ser\u00e1 admitido inicialmente en el doctorado.&nbsp;<\/p>\n\n\n\n<p class=\"has-medium-font-size\"><strong>Programas con becas PROCIENCIA-UNI <\/strong><\/p>\n\n\n\n<div class=\"wp-block-media-text\" style=\"grid-template-columns:25% auto\"><figure class=\"wp-block-media-text__media\"><img loading=\"lazy\" decoding=\"async\" width=\"700\" height=\"500\" src=\"https:\/\/fc.uni.edu.pe\/wp-content\/uploads\/2021\/05\/imagen-defecto-min.jpg\" alt=\"\" class=\"wp-image-80 size-full\" srcset=\"https:\/\/devcc.site\/wp-content\/uploads\/2021\/05\/imagen-defecto-min.jpg 700w, https:\/\/devcc.site\/wp-content\/uploads\/2021\/05\/imagen-defecto-min-300x214.jpg 300w\" sizes=\"auto, (max-width: 700px) 100vw, 700px\" \/><\/figure><div class=\"wp-block-media-text__content\">\n<p><strong>Doctorado en Qu\u00edmica<\/strong><\/p>\n\n\n\n<p>El Programa tiene como objetivo formar doctores de alto nivel cient\u00edfico-acad\u00e9mico en el \u00e1rea de la Econom\u00eda Circular.<\/p>\n\n\n\n<div class=\"wp-block-buttons is-layout-flex wp-block-buttons-is-layout-flex\">\n<div class=\"wp-block-button has-custom-font-size has-small-font-size\"><a class=\"wp-block-button__link wp-element-button\" href=\"https:\/\/doctoradoquimica.uni.edu.pe\/\" style=\"border-radius:20px\" target=\"_blank\" rel=\"noreferrer noopener\">M\u00e1s informaci\u00f3n<\/a><\/div>\n<\/div>\n<\/div><\/div>\n\n\n\n<div style=\"height:30px\" aria-hidden=\"true\" class=\"wp-block-spacer\"><\/div>\n\n\n\n<div class=\"wp-block-media-text\" style=\"grid-template-columns:25% auto\"><figure class=\"wp-block-media-text__media\"><img loading=\"lazy\" decoding=\"async\" width=\"700\" height=\"500\" src=\"https:\/\/fc.uni.edu.pe\/wp-content\/uploads\/2021\/08\/feria.jpg\" alt=\"\" class=\"wp-image-1151 size-full\" srcset=\"https:\/\/devcc.site\/wp-content\/uploads\/2021\/08\/feria.jpg 700w, https:\/\/devcc.site\/wp-content\/uploads\/2021\/08\/feria-300x214.jpg 300w\" sizes=\"auto, (max-width: 700px) 100vw, 700px\" \/><\/figure><div class=\"wp-block-media-text__content\">\n<p><strong>Doctorado en F\u00edsica<\/strong><\/p>\n\n\n\n<p>El Doctorado en Ciencias con menci\u00f3n en F\u00edsica, tiene el objetivo de impulsar la formaci\u00f3n doctoral de talentosos investigadores en las \u00e1reas de adaptaci\u00f3n al cambio clim\u00e1tico y energ\u00edas renovables. <\/p>\n\n\n\n<div class=\"wp-block-buttons is-layout-flex wp-block-buttons-is-layout-flex\">\n<div class=\"wp-block-button has-custom-font-size has-small-font-size\"><a class=\"wp-block-button__link wp-element-button\" href=\"https:\/\/doctoradofisica.uni.edu.pe\/\" style=\"border-radius:20px\" target=\"_blank\" rel=\"noreferrer noopener\">M\u00e1s informaci\u00f3n<\/a><\/div>\n<\/div>\n<\/div><\/div>\n\n\n\n<div style=\"height:40px\" aria-hidden=\"true\" class=\"wp-block-spacer\"><\/div>\n\n\n\n<div class=\"wp-block-media-text\" style=\"grid-template-columns:18% auto\"><figure class=\"wp-block-media-text__media\"><img loading=\"lazy\" decoding=\"async\" width=\"700\" height=\"500\" src=\"https:\/\/fc.uni.edu.pe\/wp-content\/uploads\/2021\/05\/imagen-defecto-min.jpg\" alt=\"\" class=\"wp-image-80 size-full\" srcset=\"https:\/\/devcc.site\/wp-content\/uploads\/2021\/05\/imagen-defecto-min.jpg 700w, https:\/\/devcc.site\/wp-content\/uploads\/2021\/05\/imagen-defecto-min-300x214.jpg 300w\" sizes=\"auto, (max-width: 700px) 100vw, 700px\" \/><\/figure><div class=\"wp-block-media-text__content\">\n<hr class=\"wp-block-separator has-alpha-channel-opacity\"\/>\n\n\n\n<p class=\"has-medium-font-size\"><strong>Contacto<\/strong><\/p>\n\n\n\n<p style=\"letter-spacing:0px\"><strong>UNIDAD DE POSGRADO<\/strong><br><strong>Correo:<\/strong> <a href=\"mailto:postgradofc@uni.edu.pe\">postgradofc@uni.edu.pe<\/a><br><strong>Tel\u00e9fono: <\/strong>481-1070 anexo 5032<\/p>\n\n\n\n<p><strong><strong>\u276f<\/strong><\/strong>&nbsp;<strong>Consultas al Whatsapp<\/strong>: 900 184 643<\/p>\n\n\n\n<hr class=\"wp-block-separator has-alpha-channel-opacity\"\/>\n<\/div><\/div>\n<\/div>\n\n\n\n<div class=\"wp-block-column is-layout-flow wp-block-column-is-layout-flow\" style=\"flex-basis:33.33%\">\n<div class=\"wp-block-columns alignwide is-layout-flex wp-container-core-columns-is-layout-829b1d53 wp-block-columns-is-layout-flex\" style=\"margin-bottom:0\">\n<div class=\"wp-block-column has-text-color has-background has-link-color wp-elements-063f4fb21353c34e918457b670e18ca8 is-layout-flow wp-block-column-is-layout-flow\" style=\"color:#000000;background-color:#e7e7e7;padding-top:2em;padding-right:2em;padding-bottom:2em;padding-left:2em\">\n<h2 class=\"wp-block-heading\" id=\"single\" style=\"font-size:20px\"><strong>M\u00e1s informaci\u00f3n<\/strong><\/h2>\n\n\n\n<p>Doctorados<\/p>\n\n\n\n<ul class=\"wp-block-list\">\n<li><a href=\"https:\/\/fc.uni.edu.pe\/posgrado\/doctorados\/doctorado-fisica\/\">Doctorado F\u00edsica<\/a><\/li>\n\n\n\n<li><a href=\"https:\/\/fc.uni.edu.pe\/posgrado\/doctorados\/doctorado-quimica\/\">Doctorado en Qu\u00edmica<\/a><\/li>\n\n\n\n<li><a href=\"https:\/\/fc.uni.edu.pe\/posgrado\/doctorados\/doctorado-matematica\/\">Doctorado en Matem\u00e1tica<\/a><\/li>\n<\/ul>\n\n\n\n<p><a href=\"https:\/\/fc.uni.edu.pe\/posgrado\/maestrias\/\">Maestr\u00edas<\/a><\/p>\n\n\n\n<ul class=\"wp-block-list\">\n<li><a href=\"https:\/\/fc.uni.edu.pe\/posgrado\/maestrias\/fisica\/\">Maestr\u00eda en F\u00edsica<\/a><\/li>\n\n\n\n<li><a href=\"https:\/\/fc.uni.edu.pe\/posgrado\/maestrias\/quimica\/\">Maestr\u00eda en Qu\u00edmica<\/a><\/li>\n\n\n\n<li><a href=\"https:\/\/fc.uni.edu.pe\/posgrado\/maestrias\/energias-renovables-y-eficiencia-energetica\/\">Maestr\u00eda en Energ\u00edas Renovables<\/a><\/li>\n\n\n\n<li><a href=\"https:\/\/fc.uni.edu.pe\/posgrado\/maestrias\/ciencia-de-la-computacion\/\">Maestr\u00eda en Ciencia de la Computaci\u00f3n<\/a><\/li>\n\n\n\n<li><a href=\"https:\/\/fc.uni.edu.pe\/posgrado\/maestrias\/fisica-medica\/\">Maestr\u00eda en F\u00edsica M\u00e9dica<\/a><\/li>\n\n\n\n<li><a href=\"https:\/\/fc.uni.edu.pe\/posgrado\/maestrias\/matematica-aplicada\/\">Maestr\u00eda en Matem\u00e1tica Aplicada<\/a><\/li>\n\n\n\n<li><a href=\"https:\/\/fc.uni.edu.pe\/posgrado\/maestrias\/energia-nuclear\/\">Maestr\u00eda en Energ\u00eda Nuclear<\/a><\/li>\n<\/ul>\n\n\n\n<p>Inscripciones <\/p>\n\n\n\n<ul class=\"wp-block-list\">\n<li><a href=\"https:\/\/fc.uni.edu.pe\/posgrado\/maestrias\/admision-maestrias\/\">Admisi\u00f3n a maestr\u00edas<\/a><\/li>\n\n\n\n<li><a href=\"https:\/\/fc.uni.edu.pe\/posgrado\/cronograma-de-admision-a-maestrias\/\">Cronograma de admisi\u00f3n a maestr\u00edas<\/a><\/li>\n\n\n\n<li><a href=\"https:\/\/fc.uni.edu.pe\/posgrado\/doctorados\/admision-doctorados\/\">Admisi\u00f3n a doctorados<\/a><\/li>\n\n\n\n<li><a href=\"https:\/\/fc.uni.edu.pe\/posgrado\/descargas\/\">Documentos importantes<\/a><\/li>\n<\/ul>\n\n\n\n<p>Unidad de Posgrado<\/p>\n\n\n\n<ul class=\"wp-block-list\">\n<li><a href=\"https:\/\/fc.uni.edu.pe\/posgrado\/directorio-posgrado\/\">Directorio Posgrado<\/a><\/li>\n<\/ul>\n<\/div>\n<\/div>\n\n\n\n<div class=\"wp-block-columns alignwide is-layout-flex wp-container-core-columns-is-layout-829b1d53 wp-block-columns-is-layout-flex\" style=\"margin-bottom:0\">\n<div class=\"wp-block-column has-white-background-color has-text-color has-background has-link-color wp-elements-04b17e7110c617c3b321f8385644b1f9 is-layout-flow wp-block-column-is-layout-flow\" style=\"color:#000000;padding-top:2em;padding-right:2em;padding-bottom:2em;padding-left:2em\"><h2 class=\"wp-block-heading has-black-color has-text-color has-link-color wp-elements-5bbb62aca8f4f02cc39819257b246dc8\" id=\"single\" style=\"font-size:20px\"><strong>Eventos<\/strong> cient\u00edficos<\/h2>\n\n\n<ul class=\"wp-block-latest-posts__list has-link-color bullet-links wp-elements-d1fbb039474d2d6592128aac7caf5d32 wp-block-latest-posts has-text-color has-black-color\"><li><a class=\"wp-block-latest-posts__post-title\" href=\"https:\/\/devcc.site\/en\/2025\/12\/10\/deshidrogenacion-oxidativa-de-etano-odh-de-etano-con-oxidos-metalicos-en-atmosfera-de-co%e2%82%82-hacia-una-economia-circular\/\">Deshidrogenaci\u00f3n oxidativa de etano (ODH) de etano con \u00f3xidos met\u00e1licos en atm\u00f3sfera de CO\u2082: hacia una econom\u00eda circular<\/a><\/li>\n<li><a class=\"wp-block-latest-posts__post-title\" href=\"https:\/\/devcc.site\/en\/2025\/11\/28\/curso-estadistica-aplicada-en-procedimientos-de-quimica-analitica-en-la-industria-2\/\">Curso: Estad\u00edstica aplicada en procedimientos de qu\u00edmica anal\u00edtica en la industria<\/a><\/li>\n<li><a class=\"wp-block-latest-posts__post-title\" href=\"https:\/\/devcc.site\/en\/2025\/11\/05\/modelos-generativos-de-ia-y-sus-aplicaciones\/\">Modelos Generativos de IA y sus Aplicaciones<\/a><\/li>\n<li><a class=\"wp-block-latest-posts__post-title\" href=\"https:\/\/devcc.site\/en\/2025\/10\/15\/nuevas-sorpresas-de-la-mecanica-cuantica-y-los-premios-nobel-2025-de-fisica-y-de-quimica\/\">Nuevas sorpresas de la Mec\u00e1nica Cu\u00e1ntica y los Premios Nobel 2025 de F\u00edsica y de Qu\u00edmica<\/a><\/li>\n<\/ul><\/div>\n<\/div>\n\n\n\n<div style=\"height:56px\" aria-hidden=\"true\" class=\"wp-block-spacer\"><\/div>\n\n\n\n<div style=\"height:56px\" aria-hidden=\"true\" class=\"wp-block-spacer\"><\/div>\n<\/div>\n<\/div>\n","protected":false},"excerpt":{"rendered":"<p>Los programas de doctorado de la Facultad de Ciencias est\u00e1n dise\u00f1ados para formar investigadores que produzca conocimiento original, innovador y de alta calidad en diversos campos de las ciencias b\u00e1sicas. Proceso de admisi\u00f3n al doctorado El proceso de admisi\u00f3n al doctorado se realiza en dos etapas: primero se realiza una admisi\u00f3n inicial (postulaci\u00f3n) y luego [&hellip;]<\/p>\n","protected":false},"author":1,"featured_media":0,"parent":98,"menu_order":0,"comment_status":"closed","ping_status":"closed","template":"","meta":{"footnotes":""},"class_list":["post-4568","page","type-page","status-publish","hentry"],"_links":{"self":[{"href":"https:\/\/devcc.site\/en\/wp-json\/wp\/v2\/pages\/4568","targetHints":{"allow":["GET"]}}],"collection":[{"href":"https:\/\/devcc.site\/en\/wp-json\/wp\/v2\/pages"}],"about":[{"href":"https:\/\/devcc.site\/en\/wp-json\/wp\/v2\/types\/page"}],"author":[{"embeddable":true,"href":"https:\/\/devcc.site\/en\/wp-json\/wp\/v2\/users\/1"}],"replies":[{"embeddable":true,"href":"https:\/\/devcc.site\/en\/wp-json\/wp\/v2\/comments?post=4568"}],"version-history":[{"count":29,"href":"https:\/\/devcc.site\/en\/wp-json\/wp\/v2\/pages\/4568\/revisions"}],"predecessor-version":[{"id":6381,"href":"https:\/\/devcc.site\/en\/wp-json\/wp\/v2\/pages\/4568\/revisions\/6381"}],"up":[{"embeddable":true,"href":"https:\/\/devcc.site\/en\/wp-json\/wp\/v2\/pages\/98"}],"wp:attachment":[{"href":"https:\/\/devcc.site\/en\/wp-json\/wp\/v2\/media?parent=4568"}],"curies":[{"name":"wp","href":"https:\/\/api.w.org\/{rel}","templated":true}]}}