{"id":4533,"date":"2024-06-01T20:38:41","date_gmt":"2024-06-02T01:38:41","guid":{"rendered":"https:\/\/fc.uni.edu.pe\/?page_id=4533"},"modified":"2025-01-08T00:03:00","modified_gmt":"2025-01-08T05:03:00","slug":"admision-doctorados","status":"publish","type":"page","link":"https:\/\/devcc.site\/en\/posgrado\/doctorados\/admision-doctorados\/","title":{"rendered":"Admisi\u00f3n a doctorados"},"content":{"rendered":"\n<div class=\"wp-block-columns is-layout-flex wp-container-core-columns-is-layout-9d6595d7 wp-block-columns-is-layout-flex\">\n<div class=\"wp-block-column is-layout-flow wp-block-column-is-layout-flow\" style=\"flex-basis:66.66%\">\n<p>El proceso de admisi\u00f3n al doctorado se realiza en dos etapas. Primero se realiza una admisi\u00f3n inicial y luego de un a\u00f1o, la admisi\u00f3n definitiva.&nbsp;<\/p>\n\n\n\n<p><strong>Requisitos de admisi\u00f3n inicial:<\/strong><\/p>\n\n\n\n<ul class=\"wp-block-list\">\n<li>Poseer grado acad\u00e9mico de Maestro de Investigaci\u00f3n o Acad\u00e9micas (Maestro en Ciencias), reconocido o revalidado si fuera otorgado por una universidad extranjera. El plazo de entrega de la resoluci\u00f3n de reconocimiento ser\u00e1 de 18 meses.&nbsp;<\/li>\n\n\n\n<li>Aprobar la evaluaci\u00f3n de m\u00e9ritos y conocimientos;&nbsp;<\/li>\n\n\n\n<li>Como excepci\u00f3n, se aceptar\u00e1 la admisi\u00f3n de postulantes que aprobaron la evaluaci\u00f3n, que hayan concluido sus estudios de maestr\u00eda, d\u00e1ndoles el plazo de&nbsp; 18 meses, para demostrar la obtenci\u00f3n del grado de Maestro de Investigaci\u00f3n o Acad\u00e9micas (Maestro en Ciencias). Caso contrario ser\u00e1n separados del doctorado.&nbsp;<\/li>\n<\/ul>\n\n\n\n<p><strong>Evaluaci\u00f3n de m\u00e9ritos:<\/strong><\/p>\n\n\n\n<ul class=\"wp-block-list\">\n<li>Grados y t\u00edtulos;&nbsp;<\/li>\n\n\n\n<li>Curriculum vitae;&nbsp;<\/li>\n\n\n\n<li>Entrevista personal;&nbsp;<\/li>\n\n\n\n<li>Cartas de presentaci\u00f3n.&nbsp;<\/li>\n<\/ul>\n\n\n\n<p><strong>E<\/strong><strong>valuaci\u00f3n de conocimientos:<\/strong><\/p>\n\n\n\n<p>Se aplican pruebas escritas u otra modalidad equivalente de asignaturas de la especialidad.&nbsp;<\/p>\n\n\n\n<p>La nota m\u00ednima aprobatoria en la escala vigesimal es diecis\u00e9is (16).<\/p>\n\n\n\n<p>El postulante que obtenga la nota aprobatoria y alcance vacante en estricto orden de m\u00e9rito, ser\u00e1 admitido inicialmente en el doctorado.&nbsp;<\/p>\n\n\n\n<p><strong>Admisi\u00f3n inicial por traslado externo<\/strong><\/p>\n\n\n\n<p>El postulante que desee concluir sus estudios de doctorado en la Universidad Nacional de Ingenier\u00eda, haya obtenido un promedio ponderado igual o mayor a diecis\u00e9is(16) y alcance vacante en estricto orden de m\u00e9rito de acuerdo a una evaluaci\u00f3n de m\u00e9ritos, ser\u00e1 admitido inicialmente en el doctorado.&nbsp;<\/p>\n\n\n\n<p><strong>Admisi\u00f3n inicial por Convenio<\/strong><\/p>\n\n\n\n<p>El postulante que se encuentre dentro de los alcances de un convenio suscrito por la Universidad con sus similares, aprobado por el Consejo Universitario de la UNI y alcance vacante en estricto orden de m\u00e9rito, ser\u00e1 admitido inicialmente en el doctorado.&nbsp;<\/p>\n\n\n\n<p><strong>Proceso de inscripci\u00f3n<\/strong><\/p>\n\n\n\n<p class=\"has-vivid-red-color has-text-color has-link-color wp-elements-dced087bd14ac1684733fc6a9e647cfd\">Solo los que postulan a la&nbsp;Beca PROCIENCIA&nbsp;&nbsp;del Doctorado Qu\u00edmica deben de realizar el pago antes&nbsp;del examen de admisi\u00f3n por&nbsp;Prospecto de&nbsp;Admisi\u00f3n,&nbsp;la orden de pago se genera despu\u00e9s del llenado del formulario.<\/p>\n\n\n\n<p>Solo despu\u00e9s del llenado del formulario, por correo electr\u00f3nico se le compartir\u00e1 dos carpetas en la NUBE:<\/p>\n\n\n\n<ol class=\"wp-block-list\">\n<li><strong>Carpeta con los FORMULARIOS que hay que llenar. Uno de los formularios es la carta de presentaci\u00f3n.<\/strong><\/li>\n\n\n\n<li><strong>Carpeta personal, a donde debe de subir todos los documentos solicitados y los formularios debidamente llenados (IMPORTANTE PARA LA EVALUACI\u00d3N DE M\u00c9RITOS).<\/strong><\/li>\n\n\n\n<li><strong>Las cartas de presentaci\u00f3n lo env\u00eda el que recomienda al correo:&nbsp;<\/strong><a href=\"mailto:postgradounifc@gmail.com\" target=\"_blank\" rel=\"noreferrer noopener\"><strong>postgradounifc@gmail.com<\/strong><\/a><strong>.&nbsp;<\/strong><\/li>\n\n\n\n<li><strong>Los que se graduaron con Grado de Maestro en la Universidad Nacional de ingenier\u00eda no presentan certificado de estudios, cartas de presentaci\u00f3n y copia del DNI.<\/strong><\/li>\n<\/ol>\n\n\n\n<h3 class=\"wp-block-heading\" id=\"h.u2zk4l8sd3p6_l\"><a href=\"https:\/\/sites.google.com\/view\/admisindoctoradofcuni2024-1\/inicio#h.u2zk4l8sd3p6\"><\/a><a href=\"https:\/\/sites.google.com\/view\/admisindoctoradofcuni2024-1\/inicio#h.u2zk4l8sd3p6\"><\/a>El postulante sube a una carpeta en la nube los siguientes documentos:<\/h3>\n\n\n\n<ul class=\"wp-block-list\">\n<li>Solicitud dirigida al Director de la Escuela de Posgrado.<\/li>\n\n\n\n<li>Copia del grado acad\u00e9mico de maestro&nbsp; y del certificado de estudios, autenticados por la Universidad de origen (tambi\u00e9n pueden ser fedateados por la UNI o un notario) o reconocidos si fuera otorgado por una Universidad extranjera.<\/li>\n\n\n\n<li>Cartas de presentaci\u00f3n de dos (02) profesionales que avalen al postulante para el Doctorado&nbsp; de reconocida trayectoria.<\/li>\n\n\n\n<li>Copia simple del documento nacional de identidad.<\/li>\n\n\n\n<li>Foto a color, fondo blanco y sin lentes en formato png o jpg.<\/li>\n\n\n\n<li>Curr\u00edculum vitae documentado con copias simples.<\/li>\n\n\n\n<li>Declaraci\u00f3n jurada.<\/li>\n<\/ul>\n\n\n\n<h3 class=\"wp-block-heading\" id=\"h.1aph9bdlr6vk_l\"><a href=\"https:\/\/sites.google.com\/view\/admisindoctoradofcuni2024-1\/inicio#h.1aph9bdlr6vk\"><\/a><a href=\"https:\/\/sites.google.com\/view\/admisindoctoradofcuni2024-1\/inicio#h.1aph9bdlr6vk\"><\/a>Los que se graduaron con Grado de Maestro en la&nbsp;<strong>Universidad Nacional de ingenier\u00eda<\/strong>&nbsp;presentan solo los siguientes documentos:<\/h3>\n\n\n\n<ul class=\"wp-block-list\">\n<li>Solicitud dirigida al Director de la Escuela de Posgrado.<\/li>\n\n\n\n<li>Copia del grado acad\u00e9mico de maestro, autenticado por la Universidad. En el caso&nbsp;este en tr\u00e1mite, bastar\u00e1&nbsp;presentar la Resoluci\u00f3n Rectoral.<\/li>\n\n\n\n<li>Foto a color, fondo blanco y sin lentes en formato png o jpg.<\/li>\n\n\n\n<li>Curr\u00edculum vitae documentado con copias simples.<\/li>\n\n\n\n<li>Declaraci\u00f3n jurada.<\/li>\n<\/ul>\n\n\n\n<p>De aprobar el examen de admisi\u00f3n, realiza&nbsp;los&nbsp;pagos:<\/p>\n\n\n\n<ul class=\"wp-block-list\">\n<li>Prospecto de Admisi\u00f3n:&nbsp;S\/ 250,00&nbsp;<\/li>\n\n\n\n<li>Derecho de Admisi\u00f3n:&nbsp;S\/ 875,00<\/li>\n<\/ul>\n\n\n\n<p><strong>Admisi\u00f3n definitiva:&nbsp;<\/strong><\/p>\n\n\n\n<ul class=\"wp-block-list\">\n<li>Tener la aceptaci\u00f3n de un profesor del posgrado respectivo para ser su asesor. La aceptaci\u00f3n tambi\u00e9n debe provenir de un asesor externo, en atenci\u00f3n a lo cual deber\u00e1 contar con la aprobaci\u00f3n del Comit\u00e9 de Doctorado. El asesor externo puede ser: de otro programa de la UNI, de un programa de doctorado de otra Universidad del Per\u00fa o del extranjero, o especialista que no siendo docente cuenta con la experiencia en el tema de la investigaci\u00f3n para ser asesor.&nbsp;<\/li>\n\n\n\n<li>Presentar el plan de tesis aprobado por el asesor. El Comit\u00e9 de Doctorado revisar\u00e1 el plan de tesis a efectos de su aprobaci\u00f3n;&nbsp;<\/li>\n\n\n\n<li>Aprobar los ex\u00e1menes de calificaci\u00f3n y otros requisitos que fije el Reglamento de Posgrado.&nbsp;<\/li>\n<\/ul>\n\n\n\n<p><strong>BECAS EN PROGRAMAS DE DOCTORADO EN ALIANZAS INTERINSTITUCIONALES<\/strong><\/p>\n\n\n\n<p>Los interesados en postular las Becas PROCIENCIA para el programa de Doctorado en Qu\u00edmica deben de postular tambi\u00e9n en la UNI.<\/p>\n\n\n\n<p>Los interesados en postular las Becas PROCIENCIA para el programa de Doctorado en F\u00edsica lo har\u00e1n a trav\u00e9s de la pagina web de PROCIENCIA. <a href=\"https:\/\/prociencia.gob.pe\/2023\/12\/prociencia-financia-8-programas-doctorales-y-304-becas-para-transformar-el-futuro-del-pais\/\">click aqu\u00ed<\/a>.<\/p>\n\n\n\n<p>Mas informaci\u00f3n para postular a las Becas PROCIENCIA para el programa de Doctorado en F\u00edsica, <a href=\"https:\/\/doctoradofisica.uni.edu.pe\/\">click aqu\u00ed<\/a>.<\/p>\n\n\n\n<p>Mas informaci\u00f3n para postular a las Becas PROCIENCIA para el programa de Doctorado en Qu\u00edmica, <a href=\"https:\/\/doctoradoquimica.uni.edu.pe\">click aqu\u00ed<\/a>:<\/p>\n\n\n\n<p><a href=\"\"><\/a><\/p>\n\n\n\n<div class=\"wp-block-media-text\" style=\"grid-template-columns:18% auto\"><figure class=\"wp-block-media-text__media\"><img loading=\"lazy\" decoding=\"async\" width=\"700\" height=\"500\" src=\"https:\/\/fc.uni.edu.pe\/wp-content\/uploads\/2021\/05\/imagen-defecto-min.jpg\" alt=\"\" class=\"wp-image-80 size-full\" srcset=\"https:\/\/devcc.site\/wp-content\/uploads\/2021\/05\/imagen-defecto-min.jpg 700w, https:\/\/devcc.site\/wp-content\/uploads\/2021\/05\/imagen-defecto-min-300x214.jpg 300w\" sizes=\"auto, (max-width: 700px) 100vw, 700px\" \/><\/figure><div class=\"wp-block-media-text__content\">\n<hr class=\"wp-block-separator has-alpha-channel-opacity\"\/>\n\n\n\n<p class=\"has-medium-font-size\"><strong>Contacto<\/strong><\/p>\n\n\n\n<p style=\"letter-spacing:0px\"><strong>UNIDAD DE POSGRADO<\/strong><br><strong>Correo:<\/strong> <a href=\"mailto:postgradofc@uni.edu.pe\">postgradofc@uni.edu.pe<\/a><br><strong>Tel\u00e9fono: <\/strong>481-1070 anexo 5032<\/p>\n\n\n\n<p><strong>Consultas al Whatsapp<\/strong>: 900 184 643 <\/p>\n\n\n\n<hr class=\"wp-block-separator has-alpha-channel-opacity\"\/>\n<\/div><\/div>\n<\/div>\n\n\n\n<div class=\"wp-block-column is-layout-flow wp-block-column-is-layout-flow\" style=\"flex-basis:33.33%\">\n<div class=\"wp-block-columns alignwide is-layout-flex wp-container-core-columns-is-layout-829b1d53 wp-block-columns-is-layout-flex\" style=\"margin-bottom:0\">\n<div class=\"wp-block-column has-text-color has-background has-link-color wp-elements-13e7febb5b29a17a38ed52a6ba48dec0 is-layout-flow wp-block-column-is-layout-flow\" style=\"color:#000000;background-color:#e7e7e7;padding-top:2em;padding-right:2em;padding-bottom:2em;padding-left:2em\">\n<h2 class=\"wp-block-heading\" id=\"single\" style=\"font-size:20px\"><strong>M\u00e1s informaci\u00f3n<\/strong><\/h2>\n\n\n\n<p>Maestr\u00edas <\/p>\n\n\n\n<ul class=\"wp-block-list\">\n<li><a href=\"https:\/\/fc.uni.edu.pe\/posgrado\/maestrias\/fisica\/\">Maestr\u00eda en F\u00edsica<\/a><\/li>\n\n\n\n<li><a href=\"https:\/\/fc.uni.edu.pe\/posgrado\/maestrias\/quimica\/\">Maestr\u00eda en Qu\u00edmica<\/a><\/li>\n\n\n\n<li><a href=\"https:\/\/fc.uni.edu.pe\/posgrado\/maestrias\/energias-renovables-y-eficiencia-energetica\/\">Maestr\u00eda en Energ\u00edas Renovables<\/a><\/li>\n\n\n\n<li><a href=\"https:\/\/fc.uni.edu.pe\/posgrado\/maestrias\/ciencia-de-la-computacion\/\">Maestr\u00eda en Ciencia de la Computaci\u00f3n<\/a><\/li>\n\n\n\n<li><a href=\"https:\/\/fc.uni.edu.pe\/posgrado\/maestrias\/fisica-medica\/\">Maestr\u00eda en F\u00edsica M\u00e9dica<\/a><\/li>\n\n\n\n<li><a href=\"https:\/\/fc.uni.edu.pe\/posgrado\/maestrias\/matematica-aplicada\/\">Maestr\u00eda en Matem\u00e1tica Aplicada<\/a><\/li>\n\n\n\n<li><a href=\"https:\/\/fc.uni.edu.pe\/posgrado\/maestrias\/energia-nuclear\/\">Maestr\u00eda en Energ\u00eda Nuclear<\/a><\/li>\n\n\n\n<li><a href=\"https:\/\/fc.uni.edu.pe\/posgrado\/maestria-en-ciencias-en-modelizacion-matematica-y-computacional\/\">Maestr\u00eda en Modelizaci\u00f3n Matem\u00e1tica y Computacional<\/a><\/li>\n<\/ul>\n\n\n\n<p>Doctorados<\/p>\n\n\n\n<ul class=\"wp-block-list\">\n<li><a href=\"https:\/\/fc.uni.edu.pe\/posgrado\/doctorados\/doctorado-fisica\/\">Doctorado F\u00edsica<\/a><\/li>\n\n\n\n<li><a href=\"https:\/\/fc.uni.edu.pe\/posgrado\/doctorados\/doctorado-quimica\/\">Doctorado en Qu\u00edmica<\/a><\/li>\n\n\n\n<li><a href=\"https:\/\/fc.uni.edu.pe\/posgrado\/doctorados\/doctorado-matematica\/\">Doctorado en Matem\u00e1tica<\/a><\/li>\n<\/ul>\n\n\n\n<p>Inscripciones <\/p>\n\n\n\n<ul class=\"wp-block-list\">\n<li><a href=\"https:\/\/fc.uni.edu.pe\/posgrado\/maestrias\/admision-maestrias\/\">Admisi\u00f3n a maestr\u00edas<\/a><\/li>\n\n\n\n<li><a href=\"https:\/\/fc.uni.edu.pe\/posgrado\/cronograma-de-admision-a-maestrias\/\">Cronograma de admisi\u00f3n a maestr\u00edas<\/a><\/li>\n\n\n\n<li><a href=\"https:\/\/fc.uni.edu.pe\/posgrado\/doctorados\/admision-doctorados\/\">Admisi\u00f3n a doctorados<\/a><\/li>\n\n\n\n<li><a href=\"https:\/\/fc.uni.edu.pe\/posgrado\/descargas\/\">Documentos importantes<\/a><\/li>\n<\/ul>\n\n\n\n<p>Unidad de Posgrado<\/p>\n\n\n\n<ul class=\"wp-block-list\">\n<li><a href=\"https:\/\/fc.uni.edu.pe\/posgrado\/directorio-posgrado\/\">Directorio Posgrado<\/a><\/li>\n<\/ul>\n<\/div>\n<\/div>\n\n\n\n<div class=\"wp-block-columns alignwide is-layout-flex wp-container-core-columns-is-layout-829b1d53 wp-block-columns-is-layout-flex\" style=\"margin-bottom:0\">\n<div class=\"wp-block-column has-white-background-color has-text-color has-background has-link-color wp-elements-04b17e7110c617c3b321f8385644b1f9 is-layout-flow wp-block-column-is-layout-flow\" style=\"color:#000000;padding-top:2em;padding-right:2em;padding-bottom:2em;padding-left:2em\"><h2 class=\"wp-block-heading has-black-color has-text-color has-link-color wp-elements-5bbb62aca8f4f02cc39819257b246dc8\" id=\"single\" style=\"font-size:20px\"><strong>Eventos<\/strong> cient\u00edficos<\/h2>\n\n\n<ul class=\"wp-block-latest-posts__list has-link-color bullet-links wp-elements-d1fbb039474d2d6592128aac7caf5d32 wp-block-latest-posts has-text-color has-black-color\"><li><a class=\"wp-block-latest-posts__post-title\" href=\"https:\/\/devcc.site\/en\/2025\/12\/10\/deshidrogenacion-oxidativa-de-etano-odh-de-etano-con-oxidos-metalicos-en-atmosfera-de-co%e2%82%82-hacia-una-economia-circular\/\">Deshidrogenaci\u00f3n oxidativa de etano (ODH) de etano con \u00f3xidos met\u00e1licos en atm\u00f3sfera de CO\u2082: hacia una econom\u00eda circular<\/a><\/li>\n<li><a class=\"wp-block-latest-posts__post-title\" href=\"https:\/\/devcc.site\/en\/2025\/11\/28\/curso-estadistica-aplicada-en-procedimientos-de-quimica-analitica-en-la-industria-2\/\">Curso: Estad\u00edstica aplicada en procedimientos de qu\u00edmica anal\u00edtica en la industria<\/a><\/li>\n<li><a class=\"wp-block-latest-posts__post-title\" href=\"https:\/\/devcc.site\/en\/2025\/11\/05\/modelos-generativos-de-ia-y-sus-aplicaciones\/\">Modelos Generativos de IA y sus Aplicaciones<\/a><\/li>\n<li><a class=\"wp-block-latest-posts__post-title\" href=\"https:\/\/devcc.site\/en\/2025\/10\/15\/nuevas-sorpresas-de-la-mecanica-cuantica-y-los-premios-nobel-2025-de-fisica-y-de-quimica\/\">Nuevas sorpresas de la Mec\u00e1nica Cu\u00e1ntica y los Premios Nobel 2025 de F\u00edsica y de Qu\u00edmica<\/a><\/li>\n<\/ul><\/div>\n<\/div>\n\n\n\n<div class=\"wp-block-cover alignfull is-light\" style=\"margin-top:0;padding-top:5vw;padding-right:5vw;padding-bottom:5vw;padding-left:5vw\"><span aria-hidden=\"true\" class=\"wp-block-cover__background has-background-dim-100 has-background-dim\" style=\"background-color:#e7e7e7\"><\/span><div class=\"wp-block-cover__inner-container is-layout-flow wp-block-cover-is-layout-flow\">\n<h2 class=\"wp-block-heading has-medium-font-size\" id=\"h.4g6os2ujy6zl_l\"><a href=\"https:\/\/sites.google.com\/view\/admisindoctoradofcuni2024-1\/inicio#h.4g6os2ujy6zl\"><\/a><a href=\"https:\/\/sites.google.com\/view\/admisindoctoradofcuni2024-1\/inicio#h.4g6os2ujy6zl\"><\/a>Becas para el Doctorado en Alianzas Interinstitucionales<\/h2>\n\n\n\n<ul class=\"wp-block-list\">\n<li>Los interesados en postular las Becas PROCIENCIA para el programa de Doctorado en Qu\u00edmica deben de postular tambi\u00e9n en la UNI. M\u00e1s informaci\u00f3n: <a href=\"http:\/\/doctoradoquimica.uni.edu.pe\/\" target=\"_blank\" rel=\"noreferrer noopener\">http:\/\/doctoradoquimica.uni.edu.pe\/<\/a><\/li>\n\n\n\n<li>Los interesados en postular las Becas PROCIENCIA para&nbsp;el&nbsp;programa de Doctorado en&nbsp;F\u00edsica&nbsp;lo har\u00e1n a trav\u00e9s de la pagina web de PROCIENCIA. M\u00e1s informaci\u00f3n: <a href=\"http:\/\/doctoradofisica.uni.edu.pe\/\"><\/a><a href=\"http:\/\/doctoradofisica.uni.edu.pe\/\" target=\"_blank\" rel=\"noreferrer noopener\">http:\/\/doctoradofisica.uni.edu.pe\/<\/a><\/li>\n<\/ul>\n<\/div><\/div>\n<\/div>\n<\/div>\n","protected":false},"excerpt":{"rendered":"<p>El proceso de admisi\u00f3n al doctorado se realiza en dos etapas. Primero se realiza una admisi\u00f3n inicial y luego de un a\u00f1o, la admisi\u00f3n definitiva.&nbsp; Requisitos de admisi\u00f3n inicial: Evaluaci\u00f3n de m\u00e9ritos: Evaluaci\u00f3n de conocimientos: Se aplican pruebas escritas u otra modalidad equivalente de asignaturas de la especialidad.&nbsp; La nota m\u00ednima aprobatoria en la escala [&hellip;]<\/p>\n","protected":false},"author":1,"featured_media":0,"parent":4568,"menu_order":0,"comment_status":"closed","ping_status":"closed","template":"","meta":{"footnotes":""},"class_list":["post-4533","page","type-page","status-publish","hentry"],"_links":{"self":[{"href":"https:\/\/devcc.site\/en\/wp-json\/wp\/v2\/pages\/4533","targetHints":{"allow":["GET"]}}],"collection":[{"href":"https:\/\/devcc.site\/en\/wp-json\/wp\/v2\/pages"}],"about":[{"href":"https:\/\/devcc.site\/en\/wp-json\/wp\/v2\/types\/page"}],"author":[{"embeddable":true,"href":"https:\/\/devcc.site\/en\/wp-json\/wp\/v2\/users\/1"}],"replies":[{"embeddable":true,"href":"https:\/\/devcc.site\/en\/wp-json\/wp\/v2\/comments?post=4533"}],"version-history":[{"count":28,"href":"https:\/\/devcc.site\/en\/wp-json\/wp\/v2\/pages\/4533\/revisions"}],"predecessor-version":[{"id":7028,"href":"https:\/\/devcc.site\/en\/wp-json\/wp\/v2\/pages\/4533\/revisions\/7028"}],"up":[{"embeddable":true,"href":"https:\/\/devcc.site\/en\/wp-json\/wp\/v2\/pages\/4568"}],"wp:attachment":[{"href":"https:\/\/devcc.site\/en\/wp-json\/wp\/v2\/media?parent=4533"}],"curies":[{"name":"wp","href":"https:\/\/api.w.org\/{rel}","templated":true}]}}