{"id":453,"date":"2021-05-22T22:00:27","date_gmt":"2021-05-22T22:00:27","guid":{"rendered":"http:\/\/localhost\/fcuni\/?page_id=453"},"modified":"2025-01-07T23:39:55","modified_gmt":"2025-01-08T04:39:55","slug":"matematica-aplicada","status":"publish","type":"page","link":"https:\/\/devcc.site\/en\/posgrado\/maestrias\/matematica-aplicada\/","title":{"rendered":"Maestr\u00eda en Matem\u00e1tica Aplicada"},"content":{"rendered":"<div class=\"wp-block-group\"><div class=\"wp-block-group__inner-container is-layout-constrained wp-block-group-is-layout-constrained\">\n<p class=\"has-background\" style=\"background-color:#dddddd\">We are currently working on update this information. For the moment, this section will be displayed  in spanish. <\/p>\n<\/div><\/div>\n\n\n<h2 class=\"wp-block-heading\">Perfil del profesional<\/h2>\n\n\n\n<p>En construcci\u00f3n. \u00daltima actualizaci\u00f3n 16\/04\/24.<\/p>\n\n\n\n<h2 class=\"wp-block-heading\">Temario <sup><span class=\"has-inline-color has-cyan-bluish-gray-color\">(Temario para el examen de Admisi\u00f3n 2021-1)<\/span><\/sup><\/h2>\n\n\n\n<p><strong>\u00c1lgebra Lineal<\/strong><\/p>\n\n\n\n<ol class=\"wp-block-list\">\n<li>Espacios vectoriales, subespacios, bases, transformaciones lineales, n\u00facleo, imagen, matriz de una transformaci\u00f3n lineal.<\/li>\n\n\n\n<li>Producto interno en un espacio vectorial, adjunto de una transformaci\u00f3n lineal.<\/li>\n\n\n\n<li>Subespacios invariantes, operadores auto-adjuntos.<\/li>\n\n\n\n<li>Formas bilineales, formas cuadr\u00e1ticas, forma cuadr\u00e1tica definida positiva, definida negativa. Ley de Inercia de<\/li>\n\n\n\n<li>Sylvester.<\/li>\n<\/ol>\n\n\n\n<p><strong>Introducci\u00f3n a las Ecuaciones Diferenciales Ordinarias<\/strong><\/p>\n\n\n\n<ol class=\"wp-block-list\">\n<li>Ecuaciones diferenciales de primer orden, problema de valores iniciales.<\/li>\n\n\n\n<li>Ecuaciones diferenciales lineales de segundo orden, problema de valoresiniciales.<\/li>\n\n\n\n<li>Sistemas de ecuaciones diferenciales lineales de primer orden.<\/li>\n\n\n\n<li>Sistemas de ecuaciones lineales con coeficientes constantes, ra\u00edces reales diferentes, ra\u00edces repetidas, ra\u00edces<\/li>\n\n\n\n<li>complejas.<\/li>\n\n\n\n<li>Exponencial de una matriz cuadrada, soluci\u00f3n del problema de valores iniciales: x\u2019=Ax+b(t) x(t0)=x0<\/li>\n<\/ol>\n\n\n\n<p><strong>An\u00e1lisis Matem\u00e1tico<\/strong><\/p>\n\n\n\n<ol class=\"wp-block-list\">\n<li>L\u00edmite de funciones reales, funciones continuas, funciones continuas en un intervalo, Funciones continuas en conjuntos compactos, continuidad uniforme.<\/li>\n\n\n\n<li>Derivadas de funciones reales, funciones derivables en un intervalo, funciones lipchitzions, contracciones.<\/li>\n\n\n\n<li>F\u00f3rmula de Taylor y aplicaciones de la derivada, funciones convexas y c\u00f3ncavos, aproximaciones sucesivos y m\u00e9todo de Newton, punto fijo de las contracciones, aplicaciones.<\/li>\n\n\n\n<li>Sucesiones y series de funciones, convergencia puntual, convergencia uniforme, Serie de potencias, series<\/li>\n\n\n\n<li>trigonom\u00e9tricas.<\/li>\n<\/ol>\n\n\n\n<h2 class=\"wp-block-heading titulorojo topmargin\">Plan de Estudio<\/h2>\n\n\n\n<div class=\"wp-block-columns planesdeestudio is-layout-flex wp-container-core-columns-is-layout-9d6595d7 wp-block-columns-is-layout-flex\">\n<div class=\"wp-block-column is-layout-flow wp-block-column-is-layout-flow\">\n<h2 class=\"wp-block-heading\">Primer Semestre<\/h2>\n\n\n\n<figure class=\"wp-block-table is-style-stripes\"><table><thead><tr><th class=\"has-text-align-center\" data-align=\"center\">C\u00f3digo<\/th><th>Curso<\/th><th class=\"has-text-align-center\" data-align=\"center\">Horas<\/th><th class=\"has-text-align-center\" data-align=\"center\">Cr\u00e9ditos<\/th><\/tr><\/thead><tbody><tr><td class=\"has-text-align-center\" data-align=\"center\">MM601<\/td><td>An\u00e1lisis I<\/td><td class=\"has-text-align-center\" data-align=\"center\">80<\/td><td class=\"has-text-align-center\" data-align=\"center\">5<\/td><\/tr><tr><td class=\"has-text-align-center\" data-align=\"center\">MM603<\/td><td>\u00c1lgebra<\/td><td class=\"has-text-align-center\" data-align=\"center\">80<\/td><td class=\"has-text-align-center\" data-align=\"center\">5<\/td><\/tr><\/tbody><\/table><\/figure>\n\n\n\n<h2 class=\"wp-block-heading\">Segundo Semestre<\/h2>\n\n\n\n<figure class=\"wp-block-table is-style-stripes\"><table><thead><tr><th class=\"has-text-align-center\" data-align=\"center\">C\u00f3digo<\/th><th>Curso<\/th><th class=\"has-text-align-center\" data-align=\"center\">Horas<\/th><th class=\"has-text-align-center\" data-align=\"center\">Cr\u00e9ditos<\/th><\/tr><\/thead><tbody><tr><td class=\"has-text-align-center\" data-align=\"center\">MM604<\/td><td>Variable Compleja<\/td><td class=\"has-text-align-center\" data-align=\"center\">80<\/td><td class=\"has-text-align-center\" data-align=\"center\">5<\/td><\/tr><tr><td class=\"has-text-align-center\" data-align=\"center\">MM602<\/td><td>An\u00e1lisis II<\/td><td class=\"has-text-align-center\" data-align=\"center\">80<\/td><td class=\"has-text-align-center\" data-align=\"center\">5<\/td><\/tr><tr><td class=\"has-text-align-center\" data-align=\"center\">MM607<\/td><td>Teor\u00eda de la Medida<\/td><td class=\"has-text-align-center\" data-align=\"center\">80<\/td><td class=\"has-text-align-center\" data-align=\"center\">5<\/td><\/tr><\/tbody><\/table><\/figure>\n\n\n\n<h2 class=\"wp-block-heading\">Tercer Semestre<\/h2>\n\n\n\n<figure class=\"wp-block-table is-style-stripes\"><table><thead><tr><th class=\"has-text-align-center\" data-align=\"center\">C\u00f3digo<\/th><th>Curso<\/th><th class=\"has-text-align-center\" data-align=\"center\">Horas<\/th><th class=\"has-text-align-center\" data-align=\"center\">Cr\u00e9ditos<\/th><\/tr><\/thead><tbody><tr><td class=\"has-text-align-center\" data-align=\"center\">MM605<\/td><td>Ecuaciones Diferenciales Ordinarias<\/td><td class=\"has-text-align-center\" data-align=\"center\">80<\/td><td class=\"has-text-align-center\" data-align=\"center\">5<\/td><\/tr><tr><td class=\"has-text-align-center\" data-align=\"center\"><\/td><td>Cursos Electivos*<\/td><td class=\"has-text-align-center\" data-align=\"center\"><\/td><td class=\"has-text-align-center\" data-align=\"center\"><\/td><\/tr><\/tbody><\/table><\/figure>\n\n\n\n<h2 class=\"wp-block-heading\">Cuarto Semestre<\/h2>\n\n\n\n<figure class=\"wp-block-table is-style-stripes\"><table><thead><tr><th class=\"has-text-align-center\" data-align=\"center\">C\u00f3digo<\/th><th>Curso<\/th><th class=\"has-text-align-center\" data-align=\"center\">Horas<\/th><th class=\"has-text-align-center\" data-align=\"center\">Cr\u00e9ditos<\/th><\/tr><\/thead><tbody><tr><td class=\"has-text-align-center\" data-align=\"center\">MM621<\/td><td>Seminario de Tesis<\/td><td class=\"has-text-align-center\" data-align=\"center\">160<\/td><td class=\"has-text-align-center\" data-align=\"center\">10<\/td><\/tr><\/tbody><\/table><figcaption class=\"wp-element-caption\">Tiene que llevar cursos electivos hasta completar los 48 cr\u00e9ditos<\/figcaption><\/figure>\n<\/div>\n\n\n\n<div class=\"wp-block-column is-layout-flow wp-block-column-is-layout-flow\">\n<h2 class=\"wp-block-heading\">Cursos Electivos<\/h2>\n\n\n\n<figure class=\"wp-block-table is-style-stripes\"><table><thead><tr><th class=\"has-text-align-center\" data-align=\"center\">C\u00f3digo<\/th><th>Curso<\/th><th class=\"has-text-align-center\" data-align=\"center\">Horas<\/th><th class=\"has-text-align-center\" data-align=\"center\">Cr\u00e9ditos<\/th><\/tr><\/thead><tbody><tr><td class=\"has-text-align-center\" data-align=\"center\">MM622<\/td><td>An\u00e1lisis Funcional<\/td><td class=\"has-text-align-center\" data-align=\"center\">80<\/td><td class=\"has-text-align-center\" data-align=\"center\">5<\/td><\/tr><tr><td class=\"has-text-align-center\" data-align=\"center\">MM606<\/td><td>Ecuaciones Diferenciales Parciales<\/td><td class=\"has-text-align-center\" data-align=\"center\">80<\/td><td class=\"has-text-align-center\" data-align=\"center\">5<\/td><\/tr><tr><td class=\"has-text-align-center\" data-align=\"center\">MM608<\/td><td>Geometr\u00eda Diferencial<\/td><td class=\"has-text-align-center\" data-align=\"center\">80<\/td><td class=\"has-text-align-center\" data-align=\"center\">5<\/td><\/tr><tr><td class=\"has-text-align-center\" data-align=\"center\">MM609<\/td><td>An\u00e1lisis Num\u00e9rico<\/td><td class=\"has-text-align-center\" data-align=\"center\">80<\/td><td class=\"has-text-align-center\" data-align=\"center\">5<\/td><\/tr><tr><td class=\"has-text-align-center\" data-align=\"center\">MM611<\/td><td>Optimizaci\u00f3n<\/td><td class=\"has-text-align-center\" data-align=\"center\">80<\/td><td class=\"has-text-align-center\" data-align=\"center\">5<\/td><\/tr><tr><td class=\"has-text-align-center\" data-align=\"center\">MM612<\/td><td>M\u00e9todos Num\u00e9ricos para Ecuaciones Diferenciales Ordinarias<\/td><td class=\"has-text-align-center\" data-align=\"center\">80<\/td><td class=\"has-text-align-center\" data-align=\"center\">5<\/td><\/tr><tr><td class=\"has-text-align-center\" data-align=\"center\">MM613<\/td><td>Teor\u00eda de Grafos<\/td><td class=\"has-text-align-center\" data-align=\"center\">80<\/td><td class=\"has-text-align-center\" data-align=\"center\">5<\/td><\/tr><tr><td class=\"has-text-align-center\" data-align=\"center\">MM614<\/td><td>Teor\u00eda Anal\u00edtica de N\u00fameros<\/td><td class=\"has-text-align-center\" data-align=\"center\">80<\/td><td class=\"has-text-align-center\" data-align=\"center\">5<\/td><\/tr><tr><td class=\"has-text-align-center\" data-align=\"center\">MM617<\/td><td>Calculo Variacional<\/td><td class=\"has-text-align-center\" data-align=\"center\">80<\/td><td class=\"has-text-align-center\" data-align=\"center\">5<\/td><\/tr><tr><td class=\"has-text-align-center\" data-align=\"center\">MM618<\/td><td>M\u00e9todos Num\u00e9ricos para Ecuaciones Diferenciales Parciales<\/td><td class=\"has-text-align-center\" data-align=\"center\">80<\/td><td class=\"has-text-align-center\" data-align=\"center\">5<\/td><\/tr><tr><td class=\"has-text-align-center\" data-align=\"center\">MM619<\/td><td>Elementos Finitos<\/td><td class=\"has-text-align-center\" data-align=\"center\">80<\/td><td class=\"has-text-align-center\" data-align=\"center\">5<\/td><\/tr><tr><td class=\"has-text-align-center\" data-align=\"center\">MM620<\/td><td>Ecuaciones Integro-Diferenciales<\/td><td class=\"has-text-align-center\" data-align=\"center\">80<\/td><td class=\"has-text-align-center\" data-align=\"center\">5<\/td><\/tr><tr><td class=\"has-text-align-center\" data-align=\"center\">MM623<\/td><td>An\u00e1lisis Convexo<\/td><td class=\"has-text-align-center\" data-align=\"center\">80<\/td><td class=\"has-text-align-center\" data-align=\"center\">5<\/td><\/tr><tr><td class=\"has-text-align-center\" data-align=\"center\">MM624<\/td><td>M\u00e9todos Num\u00e9ricos de \u00c1lgebra<\/td><td class=\"has-text-align-center\" data-align=\"center\">80<\/td><td class=\"has-text-align-center\" data-align=\"center\">5<\/td><\/tr><tr><td class=\"has-text-align-center\" data-align=\"center\">MM625<\/td><td>Teor\u00eda de Control<\/td><td class=\"has-text-align-center\" data-align=\"center\">80<\/td><td class=\"has-text-align-center\" data-align=\"center\">5<\/td><\/tr><tr><td class=\"has-text-align-center\" data-align=\"center\">MM628<\/td><td>Elementos Finitos Avanzados<\/td><td class=\"has-text-align-center\" data-align=\"center\">80<\/td><td class=\"has-text-align-center\" data-align=\"center\">5<\/td><\/tr><tr><td class=\"has-text-align-center\" data-align=\"center\">MM629<\/td><td>M\u00e9todos Num\u00e9ricos de Optimizaci\u00f3n<\/td><td class=\"has-text-align-center\" data-align=\"center\">80<\/td><td class=\"has-text-align-center\" data-align=\"center\">5<\/td><\/tr><tr><td class=\"has-text-align-center\" data-align=\"center\">MM633<\/td><td>T\u00f3picos Especiales I**<\/td><td class=\"has-text-align-center\" data-align=\"center\">16<\/td><td class=\"has-text-align-center\" data-align=\"center\">1<\/td><\/tr><tr><td class=\"has-text-align-center\" data-align=\"center\">MM634<\/td><td>T\u00f3picos Especiales II**<\/td><td class=\"has-text-align-center\" data-align=\"center\">32<\/td><td class=\"has-text-align-center\" data-align=\"center\">2<\/td><\/tr><tr><td class=\"has-text-align-center\" data-align=\"center\">MM635<\/td><td>T\u00f3picos Especiales III**<\/td><td class=\"has-text-align-center\" data-align=\"center\">48<\/td><td class=\"has-text-align-center\" data-align=\"center\">3<\/td><\/tr><tr><td class=\"has-text-align-center\" data-align=\"center\">MM636<\/td><td>T\u00f3picos Especiales IV**<\/td><td class=\"has-text-align-center\" data-align=\"center\">64<\/td><td class=\"has-text-align-center\" data-align=\"center\">4<\/td><\/tr><tr><td class=\"has-text-align-center\" data-align=\"center\">MM637<\/td><td>T\u00f3picos Especiales V**<\/td><td class=\"has-text-align-center\" data-align=\"center\">80<\/td><td class=\"has-text-align-center\" data-align=\"center\">5<\/td><\/tr><\/tbody><\/table><figcaption class=\"wp-element-caption\">**Estos cursos pueden ofrecerse varias veces por ejemplo: MM633A, MM633B, etc., con diferentes contenidos.<\/figcaption><\/figure>\n<\/div>\n<\/div>\n\n\n\n<h2 class=\"wp-block-heading\">Plana docente<\/h2>\n\n\n\n<p>En construcci\u00f3n. \u00daltima actualizaci\u00f3n 16\/04\/24. <br><\/p>\n\n\n\n<h2 class=\"wp-block-heading\">Bibliograf\u00eda<\/h2>\n\n\n\n<p>En construcci\u00f3n. \u00daltima actualizaci\u00f3n 16\/04\/24<\/p>\n","protected":false},"excerpt":{"rendered":"<p>Perfil del profesional En construcci\u00f3n. \u00daltima actualizaci\u00f3n 16\/04\/24. Temario (Temario para el examen de Admisi\u00f3n 2021-1) \u00c1lgebra Lineal Introducci\u00f3n a las Ecuaciones Diferenciales Ordinarias An\u00e1lisis Matem\u00e1tico Plan de Estudio Primer Semestre C\u00f3digo Curso Horas Cr\u00e9ditos MM601 An\u00e1lisis I 80 5 MM603 \u00c1lgebra 80 5 Segundo Semestre C\u00f3digo Curso Horas Cr\u00e9ditos MM604 Variable Compleja 80 5 [&hellip;]<\/p>\n","protected":false},"author":1,"featured_media":0,"parent":4553,"menu_order":0,"comment_status":"closed","ping_status":"closed","template":"","meta":{"footnotes":""},"class_list":["post-453","page","type-page","status-publish","hentry"],"_links":{"self":[{"href":"https:\/\/devcc.site\/en\/wp-json\/wp\/v2\/pages\/453","targetHints":{"allow":["GET"]}}],"collection":[{"href":"https:\/\/devcc.site\/en\/wp-json\/wp\/v2\/pages"}],"about":[{"href":"https:\/\/devcc.site\/en\/wp-json\/wp\/v2\/types\/page"}],"author":[{"embeddable":true,"href":"https:\/\/devcc.site\/en\/wp-json\/wp\/v2\/users\/1"}],"replies":[{"embeddable":true,"href":"https:\/\/devcc.site\/en\/wp-json\/wp\/v2\/comments?post=453"}],"version-history":[{"count":13,"href":"https:\/\/devcc.site\/en\/wp-json\/wp\/v2\/pages\/453\/revisions"}],"predecessor-version":[{"id":7010,"href":"https:\/\/devcc.site\/en\/wp-json\/wp\/v2\/pages\/453\/revisions\/7010"}],"up":[{"embeddable":true,"href":"https:\/\/devcc.site\/en\/wp-json\/wp\/v2\/pages\/4553"}],"wp:attachment":[{"href":"https:\/\/devcc.site\/en\/wp-json\/wp\/v2\/media?parent=453"}],"curies":[{"name":"wp","href":"https:\/\/api.w.org\/{rel}","templated":true}]}}