{"id":446,"date":"2021-05-22T21:26:52","date_gmt":"2021-05-22T21:26:52","guid":{"rendered":"http:\/\/localhost\/fcuni\/?page_id=446"},"modified":"2025-01-07T23:39:41","modified_gmt":"2025-01-08T04:39:41","slug":"fisica-medica","status":"publish","type":"page","link":"https:\/\/devcc.site\/en\/posgrado\/maestrias\/fisica-medica\/","title":{"rendered":"Maestr\u00eda en F\u00edsica M\u00e9dica"},"content":{"rendered":"<div class=\"wp-block-group\"><div class=\"wp-block-group__inner-container is-layout-constrained wp-block-group-is-layout-constrained\">\n<p class=\"has-background\" style=\"background-color:#dddddd\">We are currently working on update this information. For the moment, this section will be displayed  in spanish. <\/p>\n<\/div><\/div>\n\n\n<h2 class=\"wp-block-heading\">Perfil del profesional<\/h2>\n\n\n\n<p>En construcci\u00f3n. \u00daltima actualizaci\u00f3n 16\/04\/24.<\/p>\n\n\n\n<h2 class=\"wp-block-heading\">Temario <sup><span class=\"has-inline-color has-cyan-bluish-gray-color\">(Temario para el examen de Admisi\u00f3n 2021-1)<\/span><\/sup><\/h2>\n\n\n\n<ol class=\"wp-block-list\">\n<li><strong>Teor\u00eda de la Relatividad<\/strong><br>El experimento de Michelson y Morley. Postulados de Einstein. Simultaneidad. Efectos cinem\u00e1ticos de la relatividad. La transformaci\u00f3n de Lorentz. Transformaci\u00f3n de la velocidad. Mec\u00e1nica Relativista. Transformaci\u00f3n del momento lineal y de la energ\u00eda.<\/li>\n\n\n\n<li><strong>Radiaci\u00f3n T\u00e9rmica y el Origen de la Mec\u00e1nica<\/strong><br>Cu\u00e1ntica La emisi\u00f3n de la radiaci\u00f3n electromagn\u00e9tica por cargas aceleradas. Emisi\u00f3n y absorci\u00f3n de la radiaci\u00f3n por superficies. La radiaci\u00f3n del cuerpo negro. La ley de Wien. La teor\u00eda de Rayleigh y Jeans. La distribuci\u00f3n de probabilidad de Boltzmann. La teor\u00eda de Planck.<\/li>\n\n\n\n<li><strong>Electrones y Cuantos de Energ\u00eda<\/strong><br>Los rayos cat\u00f3dicos. La carga y la masa del electr\u00f3n y la relaci\u00f3n e\/m. El experimento de Bucherer. Efecto fotoel\u00e9ctrico: teor\u00edas cl\u00e1sica y cu\u00e1ntica. El efecto Compton. La naturaleza dual de la radiaci\u00f3n electromagn\u00e9tica.<\/li>\n\n\n\n<li><strong>Part\u00edculas y Ondas<\/strong><br>El postulado de De Broglie. Algunas propiedades de las ondas asociadas a part\u00edculas. Confirmaci\u00f3n experimental del postulado de De Broglie. Interpretaci\u00f3n de la regla de cuantizaci\u00f3n de Bohr. El principio de incertidumbre.Algunas consecuencias del principio de incertidumbre.<\/li>\n\n\n\n<li><strong>Ecuaci\u00f3n de Schr\u00f6dinger<\/strong><br>Interpretaci\u00f3n de la funci\u00f3n de onda. Propiedades matem\u00e1ticas de la funci\u00f3n de onda. La ecuaci\u00f3n de Schr\u00f6dinger independiente del tiempo. Operadores hermiticos: valores propios y funciones propias. Cuantizaci\u00f3n de la energ\u00eda en lateor\u00eda de Schr\u00f6dinger.<\/li>\n<\/ol>\n\n\n\n<h2 class=\"wp-block-heading titulorojo topmargin\">Plan de Estudio<\/h2>\n\n\n\n<div class=\"wp-block-columns planesdeestudio is-layout-flex wp-container-core-columns-is-layout-9d6595d7 wp-block-columns-is-layout-flex\">\n<div class=\"wp-block-column is-layout-flow wp-block-column-is-layout-flow\">\n<h2 class=\"wp-block-heading\">Primer Semestre<\/h2>\n\n\n\n<figure class=\"wp-block-table is-style-stripes\"><table><thead><tr><th class=\"has-text-align-center\" data-align=\"center\">C\u00f3digo<\/th><th>Curso<\/th><th class=\"has-text-align-center\" data-align=\"center\">Horas<\/th><th class=\"has-text-align-center\" data-align=\"center\">Cr\u00e9ditos<\/th><\/tr><\/thead><tbody><tr><td class=\"has-text-align-center\" data-align=\"center\">FM601<\/td><td>Anatom\u00eda, Fisiolog\u00eda y Patolog\u00eda<\/td><td class=\"has-text-align-center\" data-align=\"center\">48<\/td><td class=\"has-text-align-center\" data-align=\"center\">3<\/td><\/tr><tr><td class=\"has-text-align-center\" data-align=\"center\">FM602<\/td><td>Radiobiolog\u00eda<\/td><td class=\"has-text-align-center\" data-align=\"center\">48<\/td><td class=\"has-text-align-center\" data-align=\"center\">3<\/td><\/tr><tr><td class=\"has-text-align-center\" data-align=\"center\">FM603B<\/td><td>F\u00edsica de radiaciones y Dosimetr\u00eda<\/td><td class=\"has-text-align-center\" data-align=\"center\">64<\/td><td class=\"has-text-align-center\" data-align=\"center\">4<\/td><\/tr><tr><td class=\"has-text-align-center\" data-align=\"center\">FM609<\/td><td>Metodolog\u00eda de la Investigaci\u00f3n<\/td><td class=\"has-text-align-center\" data-align=\"center\">16<\/td><td class=\"has-text-align-center\" data-align=\"center\">1<\/td><\/tr><\/tbody><\/table><\/figure>\n\n\n\n<h2 class=\"wp-block-heading\">Segundo Semestre<\/h2>\n\n\n\n<figure class=\"wp-block-table is-style-stripes\"><table><thead><tr><th class=\"has-text-align-center\" data-align=\"center\">C\u00f3digo<\/th><th>Curso<\/th><th class=\"has-text-align-center\" data-align=\"center\">Horas<\/th><th class=\"has-text-align-center\" data-align=\"center\">Cr\u00e9ditos<\/th><\/tr><\/thead><tbody><tr><td class=\"has-text-align-center\" data-align=\"center\">FM605<\/td><td>F\u00edsica de Radioterapia I<\/td><td class=\"has-text-align-center\" data-align=\"center\">48<\/td><td class=\"has-text-align-center\" data-align=\"center\">3<\/td><\/tr><tr><td class=\"has-text-align-center\" data-align=\"center\">FM606<\/td><td>F\u00edsica de Medicina Nuclear I<\/td><td class=\"has-text-align-center\" data-align=\"center\">48<\/td><td class=\"has-text-align-center\" data-align=\"center\">3<\/td><\/tr><tr><td class=\"has-text-align-center\" data-align=\"center\">FM607<\/td><td>F\u00edsica de Radiodiagn\u00f3stico I<\/td><td class=\"has-text-align-center\" data-align=\"center\">48<\/td><td class=\"has-text-align-center\" data-align=\"center\">3<\/td><\/tr><tr><td class=\"has-text-align-center\" data-align=\"center\">FM608<\/td><td>Protecci\u00f3n Radiol\u00f3gica I<\/td><td class=\"has-text-align-center\" data-align=\"center\">80<\/td><td class=\"has-text-align-center\" data-align=\"center\">5<\/td><\/tr><\/tbody><\/table><\/figure>\n\n\n\n<h2 class=\"wp-block-heading\">Tercer Semestre<\/h2>\n\n\n\n<figure class=\"wp-block-table is-style-stripes\"><table><thead><tr><th class=\"has-text-align-center\" data-align=\"center\">C\u00f3digo<\/th><th>Curso<\/th><th class=\"has-text-align-center\" data-align=\"center\">Horas<\/th><th class=\"has-text-align-center\" data-align=\"center\">Cr\u00e9ditos<\/th><\/tr><\/thead><tbody><tr><td class=\"has-text-align-center\" data-align=\"center\">FM704<\/td><td>Seminario de Tesis I (*)<\/td><td class=\"has-text-align-center\" data-align=\"center\">112<\/td><td class=\"has-text-align-center\" data-align=\"center\">7<\/td><\/tr><tr><td class=\"has-text-align-center\" data-align=\"center\">EE100<\/td><td>Obligatorio de la Especialidad<\/td><td class=\"has-text-align-center\" data-align=\"center\">48<\/td><td class=\"has-text-align-center\" data-align=\"center\">3<\/td><\/tr><\/tbody><\/table><\/figure>\n\n\n\n<h2 class=\"wp-block-heading\">Cuarto Semestre<\/h2>\n\n\n\n<figure class=\"wp-block-table is-style-stripes\"><table><thead><tr><th class=\"has-text-align-center\" data-align=\"center\">C\u00f3digo<\/th><th>Curso<\/th><th class=\"has-text-align-center\" data-align=\"center\">Horas<\/th><th class=\"has-text-align-center\" data-align=\"center\">Cr\u00e9ditos<\/th><\/tr><\/thead><tbody><tr><td class=\"has-text-align-center\" data-align=\"center\">FM705<\/td><td>Seminario de Tesis II (*)<\/td><td class=\"has-text-align-center\" data-align=\"center\">128<\/td><td class=\"has-text-align-center\" data-align=\"center\">8<\/td><\/tr><tr><td class=\"has-text-align-center\" data-align=\"center\">EL108<\/td><td>Electivo<\/td><td class=\"has-text-align-center\" data-align=\"center\">32<\/td><td class=\"has-text-align-center\" data-align=\"center\">2<\/td><\/tr><\/tbody><\/table><\/figure>\n<\/div>\n\n\n\n<div class=\"wp-block-column is-layout-flow wp-block-column-is-layout-flow\">\n<h2 class=\"wp-block-heading\">Cursos Electivos<\/h2>\n\n\n\n<figure class=\"wp-block-table is-style-stripes\"><table><thead><tr><th class=\"has-text-align-center\" data-align=\"center\">C\u00f3digo<\/th><th>Curso<\/th><th class=\"has-text-align-center\" data-align=\"center\">Horas<\/th><th class=\"has-text-align-center\" data-align=\"center\">Cr\u00e9ditos<\/th><\/tr><\/thead><tbody><tr><td class=\"has-text-align-center\" data-align=\"center\">FM721<\/td><td>Protecci\u00f3n Radiol\u00f3gica<\/td><td class=\"has-text-align-center\" data-align=\"center\">48<\/td><td class=\"has-text-align-center\" data-align=\"center\">3<\/td><\/tr><tr><td class=\"has-text-align-center\" data-align=\"center\">FM706<\/td><td>Simulaci\u00f3n Computacional<\/td><td class=\"has-text-align-center\" data-align=\"center\">48<\/td><td class=\"has-text-align-center\" data-align=\"center\">3<\/td><\/tr><tr><td class=\"has-text-align-center\" data-align=\"center\">FM707<\/td><td>Procesamiento Digital de Im\u00e1genes M\u00e9dicas<\/td><td class=\"has-text-align-center\" data-align=\"center\">48<\/td><td class=\"has-text-align-center\" data-align=\"center\">3<\/td><\/tr><tr><td class=\"has-text-align-center\" data-align=\"center\">FM708<\/td><td>Radiaciones No Ionizantes<\/td><td class=\"has-text-align-center\" data-align=\"center\">48<\/td><td class=\"has-text-align-center\" data-align=\"center\">3<\/td><\/tr><tr><td class=\"has-text-align-center\" data-align=\"center\">FM709<\/td><td>Electr\u00f3nica y Equipamiento para F\u00edsicos M\u00e9dicos<\/td><td class=\"has-text-align-center\" data-align=\"center\">48<\/td><td class=\"has-text-align-center\" data-align=\"center\">3<\/td><\/tr><tr><td class=\"has-text-align-center\" data-align=\"center\">FM710<\/td><td>T\u00f3picos de F\u00edsica M\u00e9dica A<\/td><td class=\"has-text-align-center\" data-align=\"center\">48<\/td><td class=\"has-text-align-center\" data-align=\"center\">3<\/td><\/tr><tr><td class=\"has-text-align-center\" data-align=\"center\">FM711<\/td><td>T\u00f3picos de F\u00edsica M\u00e9dica B<\/td><td class=\"has-text-align-center\" data-align=\"center\">48<\/td><td class=\"has-text-align-center\" data-align=\"center\">3<\/td><\/tr><tr><td class=\"has-text-align-center\" data-align=\"center\">FM712<\/td><td>T\u00f3picos de F\u00edsica M\u00e9dica C<\/td><td class=\"has-text-align-center\" data-align=\"center\">48<\/td><td class=\"has-text-align-center\" data-align=\"center\">3<\/td><\/tr><tr><td class=\"has-text-align-center\" data-align=\"center\">FM713<\/td><td>T\u00f3picos de F\u00edsica M\u00e9dica D<\/td><td class=\"has-text-align-center\" data-align=\"center\">48<\/td><td class=\"has-text-align-center\" data-align=\"center\">3<\/td><\/tr><tr><td class=\"has-text-align-center\" data-align=\"center\">FM715<\/td><td>Metodolog\u00eda de la Investigaci\u00f3n<\/td><td class=\"has-text-align-center\" data-align=\"center\">16<\/td><td class=\"has-text-align-center\" data-align=\"center\">1<\/td><\/tr><tr><td class=\"has-text-align-center\" data-align=\"center\">FM716<\/td><td>F\u00edsica Computacional<\/td><td class=\"has-text-align-center\" data-align=\"center\">48<\/td><td class=\"has-text-align-center\" data-align=\"center\">3<\/td><\/tr><tr><td class=\"has-text-align-center\" data-align=\"center\">FM718<\/td><td>Trabajo Practico de Protecci\u00f3n Radiol\u00f3gica<\/td><td class=\"has-text-align-center\" data-align=\"center\">48<\/td><td class=\"has-text-align-center\" data-align=\"center\">3<\/td><\/tr><tr><td class=\"has-text-align-center\" data-align=\"center\">FM720<\/td><td>Aspectos Operacionales y Tecnol\u00f3gicos de la Protecci\u00f3n Radiol\u00f3gica<\/td><td class=\"has-text-align-center\" data-align=\"center\">48<\/td><td class=\"has-text-align-center\" data-align=\"center\">3<\/td><\/tr><\/tbody><\/table><\/figure>\n\n\n\n<h2 class=\"wp-block-heading\">Cursos Obligatorios de la Especialidad<\/h2>\n\n\n\n<figure class=\"wp-block-table is-style-stripes\"><table><thead><tr><th class=\"has-text-align-center\" data-align=\"center\">C\u00f3digo<\/th><th>Curso<\/th><th class=\"has-text-align-center\" data-align=\"center\">Horas<\/th><th class=\"has-text-align-center\" data-align=\"center\">Cr\u00e9ditos<\/th><\/tr><\/thead><tbody><tr><td class=\"has-text-align-center\" data-align=\"center\">FM701<\/td><td>F\u00edsica de Radioterapia II<\/td><td class=\"has-text-align-center\" data-align=\"center\">48<\/td><td class=\"has-text-align-center\" data-align=\"center\">3<\/td><\/tr><tr><td class=\"has-text-align-center\" data-align=\"center\">FM702<\/td><td>F\u00edsica de Medicina nuclear II<\/td><td class=\"has-text-align-center\" data-align=\"center\">48<\/td><td class=\"has-text-align-center\" data-align=\"center\">3<\/td><\/tr><tr><td class=\"has-text-align-center\" data-align=\"center\">FM703<\/td><td>F\u00edsica de Radiodiagn\u00f3stico II<\/td><td class=\"has-text-align-center\" data-align=\"center\">48<\/td><td class=\"has-text-align-center\" data-align=\"center\">3<\/td><\/tr><tr><td class=\"has-text-align-center\" data-align=\"center\">FM722<\/td><td>Protecci\u00f3n Radiol\u00f3gica II<\/td><td class=\"has-text-align-center\" data-align=\"center\">48<\/td><td class=\"has-text-align-center\" data-align=\"center\">3<\/td><\/tr><\/tbody><\/table><\/figure>\n<\/div>\n<\/div>\n\n\n\n<h2 class=\"wp-block-heading\">Plana docente<\/h2>\n\n\n\n<p>En construcci\u00f3n. \u00daltima actualizaci\u00f3n 16\/04\/24. <\/p>\n\n\n\n<h2 class=\"wp-block-heading\">Bibliograf\u00eda<\/h2>\n\n\n\n<p>En construcci\u00f3n. \u00daltima actualizaci\u00f3n 16\/04\/24. <\/p>\n","protected":false},"excerpt":{"rendered":"<p>Perfil del profesional En construcci\u00f3n. \u00daltima actualizaci\u00f3n 16\/04\/24. Temario (Temario para el examen de Admisi\u00f3n 2021-1) Plan de Estudio Primer Semestre C\u00f3digo Curso Horas Cr\u00e9ditos FM601 Anatom\u00eda, Fisiolog\u00eda y Patolog\u00eda 48 3 FM602 Radiobiolog\u00eda 48 3 FM603B F\u00edsica de radiaciones y Dosimetr\u00eda 64 4 FM609 Metodolog\u00eda de la Investigaci\u00f3n 16 1 Segundo Semestre C\u00f3digo Curso [&hellip;]<\/p>\n","protected":false},"author":1,"featured_media":0,"parent":4553,"menu_order":0,"comment_status":"closed","ping_status":"closed","template":"","meta":{"footnotes":""},"class_list":["post-446","page","type-page","status-publish","hentry"],"_links":{"self":[{"href":"https:\/\/devcc.site\/en\/wp-json\/wp\/v2\/pages\/446","targetHints":{"allow":["GET"]}}],"collection":[{"href":"https:\/\/devcc.site\/en\/wp-json\/wp\/v2\/pages"}],"about":[{"href":"https:\/\/devcc.site\/en\/wp-json\/wp\/v2\/types\/page"}],"author":[{"embeddable":true,"href":"https:\/\/devcc.site\/en\/wp-json\/wp\/v2\/users\/1"}],"replies":[{"embeddable":true,"href":"https:\/\/devcc.site\/en\/wp-json\/wp\/v2\/comments?post=446"}],"version-history":[{"count":19,"href":"https:\/\/devcc.site\/en\/wp-json\/wp\/v2\/pages\/446\/revisions"}],"predecessor-version":[{"id":7009,"href":"https:\/\/devcc.site\/en\/wp-json\/wp\/v2\/pages\/446\/revisions\/7009"}],"up":[{"embeddable":true,"href":"https:\/\/devcc.site\/en\/wp-json\/wp\/v2\/pages\/4553"}],"wp:attachment":[{"href":"https:\/\/devcc.site\/en\/wp-json\/wp\/v2\/media?parent=446"}],"curies":[{"name":"wp","href":"https:\/\/api.w.org\/{rel}","templated":true}]}}