{"id":4412,"date":"2024-05-15T20:45:30","date_gmt":"2024-05-16T01:45:30","guid":{"rendered":"https:\/\/fc.uni.edu.pe\/?page_id=4412"},"modified":"2024-09-06T13:38:42","modified_gmt":"2024-09-06T18:38:42","slug":"certificaciones","status":"publish","type":"page","link":"https:\/\/devcc.site\/en\/pregrado\/quimica\/certificaciones\/","title":{"rendered":"Certificaciones"},"content":{"rendered":"\n<div class=\"wp-block-columns is-layout-flex wp-container-core-columns-is-layout-9d6595d7 wp-block-columns-is-layout-flex\">\n<div class=\"wp-block-column is-layout-flow wp-block-column-is-layout-flow\" style=\"flex-basis:66.66%\">\n<p>La restructuraci\u00f3n del plan de estudios del a\u00f1o 2018, permite a los estudiantes certificarse en una especialidad t\u00e9cnica una vez cumplido los siguientes requisitos: <\/p>\n\n\n\n<p><strong>M\u00d3DULO I: CERTIFICACI\u00d3N DE T\u00c9CNICO QU\u00cdMICO ANALISTA <\/strong><\/p>\n\n\n\n<ul class=\"wp-block-list\">\n<li>Aprobar todos los cursos hasta el quinto ciclo.<\/li>\n\n\n\n<li>Aprobar, adem\u00e1s: &#8220;CQ382 T\u00e9cnica Espectrosc\u00f3picas en Qu\u00edmica Anal\u00edtica&#8221; y &#8220;CQ491 T\u00e9cnica Electroqu\u00edmicas y Cromatograf\u00edas en Qu\u00edmica Anal\u00edtica&#8221;.<\/li>\n<\/ul>\n\n\n\n<p><strong>M\u00d3DULO II: CERTIFICACI\u00d3N DE T\u00c9CNICO EN ALMACENAMIENTO Y MANIPULACI\u00d3N DE INSUMOS QU\u00cdMICOS<\/strong><\/p>\n\n\n\n<ul class=\"wp-block-list\">\n<li>Aprobar todos los cursos hasta el quinto ciclo<\/li>\n\n\n\n<li>Aprobar, adem\u00e1s: &#8220;CQ501 Procesos Qu\u00edmicos Industriales&#8221; y &#8220;CQ511 Dise\u00f1o Organizacional y seguridad en el Laboratorio&#8221;.<\/li>\n<\/ul>\n\n\n\n<p><strong>M\u00d3DULO III: CERTIFICACI\u00d3N T\u00c9CNICO EN GESTI\u00d3N AMBIENTAL<\/strong><\/p>\n\n\n\n<ul class=\"wp-block-list\">\n<li>Aprobar todos los cursos hasta el quinto ciclo<\/li>\n\n\n\n<li>Aprobar, adem\u00e1s: &#8220;CQ401 Microbiolog\u00eda&#8221;, &#8220;CQ431 Qu\u00edmica y Gesti\u00f3n Ambiental&#8221;, y &#8220;CQ501 Procesos Qu\u00edmicos Industriales&#8221;.<\/li>\n<\/ul>\n<\/div>\n\n\n\n<div class=\"wp-block-column is-layout-flow wp-block-column-is-layout-flow\" style=\"flex-basis:33.33%\">\n<div class=\"wp-block-columns alignwide is-layout-flex wp-container-core-columns-is-layout-829b1d53 wp-block-columns-is-layout-flex\" style=\"margin-bottom:0\">\n<div class=\"wp-block-column has-text-color has-background has-link-color wp-elements-e62ee071cb73a3cde6172e1efd477b50 is-layout-flow wp-block-column-is-layout-flow\" style=\"color:#000000;background-color:#e7e7e7;padding-top:2em;padding-right:2em;padding-bottom:2em;padding-left:2em\">\n<h2 class=\"wp-block-heading\" id=\"single\" style=\"font-size:20px\"><strong>M\u00e1s informaci\u00f3n<\/strong><\/h2>\n\n\n\n<p><a href=\"https:\/\/fc.uni.edu.pe\/pregrado\/quimica\/\">Qu\u00edmica<\/a><\/p>\n\n\n\n<ul class=\"wp-block-list\">\n<li>Certificaciones<\/li>\n\n\n\n<li><a href=\"https:\/\/fc.uni.edu.pe\/pregrado\/quimica\/plan-de-estudios\/\">Plan de Estudios<\/a><\/li>\n<\/ul>\n\n\n\n<p>Carreras de Pregrado<\/p>\n\n\n\n<ul class=\"wp-block-list\">\n<li><a href=\"https:\/\/fc.uni.edu.pe\/pregrado\/fisica\/\">F\u00edsica<\/a><\/li>\n\n\n\n<li><a href=\"https:\/\/fc.uni.edu.pe\/pregrado\/matematica\/\">Matem\u00e1tica<\/a><\/li>\n\n\n\n<li><a href=\"https:\/\/fc.uni.edu.pe\/pregrado\/quimica\/\">Qu\u00edmica<\/a><\/li>\n\n\n\n<li><a href=\"https:\/\/fc.uni.edu.pe\/pregrado\/ingenieria-fisica\/\">Ingenier\u00eda F\u00edsica<\/a><\/li>\n\n\n\n<li><a href=\"https:\/\/fc.uni.edu.pe\/pregrado\/ciencia-de-la-computacion\/\">Ciencia de la Computaci\u00f3n<\/a><\/li>\n<\/ul>\n\n\n\n<p>Estudiantes de grado<\/p>\n\n\n\n<ul class=\"wp-block-list\">\n<li><a href=\"https:\/\/fc.uni.edu.pe\/pregrado\/creditos\/\">Cr\u00e9ditos Extracurriculares<\/a><\/li>\n\n\n\n<li><a href=\"https:\/\/fc.uni.edu.pe\/academico\/grados-y-titulos\/\">Grados y T\u00edtulos<\/a><\/li>\n\n\n\n<li><a href=\"https:\/\/fc.uni.edu.pe\/estadistica\/documentos\/\">Matr\u00edcula y Procedimientos<\/a><\/li>\n\n\n\n<li><a href=\"https:\/\/fc.uni.edu.pe\/academico\/empleabilidad\/\">Seguimiento al graduado<\/a><\/li>\n\n\n\n<li><a href=\"https:\/\/fc.uni.edu.pe\/academico\/asociaciones-estudiantiles\/\">Asociaciones Estudiantiles<\/a><\/li>\n<\/ul>\n<\/div>\n<\/div>\n\n\n\n<div class=\"wp-block-columns alignwide is-layout-flex wp-container-core-columns-is-layout-829b1d53 wp-block-columns-is-layout-flex\" style=\"margin-bottom:0\">\n<div class=\"wp-block-column has-white-background-color has-text-color has-background has-link-color wp-elements-04b17e7110c617c3b321f8385644b1f9 is-layout-flow wp-block-column-is-layout-flow\" style=\"color:#000000;padding-top:2em;padding-right:2em;padding-bottom:2em;padding-left:2em\"><h2 class=\"wp-block-heading has-black-color has-text-color has-link-color wp-elements-5bbb62aca8f4f02cc39819257b246dc8\" id=\"single\" style=\"font-size:20px\"><strong>Eventos<\/strong> cient\u00edficos<\/h2>\n\n\n<ul class=\"wp-block-latest-posts__list has-link-color bullet-links wp-elements-d1fbb039474d2d6592128aac7caf5d32 wp-block-latest-posts has-text-color has-black-color\"><li><a class=\"wp-block-latest-posts__post-title\" href=\"https:\/\/devcc.site\/en\/2025\/12\/10\/deshidrogenacion-oxidativa-de-etano-odh-de-etano-con-oxidos-metalicos-en-atmosfera-de-co%e2%82%82-hacia-una-economia-circular\/\">Deshidrogenaci\u00f3n oxidativa de etano (ODH) de etano con \u00f3xidos met\u00e1licos en atm\u00f3sfera de CO\u2082: hacia una econom\u00eda circular<\/a><\/li>\n<li><a class=\"wp-block-latest-posts__post-title\" href=\"https:\/\/devcc.site\/en\/2025\/11\/28\/curso-estadistica-aplicada-en-procedimientos-de-quimica-analitica-en-la-industria-2\/\">Curso: Estad\u00edstica aplicada en procedimientos de qu\u00edmica anal\u00edtica en la industria<\/a><\/li>\n<li><a class=\"wp-block-latest-posts__post-title\" href=\"https:\/\/devcc.site\/en\/2025\/11\/05\/modelos-generativos-de-ia-y-sus-aplicaciones\/\">Modelos Generativos de IA y sus Aplicaciones<\/a><\/li>\n<li><a class=\"wp-block-latest-posts__post-title\" href=\"https:\/\/devcc.site\/en\/2025\/10\/15\/nuevas-sorpresas-de-la-mecanica-cuantica-y-los-premios-nobel-2025-de-fisica-y-de-quimica\/\">Nuevas sorpresas de la Mec\u00e1nica Cu\u00e1ntica y los Premios Nobel 2025 de F\u00edsica y de Qu\u00edmica<\/a><\/li>\n<\/ul><\/div>\n<\/div>\n<\/div>\n<\/div>\n","protected":false},"excerpt":{"rendered":"<p>La restructuraci\u00f3n del plan de estudios del a\u00f1o 2018, permite a los estudiantes certificarse en una especialidad t\u00e9cnica una vez cumplido los siguientes requisitos: M\u00d3DULO I: CERTIFICACI\u00d3N DE T\u00c9CNICO QU\u00cdMICO ANALISTA M\u00d3DULO II: CERTIFICACI\u00d3N DE T\u00c9CNICO EN ALMACENAMIENTO Y MANIPULACI\u00d3N DE INSUMOS QU\u00cdMICOS M\u00d3DULO III: CERTIFICACI\u00d3N T\u00c9CNICO EN GESTI\u00d3N AMBIENTAL M\u00e1s informaci\u00f3n Qu\u00edmica Carreras de [&hellip;]<\/p>\n","protected":false},"author":1,"featured_media":0,"parent":552,"menu_order":0,"comment_status":"closed","ping_status":"closed","template":"","meta":{"footnotes":""},"class_list":["post-4412","page","type-page","status-publish","hentry"],"_links":{"self":[{"href":"https:\/\/devcc.site\/en\/wp-json\/wp\/v2\/pages\/4412","targetHints":{"allow":["GET"]}}],"collection":[{"href":"https:\/\/devcc.site\/en\/wp-json\/wp\/v2\/pages"}],"about":[{"href":"https:\/\/devcc.site\/en\/wp-json\/wp\/v2\/types\/page"}],"author":[{"embeddable":true,"href":"https:\/\/devcc.site\/en\/wp-json\/wp\/v2\/users\/1"}],"replies":[{"embeddable":true,"href":"https:\/\/devcc.site\/en\/wp-json\/wp\/v2\/comments?post=4412"}],"version-history":[{"count":7,"href":"https:\/\/devcc.site\/en\/wp-json\/wp\/v2\/pages\/4412\/revisions"}],"predecessor-version":[{"id":6152,"href":"https:\/\/devcc.site\/en\/wp-json\/wp\/v2\/pages\/4412\/revisions\/6152"}],"up":[{"embeddable":true,"href":"https:\/\/devcc.site\/en\/wp-json\/wp\/v2\/pages\/552"}],"wp:attachment":[{"href":"https:\/\/devcc.site\/en\/wp-json\/wp\/v2\/media?parent=4412"}],"curies":[{"name":"wp","href":"https:\/\/api.w.org\/{rel}","templated":true}]}}