{"id":4365,"date":"2024-05-15T19:08:06","date_gmt":"2024-05-16T00:08:06","guid":{"rendered":"https:\/\/fc.uni.edu.pe\/?page_id=4365"},"modified":"2025-01-15T18:31:15","modified_gmt":"2025-01-15T23:31:15","slug":"plan-de-estudios","status":"publish","type":"page","link":"https:\/\/devcc.site\/en\/pregrado\/quimica\/plan-de-estudios\/","title":{"rendered":"Plan de Estudios"},"content":{"rendered":"\n<div class=\"wp-block-columns is-layout-flex wp-container-core-columns-is-layout-9d6595d7 wp-block-columns-is-layout-flex\">\n<div class=\"wp-block-column is-layout-flow wp-block-column-is-layout-flow\" style=\"flex-basis:66.66%\">\n<p>Las disciplinas troncales de la carrera son: Qu\u00edmica Anal\u00edtica e Instrumentaci\u00f3n, Qu\u00edmica Org\u00e1nica, Qu\u00edmica Inorg\u00e1nica, Fisicoqu\u00edmica y su interacci\u00f3n con otras disciplinas, tales como, la ciencia de los materiales, ciencias del medio ambiente, etc. <\/p>\n\n\n\n<p>Tambi\u00e9n se han incorporado nuevos cursos, como \u201cDise\u00f1o organizacional y seguridad en el Laboratorio\u201d, \u201cQu\u00edmica y gesti\u00f3n ambiental\u201d orientados a formar competencias de gesti\u00f3n en la especialidad y los cursos de \u201cT\u00e9cnicas de caracterizaci\u00f3n de materiales\u201d y \u201cFundamentos de Electroqu\u00edmica\u201d con los cuales se refuerza las bases de conocimientos necesarios para la comprensi\u00f3n de la estructura, energ\u00eda y reactividad de los materiales.<\/p>\n\n\n\n<p>Adem\u00e1s, se ofrece los m\u00f3dulos de certificaci\u00f3n en las \u00e1reas de: &#8220;T\u00e9cnico Qu\u00edmico Analista&#8221;, &#8220;T\u00e9cnico en Almacenamiento y Manipulaci\u00f3n de Insumos Qu\u00edmicos&#8221; y &#8220;T\u00e9cnico en Gesti\u00f3n Ambiental&#8221;.<\/p>\n\n\n\n<div class=\"wp-block-columns is-layout-flex wp-container-core-columns-is-layout-9d6595d7 wp-block-columns-is-layout-flex\">\n<div class=\"wp-block-column is-layout-flow wp-block-column-is-layout-flow\">\n<div class=\"wp-block-buttons is-layout-flex wp-block-buttons-is-layout-flex\">\n<div class=\"wp-block-button\"><a class=\"wp-block-button__link wp-element-button\" href=\"https:\/\/uniedupe93141-my.sharepoint.com\/:x:\/g\/personal\/escuelas_fc1_uni_edu_pe\/EY-RjTVPOsdJsAIh_0HJBQIBrlal1gQEq-Xg9mZ63E4rQg?e=QYhBFP\" style=\"border-radius:20px\" target=\"_blank\" rel=\"noreferrer noopener\">Plan de Estudios<\/a><\/div>\n<\/div>\n<\/div>\n\n\n\n<div class=\"wp-block-column is-layout-flow wp-block-column-is-layout-flow\">\n<div class=\"wp-block-buttons is-layout-flex wp-block-buttons-is-layout-flex\">\n<div class=\"wp-block-button is-style-fill\"><a class=\"wp-block-button__link has-white-color has-text-color has-link-color wp-element-button\" href=\"https:\/\/fc.uni.edu.pe\/wp-content\/uploads\/2024\/05\/PLAN-N3-ACT-ENE-24_convalidaciones.pdf\" style=\"border-radius:20px\">Convalidaciones<\/a><\/div>\n<\/div>\n<\/div>\n\n\n\n<div class=\"wp-block-column is-layout-flow wp-block-column-is-layout-flow\">\n<div class=\"wp-block-buttons is-layout-flex wp-block-buttons-is-layout-flex\">\n<div class=\"wp-block-button\"><a class=\"wp-block-button__link wp-element-button\" href=\"https:\/\/fc.uni.edu.pe\/wp-content\/uploads\/2024\/05\/PLAN-N3-ACT-ENE-24_malla.pdf\" style=\"border-radius:20px\">Malla curricular<\/a><\/div>\n<\/div>\n<\/div>\n<\/div>\n\n\n\n<p class=\"has-medium-font-size\"><strong>Condiciones de egreso <\/strong><\/p>\n\n\n\n<figure style=\"font-size:20px\" class=\"wp-block-table\"><table><tbody><tr><td class=\"has-text-align-left\" data-align=\"left\"><strong>Tipo<\/strong><\/td><td class=\"has-text-align-left\" data-align=\"left\"><strong>Escuela de Qu\u00edmica<\/strong><\/td><td class=\"has-text-align-center\" data-align=\"center\"><strong>N3<\/strong><\/td><\/tr><tr><td class=\"has-text-align-left\" data-align=\"left\"><strong>Obligatorios<\/strong><\/td><td class=\"has-text-align-left\" data-align=\"left\">Cr\u00e9tidos en cursos obligatorios<\/td><td class=\"has-text-align-center\" data-align=\"center\">189<\/td><\/tr><tr><td class=\"has-text-align-left\" data-align=\"left\"><\/td><td class=\"has-text-align-left\" data-align=\"left\">BIE01 IDIOMA EXTRANJERO O LENGUA NATIVA EN EL NIVEL INTERMEDIO<\/td><td class=\"has-text-align-center\" data-align=\"center\">2<\/td><\/tr><tr><td class=\"has-text-align-left\" data-align=\"left\"><\/td><td class=\"has-text-align-left\" data-align=\"left\">BAE01 ACTIVIDADES EXTRACURRICULARES<\/td><td class=\"has-text-align-center\" data-align=\"center\">1<\/td><\/tr><tr><td class=\"has-text-align-left\" data-align=\"left\"><\/td><td class=\"has-text-align-left\" data-align=\"left\">YA100 AYUDANTIA ACADEMICA I<\/td><td class=\"has-text-align-center\" data-align=\"center\">1<\/td><\/tr><tr><td class=\"has-text-align-left\" data-align=\"left\"><\/td><td class=\"has-text-align-left\" data-align=\"left\">XP200 PRACTICAS PRE-PROFESIONALES II<\/td><td class=\"has-text-align-center\" data-align=\"center\">2<\/td><\/tr><tr><td class=\"has-text-align-left\" data-align=\"left\"><\/td><td class=\"has-text-align-left\" data-align=\"left\"><strong>Total de cr\u00e9ditos obligatorios<\/strong><\/td><td class=\"has-text-align-center\" data-align=\"center\">195<\/td><\/tr><tr><td class=\"has-text-align-left\" data-align=\"left\"><strong>Electivos<\/strong><\/td><td class=\"has-text-align-left\" data-align=\"left\">M\u00ednimo de cr\u00e9ditos en cursos electivos (de especialidad)<\/td><td class=\"has-text-align-center\" data-align=\"center\">0<\/td><\/tr><tr><td class=\"has-text-align-left\" data-align=\"left\"><\/td><td class=\"has-text-align-left\" data-align=\"left\">M\u00ednimo de suma en cr\u00e9ditos en cursos electivos (de especialidad) y en cursos electivos complementarios<\/td><td class=\"has-text-align-center\" data-align=\"center\">13<\/td><\/tr><tr><td class=\"has-text-align-left\" data-align=\"left\"><strong>Total<\/strong><\/td><td class=\"has-text-align-left\" data-align=\"left\"><strong>M\u00ednimo de cr\u00e9ditos para egresar<\/strong><\/td><td class=\"has-text-align-center\" data-align=\"center\">208<\/td><\/tr><\/tbody><\/table><\/figure>\n\n\n\n<p>* Los alumnos que soliciten la exoneraci\u00f3n del curso BIE01 en los a\u00f1os acad\u00e9micos 2020,2021,2022 incluyendo el 2023-2 est\u00e1n exceptuados de llevar el curso seg\u00fan la excepcionalidad contenida en la ley N\u00b0 31359.<\/p>\n\n\n\n<p class=\"has-medium-font-size\"><strong>Tabla de convalidaciones del plan 2018 con el plan 2011<\/strong><\/p>\n\n\n\n<p>El plan de estudios de Qu\u00edmica (aprobado en el 2018) est\u00e1 enfocado en que el estudiante culmine con el trabajo de tesis desarrollando al incorporar el curso de seminario de elaboraci\u00f3n de la tesis profesional y los cursos de proyecto de tesis en Qu\u00edmica del I al III. La formaci\u00f3n del qu\u00edmico con habilidades blandas, exigidas hoy en d\u00eda por la sociedad y el mercado laboral, se trabajan en los cursos generales ubicadas  mayoritariamente en el segundo ciclo.<\/p>\n\n\n\n<div class=\"wp-block-buttons is-layout-flex wp-block-buttons-is-layout-flex\"><\/div>\n<\/div>\n\n\n\n<div class=\"wp-block-column is-layout-flow wp-block-column-is-layout-flow\" style=\"flex-basis:33.33%\">\n<div class=\"wp-block-columns alignwide is-layout-flex wp-container-core-columns-is-layout-829b1d53 wp-block-columns-is-layout-flex\" style=\"margin-bottom:0\">\n<div class=\"wp-block-column has-text-color has-background has-link-color wp-elements-c9d44337397e2f5977097196d2bf79df is-layout-flow wp-block-column-is-layout-flow\" style=\"color:#000000;background-color:#e7e7e7;padding-top:2em;padding-right:2em;padding-bottom:2em;padding-left:2em\">\n<h2 class=\"wp-block-heading\" id=\"single\" style=\"font-size:20px\"><strong>M\u00e1s informaci\u00f3n<\/strong><\/h2>\n\n\n\n<p><a href=\"https:\/\/fc.uni.edu.pe\/pregrado\/quimica\/\">Qu\u00edmica<\/a><\/p>\n\n\n\n<ul class=\"wp-block-list\">\n<li><a href=\"https:\/\/fc.uni.edu.pe\/pregrado\/quimica\/certificaciones\/\">Certificaciones<\/a><\/li>\n\n\n\n<li><a href=\"https:\/\/fc.uni.edu.pe\/wp-content\/uploads\/2024\/05\/PLAN-N3-ACT-ENE-24_malla.pdf\">Plan de Estudios<\/a><\/li>\n\n\n\n<li><a href=\"https:\/\/uniedupe93141-my.sharepoint.com\/:x:\/g\/personal\/escuelas_fc1_uni_edu_pe\/EY-RjTVPOsdJsAIh_0HJBQIBrlal1gQEq-Xg9mZ63E4rQg?e=QYhBFP\" target=\"_blank\" rel=\"noreferrer noopener\">Malla Curricular<\/a><\/li>\n\n\n\n<li><a href=\"https:\/\/fc.uni.edu.pe\/wp-content\/uploads\/2024\/05\/PLAN-N3-ACT-ENE-24_convalidaciones.pdf\" target=\"_blank\" rel=\"noreferrer noopener\">Convalidaciones<\/a><\/li>\n<\/ul>\n\n\n\n<p>Carreras de Pregrado<\/p>\n\n\n\n<ul class=\"wp-block-list\">\n<li><a href=\"https:\/\/fc.uni.edu.pe\/pregrado\/fisica\/\">F\u00edsica<\/a><\/li>\n\n\n\n<li><a href=\"https:\/\/fc.uni.edu.pe\/pregrado\/matematica\/\">Matem\u00e1tica<\/a><\/li>\n\n\n\n<li><a href=\"https:\/\/fc.uni.edu.pe\/pregrado\/quimica\/\">Qu\u00edmica<\/a><\/li>\n\n\n\n<li><a href=\"https:\/\/fc.uni.edu.pe\/pregrado\/ingenieria-fisica\/\">Ingenier\u00eda F\u00edsica<\/a><\/li>\n\n\n\n<li><a href=\"https:\/\/fc.uni.edu.pe\/pregrado\/ciencia-de-la-computacion\/\">Ciencia de la Computaci\u00f3n<\/a><\/li>\n<\/ul>\n\n\n\n<p>Estudiantes de grado<\/p>\n\n\n\n<ul class=\"wp-block-list\">\n<li><a href=\"https:\/\/fc.uni.edu.pe\/pregrado\/creditos\/\">Cr\u00e9ditos Extracurriculares<\/a><\/li>\n\n\n\n<li><a href=\"https:\/\/fc.uni.edu.pe\/academico\/grados-y-titulos\/\">Grados y T\u00edtulos<\/a><\/li>\n\n\n\n<li><a href=\"https:\/\/fc.uni.edu.pe\/estadistica\/documentos\/\">Matr\u00edcula y Procedimientos<\/a><\/li>\n\n\n\n<li><a href=\"https:\/\/fc.uni.edu.pe\/academico\/empleabilidad\/\">Seguimiento al graduado<\/a><\/li>\n\n\n\n<li><a href=\"https:\/\/fc.uni.edu.pe\/academico\/asociaciones-estudiantiles\/\">Asociaciones Estudiantiles<\/a><\/li>\n<\/ul>\n<\/div>\n<\/div>\n\n\n\n<div class=\"wp-block-columns alignwide is-layout-flex wp-container-core-columns-is-layout-829b1d53 wp-block-columns-is-layout-flex\" style=\"margin-bottom:0\">\n<div class=\"wp-block-column has-white-background-color has-text-color has-background has-link-color wp-elements-04b17e7110c617c3b321f8385644b1f9 is-layout-flow wp-block-column-is-layout-flow\" style=\"color:#000000;padding-top:2em;padding-right:2em;padding-bottom:2em;padding-left:2em\"><h2 class=\"wp-block-heading has-black-color has-text-color has-link-color wp-elements-5bbb62aca8f4f02cc39819257b246dc8\" id=\"single\" style=\"font-size:20px\"><strong>Eventos<\/strong> cient\u00edficos<\/h2>\n\n\n<ul class=\"wp-block-latest-posts__list has-link-color bullet-links wp-elements-d1fbb039474d2d6592128aac7caf5d32 wp-block-latest-posts has-text-color has-black-color\"><li><a class=\"wp-block-latest-posts__post-title\" href=\"https:\/\/devcc.site\/en\/2025\/12\/10\/deshidrogenacion-oxidativa-de-etano-odh-de-etano-con-oxidos-metalicos-en-atmosfera-de-co%e2%82%82-hacia-una-economia-circular\/\">Deshidrogenaci\u00f3n oxidativa de etano (ODH) de etano con \u00f3xidos met\u00e1licos en atm\u00f3sfera de CO\u2082: hacia una econom\u00eda circular<\/a><\/li>\n<li><a class=\"wp-block-latest-posts__post-title\" href=\"https:\/\/devcc.site\/en\/2025\/11\/28\/curso-estadistica-aplicada-en-procedimientos-de-quimica-analitica-en-la-industria-2\/\">Curso: Estad\u00edstica aplicada en procedimientos de qu\u00edmica anal\u00edtica en la industria<\/a><\/li>\n<li><a class=\"wp-block-latest-posts__post-title\" href=\"https:\/\/devcc.site\/en\/2025\/11\/05\/modelos-generativos-de-ia-y-sus-aplicaciones\/\">Modelos Generativos de IA y sus Aplicaciones<\/a><\/li>\n<li><a class=\"wp-block-latest-posts__post-title\" href=\"https:\/\/devcc.site\/en\/2025\/10\/15\/nuevas-sorpresas-de-la-mecanica-cuantica-y-los-premios-nobel-2025-de-fisica-y-de-quimica\/\">Nuevas sorpresas de la Mec\u00e1nica Cu\u00e1ntica y los Premios Nobel 2025 de F\u00edsica y de Qu\u00edmica<\/a><\/li>\n<\/ul><\/div>\n<\/div>\n<\/div>\n<\/div>\n","protected":false},"excerpt":{"rendered":"<p>Las disciplinas troncales de la carrera son: Qu\u00edmica Anal\u00edtica e Instrumentaci\u00f3n, Qu\u00edmica Org\u00e1nica, Qu\u00edmica Inorg\u00e1nica, Fisicoqu\u00edmica y su interacci\u00f3n con otras disciplinas, tales como, la ciencia de los materiales, ciencias del medio ambiente, etc. Tambi\u00e9n se han incorporado nuevos cursos, como \u201cDise\u00f1o organizacional y seguridad en el Laboratorio\u201d, \u201cQu\u00edmica y gesti\u00f3n ambiental\u201d orientados a formar [&hellip;]<\/p>\n","protected":false},"author":1,"featured_media":0,"parent":552,"menu_order":0,"comment_status":"closed","ping_status":"closed","template":"","meta":{"footnotes":""},"class_list":["post-4365","page","type-page","status-publish","hentry"],"_links":{"self":[{"href":"https:\/\/devcc.site\/en\/wp-json\/wp\/v2\/pages\/4365","targetHints":{"allow":["GET"]}}],"collection":[{"href":"https:\/\/devcc.site\/en\/wp-json\/wp\/v2\/pages"}],"about":[{"href":"https:\/\/devcc.site\/en\/wp-json\/wp\/v2\/types\/page"}],"author":[{"embeddable":true,"href":"https:\/\/devcc.site\/en\/wp-json\/wp\/v2\/users\/1"}],"replies":[{"embeddable":true,"href":"https:\/\/devcc.site\/en\/wp-json\/wp\/v2\/comments?post=4365"}],"version-history":[{"count":28,"href":"https:\/\/devcc.site\/en\/wp-json\/wp\/v2\/pages\/4365\/revisions"}],"predecessor-version":[{"id":7072,"href":"https:\/\/devcc.site\/en\/wp-json\/wp\/v2\/pages\/4365\/revisions\/7072"}],"up":[{"embeddable":true,"href":"https:\/\/devcc.site\/en\/wp-json\/wp\/v2\/pages\/552"}],"wp:attachment":[{"href":"https:\/\/devcc.site\/en\/wp-json\/wp\/v2\/media?parent=4365"}],"curies":[{"name":"wp","href":"https:\/\/api.w.org\/{rel}","templated":true}]}}