{"id":4249,"date":"2024-05-09T11:55:29","date_gmt":"2024-05-09T16:55:29","guid":{"rendered":"https:\/\/fc.uni.edu.pe\/?page_id=4249"},"modified":"2024-05-09T11:55:32","modified_gmt":"2024-05-09T16:55:32","slug":"perfil-del-egresado","status":"publish","type":"page","link":"https:\/\/devcc.site\/en\/pregrado\/perfil-del-egresado\/","title":{"rendered":"Perfil del egresado"},"content":{"rendered":"\n<div class=\"wp-block-columns is-layout-flex wp-container-core-columns-is-layout-9d6595d7 wp-block-columns-is-layout-flex\">\n<div class=\"wp-block-column is-layout-flow wp-block-column-is-layout-flow\" style=\"flex-basis:66.66%\">\n<p><strong>\u00bfCu\u00e1nto dura la carrera de F\u00edsica?<\/strong><br>El Plan de estudios est\u00e1 organizado en 10 semestres acad\u00e9micos en los que se cursa 184 cr\u00e9ditos en cursos obligatorios, 18 en electivos y 06 cr\u00e9ditos en otros como ingl\u00e9s o Lengua Nativa en nivel Intermedio y otras actividades (Total: 208 cr\u00e9ditos). En los tres \u00faltimos se desarrollan los Proyectos de Investigaci\u00f3n conducentes a la elaboraci\u00f3n del Trabajo de Investigaci\u00f3n, requisito para la obtenci\u00f3n del Grado de Bachiller.<br><strong>\u00bfAl terminar la carrera, tendr\u00e9 el nivel acad\u00e9mico para seguir la Maestr\u00eda y Doctorado en el extranjero?<\/strong><br>El nivel de formaci\u00f3n en la Escuela de F\u00edsica cumple con los est\u00e1ndares internacionales y los egresados son admitidos en programas de maestr\u00eda y doctorado de universidades del extranjero de gran prestigio y, con un poco de suerte y buena gesti\u00f3n de aplicaciones, pueden obtener el financiamiento para sus estudios.<br><strong>\u00bfEn el pa\u00eds, donde puede desempe\u00f1arme como F\u00edsico?<\/strong><br>Puede desempe\u00f1arse en diferentes \u00e1reas del conocimiento tales como: meteorolog\u00eda, geof\u00edsica, astronom\u00eda y astrof\u00edsica, biof\u00edsica, f\u00edsica m\u00e9dica, energ\u00edas convencionales y alternativas, entre otros. Puede participar en proyectos de investigaci\u00f3n en las distintas \u00e1reas de investigaci\u00f3n de la F\u00edsica y de ciencias afines. Asimismo, puede desarrollar actividades relacionadas con la docencia universitaria.<\/p>\n<\/div>\n\n\n\n<div class=\"wp-block-column is-layout-flow wp-block-column-is-layout-flow\" style=\"flex-basis:33.33%\"><\/div>\n<\/div>\n","protected":false},"excerpt":{"rendered":"<p>\u00bfCu\u00e1nto dura la carrera de F\u00edsica?El Plan de estudios est\u00e1 organizado en 10 semestres acad\u00e9micos en los que se cursa 184 cr\u00e9ditos en cursos obligatorios, 18 en electivos y 06 cr\u00e9ditos en otros como ingl\u00e9s o Lengua Nativa en nivel Intermedio y otras actividades (Total: 208 cr\u00e9ditos). En los tres \u00faltimos se desarrollan los Proyectos [&hellip;]<\/p>\n","protected":false},"author":1,"featured_media":0,"parent":4251,"menu_order":0,"comment_status":"closed","ping_status":"closed","template":"","meta":{"footnotes":""},"class_list":["post-4249","page","type-page","status-publish","hentry"],"_links":{"self":[{"href":"https:\/\/devcc.site\/en\/wp-json\/wp\/v2\/pages\/4249","targetHints":{"allow":["GET"]}}],"collection":[{"href":"https:\/\/devcc.site\/en\/wp-json\/wp\/v2\/pages"}],"about":[{"href":"https:\/\/devcc.site\/en\/wp-json\/wp\/v2\/types\/page"}],"author":[{"embeddable":true,"href":"https:\/\/devcc.site\/en\/wp-json\/wp\/v2\/users\/1"}],"replies":[{"embeddable":true,"href":"https:\/\/devcc.site\/en\/wp-json\/wp\/v2\/comments?post=4249"}],"version-history":[{"count":1,"href":"https:\/\/devcc.site\/en\/wp-json\/wp\/v2\/pages\/4249\/revisions"}],"predecessor-version":[{"id":4250,"href":"https:\/\/devcc.site\/en\/wp-json\/wp\/v2\/pages\/4249\/revisions\/4250"}],"up":[{"embeddable":true,"href":"https:\/\/devcc.site\/en\/wp-json\/wp\/v2\/pages\/4251"}],"wp:attachment":[{"href":"https:\/\/devcc.site\/en\/wp-json\/wp\/v2\/media?parent=4249"}],"curies":[{"name":"wp","href":"https:\/\/api.w.org\/{rel}","templated":true}]}}