{"id":424,"date":"2021-05-22T20:22:24","date_gmt":"2021-05-22T20:22:24","guid":{"rendered":"http:\/\/localhost\/fcuni\/?page_id=424"},"modified":"2025-01-07T23:46:31","modified_gmt":"2025-01-08T04:46:31","slug":"ciencia-de-la-computacion","status":"publish","type":"page","link":"https:\/\/devcc.site\/en\/ciencia-de-la-computacion\/","title":{"rendered":"Maestr\u00eda en Ciencia de la Computaci\u00f3n"},"content":{"rendered":"<div class=\"wp-block-group\"><div class=\"wp-block-group__inner-container is-layout-constrained wp-block-group-is-layout-constrained\">\n<p class=\"has-background\" style=\"background-color:#dddddd\">We are currently working on update this information. For the moment, this section will be displayed  in spanish. <\/p>\n<\/div><\/div>\n\n\n<h2 class=\"wp-block-heading\">Perfil del profesional<\/h2>\n\n\n\n<p>En construcci\u00f3n. \u00daltima actualizaci\u00f3n 16\/04\/24.<\/p>\n\n\n\n<h2 class=\"wp-block-heading\">Temario <sup><span class=\"has-inline-color has-cyan-bluish-gray-color\">(Temario para el examen de Admisi\u00f3n 2021-1)<\/span><\/sup><\/h2>\n\n\n\n<p><strong>MATEM\u00c1TICA<\/strong><\/p>\n\n\n\n<ol class=\"wp-block-list\">\n<li><strong>\u00c1lgebra Lineal<\/strong><br>Sistemas de ecuaciones lineales: m\u00e9todo de eliminaci\u00f3n de Gauss para sistemas lineales. Espacios vectoriales. Subespacios. Bases. Sumas directas. Transformaciones lineales y matrices. Valores y vectores propios.<br>Diagonalizaci\u00f3n. Espacios con producto interno. Bases ortonormales. Proyecciones ortogonales.<\/li>\n\n\n\n<li><strong>L\u00f3gica Matem\u00e1tica<\/strong><br>L\u00f3gica Proposicional y de Predicados. Lenguaje Proposicional y de Primer Orden. Sistemas Deductivos. Tablas de Verdad y Estructuras de Primer Orden. Relacionesde Consecuencia. Correcci\u00f3n. Completitud. Compacidad.<\/li>\n\n\n\n<li><strong>Matem\u00e1tica Discreta<\/strong><br>Iteraci\u00f3n, Inducci\u00f3n e Recursi\u00f3n. Conjuntos y \u00c1lgebra de Conjuntos como una Teor\u00eda Axiom\u00e1tica. Par Ordenado. Funciones. Funciones y Formas Booleanas, \u00c1lgebra Booleana, Minimizaci\u00f3n de Funciones Booleanas. Relaciones sobre Conjuntos, Relaciones de Equivalencia y Orden.<\/li>\n\n\n\n<li><strong>Probabilidad y Estad\u00edstica<\/strong><br>Eventos. Experimentos Aleatorios. An\u00e1lisis Exploratorio de Datos. Descripci\u00f3n Estad\u00edstica de los Datos. Espacios de muestras. Probabilidades en Espacios de muestra. Discretos. Distribuciones de Probabilidad de Variables Aleatorias Unidimensionales y Bidimensionales. Esperanza Matem\u00e1tica. Varianza y Coeficientes de Correlaci\u00f3n.<\/li>\n<\/ol>\n\n\n\n<p><strong>FUNDAMENTOS DE COMPUTACI\u00d3N<\/strong><\/p>\n\n\n\n<ol class=\"wp-block-list\">\n<li><strong>Algoritmos y Estructura de Datos<\/strong><br>Metodolog\u00eda de Desarrollo de Algoritmos. Tipos de Datos B\u00e1sicos y Estructurados. Comandos de un Lenguaje de Programaci\u00f3n. Recursividad: Concepto e Implementaci\u00f3n. Modularidad y Abstracci\u00f3n. Estrategias de<br>Depuraci\u00f3n. Cadenas y Procesamiento de Cadenas. Estructuras de Datos Lineales y sus Generalizaciones: Listas Ordenadas, Pilas y Filas. Algoritmos para B\u00fasqueda y Ordenamiento.<\/li>\n\n\n\n<li><strong>Lenguajes de Programaci\u00f3n.<\/strong><br>Conceptos. Paradigmas de Lenguajes de Programaci\u00f3n. Sem\u00e1ntica Formal. Teor\u00eda de Tipos: Sistemas de Tipos, Polimorfismo. Verificaci\u00f3n e Inferencia de Tipos.<\/li>\n<\/ol>\n\n\n\n<h2 class=\"wp-block-heading titulorojo topmargin\">Plan de Estudio<\/h2>\n\n\n\n<div class=\"wp-block-columns planesdeestudio is-layout-flex wp-container-core-columns-is-layout-9d6595d7 wp-block-columns-is-layout-flex\">\n<div class=\"wp-block-column is-layout-flow wp-block-column-is-layout-flow\">\n<h2 class=\"wp-block-heading titulorojo\">Especialidad de Tecnolog\u00edas Inform\u00e1ticas Avanzadas<\/h2>\n\n\n\n<h2 class=\"wp-block-heading\">Primer Semestre<\/h2>\n\n\n\n<figure class=\"wp-block-table is-style-stripes\"><table><thead><tr><th class=\"has-text-align-center\" data-align=\"center\">C\u00f3digo<\/th><th>Curso<\/th><th class=\"has-text-align-center\" data-align=\"center\">Horas<\/th><th class=\"has-text-align-center\" data-align=\"center\">Cr\u00e9ditos<\/th><\/tr><\/thead><tbody><tr><td class=\"has-text-align-center\" data-align=\"center\"><\/td><td>Cursos Electivos*<\/td><td class=\"has-text-align-center\" data-align=\"center\"><\/td><td class=\"has-text-align-center\" data-align=\"center\"><\/td><\/tr><\/tbody><\/table><\/figure>\n\n\n\n<h2 class=\"wp-block-heading\">Segundo Semestre<\/h2>\n\n\n\n<figure class=\"wp-block-table is-style-stripes\"><table><thead><tr><th>C\u00f3digo<\/th><th>Curso<\/th><th>Horas<\/th><th>Cr\u00e9ditos<\/th><\/tr><\/thead><tbody><tr><td><\/td><td>Cursos Electivos**<\/td><td><\/td><td><\/td><\/tr><\/tbody><\/table><\/figure>\n\n\n\n<h2 class=\"wp-block-heading\">Tercer Semestre<\/h2>\n\n\n\n<figure class=\"wp-block-table is-style-stripes\"><table><thead><tr><th class=\"has-text-align-center\" data-align=\"center\">C\u00f3digo<\/th><th>Curso<\/th><th class=\"has-text-align-center\" data-align=\"center\">Horas<\/th><th class=\"has-text-align-center\" data-align=\"center\">Cr\u00e9ditos<\/th><\/tr><\/thead><tbody><tr><td class=\"has-text-align-center\" data-align=\"center\">MCC701<\/td><td>Seminario de Tesis I<\/td><td class=\"has-text-align-center\" data-align=\"center\">80<\/td><td class=\"has-text-align-center\" data-align=\"center\">5<\/td><\/tr><tr><td class=\"has-text-align-center\" data-align=\"center\"><\/td><td>Cursos Electivos**<\/td><td class=\"has-text-align-center\" data-align=\"center\"><\/td><td class=\"has-text-align-center\" data-align=\"center\"><\/td><\/tr><\/tbody><\/table><\/figure>\n\n\n\n<h2 class=\"wp-block-heading\">Cuarto Semestre<\/h2>\n\n\n\n<figure class=\"wp-block-table is-style-stripes\"><table><thead><tr><th class=\"has-text-align-center\" data-align=\"center\">C\u00f3digo<\/th><th>Curso<\/th><th class=\"has-text-align-center\" data-align=\"center\">Horas<\/th><th class=\"has-text-align-center\" data-align=\"center\">Cr\u00e9ditos<\/th><\/tr><\/thead><tbody><tr><td class=\"has-text-align-center\" data-align=\"center\">MCC702<\/td><td>Seminario de Tesis II<\/td><td class=\"has-text-align-center\" data-align=\"center\">80<\/td><td class=\"has-text-align-center\" data-align=\"center\">5<\/td><\/tr><\/tbody><\/table><figcaption class=\"wp-element-caption\">*Tiene que llevar cursos electivos hasta completar los 48 cr\u00e9ditos.<\/figcaption><\/figure>\n\n\n\n<h2 class=\"wp-block-heading\">Cursos Electivos<\/h2>\n\n\n\n<figure class=\"wp-block-table is-style-stripes\"><table><thead><tr><th class=\"has-text-align-center\" data-align=\"center\">C\u00f3digo<\/th><th>Curso<\/th><th class=\"has-text-align-center\" data-align=\"center\">Horas<\/th><th class=\"has-text-align-center\" data-align=\"center\">Cr\u00e9ditos<\/th><\/tr><\/thead><tbody><tr><td class=\"has-text-align-center\" data-align=\"center\">MCC601<\/td><td>Sistemas Inform\u00e1ticos Avanzados<\/td><td class=\"has-text-align-center\" data-align=\"center\">80<\/td><td class=\"has-text-align-center\" data-align=\"center\">5<\/td><\/tr><tr><td class=\"has-text-align-center\" data-align=\"center\">MCC602<\/td><td>Computaci\u00f3n en Clusters<\/td><td class=\"has-text-align-center\" data-align=\"center\">80<\/td><td class=\"has-text-align-center\" data-align=\"center\">5<\/td><\/tr><tr><td class=\"has-text-align-center\" data-align=\"center\">MCC603<\/td><td>Computaci\u00f3n Flexible en Cloud<\/td><td class=\"has-text-align-center\" data-align=\"center\">80<\/td><td class=\"has-text-align-center\" data-align=\"center\">5<\/td><\/tr><tr><td class=\"has-text-align-center\" data-align=\"center\">MCC604<\/td><td>Verificaci\u00f3n de Sistemas Inform\u00e1ticos<\/td><td class=\"has-text-align-center\" data-align=\"center\">80<\/td><td class=\"has-text-align-center\" data-align=\"center\">5<\/td><\/tr><tr><td class=\"has-text-align-center\" data-align=\"center\">MCC605<\/td><td>Desarrollo Avanzado de Interfaces de Usuario<\/td><td class=\"has-text-align-center\" data-align=\"center\">80<\/td><td class=\"has-text-align-center\" data-align=\"center\">5<\/td><\/tr><tr><td class=\"has-text-align-center\" data-align=\"center\">MCC606<\/td><td>T\u00e9cnicas Avanzadas de<br>Interacci\u00f3n Humano-Maquina<\/td><td class=\"has-text-align-center\" data-align=\"center\">80<\/td><td class=\"has-text-align-center\" data-align=\"center\">5<\/td><\/tr><tr><td class=\"has-text-align-center\" data-align=\"center\">MCC607<\/td><td>Aprendizaje Autom\u00e1tico y Miner\u00eda de Datos<\/td><td class=\"has-text-align-center\" data-align=\"center\">80<\/td><td class=\"has-text-align-center\" data-align=\"center\">5<\/td><\/tr><tr><td class=\"has-text-align-center\" data-align=\"center\">MCC608<\/td><td>Sistemas Inteligentes<\/td><td class=\"has-text-align-center\" data-align=\"center\">80<\/td><td class=\"has-text-align-center\" data-align=\"center\">5<\/td><\/tr><tr><td class=\"has-text-align-center\" data-align=\"center\">MCC609<\/td><td>Sistemas Multimedia<\/td><td class=\"has-text-align-center\" data-align=\"center\">80<\/td><td class=\"has-text-align-center\" data-align=\"center\">5<\/td><\/tr><tr><td class=\"has-text-align-center\" data-align=\"center\">MCC610<\/td><td>Ingenier\u00eda de Sistemas Interactivos Avanzados<\/td><td class=\"has-text-align-center\" data-align=\"center\">80<\/td><td class=\"has-text-align-center\" data-align=\"center\">5<\/td><\/tr><tr><td class=\"has-text-align-center\" data-align=\"center\">MCC638<\/td><td>T\u00f3picos Especiales I **<\/td><td class=\"has-text-align-center\" data-align=\"center\">16<\/td><td class=\"has-text-align-center\" data-align=\"center\">1<\/td><\/tr><tr><td class=\"has-text-align-center\" data-align=\"center\">MCC639<\/td><td>T\u00f3picos Especiales II **<\/td><td class=\"has-text-align-center\" data-align=\"center\">32<\/td><td class=\"has-text-align-center\" data-align=\"center\">2<\/td><\/tr><tr><td class=\"has-text-align-center\" data-align=\"center\">MCC639<\/td><td>T\u00f3picos Especiales III **<\/td><td class=\"has-text-align-center\" data-align=\"center\">48<\/td><td class=\"has-text-align-center\" data-align=\"center\">3<\/td><\/tr><tr><td class=\"has-text-align-center\" data-align=\"center\">MCC640<\/td><td>T\u00f3picos Especiales IV **<\/td><td class=\"has-text-align-center\" data-align=\"center\">64<\/td><td class=\"has-text-align-center\" data-align=\"center\">4<\/td><\/tr><tr><td class=\"has-text-align-center\" data-align=\"center\">MCC641<\/td><td>T\u00f3picos Especiales V **<\/td><td class=\"has-text-align-center\" data-align=\"center\">80<\/td><td class=\"has-text-align-center\" data-align=\"center\">5<\/td><\/tr><\/tbody><\/table><figcaption class=\"wp-element-caption\">**Estos cursos pueden ofrecerse varias veces por ejemplo: MCC638A, MCC638B, etc., con diferentes contenidos.<\/figcaption><\/figure>\n<\/div>\n\n\n\n<div class=\"wp-block-column is-layout-flow wp-block-column-is-layout-flow\">\n<h2 class=\"wp-block-heading titulorojo\">Especialidad Computaci\u00f3n Cient\u00edfica<\/h2>\n\n\n\n<h2 class=\"wp-block-heading\">Primer Semestre<\/h2>\n\n\n\n<figure class=\"wp-block-table is-style-stripes\"><table><thead><tr><th class=\"has-text-align-center\" data-align=\"center\">C\u00f3digo<\/th><th>Curso<\/th><th class=\"has-text-align-center\" data-align=\"center\">Horas<\/th><th class=\"has-text-align-center\" data-align=\"center\">Cr\u00e9ditos<\/th><\/tr><\/thead><tbody><tr><td class=\"has-text-align-center\" data-align=\"center\">MCC611<\/td><td>Ciencia de la Computaci\u00f3n: Estructuras de Datos y Aplicaciones<\/td><td class=\"has-text-align-center\" data-align=\"center\">48<\/td><td class=\"has-text-align-center\" data-align=\"center\">33<\/td><\/tr><tr><td class=\"has-text-align-center\" data-align=\"center\">MCC612<\/td><td>Fundamentos de Modelamiento<\/td><td class=\"has-text-align-center\" data-align=\"center\">48<\/td><td class=\"has-text-align-center\" data-align=\"center\">33<\/td><\/tr><tr><td class=\"has-text-align-center\" data-align=\"center\">MCC613<\/td><td>M\u00e9todos Num\u00e9ricos<\/td><td class=\"has-text-align-center\" data-align=\"center\">48<\/td><td class=\"has-text-align-center\" data-align=\"center\">33<\/td><\/tr><tr><td class=\"has-text-align-center\" data-align=\"center\"><\/td><td>Cursos Electivos*<\/td><td class=\"has-text-align-center\" data-align=\"center\"><\/td><td class=\"has-text-align-center\" data-align=\"center\"><\/td><\/tr><\/tbody><\/table><\/figure>\n\n\n\n<h2 class=\"wp-block-heading\">Segundo Semestre<\/h2>\n\n\n\n<figure class=\"wp-block-table is-style-stripes\"><table><thead><tr><th>C\u00f3digo<\/th><th>Curso<\/th><th>Horas<\/th><th>Cr\u00e9ditos<\/th><\/tr><\/thead><tbody><tr><td><\/td><td>Cursos Electivos**<\/td><td><\/td><td><\/td><\/tr><\/tbody><\/table><\/figure>\n\n\n\n<h2 class=\"wp-block-heading\">Tercer Semestre<\/h2>\n\n\n\n<figure class=\"wp-block-table is-style-stripes\"><table><thead><tr><th class=\"has-text-align-center\" data-align=\"center\">C\u00f3digo<\/th><th>Curso<\/th><th class=\"has-text-align-center\" data-align=\"center\">Horas<\/th><th class=\"has-text-align-center\" data-align=\"center\">Cr\u00e9ditos<\/th><\/tr><\/thead><tbody><tr><td class=\"has-text-align-center\" data-align=\"center\">MCC701<\/td><td>Seminario de Tesis I<\/td><td class=\"has-text-align-center\" data-align=\"center\">80<\/td><td class=\"has-text-align-center\" data-align=\"center\">5<\/td><\/tr><tr><td class=\"has-text-align-center\" data-align=\"center\"><\/td><td>Cursos Electivos**<\/td><td class=\"has-text-align-center\" data-align=\"center\"><\/td><td class=\"has-text-align-center\" data-align=\"center\"><\/td><\/tr><\/tbody><\/table><\/figure>\n\n\n\n<h2 class=\"wp-block-heading\">Cuarto Semestre<\/h2>\n\n\n\n<figure class=\"wp-block-table is-style-stripes\"><table><thead><tr><th class=\"has-text-align-center\" data-align=\"center\">C\u00f3digo<\/th><th>Curso<\/th><th class=\"has-text-align-center\" data-align=\"center\">Horas<\/th><th class=\"has-text-align-center\" data-align=\"center\">Cr\u00e9ditos<\/th><\/tr><\/thead><tbody><tr><td class=\"has-text-align-center\" data-align=\"center\">MCC702<\/td><td>Seminario de Tesis II<\/td><td class=\"has-text-align-center\" data-align=\"center\">80<\/td><td class=\"has-text-align-center\" data-align=\"center\">5<\/td><\/tr><\/tbody><\/table><figcaption class=\"wp-element-caption\">*Tiene que llevar cursos electivos hasta completar los 48 cr\u00e9ditos.<\/figcaption><\/figure>\n\n\n\n<h2 class=\"wp-block-heading\">Cursos Electivos<\/h2>\n\n\n\n<figure class=\"wp-block-table is-style-stripes\"><table><thead><tr><th class=\"has-text-align-center\" data-align=\"center\">C\u00f3digo<\/th><th>Curso<\/th><th class=\"has-text-align-center\" data-align=\"center\">Horas<\/th><th class=\"has-text-align-center\" data-align=\"center\">Cr\u00e9ditos<\/th><\/tr><\/thead><tbody><tr><td class=\"has-text-align-center\" data-align=\"center\">MCC614<\/td><td>Base de Datos<\/td><td class=\"has-text-align-center\" data-align=\"center\">48<\/td><td class=\"has-text-align-center\" data-align=\"center\">03<\/td><\/tr><tr><td class=\"has-text-align-center\" data-align=\"center\">MCC615<\/td><td>Introducci\u00f3n a Sistemas Multimedia y de Realidad Virtual<\/td><td class=\"has-text-align-center\" data-align=\"center\">48<\/td><td class=\"has-text-align-center\" data-align=\"center\">03<\/td><\/tr><tr><td class=\"has-text-align-center\" data-align=\"center\">MCC616<\/td><td>Elementos de procesamiento de Im\u00e1genes<\/td><td class=\"has-text-align-center\" data-align=\"center\">48<\/td><td class=\"has-text-align-center\" data-align=\"center\">03<\/td><\/tr><tr><td class=\"has-text-align-center\" data-align=\"center\">MCC617<\/td><td>Ciencia de la Computaci\u00f3n: Fundamentos<\/td><td class=\"has-text-align-center\" data-align=\"center\">48<\/td><td class=\"has-text-align-center\" data-align=\"center\">03<\/td><\/tr><tr><td class=\"has-text-align-center\" data-align=\"center\">MCC618<\/td><td>Ciencia de la Computaci\u00f3n: Algoritmos I<\/td><td class=\"has-text-align-center\" data-align=\"center\">48<\/td><td class=\"has-text-align-center\" data-align=\"center\">03<\/td><\/tr><tr><td class=\"has-text-align-center\" data-align=\"center\">MCC619<\/td><td>Redes de Computadores<\/td><td class=\"has-text-align-center\" data-align=\"center\">48<\/td><td class=\"has-text-align-center\" data-align=\"center\">03<\/td><\/tr><tr><td class=\"has-text-align-center\" data-align=\"center\">MCC620<\/td><td>Arquitectura, Proyecto e Implementaci\u00f3n de Sistemas de Software<\/td><td class=\"has-text-align-center\" data-align=\"center\">48<\/td><td class=\"has-text-align-center\" data-align=\"center\">03<\/td><\/tr><tr><td class=\"has-text-align-center\" data-align=\"center\">MCC621<\/td><td>Computaci\u00f3n Distribuida<\/td><td class=\"has-text-align-center\" data-align=\"center\">48<\/td><td class=\"has-text-align-center\" data-align=\"center\">03<\/td><\/tr><tr><td class=\"has-text-align-center\" data-align=\"center\">MCC622<\/td><td>Probabilidad y Procesos Estoc\u00e1sticos<\/td><td class=\"has-text-align-center\" data-align=\"center\">48<\/td><td class=\"has-text-align-center\" data-align=\"center\">03<\/td><\/tr><tr><td class=\"has-text-align-center\" data-align=\"center\">MCC623<\/td><td>Estad\u00edstica<\/td><td class=\"has-text-align-center\" data-align=\"center\">48<\/td><td class=\"has-text-align-center\" data-align=\"center\">03<\/td><\/tr><tr><td class=\"has-text-align-center\" data-align=\"center\">MCC624<\/td><td>Procesamiento Digital de Se\u00f1ales<\/td><td class=\"has-text-align-center\" data-align=\"center\">48<\/td><td class=\"has-text-align-center\" data-align=\"center\">03<\/td><\/tr><tr><td class=\"has-text-align-center\" data-align=\"center\">MCC625<\/td><td>Modelamiento de Sistemas Continuos<\/td><td class=\"has-text-align-center\" data-align=\"center\">48<\/td><td class=\"has-text-align-center\" data-align=\"center\">03<\/td><\/tr><tr><td class=\"has-text-align-center\" data-align=\"center\">MCC626<\/td><td>Introducci\u00f3n al ADN y Prote\u00ednas<\/td><td class=\"has-text-align-center\" data-align=\"center\">48<\/td><td class=\"has-text-align-center\" data-align=\"center\">03<\/td><\/tr><tr><td class=\"has-text-align-center\" data-align=\"center\">MCC627<\/td><td>Introducci\u00f3n a la Biolog\u00eda y Evoluci\u00f3n<\/td><td class=\"has-text-align-center\" data-align=\"center\">48<\/td><td class=\"has-text-align-center\" data-align=\"center\">03<\/td><\/tr><tr><td class=\"has-text-align-center\" data-align=\"center\">MCC628<\/td><td>T\u00e9cnicas de Modelamiento<\/td><td class=\"has-text-align-center\" data-align=\"center\">48<\/td><td class=\"has-text-align-center\" data-align=\"center\">03<\/td><\/tr><tr><td class=\"has-text-align-center\" data-align=\"center\">MCC629<\/td><td>Bioinform\u00e1tica I: Base de datos del punto de vista biol\u00f3gico<\/td><td class=\"has-text-align-center\" data-align=\"center\">48<\/td><td class=\"has-text-align-center\" data-align=\"center\">03<\/td><\/tr><tr><td class=\"has-text-align-center\" data-align=\"center\">MCC630<\/td><td>Introducci\u00f3n al Modelamiento y Simulaci\u00f3n Computacional de<br>Sistemas Fisiol\u00f3gicos<\/td><td class=\"has-text-align-center\" data-align=\"center\">48<\/td><td class=\"has-text-align-center\" data-align=\"center\">03<\/td><\/tr><tr><td class=\"has-text-align-center\" data-align=\"center\">MCC631<\/td><td>Bioqu\u00edmica<\/td><td class=\"has-text-align-center\" data-align=\"center\">48<\/td><td class=\"has-text-align-center\" data-align=\"center\">03<\/td><\/tr><tr><td class=\"has-text-align-center\" data-align=\"center\">MCC632<\/td><td>M\u00e9todos Matem\u00e1ticos: Ecuaciones Diferenciales Ordinarios<\/td><td class=\"has-text-align-center\" data-align=\"center\">48<\/td><td class=\"has-text-align-center\" data-align=\"center\">03<\/td><\/tr><tr><td class=\"has-text-align-center\" data-align=\"center\">MCC633<\/td><td>Introducci\u00f3n al C\u00e1lculo Variacional<\/td><td class=\"has-text-align-center\" data-align=\"center\">48<\/td><td class=\"has-text-align-center\" data-align=\"center\">03<\/td><\/tr><tr><td class=\"has-text-align-center\" data-align=\"center\">MCC634<\/td><td>Soluci\u00f3n Num\u00e9rica de Ecuaciones Diferenciales<\/td><td class=\"has-text-align-center\" data-align=\"center\">48<\/td><td class=\"has-text-align-center\" data-align=\"center\">03<\/td><\/tr><tr><td class=\"has-text-align-center\" data-align=\"center\">MCC635<\/td><td>M\u00e9todos de Elementos Finitos: Teor\u00eda B\u00e1sica<\/td><td class=\"has-text-align-center\" data-align=\"center\">48<\/td><td class=\"has-text-align-center\" data-align=\"center\">03<\/td><\/tr><tr><td class=\"has-text-align-center\" data-align=\"center\">MCC636<\/td><td>F\u00edsica Computacional<\/td><td class=\"has-text-align-center\" data-align=\"center\">80<\/td><td class=\"has-text-align-center\" data-align=\"center\">05<\/td><\/tr><tr><td class=\"has-text-align-center\" data-align=\"center\">MCC637<\/td><td>Modelamiento y Simulaci\u00f3n<\/td><td class=\"has-text-align-center\" data-align=\"center\">48<\/td><td class=\"has-text-align-center\" data-align=\"center\">03<\/td><\/tr><tr><td class=\"has-text-align-center\" data-align=\"center\">MCC638<\/td><td>T\u00f3picos Especiales I **<\/td><td class=\"has-text-align-center\" data-align=\"center\">16<\/td><td class=\"has-text-align-center\" data-align=\"center\">1<\/td><\/tr><tr><td class=\"has-text-align-center\" data-align=\"center\">MCC639<\/td><td>T\u00f3picos Especiales II **<\/td><td class=\"has-text-align-center\" data-align=\"center\">36<\/td><td class=\"has-text-align-center\" data-align=\"center\">2<\/td><\/tr><tr><td class=\"has-text-align-center\" data-align=\"center\">MCC639<\/td><td>T\u00f3picos Especiales III **<\/td><td class=\"has-text-align-center\" data-align=\"center\">48<\/td><td class=\"has-text-align-center\" data-align=\"center\">3<\/td><\/tr><tr><td class=\"has-text-align-center\" data-align=\"center\">MCC640<\/td><td>T\u00f3picos Especiales IV **<\/td><td class=\"has-text-align-center\" data-align=\"center\">64<\/td><td class=\"has-text-align-center\" data-align=\"center\">4<\/td><\/tr><tr><td class=\"has-text-align-center\" data-align=\"center\">MCC641<\/td><td>T\u00f3picos Especiales V **<\/td><td class=\"has-text-align-center\" data-align=\"center\">80<\/td><td class=\"has-text-align-center\" data-align=\"center\">5<\/td><\/tr><\/tbody><\/table><figcaption class=\"wp-element-caption\">**Estos cursos pueden ofrecerse varias veces por ejemplo: MCC638A, CC638B, etc., con diferentes contenidos.<\/figcaption><\/figure>\n<\/div>\n<\/div>\n\n\n\n<h2 class=\"wp-block-heading\">Plana docente<\/h2>\n\n\n\n<p>En construcci\u00f3n. \u00daltima actualizaci\u00f3n 16\/04\/24. <br><\/p>\n\n\n\n<h2 class=\"wp-block-heading\">Bibliograf\u00eda<\/h2>\n\n\n\n<ul class=\"wp-block-list\">\n<li>En construcci\u00f3n. \u00daltima actualizaci\u00f3n 16\/04\/24. <\/li>\n<\/ul>\n","protected":false},"excerpt":{"rendered":"<p>Perfil del profesional En construcci\u00f3n. \u00daltima actualizaci\u00f3n 16\/04\/24. Temario (Temario para el examen de Admisi\u00f3n 2021-1) MATEM\u00c1TICA FUNDAMENTOS DE COMPUTACI\u00d3N Plan de Estudio Especialidad de Tecnolog\u00edas Inform\u00e1ticas Avanzadas Primer Semestre C\u00f3digo Curso Horas Cr\u00e9ditos Cursos Electivos* Segundo Semestre C\u00f3digo Curso Horas Cr\u00e9ditos Cursos Electivos** Tercer Semestre C\u00f3digo Curso Horas Cr\u00e9ditos MCC701 Seminario de Tesis I [&hellip;]<\/p>\n","protected":false},"author":1,"featured_media":0,"parent":0,"menu_order":0,"comment_status":"closed","ping_status":"closed","template":"","meta":{"footnotes":""},"class_list":["post-424","page","type-page","status-publish","hentry"],"_links":{"self":[{"href":"https:\/\/devcc.site\/en\/wp-json\/wp\/v2\/pages\/424","targetHints":{"allow":["GET"]}}],"collection":[{"href":"https:\/\/devcc.site\/en\/wp-json\/wp\/v2\/pages"}],"about":[{"href":"https:\/\/devcc.site\/en\/wp-json\/wp\/v2\/types\/page"}],"author":[{"embeddable":true,"href":"https:\/\/devcc.site\/en\/wp-json\/wp\/v2\/users\/1"}],"replies":[{"embeddable":true,"href":"https:\/\/devcc.site\/en\/wp-json\/wp\/v2\/comments?post=424"}],"version-history":[{"count":47,"href":"https:\/\/devcc.site\/en\/wp-json\/wp\/v2\/pages\/424\/revisions"}],"predecessor-version":[{"id":7008,"href":"https:\/\/devcc.site\/en\/wp-json\/wp\/v2\/pages\/424\/revisions\/7008"}],"wp:attachment":[{"href":"https:\/\/devcc.site\/en\/wp-json\/wp\/v2\/media?parent=424"}],"curies":[{"name":"wp","href":"https:\/\/api.w.org\/{rel}","templated":true}]}}