{"id":4220,"date":"2024-05-09T11:28:29","date_gmt":"2024-05-09T16:28:29","guid":{"rendered":"https:\/\/fc.uni.edu.pe\/?page_id=4220"},"modified":"2024-05-09T11:53:43","modified_gmt":"2024-05-09T16:53:43","slug":"perfil-del-ingre","status":"publish","type":"page","link":"https:\/\/devcc.site\/en\/pregrado\/perfil-del-ingre\/","title":{"rendered":"Equivalencias y convalidaciones"},"content":{"rendered":"\n<div class=\"wp-block-columns is-layout-flex wp-container-core-columns-is-layout-9d6595d7 wp-block-columns-is-layout-flex\">\n<div class=\"wp-block-column is-layout-flow wp-block-column-is-layout-flow\" style=\"flex-basis:66.66%\">\n<div class=\"wp-block-columns is-layout-flex wp-container-core-columns-is-layout-9d6595d7 wp-block-columns-is-layout-flex\">\n<div class=\"wp-block-column is-layout-flow wp-block-column-is-layout-flow\">\n<h2 class=\"wp-block-heading\">Total de Cr\u00e9ditos Exigidos al alumno para egresar en la Escuela Profesional de F\u00edsica<\/h2>\n\n\n\n<figure class=\"wp-block-table is-style-stripes\"><table><thead><tr><th>\u00cdtem<\/th><th>Cr\u00e9ditos<\/th><th>Especificaci\u00f3n<\/th><\/tr><\/thead><tbody><tr><td>01<\/td><td>184<\/td><td>Cr\u00e9ditos de cursos obligatorios<\/td><\/tr><tr><td><strong>&nbsp;<\/strong> 02<\/td><td><strong>&nbsp;<\/strong> 18<\/td><td>Total, de cr\u00e9ditos de cursos electivos, de los cuales <strong>por lo menos 12 deben ser de especialidad y e<\/strong>l resto pueden ser de especialidad y\/o complementarios.<\/td><\/tr><tr><td>03<\/td><td>02<\/td><td>Idioma Extranjero o Lengua Nativa en Nivel Intermedio (BIE01), validado por el CEPS seg\u00fan Art.21\u00b0-Art. 26\u00b0 del Reglamento de Estudios Generales Correspondiente al 6\u00b0 ciclo de estudios<\/td><\/tr><tr><td>03<\/td><td>01<\/td><td>Cr\u00e9ditos por actividades extracurriculares (BAE01), a validar en la Facultad seg\u00fan Art. 27\u00b0- Art. 34\u00b0 del Reglamento de Estudios Generales: 80 horas en 3 actividades distintas de entre Actividades art\u00edsticas: m\u00fasica, teatro, literatura, artes visuales, folklore, etc.Actividades f\u00edsica y deporteParticipaci\u00f3n en cursos, conferencias, talleresParticipaci\u00f3n en Actividades Cient\u00edficas: concursos cient\u00edficos y tecnol\u00f3gicosProyecci\u00f3n social (ferias y difusi\u00f3n vocacional en colegios)Cursos de desarrollo personal: Comunicaci\u00f3n interpersonal, liderazgo, coaching, emprendimiento , marketing personal, etc.Ayudant\u00eda de estudiantes en talleres de reforzamiento de asignaturas, para estudiantes en riesgo acad\u00e9micoAyudant\u00eda de estudiantes en laboratorios y gabinetes<\/td><\/tr><tr><td>04<\/td><td>02<\/td><td>Cr\u00e9ditos por pr\u00e1cticas pre-profesionales (XP200)<\/td><\/tr><tr><td>05<\/td><td>01<\/td><td>Ayudant\u00eda acad\u00e9mica o de investigaci\u00f3n (YA100)<\/td><\/tr><\/tbody><tfoot><tr><td>TOTAL<\/td><td>208<\/td><td>TOTAL PARA EGRESAR RESPECTO AL PLAN 2018<\/td><\/tr><\/tfoot><\/table><\/figure>\n\n\n\n<h2 class=\"wp-block-heading\">Tabla de convalidaciones del Plan de estudios 2018 con el Plan 2011 de la Especialidad de F\u00edsica<\/h2>\n\n\n\n<h2 class=\"wp-block-heading titulorojo\">Plan 2018 &#8211; Corregido<\/h2>\n\n\n\n<div class=\"wp-block-columns is-layout-flex wp-container-core-columns-is-layout-9d6595d7 wp-block-columns-is-layout-flex\">\n<div class=\"wp-block-column is-layout-flow wp-block-column-is-layout-flow\">\n<figure class=\"wp-block-table is-style-stripes\"><table><thead><tr><th>C\u00f3digo<\/th><th>Nombre del curso<\/th><th>Cr\u00e9ditos<\/th><\/tr><\/thead><tbody><tr><td>BFI01<\/td><td>F\u00edsica I<\/td><td>5<\/td><\/tr><tr><td>BIC01<\/td><td>Introducci\u00f3n a la Computaci\u00f3n<\/td><td>2<\/td><\/tr><tr><td>BMA01<\/td><td>C\u00e1lculo Diferencial<\/td><td>5<\/td><\/tr><tr><td>BMA03<\/td><td>\u00c1lgebra Lineal<\/td><td>4<\/td><\/tr><tr><td>BQU01<\/td><td>Qu\u00edmica I<\/td><td>5<\/td><\/tr><tr><td>BMA02<\/td><td>C\u00e1lculo Integral<\/td><td>5<\/td><\/tr><tr><td>BRC01<\/td><td>Redacci\u00f3n y Comunicaci\u00f3n<\/td><td>2<\/td><\/tr><tr><td>CC112<\/td><td>Fundamentos de Programaci\u00f3n<\/td><td>4<\/td><\/tr><tr><td>CF1B2<\/td><td>F\u00edsica II<\/td><td>5<\/td><\/tr><tr><td>CF1C2<\/td><td>\u00c1lgebra Lineal para F\u00edsicos I<\/td><td>5<\/td><\/tr><tr><td>CL002<\/td><td>Ingl\u00e9s I<\/td><td>2<\/td><\/tr><tr><td>BRN01<\/td><td>Realidad Nacional, Constituci\u00f3n y Derechos Humanos<\/td><td>3<\/td><\/tr><tr><td>CF2B1<\/td><td>F\u00edsica III<\/td><td>5<\/td><\/tr><tr><td>CF2C1<\/td><td>\u00c1lgebra Lineal para F\u00edsicos II<\/td><td>5<\/td><\/tr><tr><td>CM2A1<\/td><td>C\u00e1lculo Diferencial e Integral Avanzado<\/td><td>7<\/td><\/tr><tr><td>BEG01<\/td><td>Econom\u00eda General<\/td><td>3<\/td><\/tr><tr><td>CF2B2<\/td><td>\u00d3ptica Cl\u00e1sica<\/td><td>5<\/td><\/tr><tr><td>cf2c2<\/td><td>M\u00e9todos Matem\u00e1ticos para F\u00edsicos I<\/td><td>7<\/td><\/tr><tr><td>CM2A2<\/td><td>An\u00e1lisis Real<\/td><td>7<\/td><\/tr><tr><td>CF3C1<\/td><td>M\u00e9todos Matem\u00e1ticos para F\u00edsicos II<\/td><td>7<\/td><\/tr><tr><td>CF3E1<\/td><td>Circuitos Electr\u00f3nicos Anal\u00f3gicos<\/td><td>4<\/td><\/tr><tr><td>CF3F1<\/td><td>Mec\u00e1nica Cl\u00e1sica<\/td><td>7<\/td><\/tr><tr><td>CF3F3<\/td><td>F\u00edsica Moderna<\/td><td>5<\/td><\/tr><tr><td>CF3F2<\/td><td>Mec\u00e1nica Cu\u00e1ntica I<\/td><td>6<\/td><\/tr><tr><td>CF3F4<\/td><td>Electromagnetismo I<\/td><td>8<\/td><\/tr><tr><td>IF471<\/td><td>Sistemas Digitales<\/td><td>4<\/td><\/tr><tr><td>CF4E1<\/td><td>Laboratorio de F\u00edsica Intermedia<\/td><td>4<\/td><\/tr><tr><td>CF4F1<\/td><td>Termodin\u00e1mica y Mec\u00e1nica Estad\u00edstica<\/td><td>8<\/td><\/tr><tr><td>CF4F3<\/td><td>Mec\u00e1nica Cu\u00e1ntica II<\/td><td>6<\/td><\/tr><tr><td>IF4B1<\/td><td>Metodolog\u00eda de la Investigaci\u00f3n Cient\u00edfica<\/td><td>2<\/td><\/tr><tr><td>CF4D2<\/td><td>Proyecto de Tesis I<\/td><td>4<\/td><\/tr><tr><td>CF4E2<\/td><td>Laboratorio de F\u00edsica Avanzada<\/td><td>5<\/td><\/tr><tr><td>CF4F2<\/td><td>F\u00edsica At\u00f3mica y Molecular<\/td><td>5<\/td><\/tr><tr><td>CF5D1<\/td><td>Proyecto de Tesis II<\/td><td>4<\/td><\/tr><tr><td>CF5F1<\/td><td>F\u00edsica del Estado S\u00f3lido I<\/td><td>6<\/td><\/tr><tr><td>CF5F3<\/td><td>F\u00edsica Nuclear y de Part\u00edculas<\/td><td>7<\/td><\/tr><tr><td>CF5D2<\/td><td>Proyecto de Tesis III<\/td><td>4<\/td><\/tr><tr><td>XP200<\/td><td>Practicas Pre-Profesionales II<\/td><td>2<\/td><\/tr><tr><td>YA100<\/td><td>Ayudant\u00eda Acad\u00e9mica I<\/td><td>1<\/td><\/tr><tr><td>CF001<\/td><td>T\u00f3picos Especiales I<\/td><td>2<\/td><\/tr><tr><td>CF002<\/td><td>T\u00f3picos Especiales II<\/td><td>3<\/td><\/tr><tr><td>CF003<\/td><td>T\u00f3picos Especiales III<\/td><td>4<\/td><\/tr><tr><td>CF004<\/td><td>T\u00f3picos Especiales IV<\/td><td>5<\/td><\/tr><tr><td>CF005<\/td><td>T\u00f3picos Especiales V<\/td><td>6<\/td><\/tr><tr><td>CF045<\/td><td>Mec\u00e1nica Celeste<\/td><td>5<\/td><\/tr><tr><td>CF046<\/td><td>Introducci\u00f3n a la Astronom\u00eda<\/td><td>6<\/td><\/tr><tr><td>CF047<\/td><td>Introducci\u00f3n a la Astronom\u00eda Observacional<\/td><td>6<\/td><\/tr><tr><td>CF049<\/td><td>Electromagnetismo II<\/td><td>7<\/td><\/tr><tr><td>CF050<\/td><td>Relatividad General<\/td><td>7<\/td><\/tr><tr><td>CF056<\/td><td>T\u00e9cnicas Espectrosc\u00f3picas<\/td><td>5<\/td><\/tr><tr><td>CF057<\/td><td>T\u00f3picos de \u00d3ptica<\/td><td>5<\/td><\/tr><tr><td>CF059<\/td><td>T\u00e9cnicas Experimentales de la F\u00edsica de Part\u00edculas<\/td><td>7<\/td><\/tr><tr><td>CF060<\/td><td>M\u00e9todos Num\u00e9ricos<\/td><td>5<\/td><\/tr><tr><td>CF075<\/td><td>Introducci\u00f3n a la Teor\u00eda Cl\u00e1sica de Campos<\/td><td>5<\/td><\/tr><tr><td>CF081<\/td><td>T\u00f3picos Especiales I B<\/td><td>2<\/td><\/tr><tr><td>CF082<\/td><td>T\u00f3picos Especiales II B<\/td><td>3<\/td><\/tr><tr><td>CF083<\/td><td>T\u00f3picos Especiales III B<\/td><td>4<\/td><\/tr><tr><td>GE545<\/td><td>Espectrometr\u00eda<\/td><td>4<\/td><\/tr><tr><td>CC0F2<\/td><td>F\u00edsica Computacional<\/td><td>4<\/td><\/tr><tr><td>CH007<\/td><td>Ciencia, Tecnolog\u00eda y Sociedad<\/td><td>2<\/td><\/tr><tr><td>CH061<\/td><td>Biolog\u00eda<\/td><td>3<\/td><\/tr><tr><td>CL003<\/td><td>Ingl\u00e9s II<\/td><td>2<\/td><\/tr><tr><td>CL004<\/td><td>Ingl\u00e9s III<\/td><td>2<\/td><\/tr><tr><td>CM025<\/td><td>Ecuaciones Diferenciales Parciales II<\/td><td>6<\/td><\/tr><tr><td>CM031<\/td><td>M\u00e9todos Num\u00e9ricos para Ecuaciones Diferenciales Ordinarias<\/td><td>5<\/td><\/tr><tr><td>CM032<\/td><td>M\u00e9todos Num\u00e9ricos para Ecuaciones Diferenciales Parciales<\/td><td>5<\/td><\/tr><tr><td>CM038<\/td><td>M\u00e9todos Num\u00e9ricos del \u00c1lgebra<\/td><td>5<\/td><\/tr><tr><td>CM042<\/td><td>Programaci\u00f3n en C++<\/td><td>3<\/td><\/tr><tr><td>CM3G2<\/td><td>Ecuaciones Diferenciales Ordinarias I<\/td><td>5<\/td><\/tr><tr><td>CM4F1<\/td><td>An\u00e1lisis y Modelamiento Num\u00e9rico I<\/td><td>5<\/td><\/tr><tr><td>CM4G2<\/td><td>Ecuaciones Diferenciales Parciales I<\/td><td>5<\/td><\/tr><tr><td>CQ112<\/td><td>Qu\u00edmica II<\/td><td>5<\/td><\/tr><tr><td>CQ271<\/td><td>Principios de Fisicoqu\u00edmica<\/td><td>6<\/td><\/tr><tr><td>IF321<\/td><td>C\u00e1lculo Num\u00e9rico I<\/td><td>6<\/td><\/tr><tr><td>IF392<\/td><td>C\u00e1lculo Num\u00e9rico II<\/td><td>4<\/td><\/tr><\/tbody><\/table><\/figure>\n<\/div>\n\n\n\n<div class=\"wp-block-column is-layout-flow wp-block-column-is-layout-flow\">\n<figure class=\"wp-block-table is-style-stripes\"><table><thead><tr><th>C\u00f3digo<\/th><th>Nombre del curso<\/th><th>Cr\u00e9ditos<\/th><\/tr><\/thead><tbody><tr><td>CF121<\/td><td>F\u00edsica I<\/td><td>5<\/td><\/tr><tr><td>CC101<\/td><td>Introducci\u00f3n a la Ciencia de la Computaci\u00f3n<\/td><td>2<\/td><\/tr><tr><td>CM131<\/td><td>C\u00e1lculo Diferencial<\/td><td>5<\/td><\/tr><tr><td>CM141<\/td><td>C\u00e1lculo Vectorial I<\/td><td>5<\/td><\/tr><tr><td>CQ111<\/td><td>Qu\u00edmica I<\/td><td>5<\/td><\/tr><tr><td>CM132<\/td><td>C\u00e1lculo Integral<\/td><td>5<\/td><\/tr><tr><td>IF271<\/td><td>Lenguaje y Redacci\u00f3n<\/td><td>2<\/td><\/tr><tr><td>CC102<\/td><td>Introducci\u00f3n a la Programaci\u00f3n<\/td><td>2<\/td><\/tr><tr><td>CF122<\/td><td>F\u00edsica II<\/td><td>5<\/td><\/tr><tr><td>CM142<\/td><td>C\u00e1lculo Vectorial II<\/td><td>5<\/td><\/tr><tr><td>CL002<\/td><td>Ingl\u00e9s I<\/td><td>2<\/td><\/tr><tr><td>AHD65<\/td><td>Constituci\u00f3n y Derechos Humanos<\/td><td>2<\/td><\/tr><tr><td>CF221<\/td><td>F\u00edsica III<\/td><td>5<\/td><\/tr><tr><td>CF251<\/td><td>\u00c1lgebra Lineal<\/td><td>5<\/td><\/tr><tr><td>CM211<\/td><td>C\u00e1lculo Diferencial e Integral Avanzado<\/td><td>7<\/td><\/tr><tr><td>CH003<\/td><td>Econom\u00eda General<\/td><td>2<\/td><\/tr><tr><td>CF222<\/td><td>F\u00edsica IV<\/td><td>5<\/td><\/tr><tr><td>CF252<\/td><td>M\u00e9todos Matem\u00e1ticos para F\u00edsicos I<\/td><td>8<\/td><\/tr><tr><td>CM214<\/td><td>An\u00e1lisis Real<\/td><td>7<\/td><\/tr><tr><td>CF391<\/td><td>M\u00e9todos Matem\u00e1ticos para F\u00edsicos II<\/td><td>8<\/td><\/tr><tr><td>CF382<\/td><td>Circuitos Electr\u00f3nicos Anal\u00f3gicos<\/td><td>4<\/td><\/tr><tr><td>CF371<\/td><td>Mec\u00e1nica Te\u00f3rica I<\/td><td>8<\/td><\/tr><tr><td>CF381<\/td><td>Introducci\u00f3n a la F\u00edsica Moderna<\/td><td>5<\/td><\/tr><tr><td>CF302<\/td><td>Mec\u00e1nica Cu\u00e1ntica I<\/td><td>6<\/td><\/tr><tr><td>CF372<\/td><td>Electromagnetismo I<\/td><td>8<\/td><\/tr><tr><td>IF401<\/td><td>Electr\u00f3nica Digital<\/td><td>4<\/td><\/tr><tr><td>CF421<\/td><td>Laboratorio de F\u00edsica Intermedia<\/td><td>4<\/td><\/tr><tr><td>CF401<\/td><td>Termodin\u00e1mica y Mec\u00e1nica Estad\u00edstica<\/td><td>8<\/td><\/tr><tr><td>CF451<\/td><td>Mec\u00e1nica Cu\u00e1ntica II<\/td><td>6<\/td><\/tr><tr><td>CH033<\/td><td>Metodolog\u00eda de la Investigaci\u00f3n Cient\u00edfica<\/td><td>2<\/td><\/tr><tr><td>CF452<\/td><td>T\u00f3picos de Investigaci\u00f3n I<\/td><td>4<\/td><\/tr><tr><td>CF492<\/td><td>Laboratorio de F\u00edsica Avanzada<\/td><td>5<\/td><\/tr><tr><td>CF482<\/td><td>F\u00edsica At\u00f3mica y Molecular<\/td><td>5<\/td><\/tr><tr><td>CF581<\/td><td>T\u00f3picos de Investigaci\u00f3n II<\/td><td>4<\/td><\/tr><tr><td>CF531<\/td><td>F\u00edsica del Estado S\u00f3lido I<\/td><td>6<\/td><\/tr><tr><td>CF561<\/td><td>F\u00edsica Nuclear I<\/td><td>5<\/td><\/tr><tr><td>CF582<\/td><td>Proyecto de Tesis<\/td><td>4<\/td><\/tr><tr><td>XP200<\/td><td>Practicas Pre-Profesionales II<\/td><td>2<\/td><\/tr><tr><td>YA100<\/td><td>Ayudant\u00eda Acad\u00e9mica I<\/td><td>1<\/td><\/tr><tr><td>CF001<\/td><td>T\u00f3picos Especiales I<\/td><td>2<\/td><\/tr><tr><td>CF002<\/td><td>T\u00f3picos Especiales II<\/td><td>3<\/td><\/tr><tr><td>CF003<\/td><td>T\u00f3picos Especiales III<\/td><td>4<\/td><\/tr><tr><td>CF004<\/td><td>T\u00f3picos Especiales IV<\/td><td>5<\/td><\/tr><tr><td>CF005<\/td><td>T\u00f3picos Especiales V<\/td><td>6<\/td><\/tr><tr><td>CF017<\/td><td>Mec\u00e1nica Celeste<\/td><td>6<\/td><\/tr><tr><td>CF018<\/td><td>Introducci\u00f3n a la Astronom\u00eda<\/td><td>6<\/td><\/tr><tr><td>CF019<\/td><td>Introducci\u00f3n a la Astrof\u00edsica<\/td><td>6<\/td><\/tr><tr><td>CF028<\/td><td>Electromagnetismo II<\/td><td>6<\/td><\/tr><tr><td>CF037<\/td><td>Relatividad General<\/td><td>8<\/td><\/tr><tr><td>CF009<\/td><td>Introducci\u00f3n a la Microscop\u00eda Electr\u00f3nica<\/td><td>6<\/td><\/tr><tr><td>CF022<\/td><td>T\u00f3picos de \u00d3ptica<\/td><td>4<\/td><\/tr><tr><td>CF014 CF016<\/td><td>F\u00edsica Nuclear II F\u00edsica de Part\u00edculas<\/td><td>5<br>3<\/td><\/tr><tr><td>CF034<\/td><td>M\u00e9todos Num\u00e9ricos<\/td><td>5<\/td><\/tr><tr><td>CF028<\/td><td>Electromagnetismo II<\/td><td>6<\/td><\/tr><tr><td>CF081<\/td><td>T\u00f3picos Especiales I B<\/td><td>2<\/td><\/tr><tr><td>CF082<\/td><td>T\u00f3picos Especiales II B<\/td><td>3<\/td><\/tr><tr><td>CF083<\/td><td>T\u00f3picos Especiales III B<\/td><td>4<\/td><\/tr><tr><td>GE545<\/td><td>Espectrometr\u00eda<\/td><td>4<\/td><\/tr><tr><td>CF034<\/td><td>M\u00e9todos Num\u00e9ricos<\/td><td>5<\/td><\/tr><tr><td>CH007<\/td><td>Ciencia, Tecnolog\u00eda y Sociedad<\/td><td>2<\/td><\/tr><tr><td>CH061<\/td><td>Biolog\u00eda<\/td><td>3<\/td><\/tr><tr><td>CL003<\/td><td>Ingl\u00e9s II<\/td><td>2<\/td><\/tr><tr><td>CL004<\/td><td>Ingl\u00e9s III<\/td><td>2<\/td><\/tr><tr><td>CM025<\/td><td>Ecuaciones Diferenciales Parciales II<\/td><td>6<\/td><\/tr><tr><td>CM031<\/td><td>M\u00e9todos Num\u00e9ricos para Ecuaciones Diferenciales Ordinarias<\/td><td>5<\/td><\/tr><tr><td>CM032<\/td><td>M\u00e9todos Num\u00e9ricos para Ecuaciones Diferenciales Parciales<\/td><td>5<\/td><\/tr><tr><td>CM038<\/td><td>M\u00e9todos Num\u00e9ricos del \u00c1lgebra<\/td><td>5<\/td><\/tr><tr><td>CM042<\/td><td>Programaci\u00f3n en C++<\/td><td>3<\/td><\/tr><tr><td>CM421<\/td><td>Ecuaciones Diferenciales Ordinarias I<\/td><td>5<\/td><\/tr><tr><td>CM334<\/td><td>An\u00e1lisis Num\u00e9rico I<\/td><td>5<\/td><\/tr><tr><td>CM322<\/td><td>Ecuaciones Diferenciales Parciales I<\/td><td>5<\/td><\/tr><tr><td>CQ112<\/td><td>Qu\u00edmica II<\/td><td>5<\/td><\/tr><tr><td>CQ251<\/td><td>Fisicoqu\u00edmica I<\/td><td>5<\/td><\/tr><tr><td>IF321<\/td><td>C\u00e1lculo Num\u00e9rico I<\/td><td>6<\/td><\/tr><tr><td>IF392<\/td><td>C\u00e1lculo Num\u00e9rico II<\/td><td>4<\/td><\/tr><\/tbody><\/table><\/figure>\n<\/div>\n<\/div>\n<\/div>\n<\/div>\n<\/div>\n\n\n\n<div class=\"wp-block-column is-layout-flow wp-block-column-is-layout-flow\" style=\"flex-basis:33.33%\"><\/div>\n<\/div>\n","protected":false},"excerpt":{"rendered":"<p>Total de Cr\u00e9ditos Exigidos al alumno para egresar en la Escuela Profesional de F\u00edsica \u00cdtem Cr\u00e9ditos Especificaci\u00f3n 01 184 Cr\u00e9ditos de cursos obligatorios &nbsp; 02 &nbsp; 18 Total, de cr\u00e9ditos de cursos electivos, de los cuales por lo menos 12 deben ser de especialidad y el resto pueden ser de especialidad y\/o complementarios. 03 02 [&hellip;]<\/p>\n","protected":false},"author":1,"featured_media":0,"parent":4251,"menu_order":0,"comment_status":"closed","ping_status":"closed","template":"","meta":{"footnotes":""},"class_list":["post-4220","page","type-page","status-publish","hentry"],"_links":{"self":[{"href":"https:\/\/devcc.site\/en\/wp-json\/wp\/v2\/pages\/4220","targetHints":{"allow":["GET"]}}],"collection":[{"href":"https:\/\/devcc.site\/en\/wp-json\/wp\/v2\/pages"}],"about":[{"href":"https:\/\/devcc.site\/en\/wp-json\/wp\/v2\/types\/page"}],"author":[{"embeddable":true,"href":"https:\/\/devcc.site\/en\/wp-json\/wp\/v2\/users\/1"}],"replies":[{"embeddable":true,"href":"https:\/\/devcc.site\/en\/wp-json\/wp\/v2\/comments?post=4220"}],"version-history":[{"count":7,"href":"https:\/\/devcc.site\/en\/wp-json\/wp\/v2\/pages\/4220\/revisions"}],"predecessor-version":[{"id":4247,"href":"https:\/\/devcc.site\/en\/wp-json\/wp\/v2\/pages\/4220\/revisions\/4247"}],"up":[{"embeddable":true,"href":"https:\/\/devcc.site\/en\/wp-json\/wp\/v2\/pages\/4251"}],"wp:attachment":[{"href":"https:\/\/devcc.site\/en\/wp-json\/wp\/v2\/media?parent=4220"}],"curies":[{"name":"wp","href":"https:\/\/api.w.org\/{rel}","templated":true}]}}