{"id":4205,"date":"2024-05-09T09:54:25","date_gmt":"2024-05-09T14:54:25","guid":{"rendered":"https:\/\/fc.uni.edu.pe\/en\/?page_id=4205"},"modified":"2024-10-09T13:19:11","modified_gmt":"2024-10-09T18:19:11","slug":"greic","status":"publish","type":"page","link":"https:\/\/devcc.site\/en\/estudios-de-grado\/greic\/","title":{"rendered":"Asociaci\u00f3n Estudiantil de Instrumentaci\u00f3n Cient\u00edfica &#8211; GREIC"},"content":{"rendered":"\n<div class=\"wp-block-columns is-layout-flex wp-container-core-columns-is-layout-9d6595d7 wp-block-columns-is-layout-flex\">\n<div class=\"wp-block-column is-layout-flow wp-block-column-is-layout-flow\" style=\"flex-basis:66.66%\">\n<div class=\"wp-block-media-text alignwide is-stacked-on-mobile is-vertically-aligned-center has-white-background-color has-background\" style=\"grid-template-columns:32% auto\"><figure class=\"wp-block-media-text__media\"><img loading=\"lazy\" decoding=\"async\" width=\"943\" height=\"1024\" src=\"https:\/\/fc.uni.edu.pe\/wp-content\/uploads\/2024\/04\/greic_imagen-943x1024.png\" alt=\"\" class=\"wp-image-3218 size-full\" srcset=\"https:\/\/devcc.site\/wp-content\/uploads\/2024\/04\/greic_imagen-943x1024.png 943w, https:\/\/devcc.site\/wp-content\/uploads\/2024\/04\/greic_imagen-276x300.png 276w, https:\/\/devcc.site\/wp-content\/uploads\/2024\/04\/greic_imagen-768x834.png 768w, https:\/\/devcc.site\/wp-content\/uploads\/2024\/04\/greic_imagen.png 968w\" sizes=\"auto, (max-width: 943px) 100vw, 943px\" \/><\/figure><div class=\"wp-block-media-text__content\">\n<div class=\"wp-block-group\" style=\"padding-top:2em;padding-right:2em;padding-bottom:2em;padding-left:2em\"><div class=\"wp-block-group__inner-container is-layout-flow wp-block-group-is-layout-flow\">\n<p style=\"font-size:16px\">La Asociaci\u00f3n Estudiantil de Instrumentaci\u00f3n Cient\u00edfica, conocida por sus siglas GREIC, es una agrupaci\u00f3n estudiantil comprometida con la exploraci\u00f3n y aplicaci\u00f3n de la instrumentaci\u00f3n cient\u00edfica. Busca desarrollar capacidades humanas y producir innovaciones en el \u00e1mbito de la medici\u00f3n, modelado, an\u00e1lisis y seguimiento de variables f\u00edsicas, qu\u00edmicas o biol\u00f3gicas, haciendo uso de la electr\u00f3nica, la mec\u00e1nica y la \u00f3ptica en diferentes campos de la instrumentaci\u00f3n.<\/p>\n<\/div><\/div>\n<\/div><\/div>\n\n\n\n<p><strong>Misi\u00f3n<\/strong>:<\/p>\n\n\n\n<p>Promover el desarrollo acad\u00e9mico y profesional de nuestros miembros mediante la investigaci\u00f3n, desarrollo e implementaci\u00f3n de tecnolog\u00edas para su uso en sistemas de medici\u00f3n y control. Al mismo tiempo, buscamos impulsar la divulgaci\u00f3n cient\u00edfica y cultural dentro y fuera de nuestra comunidad universitaria.<\/p>\n\n\n\n<p><strong>Principales actividades: <\/strong><\/p>\n\n\n\n<ul class=\"wp-block-list\">\n<li>Rob\u00f3tica Educativa y Aplicada: Exploramos el potencial de la rob\u00f3tica como herramienta educativa y su aplicaci\u00f3n en diversos campos, desde la industria hasta la asistencia m\u00e9dica.<\/li>\n\n\n\n<li>Automatizaci\u00f3n y Control: Nos enfocamos en el dise\u00f1o y desarrollo de sistemas automatizados para optimizar procesos industriales y facilitar la monitorizaci\u00f3n y el control de variables f\u00edsicas.<\/li>\n\n\n\n<li>Internet de las Cosas e Inteligencia Artificial: Investigamos y aplicamos t\u00e9cnicas de IoT e IA para resolver problemas complejos, desde la creaci\u00f3n de entornos inteligentes hasta el reconocimiento de patrones.<\/li>\n\n\n\n<li>\u00d3ptica Avanzada: Dedicamos esfuerzos al estudio y desarrollo de instrumentaci\u00f3n \u00f3ptica, incluyendo la creaci\u00f3n de dispositivos de medida y an\u00e1lisis para aplicaciones en campos como la espectroscopia, la microscopia y la fotograf\u00eda cient\u00edfica.<\/li>\n\n\n\n<li>Tecnolog\u00eda Aeroespacial: Exploramos el dise\u00f1o y desarrollo de sistemas y tecnolog\u00edas para aplicaciones aeroespaciales, incluyendo el dise\u00f1o de peque\u00f1os sat\u00e9lites, sistemas de navegaci\u00f3n y sensores remotos.<\/li>\n\n\n\n<li>Divulgaci\u00f3n Cient\u00edfica: Nos comprometemos a difundir el conocimiento cient\u00edfico a trav\u00e9s de presentaciones en ferias de proyectos, talleres abiertos y la creaci\u00f3n de material educativo como infograf\u00edas y videos informativos.<\/li>\n<\/ul>\n\n\n\n<p><strong>\u00bfC\u00f3mo participar en la asociaci\u00f3n? <\/strong><\/p>\n\n\n\n<p>Al inicio de cada a\u00f1o acad\u00e9mico, GREIC realiza una convocatoria general dirigida a aquellos interesados en unirse al grupo. Se espera que los miembros sean estudiantes o egresados de la UNI. No obstante, esta afiliaci\u00f3n universitaria no es un requisito excluyente para participar en las actividades organizadas.<\/p>\n<\/div>\n\n\n\n<div class=\"wp-block-column is-layout-flow wp-block-column-is-layout-flow\" style=\"flex-basis:33.33%\">\n<div class=\"wp-block-columns alignwide is-layout-flex wp-container-core-columns-is-layout-829b1d53 wp-block-columns-is-layout-flex\" style=\"margin-bottom:0\">\n<div class=\"wp-block-column has-black-color has-vivid-purple-background-color has-text-color has-background has-link-color wp-elements-dbe0d58bfa2f3079d609f49cf3ed19af is-layout-flow wp-block-column-is-layout-flow\" style=\"padding-top:2em;padding-right:2em;padding-bottom:2em;padding-left:2em\">\n<h2 class=\"wp-block-heading\" id=\"family\" style=\"font-size:25px\"><strong>Informaci\u00f3n b\u00e1sica<\/strong><\/h2>\n\n\n\n<p><strong>\u27a6<\/strong>\u00a0B\u00fascalos en la sala R1 360<\/p>\n\n\n\n<p><strong>\u27a6<\/strong>&nbsp;Convoca nuevos miembros cada inicio de ciclo.<\/p>\n\n\n\n<p><strong>\u27a6<\/strong>\u00a0Correo: <a href=\"mailto:greic_fci@uni.edu.pe\">greic_fci@uni.edu.pe<\/a><\/p>\n\n\n\n<p><strong>\u27a6<\/strong>&nbsp;Redes sociales:<\/p>\n\n\n\n<ul class=\"wp-block-list\">\n<li><a href=\"https:\/\/www.facebook.com\/GREICFCUNI\" target=\"_blank\" rel=\"noreferrer noopener\">Facebook<\/a><\/li>\n\n\n\n<li><a href=\"https:\/\/www.instagram.com\/greic.uni\/\" target=\"_blank\" rel=\"noreferrer noopener\">Instagram<\/a><\/li>\n\n\n\n<li><a href=\"https:\/\/www.linkedin.com\/company\/greic-uni\/\" target=\"_blank\" rel=\"noreferrer noopener\">Linkedin<\/a><\/li>\n\n\n\n<li><a href=\"https:\/\/chat.whatsapp.com\/JXAthTLYdoCDjxwiQlgXSg\" target=\"_blank\" rel=\"noreferrer noopener\">Youtube<\/a><\/li>\n<\/ul>\n<\/div>\n<\/div>\n\n\n<p class=\"has-text-color has-link-color has-medium-font-size wp-elements-13bbb6ff77ea5303f218db1ed17dcdad\" style=\"color:#515151;text-decoration:underline\"><strong>M\u00e1s informaci\u00f3n<\/strong><\/p>\n\n<ul class=\"wp-block-list\">\n<li><a href=\"https:\/\/fc.uni.edu.pe\/nosotros\/\">La Facultad<\/a><\/li>\n\n\n\n<li><a href=\"https:\/\/fc.uni.edu.pe\/academico\/\">Acad\u00e9mico<\/a><\/li>\n\n\n\n<li><a href=\"https:\/\/fc.uni.edu.pe\/academico\/ciencia-de-la-computacion\/\">Ciencia de la Computaci\u00f3n<\/a><\/li>\n\n\n\n<li><a href=\"https:\/\/fc.uni.edu.pe\/academico\/fisica\/\">F\u00edsica<\/a><\/li>\n\n\n\n<li><a href=\"https:\/\/fc.uni.edu.pe\/academico\/ingenieria-fisica\/\">Ingenier\u00eda F\u00edsica<\/a><\/li>\n\n\n\n<li><a href=\"https:\/\/fc.uni.edu.pe\/academico\/matematica\/\">Matem\u00e1tica<\/a><\/li>\n\n\n\n<li><a href=\"https:\/\/fc.uni.edu.pe\/academico\/quimica\/\">Qu\u00edmica<\/a><\/li>\n\n\n\n<li><a href=\"https:\/\/fc.uni.edu.pe\/investigacion\/\">Investigaci\u00f3n<\/a><\/li>\n\n\n\n<li><a href=\"https:\/\/fc.uni.edu.pe\/posgrado\/\">Posgrado<\/a><\/li>\n\n\n\n<li><a href=\"https:\/\/fc.uni.edu.pe\/academico\/asociaciones-estudiantiles\/\">Asociaciones estudiantiles<\/a><\/li>\n\n\n\n<li><a href=\"https:\/\/fc.uni.edu.pe\/rsu\/\">Responsabilidad Social<\/a><\/li>\n<\/ul><\/div>\n<\/div>\n","protected":false},"excerpt":{"rendered":"<p>La Asociaci\u00f3n Estudiantil de Instrumentaci\u00f3n Cient\u00edfica, conocida por sus siglas GREIC, es una agrupaci\u00f3n estudiantil comprometida con la exploraci\u00f3n y aplicaci\u00f3n de la instrumentaci\u00f3n cient\u00edfica. Busca desarrollar capacidades humanas y producir innovaciones en el \u00e1mbito de la medici\u00f3n, modelado, an\u00e1lisis y seguimiento de variables f\u00edsicas, qu\u00edmicas o biol\u00f3gicas, haciendo uso de la electr\u00f3nica, la mec\u00e1nica [&hellip;]<\/p>\n","protected":false},"author":1,"featured_media":0,"parent":537,"menu_order":0,"comment_status":"closed","ping_status":"closed","template":"","meta":{"footnotes":""},"class_list":["post-4205","page","type-page","status-publish","hentry"],"_links":{"self":[{"href":"https:\/\/devcc.site\/en\/wp-json\/wp\/v2\/pages\/4205","targetHints":{"allow":["GET"]}}],"collection":[{"href":"https:\/\/devcc.site\/en\/wp-json\/wp\/v2\/pages"}],"about":[{"href":"https:\/\/devcc.site\/en\/wp-json\/wp\/v2\/types\/page"}],"author":[{"embeddable":true,"href":"https:\/\/devcc.site\/en\/wp-json\/wp\/v2\/users\/1"}],"replies":[{"embeddable":true,"href":"https:\/\/devcc.site\/en\/wp-json\/wp\/v2\/comments?post=4205"}],"version-history":[{"count":13,"href":"https:\/\/devcc.site\/en\/wp-json\/wp\/v2\/pages\/4205\/revisions"}],"predecessor-version":[{"id":6326,"href":"https:\/\/devcc.site\/en\/wp-json\/wp\/v2\/pages\/4205\/revisions\/6326"}],"up":[{"embeddable":true,"href":"https:\/\/devcc.site\/en\/wp-json\/wp\/v2\/pages\/537"}],"wp:attachment":[{"href":"https:\/\/devcc.site\/en\/wp-json\/wp\/v2\/media?parent=4205"}],"curies":[{"name":"wp","href":"https:\/\/api.w.org\/{rel}","templated":true}]}}