{"id":4184,"date":"2024-05-07T10:29:54","date_gmt":"2024-05-07T15:29:54","guid":{"rendered":"https:\/\/fc.uni.edu.pe\/?page_id=4184"},"modified":"2024-10-09T13:19:53","modified_gmt":"2024-10-09T18:19:53","slug":"acecom","status":"publish","type":"page","link":"https:\/\/devcc.site\/en\/estudios-de-grado\/acecom\/","title":{"rendered":"Asociaci\u00f3n Cient\u00edfica Especializada en Computaci\u00f3n &#8211; ACECOM"},"content":{"rendered":"\n<div class=\"wp-block-columns is-layout-flex wp-container-core-columns-is-layout-9d6595d7 wp-block-columns-is-layout-flex\">\n<div class=\"wp-block-column is-layout-flow wp-block-column-is-layout-flow\" style=\"flex-basis:66.66%\">\n<p>La Asociaci\u00f3n Cient\u00edfica Especializada en Computaci\u00f3n (ACECOM) es una organizaci\u00f3n conformada por profesionales, investigadores, acad\u00e9micos y estudiantes que se dedican al estudio y desarrollo de la computaci\u00f3n en sus diferentes ramas y aplicaciones. ACECOM tiene como objetivo principal promover la investigaci\u00f3n, la formaci\u00f3n acad\u00e9mica, la divulgaci\u00f3n cient\u00edfica y el intercambio de conocimientos en el campo de la computaci\u00f3n<\/p>\n\n\n\n<p class=\"has-medium-font-size\"><strong>Misi\u00f3n: <\/strong><\/p>\n\n\n\n<p>Promover la investigaci\u00f3n y el emprendimiento en el campo de la computaci\u00f3n para contribuir en el desarrollo de la UNI y de la sociedad. <\/p>\n\n\n\n<p class=\"has-medium-font-size\"><strong>Principales actividades: <\/strong><\/p>\n\n\n\n<ul class=\"wp-block-list\">\n<li>Elaboraci\u00f3n de proyectos profesionales<\/li>\n\n\n\n<li>Ponencias<\/li>\n\n\n\n<li>Talleres<\/li>\n\n\n\n<li>Participaci\u00f3n en competencias<\/li>\n<\/ul>\n\n\n\n<p class=\"has-medium-font-size\"><strong>\u00bfC\u00f3mo participar en la asociaci\u00f3n? <\/strong><\/p>\n\n\n\n<p>Al inicio de cada ciclo acad\u00e9mico, ACECOM anuncia la convocatoria dirigida a las respectivas \u00e1reas de inter\u00e9s. Como grupo perteneciente a la Facultad de Ciencias de la UNI, solo podemos aceptar como miembros activos a estudiantes de esta facultad. Sin embargo, invitamos a los interesados de otras facultades o instituciones a contactarnos para explorar posibles alianzas o colaboraciones.<\/p>\n\n\n\n<div style=\"height:40px\" aria-hidden=\"true\" class=\"wp-block-spacer\"><\/div>\n\n\n\n<div class=\"wp-block-media-text\" style=\"grid-template-columns:38% auto\"><figure class=\"wp-block-media-text__media\"><img loading=\"lazy\" decoding=\"async\" width=\"943\" height=\"1024\" src=\"https:\/\/fc.uni.edu.pe\/wp-content\/uploads\/2024\/04\/acecom_imagen-943x1024.png\" alt=\"\" class=\"wp-image-3217 size-full\" srcset=\"https:\/\/devcc.site\/wp-content\/uploads\/2024\/04\/acecom_imagen-943x1024.png 943w, https:\/\/devcc.site\/wp-content\/uploads\/2024\/04\/acecom_imagen-276x300.png 276w, https:\/\/devcc.site\/wp-content\/uploads\/2024\/04\/acecom_imagen-768x834.png 768w, https:\/\/devcc.site\/wp-content\/uploads\/2024\/04\/acecom_imagen.png 968w\" sizes=\"auto, (max-width: 943px) 100vw, 943px\" \/><\/figure><div class=\"wp-block-media-text__content\">\n<hr class=\"wp-block-separator has-alpha-channel-opacity\"\/>\n\n\n\n<p class=\"has-medium-font-size\"><strong>Contacto<\/strong><\/p>\n\n\n\n<p style=\"letter-spacing:0px\"><strong>Asociaci\u00f3n Cient\u00edfica Especializada en Computaci\u00f3n &#8211; ACECOM<\/strong><br><strong>Correo:<\/strong> <a href=\"mailto:aedicifc@uni.edu.pe\">acecom@uni.edu.pe<\/a><\/p>\n\n\n\n<div class=\"wp-block-group is-vertical is-layout-flex wp-container-core-group-is-layout-8cf370e7 wp-block-group-is-layout-flex\">\n<p style=\"font-size:16px\"><strong><strong>\u276f<\/strong><\/strong> B\u00fascalos en la sala R1-225B<\/p>\n\n\n\n<p style=\"font-size:16px\"><strong><strong><strong><strong><strong>\u276f<\/strong><\/strong><\/strong><\/strong><\/strong> Redes sociales:<\/p>\n\n\n\n<ul class=\"wp-block-list\">\n<li style=\"font-size:16px\"><a href=\"https:\/\/www.facebook.com\/acecom.uni\" target=\"_blank\" rel=\"noreferrer noopener\">Facebook<\/a><\/li>\n\n\n\n<li style=\"font-size:16px\"><a href=\"https:\/\/www.instagram.com\/acecomfc\/\" target=\"_blank\" rel=\"noreferrer noopener\">Instagram<\/a><\/li>\n\n\n\n<li style=\"font-size:16px\"><a href=\"https:\/\/www.linkedin.com\/company\/acecomfc\/\" target=\"_blank\" rel=\"noreferrer noopener\">Linkedin<\/a><\/li>\n\n\n\n<li style=\"font-size:16px\"><a href=\"https:\/\/www.youtube.com\/@acecomuni8532\/videos\" target=\"_blank\" rel=\"noreferrer noopener\">Youtube<\/a><\/li>\n<\/ul>\n\n\n\n<hr class=\"wp-block-separator has-alpha-channel-opacity\"\/>\n<\/div>\n\n\n\n<hr class=\"wp-block-separator has-alpha-channel-opacity\"\/>\n<\/div><\/div>\n<\/div>\n\n\n\n<div class=\"wp-block-column is-layout-flow wp-block-column-is-layout-flow\" style=\"flex-basis:33.33%\">\n<div class=\"wp-block-columns alignwide is-layout-flex wp-container-core-columns-is-layout-829b1d53 wp-block-columns-is-layout-flex\" style=\"margin-bottom:0\">\n<div class=\"wp-block-column has-text-color has-background has-link-color wp-elements-1b24352dd826eba2dea52e0a2c145b7a is-layout-flow wp-block-column-is-layout-flow\" style=\"color:#000000;background-color:#e7e7e7;padding-top:2em;padding-right:2em;padding-bottom:2em;padding-left:2em\">\n<h2 class=\"wp-block-heading\" id=\"single\" style=\"font-size:20px\"><strong>M\u00e1s informaci\u00f3n<\/strong><\/h2>\n\n\n\n<p><a href=\"https:\/\/fc.uni.edu.pe\/estudios-de-grado\/asociaciones-estudiantiles\/\">Asociaciones estudiantiles<\/a><\/p>\n\n\n\n<ul class=\"wp-block-list\">\n<li><a href=\"https:\/\/fc.uni.edu.pe\/estudios-de-grado\/asociaciones-estudiantiles\/cec-uni\/\">Centro de Estudiantes \u2013 CEC<\/a><\/li>\n\n\n\n<li><a href=\"https:\/\/fc.uni.edu.pe\/estudios-de-grado\/asociaciones-estudiantiles\/astronomia\/\">Asociaci\u00f3n Estudiantil Astronom\u00eda \u2013 GA<\/a><\/li>\n\n\n\n<li><a href=\"https:\/\/fc.uni.edu.pe\/estudios-de-grado\/asociaciones-estudiantiles\/fisica-recreativa\/\">Asociaci\u00f3n Estudiantil de F\u00edsica Recreativa<\/a><\/li>\n\n\n\n<li><a href=\"https:\/\/fc.uni.edu.pe\/estudios-de-grado\/asociaciones-estudiantiles\/aedici\/\">Asociaci\u00f3n Estudiantil de Divulgaci\u00f3n Cient\u00edfica \u2013 AEDICI<\/a><\/li>\n\n\n\n<li><a href=\"https:\/\/fc.uni.edu.pe\/estudios-de-grado\/asociaciones-estudiantiles\/greic\/\">Asociaci\u00f3n Estudiantil de Instrumentaci\u00f3n Cient\u00edfica \u2013 GREIC<\/a><\/li>\n\n\n\n<li>Asociaci\u00f3n Cient\u00edfica Especializada en Computaci\u00f3n \u2013 ACECOM<\/li>\n\n\n\n<li><a href=\"https:\/\/fc.uni.edu.pe\/estudios-de-grado\/asociaciones-estudiantiles\/geft\/\">Grupo Estudiantil de F\u00edsica Te\u00f3rica<\/a><\/li>\n\n\n\n<li><a href=\"https:\/\/fc.uni.edu.pe\/estudios-de-grado\/asociaciones-estudiantiles\/gem\/\">Grupo Estudiantil de Matem\u00e1tica<\/a><\/li>\n<\/ul>\n\n\n\n<p><a href=\"https:\/\/fc.uni.edu.pe\/pregrado\/\">Carreras de Pregrado<\/a><\/p>\n\n\n\n<ul class=\"wp-block-list\">\n<li><a href=\"https:\/\/fc.uni.edu.pe\/pregrado\/fisica\/\">F\u00edsica<\/a><\/li>\n\n\n\n<li><a href=\"https:\/\/fc.uni.edu.pe\/pregrado\/matematica\/\">Matem\u00e1tica<\/a><\/li>\n\n\n\n<li><a href=\"https:\/\/fc.uni.edu.pe\/pregrado\/quimica\/\">Qu\u00edmica<\/a><\/li>\n\n\n\n<li><a href=\"https:\/\/fc.uni.edu.pe\/pregrado\/ingenieria-fisica\/\">Ingenier\u00eda F\u00edsica<\/a><\/li>\n\n\n\n<li><a href=\"https:\/\/fc.uni.edu.pe\/pregrado\/ciencia-de-la-computacion\/\">Ciencia de la Computaci\u00f3n<\/a><\/li>\n<\/ul>\n\n\n\n<p><a href=\"https:\/\/fc.uni.edu.pe\/estudios-de-grado\/\">Estudiantes de grado<\/a><\/p>\n\n\n\n<ul class=\"wp-block-list\">\n<li><a href=\"https:\/\/fc.uni.edu.pe\/estudios-de-grado\/calendario-academico\/\">Calendario acad\u00e9mico<\/a><\/li>\n\n\n\n<li><a href=\"https:\/\/fc.uni.edu.pe\/estudios-de-grado\/biblioteca\/\">Biblioteca<\/a> <\/li>\n\n\n\n<li><a href=\"https:\/\/fc.uni.edu.pe\/estudios-de-grado\/grados-y-titulos\/\">Grados y T\u00edtulos<\/a><\/li>\n\n\n\n<li><a href=\"https:\/\/fc.uni.edu.pe\/estadistica\/documentos\/\">Matr\u00edcula y Procedimientos<\/a><\/li>\n\n\n\n<li><a href=\"https:\/\/fc.uni.edu.pe\/estudios-de-grado\/empleabilidad\/\">Seguimiento al graduado<\/a><\/li>\n\n\n\n<li><a href=\"https:\/\/fc.uni.edu.pe\/pregrado\/creditos\/\">Cr\u00e9ditos Extracurriculares<\/a><\/li>\n<\/ul>\n<\/div>\n<\/div>\n\n\n\n<div class=\"wp-block-columns alignwide is-layout-flex wp-container-core-columns-is-layout-829b1d53 wp-block-columns-is-layout-flex\" style=\"margin-bottom:0\">\n<div class=\"wp-block-column has-white-background-color has-text-color has-background has-link-color wp-elements-04b17e7110c617c3b321f8385644b1f9 is-layout-flow wp-block-column-is-layout-flow\" style=\"color:#000000;padding-top:2em;padding-right:2em;padding-bottom:2em;padding-left:2em\"><h2 class=\"wp-block-heading has-black-color has-text-color has-link-color wp-elements-5bbb62aca8f4f02cc39819257b246dc8\" id=\"single\" style=\"font-size:20px\"><strong>Eventos<\/strong> cient\u00edficos<\/h2>\n\n\n<ul class=\"wp-block-latest-posts__list has-link-color bullet-links wp-elements-d1fbb039474d2d6592128aac7caf5d32 wp-block-latest-posts has-text-color has-black-color\"><li><a class=\"wp-block-latest-posts__post-title\" href=\"https:\/\/devcc.site\/en\/2025\/12\/10\/deshidrogenacion-oxidativa-de-etano-odh-de-etano-con-oxidos-metalicos-en-atmosfera-de-co%e2%82%82-hacia-una-economia-circular\/\">Deshidrogenaci\u00f3n oxidativa de etano (ODH) de etano con \u00f3xidos met\u00e1licos en atm\u00f3sfera de CO\u2082: hacia una econom\u00eda circular<\/a><\/li>\n<li><a class=\"wp-block-latest-posts__post-title\" href=\"https:\/\/devcc.site\/en\/2025\/11\/28\/curso-estadistica-aplicada-en-procedimientos-de-quimica-analitica-en-la-industria-2\/\">Curso: Estad\u00edstica aplicada en procedimientos de qu\u00edmica anal\u00edtica en la industria<\/a><\/li>\n<li><a class=\"wp-block-latest-posts__post-title\" href=\"https:\/\/devcc.site\/en\/2025\/11\/05\/modelos-generativos-de-ia-y-sus-aplicaciones\/\">Modelos Generativos de IA y sus Aplicaciones<\/a><\/li>\n<li><a class=\"wp-block-latest-posts__post-title\" href=\"https:\/\/devcc.site\/en\/2025\/10\/15\/nuevas-sorpresas-de-la-mecanica-cuantica-y-los-premios-nobel-2025-de-fisica-y-de-quimica\/\">Nuevas sorpresas de la Mec\u00e1nica Cu\u00e1ntica y los Premios Nobel 2025 de F\u00edsica y de Qu\u00edmica<\/a><\/li>\n<\/ul><\/div>\n<\/div>\n<\/div>\n<\/div>\n","protected":false},"excerpt":{"rendered":"<p>La Asociaci\u00f3n Cient\u00edfica Especializada en Computaci\u00f3n (ACECOM) es una organizaci\u00f3n conformada por profesionales, investigadores, acad\u00e9micos y estudiantes que se dedican al estudio y desarrollo de la computaci\u00f3n en sus diferentes ramas y aplicaciones. ACECOM tiene como objetivo principal promover la investigaci\u00f3n, la formaci\u00f3n acad\u00e9mica, la divulgaci\u00f3n cient\u00edfica y el intercambio de conocimientos en el campo [&hellip;]<\/p>\n","protected":false},"author":1,"featured_media":0,"parent":537,"menu_order":0,"comment_status":"closed","ping_status":"closed","template":"","meta":{"footnotes":""},"class_list":["post-4184","page","type-page","status-publish","hentry"],"_links":{"self":[{"href":"https:\/\/devcc.site\/en\/wp-json\/wp\/v2\/pages\/4184","targetHints":{"allow":["GET"]}}],"collection":[{"href":"https:\/\/devcc.site\/en\/wp-json\/wp\/v2\/pages"}],"about":[{"href":"https:\/\/devcc.site\/en\/wp-json\/wp\/v2\/types\/page"}],"author":[{"embeddable":true,"href":"https:\/\/devcc.site\/en\/wp-json\/wp\/v2\/users\/1"}],"replies":[{"embeddable":true,"href":"https:\/\/devcc.site\/en\/wp-json\/wp\/v2\/comments?post=4184"}],"version-history":[{"count":10,"href":"https:\/\/devcc.site\/en\/wp-json\/wp\/v2\/pages\/4184\/revisions"}],"predecessor-version":[{"id":6327,"href":"https:\/\/devcc.site\/en\/wp-json\/wp\/v2\/pages\/4184\/revisions\/6327"}],"up":[{"embeddable":true,"href":"https:\/\/devcc.site\/en\/wp-json\/wp\/v2\/pages\/537"}],"wp:attachment":[{"href":"https:\/\/devcc.site\/en\/wp-json\/wp\/v2\/media?parent=4184"}],"curies":[{"name":"wp","href":"https:\/\/api.w.org\/{rel}","templated":true}]}}