{"id":4152,"date":"2024-05-06T17:46:42","date_gmt":"2024-05-06T22:46:42","guid":{"rendered":"https:\/\/fc.uni.edu.pe\/?page_id=4152"},"modified":"2024-12-03T19:01:43","modified_gmt":"2024-12-04T00:01:43","slug":"gem","status":"publish","type":"page","link":"https:\/\/devcc.site\/en\/estudios-de-grado\/gem\/","title":{"rendered":"Grupo Estudiantil de Matem\u00e1tica &#8211; GEM"},"content":{"rendered":"\n<div class=\"wp-block-columns is-layout-flex wp-container-core-columns-is-layout-9d6595d7 wp-block-columns-is-layout-flex\">\n<div class=\"wp-block-column is-layout-flow wp-block-column-is-layout-flow\" style=\"flex-basis:66.66%\">\n<p>El Grupo Estudiantil de Matem\u00e1tica (GEM), es un grupo de estudiantes de matem\u00e1tica y carreras afines que promueve la divulgaci\u00f3n de la matem\u00e1tica y el estudio e investigaci\u00f3n de esta. La asociaci\u00f3n, se esfuerza por fomentar un ambiente donde los estudiantes puedan expandir sus conocimientos m\u00e1s all\u00e1 de las aulas universitarias. A trav\u00e9s de una variedad de actividades, desde seminarios de divulgaci\u00f3n hasta talleres y minicursos, se busca inspirar el inter\u00e9s por las matem\u00e1ticas y brindar a los miembros la oportunidad de explorar diferentes \u00e1reas de esta bella ciencia.<\/p>\n\n\n\n<p class=\"has-medium-font-size\"><strong>Misi\u00f3n<\/strong><\/p>\n\n\n\n<ul class=\"wp-block-list\">\n<li>Divulgar la matem\u00e1tica dentro y fuera de nuestra universidad.<\/li>\n\n\n\n<li>Poder dar una visi\u00f3n panor\u00e1mica (mas no completa) de las distintas l\u00edneas de investigaci\u00f3n en las que se puede especializar un estudiante.<\/li>\n\n\n\n<li>Promover un ambiente donde los estudiantes puedan compartir y reforzar sus conocimientos adquiridos durante la carrera.<\/li>\n\n\n\n<li>Fomentar la investigaci\u00f3n desde los primeros semestres de la carrera. <\/li>\n<\/ul>\n\n\n\n<p class=\"has-medium-font-size\"><strong>Principales actividades<\/strong><\/p>\n\n\n\n<p>El GEM organiza las siguientes actividades: <\/p>\n\n\n\n<ul class=\"wp-block-list\">\n<li>Seminarios de Divulgaci\u00f3n Matem\u00e1tica: Los Seminarios de Divulgaci\u00f3n Matem\u00e1tica son un ciclo de charlas impartidas por profesores de distintas universidades y alumnos de \u00faltimos semestres. <\/li>\n\n\n\n<li>Primera Jornada Universitaria de Matem\u00e1tica: En este evento destacadas matem\u00e1ticas expusieron sus temas de investigaci\u00f3n. Adem\u00e1s, de compartir sus experiencias personales relacionados a lo largo de su carrera, permitiendo conocer como es la realidad para las mujeres que estudian ciencias.<\/li>\n\n\n\n<li>Talleres y minicursos: Son cursos y\/o minicursos dictados por miembros de nuestro grupo o profesores invitados. Estos permiten reforzar los conocimientos adquiridos durante el pregrado, as como estudiar nuevos conceptos que no se ven durante la carrera.<\/li>\n<\/ul>\n\n\n\n<p class=\"has-medium-font-size\"><strong>\u00bfC\u00f3mo participar en el grupo?<\/strong><\/p>\n\n\n\n<p>La participaci\u00f3n en todos los eventos son libres y gratuitas, que se organizan generalmente los jueves a las 2 p.m. Tambi\u00e9n se puede consultar sobre los requisitos para participar en la asociaci\u00f3n visitando su sal\u00f3n del s\u00f3tano del pabell\u00f3n R1.<\/p>\n\n\n\n<div style=\"height:40px\" aria-hidden=\"true\" class=\"wp-block-spacer\"><\/div>\n\n\n\n<div class=\"wp-block-media-text\" style=\"grid-template-columns:38% auto\"><figure class=\"wp-block-media-text__media\"><img decoding=\"async\" src=\"https:\/\/fc.uni.edu.pe\/wp-content\/uploads\/2024\/05\/logo_gem-1.png\" alt=\"\" class=\"wp-image-3991 size-full\"\/><\/figure><div class=\"wp-block-media-text__content\">\n<hr class=\"wp-block-separator has-alpha-channel-opacity\"\/>\n\n\n\n<p class=\"has-medium-font-size\"><strong>Contacto<\/strong><\/p>\n\n\n\n<div class=\"wp-block-group is-vertical is-layout-flex wp-container-core-group-is-layout-8cf370e7 wp-block-group-is-layout-flex\">\n<p style=\"font-size:16px\"><strong><strong>\u276f<\/strong><\/strong> B\u00fascalos en la s\u00f3tano del R1<\/p>\n\n\n\n<p style=\"font-size:16px\"><strong><strong><strong><strong><strong>\u276f<\/strong><\/strong><\/strong><\/strong><\/strong> Redes sociales:<\/p>\n\n\n\n<ul class=\"wp-block-list\">\n<li style=\"font-size:16px\"><a href=\"https:\/\/www.facebook.com\/acecom.uni\" target=\"_blank\" rel=\"noreferrer noopener\"><\/a><a href=\"https:\/\/www.facebook.com\/GEMFCUNI\" target=\"_blank\" rel=\"noreferrer noopener\">Facebook<\/a><\/li>\n<\/ul>\n\n\n\n<hr class=\"wp-block-separator has-alpha-channel-opacity\"\/>\n<\/div>\n\n\n\n<hr class=\"wp-block-separator has-alpha-channel-opacity\"\/>\n<\/div><\/div>\n<\/div>\n\n\n\n<div class=\"wp-block-column is-layout-flow wp-block-column-is-layout-flow\" style=\"flex-basis:33.33%\">\n<div class=\"wp-block-columns alignwide is-layout-flex wp-container-core-columns-is-layout-829b1d53 wp-block-columns-is-layout-flex\" style=\"margin-bottom:0\">\n<div class=\"wp-block-column has-text-color has-background has-link-color wp-elements-032b7bdab5a51378934865916de40c98 is-layout-flow wp-block-column-is-layout-flow\" style=\"color:#000000;background-color:#e7e7e7;padding-top:2em;padding-right:2em;padding-bottom:2em;padding-left:2em\">\n<h2 class=\"wp-block-heading\" id=\"single\" style=\"font-size:20px\"><strong>M\u00e1s informaci\u00f3n<\/strong><\/h2>\n\n\n\n<p><a href=\"https:\/\/fc.uni.edu.pe\/estudios-de-grado\/asociaciones-estudiantiles\/\">Asociaciones estudiantiles<\/a><\/p>\n\n\n\n<ul class=\"wp-block-list\">\n<li><a href=\"https:\/\/fc.uni.edu.pe\/estudios-de-grado\/asociaciones-estudiantiles\/cec-uni\/\">Centro de Estudiantes \u2013 CEC<\/a><\/li>\n\n\n\n<li><a href=\"https:\/\/fc.uni.edu.pe\/estudios-de-grado\/asociaciones-estudiantiles\/astronomia\/\">Asociaci\u00f3n Estudiantil Astronom\u00eda \u2013 GA<\/a><\/li>\n\n\n\n<li><a href=\"https:\/\/fc.uni.edu.pe\/estudios-de-grado\/asociaciones-estudiantiles\/fisica-recreativa\/\">Asociaci\u00f3n Estudiantil de F\u00edsica Recreativa<\/a><\/li>\n\n\n\n<li><a href=\"https:\/\/fc.uni.edu.pe\/estudios-de-grado\/asociaciones-estudiantiles\/aedici\/\">Asociaci\u00f3n Estudiantil de Divulgaci\u00f3n Cient\u00edfica \u2013 AEDICI<\/a><\/li>\n\n\n\n<li><a href=\"https:\/\/fc.uni.edu.pe\/estudios-de-grado\/asociaciones-estudiantiles\/greic\/\">Asociaci\u00f3n Estudiantil de Instrumentaci\u00f3n Cient\u00edfica \u2013 GREIC<\/a><\/li>\n\n\n\n<li><a href=\"https:\/\/fc.uni.edu.pe\/estudios-de-grado\/asociaciones-estudiantiles\/acecom\/\">Asociaci\u00f3n Cient\u00edfica Especializada en Computaci\u00f3n \u2013 ACECOM<\/a><\/li>\n\n\n\n<li><a href=\"https:\/\/fc.uni.edu.pe\/estudios-de-grado\/asociaciones-estudiantiles\/geft\/\">Grupo Estudiantil de F\u00edsica Te\u00f3rica<\/a><\/li>\n\n\n\n<li>Grupo Estudiantil de Matem\u00e1tica<\/li>\n<\/ul>\n\n\n\n<p><a href=\"https:\/\/fc.uni.edu.pe\/pregrado\/\">Carreras de Pregrado<\/a><\/p>\n\n\n\n<ul class=\"wp-block-list\">\n<li><a href=\"https:\/\/fc.uni.edu.pe\/pregrado\/fisica\/\">F\u00edsica<\/a><\/li>\n\n\n\n<li><a href=\"https:\/\/fc.uni.edu.pe\/pregrado\/matematica\/\">Matem\u00e1tica<\/a><\/li>\n\n\n\n<li><a href=\"https:\/\/fc.uni.edu.pe\/pregrado\/quimica\/\">Qu\u00edmica<\/a><\/li>\n\n\n\n<li><a href=\"https:\/\/fc.uni.edu.pe\/pregrado\/ingenieria-fisica\/\">Ingenier\u00eda F\u00edsica<\/a><\/li>\n\n\n\n<li><a href=\"https:\/\/fc.uni.edu.pe\/pregrado\/ciencia-de-la-computacion\/\">Ciencia de la Computaci\u00f3n<\/a><\/li>\n<\/ul>\n\n\n\n<p><a href=\"https:\/\/fc.uni.edu.pe\/estudios-de-grado\/\">Estudiantes de grado<\/a><\/p>\n\n\n\n<ul class=\"wp-block-list\">\n<li><a href=\"https:\/\/fc.uni.edu.pe\/estudios-de-grado\/calendario-academico\/\">Calendario acad\u00e9mico<\/a><\/li>\n\n\n\n<li><a href=\"https:\/\/fc.uni.edu.pe\/estudios-de-grado\/biblioteca\/\">Biblioteca<\/a> <\/li>\n\n\n\n<li><a href=\"https:\/\/fc.uni.edu.pe\/estudios-de-grado\/grados-y-titulos\/\">Grados y T\u00edtulos<\/a><\/li>\n\n\n\n<li><a href=\"https:\/\/fc.uni.edu.pe\/estadistica\/documentos\/\">Matr\u00edcula y Procedimientos<\/a><\/li>\n\n\n\n<li><a href=\"https:\/\/fc.uni.edu.pe\/estudios-de-grado\/empleabilidad\/\">Seguimiento al graduado<\/a><\/li>\n\n\n\n<li><a href=\"https:\/\/fc.uni.edu.pe\/pregrado\/creditos\/\">Cr\u00e9ditos Extracurriculares<\/a><\/li>\n<\/ul>\n<\/div>\n<\/div>\n\n\n\n<div class=\"wp-block-columns alignwide is-layout-flex wp-container-core-columns-is-layout-829b1d53 wp-block-columns-is-layout-flex\" style=\"margin-bottom:0\">\n<div class=\"wp-block-column has-white-background-color has-text-color has-background has-link-color wp-elements-04b17e7110c617c3b321f8385644b1f9 is-layout-flow wp-block-column-is-layout-flow\" style=\"color:#000000;padding-top:2em;padding-right:2em;padding-bottom:2em;padding-left:2em\"><h2 class=\"wp-block-heading has-black-color has-text-color has-link-color wp-elements-5bbb62aca8f4f02cc39819257b246dc8\" id=\"single\" style=\"font-size:20px\"><strong>Eventos<\/strong> cient\u00edficos<\/h2>\n\n\n<ul class=\"wp-block-latest-posts__list has-link-color bullet-links wp-elements-d1fbb039474d2d6592128aac7caf5d32 wp-block-latest-posts has-text-color has-black-color\"><li><a class=\"wp-block-latest-posts__post-title\" href=\"https:\/\/devcc.site\/en\/2025\/12\/10\/deshidrogenacion-oxidativa-de-etano-odh-de-etano-con-oxidos-metalicos-en-atmosfera-de-co%e2%82%82-hacia-una-economia-circular\/\">Deshidrogenaci\u00f3n oxidativa de etano (ODH) de etano con \u00f3xidos met\u00e1licos en atm\u00f3sfera de CO\u2082: hacia una econom\u00eda circular<\/a><\/li>\n<li><a class=\"wp-block-latest-posts__post-title\" href=\"https:\/\/devcc.site\/en\/2025\/11\/28\/curso-estadistica-aplicada-en-procedimientos-de-quimica-analitica-en-la-industria-2\/\">Curso: Estad\u00edstica aplicada en procedimientos de qu\u00edmica anal\u00edtica en la industria<\/a><\/li>\n<li><a class=\"wp-block-latest-posts__post-title\" href=\"https:\/\/devcc.site\/en\/2025\/11\/05\/modelos-generativos-de-ia-y-sus-aplicaciones\/\">Modelos Generativos de IA y sus Aplicaciones<\/a><\/li>\n<li><a class=\"wp-block-latest-posts__post-title\" href=\"https:\/\/devcc.site\/en\/2025\/10\/15\/nuevas-sorpresas-de-la-mecanica-cuantica-y-los-premios-nobel-2025-de-fisica-y-de-quimica\/\">Nuevas sorpresas de la Mec\u00e1nica Cu\u00e1ntica y los Premios Nobel 2025 de F\u00edsica y de Qu\u00edmica<\/a><\/li>\n<\/ul><\/div>\n<\/div>\n<\/div>\n<\/div>\n","protected":false},"excerpt":{"rendered":"<p>El Grupo Estudiantil de Matem\u00e1tica (GEM), es un grupo de estudiantes de matem\u00e1tica y carreras afines que promueve la divulgaci\u00f3n de la matem\u00e1tica y el estudio e investigaci\u00f3n de esta. La asociaci\u00f3n, se esfuerza por fomentar un ambiente donde los estudiantes puedan expandir sus conocimientos m\u00e1s all\u00e1 de las aulas universitarias. A trav\u00e9s de una [&hellip;]<\/p>\n","protected":false},"author":1,"featured_media":0,"parent":537,"menu_order":0,"comment_status":"closed","ping_status":"closed","template":"","meta":{"footnotes":""},"class_list":["post-4152","page","type-page","status-publish","hentry"],"_links":{"self":[{"href":"https:\/\/devcc.site\/en\/wp-json\/wp\/v2\/pages\/4152","targetHints":{"allow":["GET"]}}],"collection":[{"href":"https:\/\/devcc.site\/en\/wp-json\/wp\/v2\/pages"}],"about":[{"href":"https:\/\/devcc.site\/en\/wp-json\/wp\/v2\/types\/page"}],"author":[{"embeddable":true,"href":"https:\/\/devcc.site\/en\/wp-json\/wp\/v2\/users\/1"}],"replies":[{"embeddable":true,"href":"https:\/\/devcc.site\/en\/wp-json\/wp\/v2\/comments?post=4152"}],"version-history":[{"count":13,"href":"https:\/\/devcc.site\/en\/wp-json\/wp\/v2\/pages\/4152\/revisions"}],"predecessor-version":[{"id":6820,"href":"https:\/\/devcc.site\/en\/wp-json\/wp\/v2\/pages\/4152\/revisions\/6820"}],"up":[{"embeddable":true,"href":"https:\/\/devcc.site\/en\/wp-json\/wp\/v2\/pages\/537"}],"wp:attachment":[{"href":"https:\/\/devcc.site\/en\/wp-json\/wp\/v2\/media?parent=4152"}],"curies":[{"name":"wp","href":"https:\/\/api.w.org\/{rel}","templated":true}]}}