{"id":4134,"date":"2024-05-06T17:21:54","date_gmt":"2024-05-06T22:21:54","guid":{"rendered":"https:\/\/fc.uni.edu.pe\/en\/?page_id=4134"},"modified":"2024-11-23T15:58:00","modified_gmt":"2024-11-23T20:58:00","slug":"geft","status":"publish","type":"page","link":"https:\/\/devcc.site\/en\/estudios-de-grado\/geft\/","title":{"rendered":"Grupo Estudiantil de F\u00edsica Te\u00f3rica &#8211; GEFT"},"content":{"rendered":"\n<div class=\"wp-block-columns is-layout-flex wp-container-core-columns-is-layout-9d6595d7 wp-block-columns-is-layout-flex\">\n<div class=\"wp-block-column is-layout-flow wp-block-column-is-layout-flow\" style=\"flex-basis:66.66%\">\n<div class=\"wp-block-media-text alignwide is-stacked-on-mobile is-vertically-aligned-center has-white-background-color has-background\" style=\"grid-template-columns:32% auto\"><figure class=\"wp-block-media-text__media\"><img loading=\"lazy\" decoding=\"async\" width=\"943\" height=\"1024\" src=\"https:\/\/fc.uni.edu.pe\/wp-content\/uploads\/2024\/04\/geft_imagen-943x1024.png\" alt=\"\" class=\"wp-image-3216 size-full\" srcset=\"https:\/\/devcc.site\/wp-content\/uploads\/2024\/04\/geft_imagen-943x1024.png 943w, https:\/\/devcc.site\/wp-content\/uploads\/2024\/04\/geft_imagen-276x300.png 276w, https:\/\/devcc.site\/wp-content\/uploads\/2024\/04\/geft_imagen-768x834.png 768w, https:\/\/devcc.site\/wp-content\/uploads\/2024\/04\/geft_imagen.png 968w\" sizes=\"auto, (max-width: 943px) 100vw, 943px\" \/><\/figure><div class=\"wp-block-media-text__content\">\n<div class=\"wp-block-group\" style=\"padding-top:2em;padding-right:2em;padding-bottom:2em;padding-left:2em\"><div class=\"wp-block-group__inner-container is-layout-flow wp-block-group-is-layout-flow\">\n<p style=\"font-size:16px\">Nuestro grupo est\u00e1 conformado por estudiantes que tienen una preferencia por la rama te\u00f3rica de la F\u00edsica. Con nuestras actividades buscamos cultivar los intereses de nuestros miembros, as\u00ed como permitirles conocer y aprender nuevos temas y \u00e1reas relacionadas. <\/p>\n\n\n\n<p style=\"font-size:16px\">A trav\u00e9s de la formaci\u00f3n de subgrupos de estudio basados en los intereses de nuestros miembros, la realizaci\u00f3n de seminarios principalmente a cargo de miembros del grupo e invitados, y la organizaci\u00f3n del evento F\u00edsica Te\u00f3rica en el R\u00edo R\u00edmac, buscamos ser un punto de encuentro para estudiantes y acad\u00e9micos de diferentes afiliaciones con el fin de compartir, colaborar y aprender diferentes temas de estudio e investigaci\u00f3n.<\/p>\n<\/div><\/div>\n<\/div><\/div>\n<\/div>\n\n\n\n<div class=\"wp-block-column is-layout-flow wp-block-column-is-layout-flow\" style=\"flex-basis:33.33%\"><p class=\"has-text-color has-link-color has-medium-font-size wp-elements-13bbb6ff77ea5303f218db1ed17dcdad\" style=\"color:#515151;text-decoration:underline\"><strong>M\u00e1s informaci\u00f3n<\/strong><\/p><\/div>\n<\/div>\n\n\n\n<p><\/p>\n","protected":false},"excerpt":{"rendered":"<p>Nuestro grupo est\u00e1 conformado por estudiantes que tienen una preferencia por la rama te\u00f3rica de la F\u00edsica. Con nuestras actividades buscamos cultivar los intereses de nuestros miembros, as\u00ed como permitirles conocer y aprender nuevos temas y \u00e1reas relacionadas. A trav\u00e9s de la formaci\u00f3n de subgrupos de estudio basados en los intereses de nuestros miembros, la [&hellip;]<\/p>\n","protected":false},"author":1,"featured_media":0,"parent":537,"menu_order":0,"comment_status":"closed","ping_status":"closed","template":"","meta":{"footnotes":""},"class_list":["post-4134","page","type-page","status-publish","hentry"],"_links":{"self":[{"href":"https:\/\/devcc.site\/en\/wp-json\/wp\/v2\/pages\/4134","targetHints":{"allow":["GET"]}}],"collection":[{"href":"https:\/\/devcc.site\/en\/wp-json\/wp\/v2\/pages"}],"about":[{"href":"https:\/\/devcc.site\/en\/wp-json\/wp\/v2\/types\/page"}],"author":[{"embeddable":true,"href":"https:\/\/devcc.site\/en\/wp-json\/wp\/v2\/users\/1"}],"replies":[{"embeddable":true,"href":"https:\/\/devcc.site\/en\/wp-json\/wp\/v2\/comments?post=4134"}],"version-history":[{"count":37,"href":"https:\/\/devcc.site\/en\/wp-json\/wp\/v2\/pages\/4134\/revisions"}],"predecessor-version":[{"id":6617,"href":"https:\/\/devcc.site\/en\/wp-json\/wp\/v2\/pages\/4134\/revisions\/6617"}],"up":[{"embeddable":true,"href":"https:\/\/devcc.site\/en\/wp-json\/wp\/v2\/pages\/537"}],"wp:attachment":[{"href":"https:\/\/devcc.site\/en\/wp-json\/wp\/v2\/media?parent=4134"}],"curies":[{"name":"wp","href":"https:\/\/api.w.org\/{rel}","templated":true}]}}