{"id":399,"date":"2021-05-22T05:12:50","date_gmt":"2021-05-22T05:12:50","guid":{"rendered":"http:\/\/localhost\/fcuni\/?page_id=399"},"modified":"2025-01-07T23:39:00","modified_gmt":"2025-01-08T04:39:00","slug":"energias-renovables-y-eficiencia-energetica","status":"publish","type":"page","link":"https:\/\/devcc.site\/en\/posgrado\/maestrias\/energias-renovables-y-eficiencia-energetica\/","title":{"rendered":"Maestr\u00eda en Energ\u00edas Renovables y Eficiencia Energ\u00e9tica"},"content":{"rendered":"<div class=\"wp-block-group\"><div class=\"wp-block-group__inner-container is-layout-constrained wp-block-group-is-layout-constrained\">\n<p class=\"has-background\" style=\"background-color:#dddddd\">We are currently working on update this information. For the moment, this section will be displayed  in spanish. <\/p>\n<\/div><\/div>\n\n\n<h2 class=\"wp-block-heading\">Perfil del profesional<\/h2>\n\n\n\n<p>En construcci\u00f3n. \u00daltima actualizaci\u00f3n 16\/04\/24.<\/p>\n\n\n\n<h2 class=\"wp-block-heading\">Temario <sup><span class=\"has-inline-color has-cyan-bluish-gray-color\">(Temario para el examen de Admisi\u00f3n 2021-1)<\/span><\/sup><\/h2>\n\n\n\n<ol class=\"wp-block-list\">\n<li><strong>Conceptos b\u00e1sicos de f\u00edsica, en particular:<\/strong><br>\u2022 Energ\u00eda mec\u00e1nica, t\u00e9rmica, el\u00e9ctrica<br>\u2022 Conservaci\u00f3n y conversi\u00f3n de energ\u00eda<br>\u2022 Potencia, energ\u00eda, fuerza<br>\u2022 Transferencia de calor<br>\u2022 Electricidad<br>\u2022 Espectro electromagn\u00e9tico, luz visible<br>\u2022 Propiedades \u00f3pticas de la materia<br>\u2022 Unidades<\/li>\n\n\n\n<li><strong>Conceptos b\u00e1sicos de matem\u00e1tica, en particular:<\/strong><br>\u2022 Funciones trigonom\u00e9tricas<br>\u2022 Calculo diferencial e integral<\/li>\n<\/ol>\n\n\n\n<h2 class=\"wp-block-heading titulorojo topmargin\">Plan de Estudio<\/h2>\n\n\n\n<div class=\"wp-block-columns planesdeestudio is-layout-flex wp-container-core-columns-is-layout-9d6595d7 wp-block-columns-is-layout-flex\">\n<div class=\"wp-block-column is-layout-flow wp-block-column-is-layout-flow\">\n<h2 class=\"wp-block-heading\">Primer Semestre<\/h2>\n\n\n\n<figure class=\"wp-block-table is-style-stripes\"><table><thead><tr><th class=\"has-text-align-center\" data-align=\"center\">C\u00f3digo<\/th><th>Curso<\/th><th class=\"has-text-align-center\" data-align=\"center\">Horas<\/th><th class=\"has-text-align-center\" data-align=\"center\">Cr\u00e9ditos<\/th><\/tr><\/thead><tbody><tr><td class=\"has-text-align-center\" data-align=\"center\">MER601<\/td><td>Problemas Energ\u00e9ticos y Energ\u00edas no Convencionales<\/td><td class=\"has-text-align-center\" data-align=\"center\">64<\/td><td class=\"has-text-align-center\" data-align=\"center\">4<\/td><\/tr><tr><td class=\"has-text-align-center\" data-align=\"center\">MER602<\/td><td>Fundamentos de la Energ\u00eda Solar<\/td><td class=\"has-text-align-center\" data-align=\"center\">64<\/td><td class=\"has-text-align-center\" data-align=\"center\">4<\/td><\/tr><tr><td class=\"has-text-align-center\" data-align=\"center\">MER603<\/td><td>Fundamentos de la Energ\u00eda E\u00f3lica<\/td><td class=\"has-text-align-center\" data-align=\"center\">64<\/td><td class=\"has-text-align-center\" data-align=\"center\">4<\/td><\/tr><tr><td class=\"has-text-align-center\" data-align=\"center\">MER604<\/td><td>Fundamentos de la Energ\u00eda de la Biomasa<\/td><td class=\"has-text-align-center\" data-align=\"center\">64<\/td><td class=\"has-text-align-center\" data-align=\"center\">4<\/td><\/tr><\/tbody><\/table><\/figure>\n\n\n\n<h2 class=\"wp-block-heading\">Segundo Semestre<\/h2>\n\n\n\n<figure class=\"wp-block-table is-style-stripes\"><table><thead><tr><th class=\"has-text-align-center\" data-align=\"center\">C\u00f3digo<\/th><th>Curso<\/th><th class=\"has-text-align-center\" data-align=\"center\">Horas<\/th><th class=\"has-text-align-center\" data-align=\"center\">Cr\u00e9ditos<\/th><\/tr><\/thead><tbody><tr><td class=\"has-text-align-center\" data-align=\"center\">MER611<\/td><td>Seminario de Tesis I<\/td><td class=\"has-text-align-center\" data-align=\"center\">64<\/td><td class=\"has-text-align-center\" data-align=\"center\">4<\/td><\/tr><tr><td class=\"has-text-align-center\" data-align=\"center\"><\/td><td>Cursos Electivos**<\/td><td class=\"has-text-align-center\" data-align=\"center\"><\/td><td class=\"has-text-align-center\" data-align=\"center\"><\/td><\/tr><\/tbody><\/table><\/figure>\n\n\n\n<h2 class=\"wp-block-heading\">Tercer Semestre<\/h2>\n\n\n\n<figure class=\"wp-block-table is-style-stripes\"><table><thead><tr><th class=\"has-text-align-center\" data-align=\"center\">C\u00f3digo<\/th><th>Curso<\/th><th class=\"has-text-align-center\" data-align=\"center\">Horas<\/th><th class=\"has-text-align-center\" data-align=\"center\">Cr\u00e9ditos<\/th><\/tr><\/thead><tbody><tr><td class=\"has-text-align-center\" data-align=\"center\">MER612<\/td><td>Seminario de Tesis II<\/td><td class=\"has-text-align-center\" data-align=\"center\">64<\/td><td class=\"has-text-align-center\" data-align=\"center\">4<\/td><\/tr><tr><td class=\"has-text-align-center\" data-align=\"center\"><\/td><td>Cursos Electivos*<\/td><td class=\"has-text-align-center\" data-align=\"center\"><\/td><td class=\"has-text-align-center\" data-align=\"center\"><\/td><\/tr><\/tbody><\/table><\/figure>\n\n\n\n<h2 class=\"wp-block-heading\">Cuarto Semestre<\/h2>\n\n\n\n<figure class=\"wp-block-table is-style-stripes\"><table><thead><tr><th class=\"has-text-align-center\" data-align=\"center\">C\u00f3digo<\/th><th>Curso<\/th><th class=\"has-text-align-center\" data-align=\"center\">Horas<\/th><th class=\"has-text-align-center\" data-align=\"center\">Cr\u00e9ditos<\/th><\/tr><\/thead><tbody><tr><td class=\"has-text-align-center\" data-align=\"center\">MER613<\/td><td>Seminario de Tesis III<\/td><td class=\"has-text-align-center\" data-align=\"center\">128<\/td><td class=\"has-text-align-center\" data-align=\"center\">8<\/td><\/tr><\/tbody><\/table><figcaption class=\"wp-element-caption\">*Tiene que llevar cursos electivos hasta completar los 48 cr\u00e9ditos.<\/figcaption><\/figure>\n<\/div>\n\n\n\n<div class=\"wp-block-column is-layout-flow wp-block-column-is-layout-flow\">\n<h2 class=\"wp-block-heading\">Cursos Electivos<\/h2>\n\n\n\n<figure class=\"wp-block-table is-style-stripes\"><table><thead><tr><th class=\"has-text-align-center\" data-align=\"center\">C\u00f3digo<\/th><th>Curso<\/th><th class=\"has-text-align-center\" data-align=\"center\">Horas<\/th><th class=\"has-text-align-center\" data-align=\"center\">Cr\u00e9ditos<\/th><\/tr><\/thead><tbody><tr><td class=\"has-text-align-center\" data-align=\"center\">MER605<\/td><td>F\u00edsica de las Celdas Fotovoltaicas<\/td><td class=\"has-text-align-center\" data-align=\"center\">64<\/td><td class=\"has-text-align-center\" data-align=\"center\">4<\/td><\/tr><tr><td class=\"has-text-align-center\" data-align=\"center\">MER607<\/td><td>Fotometr\u00eda<\/td><td class=\"has-text-align-center\" data-align=\"center\">64<\/td><td class=\"has-text-align-center\" data-align=\"center\">4<\/td><\/tr><tr><td class=\"has-text-align-center\" data-align=\"center\">MER609<\/td><td>Construcciones Bioclim\u00e1ticas<\/td><td class=\"has-text-align-center\" data-align=\"center\">64<\/td><td class=\"has-text-align-center\" data-align=\"center\">4<\/td><\/tr><tr><td class=\"has-text-align-center\" data-align=\"center\">MER701<\/td><td>Energ\u00eda Solar T\u00e9rmica<\/td><td class=\"has-text-align-center\" data-align=\"center\">32<\/td><td class=\"has-text-align-center\" data-align=\"center\">2<\/td><\/tr><tr><td class=\"has-text-align-center\" data-align=\"center\">MER702<\/td><td>La Radiaci\u00f3n Solar como Recurso Energ\u00e9tico<\/td><td class=\"has-text-align-center\" data-align=\"center\">48<\/td><td class=\"has-text-align-center\" data-align=\"center\">3<\/td><\/tr><tr><td class=\"has-text-align-center\" data-align=\"center\">MER703<\/td><td>Transferencia de Calor en Aplicaciones de Energ\u00eda Solar<\/td><td class=\"has-text-align-center\" data-align=\"center\">48<\/td><td class=\"has-text-align-center\" data-align=\"center\">3<\/td><\/tr><tr><td class=\"has-text-align-center\" data-align=\"center\">MER704<\/td><td>Aplicaciones de la Energ\u00eda Solar<\/td><td class=\"has-text-align-center\" data-align=\"center\">32<\/td><td class=\"has-text-align-center\" data-align=\"center\">2<\/td><\/tr><tr><td class=\"has-text-align-center\" data-align=\"center\">MER705<\/td><td>Energ\u00eda Solar Experimental I<\/td><td class=\"has-text-align-center\" data-align=\"center\">48<\/td><td class=\"has-text-align-center\" data-align=\"center\">3<\/td><\/tr><tr><td class=\"has-text-align-center\" data-align=\"center\">MER706<\/td><td>Energ\u00eda Solar Experimental II<\/td><td class=\"has-text-align-center\" data-align=\"center\">48<\/td><td class=\"has-text-align-center\" data-align=\"center\">3<\/td><\/tr><tr><td class=\"has-text-align-center\" data-align=\"center\">MER707<\/td><td>Celdas de Combusti\u00f3n<\/td><td class=\"has-text-align-center\" data-align=\"center\">32<\/td><td class=\"has-text-align-center\" data-align=\"center\">2<\/td><\/tr><tr><td class=\"has-text-align-center\" data-align=\"center\">MER708<\/td><td>Energ\u00eda y Medio Ambiente<\/td><td class=\"has-text-align-center\" data-align=\"center\">32<\/td><td class=\"has-text-align-center\" data-align=\"center\">2<\/td><\/tr><tr><td class=\"has-text-align-center\" data-align=\"center\">MER709<\/td><td>Tratamiento de Residuos<\/td><td class=\"has-text-align-center\" data-align=\"center\">32<\/td><td class=\"has-text-align-center\" data-align=\"center\">2<\/td><\/tr><tr><td class=\"has-text-align-center\" data-align=\"center\">MER710<\/td><td>Dise\u00f1o y Elaboraci\u00f3n de Proyectos Energ\u00e9ticos<\/td><td class=\"has-text-align-center\" data-align=\"center\">32<\/td><td class=\"has-text-align-center\" data-align=\"center\">2<\/td><\/tr><tr><td class=\"has-text-align-center\" data-align=\"center\">MER711<\/td><td>T\u00f3picos Especiales I **<\/td><td class=\"has-text-align-center\" data-align=\"center\">16<\/td><td class=\"has-text-align-center\" data-align=\"center\">1<\/td><\/tr><tr><td class=\"has-text-align-center\" data-align=\"center\">MER712<\/td><td>T\u00f3picos Especiales II **<\/td><td class=\"has-text-align-center\" data-align=\"center\">32<\/td><td class=\"has-text-align-center\" data-align=\"center\">2<\/td><\/tr><tr><td class=\"has-text-align-center\" data-align=\"center\">MER713<\/td><td>T\u00f3picos Especiales III **<\/td><td class=\"has-text-align-center\" data-align=\"center\">48<\/td><td class=\"has-text-align-center\" data-align=\"center\">3<\/td><\/tr><tr><td class=\"has-text-align-center\" data-align=\"center\">MER714<\/td><td>T\u00f3picos Especiales IV **<\/td><td class=\"has-text-align-center\" data-align=\"center\">64<\/td><td class=\"has-text-align-center\" data-align=\"center\">4<\/td><\/tr><tr><td class=\"has-text-align-center\" data-align=\"center\">MER715<\/td><td>T\u00f3picos Especiales V **<\/td><td class=\"has-text-align-center\" data-align=\"center\">80<\/td><td class=\"has-text-align-center\" data-align=\"center\">5<\/td><\/tr><\/tbody><\/table><figcaption class=\"wp-element-caption\">**Estos cursos pueden ofrecerse varias veces por ejemplo: MER714A, MER714B, etc., con diferentes contenidos.<\/figcaption><\/figure>\n<\/div>\n<\/div>\n\n\n\n<h2 class=\"wp-block-heading\">Plana docente<\/h2>\n\n\n\n<p>En construcci\u00f3n. \u00daltima actualizaci\u00f3n 16\/04\/24. <br><\/p>\n\n\n\n<h2 class=\"wp-block-heading\">Bibliograf\u00eda<\/h2>\n\n\n\n<ul class=\"wp-block-list\">\n<li>En construcci\u00f3n. \u00daltima actualizaci\u00f3n 16\/04\/24.<\/li>\n<\/ul>\n","protected":false},"excerpt":{"rendered":"<p>Perfil del profesional En construcci\u00f3n. \u00daltima actualizaci\u00f3n 16\/04\/24. Temario (Temario para el examen de Admisi\u00f3n 2021-1) Plan de Estudio Primer Semestre C\u00f3digo Curso Horas Cr\u00e9ditos MER601 Problemas Energ\u00e9ticos y Energ\u00edas no Convencionales 64 4 MER602 Fundamentos de la Energ\u00eda Solar 64 4 MER603 Fundamentos de la Energ\u00eda E\u00f3lica 64 4 MER604 Fundamentos de la Energ\u00eda [&hellip;]<\/p>\n","protected":false},"author":1,"featured_media":0,"parent":4553,"menu_order":0,"comment_status":"closed","ping_status":"closed","template":"","meta":{"footnotes":""},"class_list":["post-399","page","type-page","status-publish","hentry"],"_links":{"self":[{"href":"https:\/\/devcc.site\/en\/wp-json\/wp\/v2\/pages\/399","targetHints":{"allow":["GET"]}}],"collection":[{"href":"https:\/\/devcc.site\/en\/wp-json\/wp\/v2\/pages"}],"about":[{"href":"https:\/\/devcc.site\/en\/wp-json\/wp\/v2\/types\/page"}],"author":[{"embeddable":true,"href":"https:\/\/devcc.site\/en\/wp-json\/wp\/v2\/users\/1"}],"replies":[{"embeddable":true,"href":"https:\/\/devcc.site\/en\/wp-json\/wp\/v2\/comments?post=399"}],"version-history":[{"count":24,"href":"https:\/\/devcc.site\/en\/wp-json\/wp\/v2\/pages\/399\/revisions"}],"predecessor-version":[{"id":7007,"href":"https:\/\/devcc.site\/en\/wp-json\/wp\/v2\/pages\/399\/revisions\/7007"}],"up":[{"embeddable":true,"href":"https:\/\/devcc.site\/en\/wp-json\/wp\/v2\/pages\/4553"}],"wp:attachment":[{"href":"https:\/\/devcc.site\/en\/wp-json\/wp\/v2\/media?parent=399"}],"curies":[{"name":"wp","href":"https:\/\/api.w.org\/{rel}","templated":true}]}}