{"id":393,"date":"2021-05-22T04:57:40","date_gmt":"2021-05-22T04:57:40","guid":{"rendered":"http:\/\/localhost\/fcuni\/?page_id=393"},"modified":"2025-01-07T22:58:34","modified_gmt":"2025-01-08T03:58:34","slug":"quimica","status":"publish","type":"page","link":"https:\/\/devcc.site\/en\/posgrado\/maestrias\/quimica\/","title":{"rendered":"Maestr\u00eda en Qu\u00edmica"},"content":{"rendered":"<div class=\"wp-block-group\"><div class=\"wp-block-group__inner-container is-layout-constrained wp-block-group-is-layout-constrained\">\n<p class=\"has-background\" style=\"background-color:#dddddd\">We are currently working on update this information. For the moment, this section will be displayed  in spanish. <\/p>\n<\/div><\/div>\n\n\n<h2 class=\"wp-block-heading\">Perfil del profesional<\/h2>\n\n\n\n<p>En construcci\u00f3n. \u00daltima actualizaci\u00f3n 16\/04\/24.<\/p>\n\n\n\n<h2 class=\"wp-block-heading\">Temario <sup><span class=\"has-inline-color has-cyan-bluish-gray-color\">(Temario para el examen de Admisi\u00f3n 2021-1)<\/span><\/sup><\/h2>\n\n\n\n<ol class=\"wp-block-list\">\n<li><strong>F\u00edsico \u2013 Qu\u00edmica<\/strong><br>Estructura at\u00f3mica. Estructura molecular y enlace qu\u00edmico. Termodin\u00e1mica. Cin\u00e9tica qu\u00edmica. Equilibrio de fases. Electroqu\u00edmica de soluciones.<\/li>\n\n\n\n<li><strong>Qu\u00edmica Inorg\u00e1nica<\/strong><br>El estado s\u00f3lido inorg\u00e1nico. Sistemas \u00e1cidos \u2013 base y disolventes no acuosos. Qu\u00edmica de coordinaci\u00f3n. Aplicaciones de los potenciales de electrodo en qu\u00edmica inorg\u00e1nica. Mecanismo de reacci\u00f3n inorg\u00e1nica. El principio isoelectr\u00f3nico.<\/li>\n\n\n\n<li><strong>Qu\u00edmica Org\u00e1nica<\/strong><br>Alcanos; estructuras y conformaci\u00f3n; propiedades; mecanismos de sustituci\u00f3n por radicales libres (halogenaci\u00f3n); radicales alquilo; ciclo-alcanos; estereoqu\u00edmica; actividad \u00f3ptica; ananti\u00f3meros y diast\u00f3meros, configuraci\u00f3n. Alquenos; estructura; propiedades; mecanismos de adici\u00f3n electrof\u00edlica; iones \u2013 carbonio. Compuestos arom\u00e1ticos; conceptos de aromaticidad; sustituci\u00f3n electrof\u00edlica; efectos de los sustituyentes. Halogenuros de alquilo; sustituci\u00f3n nucleof\u00edlica y reacciones de eliminaci\u00f3n; an\u00e1lisis elemental. Alcoholes; estructura; propiedades; adici\u00f3n nucleof\u00edlica. \u00c1cidos carbox\u00edlicos y derivados; estructura. Sales de diazonio. Fenoles; propiedades; preparaci\u00f3n. Reacciones.<\/li>\n\n\n\n<li><strong>Qu\u00edmica Anal\u00edtica<\/strong><br>An\u00e1lisis gravim\u00e9trico. Qu\u00edmica de \u00e1cidos y bases y disoluci\u00f3n acuosa. Oxidantes y reductores en an\u00e1lisis. Separaciones anal\u00edticas.<\/li>\n\n\n\n<li><strong>Matem\u00e1tica<\/strong><br>C\u00e1lculo diferencial. &#8211; Funciones de una variable: L\u00edmites, continuidad, integraci\u00f3n, derivaci\u00f3n. Aplicaciones. Funciones de varias variables: Derivadas parciales, el gradiente de una funci\u00f3n. M\u00e1ximos y m\u00ednimos, plano tangente y normal. Integraci\u00f3n: cambios de variables. Casos elementales. M\u00e9todos de integraci\u00f3n. Integrales definidas e indefinidas. Coordenadas polares: Ecuaciones diferenciales de primer orden: Separaci\u00f3n de variables. Ecuaciones homog\u00e9neas. Ecuaciones diferenciales de segundo orden. Soluci\u00f3n general. Aplicaciones de algunas ecuaciones diferenciales sencillas.<\/li>\n<\/ol>\n\n\n\n<h2 class=\"wp-block-heading titulorojo topmargin\">Plan de Estudio<\/h2>\n\n\n\n<div class=\"wp-block-columns planesdeestudio is-layout-flex wp-container-core-columns-is-layout-9d6595d7 wp-block-columns-is-layout-flex\">\n<div class=\"wp-block-column is-layout-flow wp-block-column-is-layout-flow\">\n<h2 class=\"wp-block-heading\">Primer Semestre<\/h2>\n\n\n\n<figure class=\"wp-block-table is-style-stripes\"><table><thead><tr><th class=\"has-text-align-center\" data-align=\"center\">C\u00f3digo<\/th><th>Curso<\/th><th class=\"has-text-align-center\" data-align=\"center\">Horas<\/th><th class=\"has-text-align-center\" data-align=\"center\">Cr\u00e9ditos<\/th><\/tr><\/thead><tbody><tr><td class=\"has-text-align-center\" data-align=\"center\">MQU600<\/td><td>Dise\u00f1o de la Tesis y Trabajo de la Investigaci\u00f3n Cient\u00edfica<\/td><td class=\"has-text-align-center\" data-align=\"center\">32<\/td><td class=\"has-text-align-center\" data-align=\"center\">2<\/td><\/tr><tr><td class=\"has-text-align-center\" data-align=\"center\">MQU601<\/td><td>Fisicoqu\u00edmica Avanzada*<\/td><td class=\"has-text-align-center\" data-align=\"center\">80<\/td><td class=\"has-text-align-center\" data-align=\"center\">5<\/td><\/tr><tr><td class=\"has-text-align-center\" data-align=\"center\">MQU602<\/td><td>Qu\u00edmica Org\u00e1nica Avanzada*<\/td><td class=\"has-text-align-center\" data-align=\"center\">80<\/td><td class=\"has-text-align-center\" data-align=\"center\">5<\/td><\/tr><tr><td class=\"has-text-align-center\" data-align=\"center\">MQU603<\/td><td>Qu\u00edmica de Coordinaci\u00f3n Avanzada*<\/td><td class=\"has-text-align-center\" data-align=\"center\">80<\/td><td class=\"has-text-align-center\" data-align=\"center\">5<\/td><\/tr><\/tbody><\/table><\/figure>\n\n\n\n<h2 class=\"wp-block-heading\">Segundo Semestre<\/h2>\n\n\n\n<figure class=\"wp-block-table is-style-stripes\"><table><thead><tr><th class=\"has-text-align-center\" data-align=\"center\">C\u00f3digo<\/th><th>Curso<\/th><th class=\"has-text-align-center\" data-align=\"center\">Horas<\/th><th class=\"has-text-align-center\" data-align=\"center\">Cr\u00e9ditos<\/th><\/tr><\/thead><tbody><tr><td class=\"has-text-align-center\" data-align=\"center\">MQU605<\/td><td>Seminario de Tesis I<\/td><td class=\"has-text-align-center\" data-align=\"center\">48<\/td><td class=\"has-text-align-center\" data-align=\"center\">3<\/td><\/tr><tr><td class=\"has-text-align-center\" data-align=\"center\"><\/td><td>Cursos Electivos**<\/td><td class=\"has-text-align-center\" data-align=\"center\"><\/td><td class=\"has-text-align-center\" data-align=\"center\"><\/td><\/tr><\/tbody><\/table><\/figure>\n\n\n\n<h2 class=\"wp-block-heading\">Tercer Semestre<\/h2>\n\n\n\n<figure class=\"wp-block-table is-style-stripes\"><table><thead><tr><th class=\"has-text-align-center\" data-align=\"center\">C\u00f3digo<\/th><th>Curso<\/th><th class=\"has-text-align-center\" data-align=\"center\">Horas<\/th><th class=\"has-text-align-center\" data-align=\"center\">Cr\u00e9ditos<\/th><\/tr><\/thead><tbody><tr><td class=\"has-text-align-center\" data-align=\"center\">MQU606<\/td><td>Seminario de Tesis II<\/td><td class=\"has-text-align-center\" data-align=\"center\">80<\/td><td class=\"has-text-align-center\" data-align=\"center\">5<\/td><\/tr><tr><td class=\"has-text-align-center\" data-align=\"center\"><\/td><td>Cursos Electivos**<\/td><td class=\"has-text-align-center\" data-align=\"center\"><\/td><td class=\"has-text-align-center\" data-align=\"center\"><\/td><\/tr><\/tbody><\/table><\/figure>\n\n\n\n<h2 class=\"wp-block-heading\">Cuarto Semestre<\/h2>\n\n\n\n<figure class=\"wp-block-table is-style-stripes\"><table><thead><tr><th class=\"has-text-align-center\" data-align=\"center\">C\u00f3digo<\/th><th>Curso<\/th><th class=\"has-text-align-center\" data-align=\"center\">Horas<\/th><th class=\"has-text-align-center\" data-align=\"center\">Cr\u00e9ditos<\/th><\/tr><\/thead><tbody><tr><td class=\"has-text-align-center\" data-align=\"center\">MQU607<\/td><td>Seminario de Tesis III<\/td><td class=\"has-text-align-center\" data-align=\"center\">112<\/td><td class=\"has-text-align-center\" data-align=\"center\">7<\/td><\/tr><\/tbody><\/table><figcaption class=\"wp-element-caption\">El curso MQU604 es obligatorio y de los 3 cursos restantes del primer semestre es obligatorio aprobar por lo menos 2 cursos, de acuerdo a la l\u00ednea de investigaci\u00f3n que elige el estudiante.<br>** Tiene que llevar cursos electivos hasta completar los 48 cr\u00e9ditos<\/figcaption><\/figure>\n<\/div>\n\n\n\n<div class=\"wp-block-column is-layout-flow wp-block-column-is-layout-flow\">\n<h2 class=\"wp-block-heading\">Cursos Electivo<\/h2>\n\n\n\n<figure class=\"wp-block-table is-style-stripes\"><table><thead><tr><th class=\"has-text-align-center\" data-align=\"center\">C\u00f3digo<\/th><th>Curso<\/th><th class=\"has-text-align-center\" data-align=\"center\">Horas<\/th><th class=\"has-text-align-center\" data-align=\"center\">Cr\u00e9ditos<\/th><\/tr><\/thead><tbody><tr><td class=\"has-text-align-center\" data-align=\"center\">MQU707<\/td><td>Fisicoqu\u00edmica Ambiental<\/td><td class=\"has-text-align-center\" data-align=\"center\">64<\/td><td class=\"has-text-align-center\" data-align=\"center\">4<\/td><\/tr><tr><td class=\"has-text-align-center\" data-align=\"center\">MQU708<\/td><td>Fisicoqu\u00edmica de Superficies<\/td><td class=\"has-text-align-center\" data-align=\"center\">48<\/td><td class=\"has-text-align-center\" data-align=\"center\">3<\/td><\/tr><tr><td class=\"has-text-align-center\" data-align=\"center\">MQU709<\/td><td>S\u00edntesis y Caracterizaci\u00f3n de Compuestos Org\u00e1nicos<\/td><td class=\"has-text-align-center\" data-align=\"center\">64<\/td><td class=\"has-text-align-center\" data-align=\"center\">4<\/td><\/tr><tr><td class=\"has-text-align-center\" data-align=\"center\">MQU710<\/td><td>Qu\u00edmica Estructural Org\u00e1nica<\/td><td class=\"has-text-align-center\" data-align=\"center\">64<\/td><td class=\"has-text-align-center\" data-align=\"center\">4<\/td><\/tr><tr><td class=\"has-text-align-center\" data-align=\"center\">MQU711<\/td><td>Mecanismos de Reacciones Org\u00e1nicas<\/td><td class=\"has-text-align-center\" data-align=\"center\">64<\/td><td class=\"has-text-align-center\" data-align=\"center\">4<\/td><\/tr><tr><td class=\"has-text-align-center\" data-align=\"center\">MQU712<\/td><td>Solventes en Qu\u00edmica Org\u00e1nica<\/td><td class=\"has-text-align-center\" data-align=\"center\">64<\/td><td class=\"has-text-align-center\" data-align=\"center\">4<\/td><\/tr><tr><td class=\"has-text-align-center\" data-align=\"center\">MQU713<\/td><td>Qu\u00edmica de los Productos Naturales<\/td><td class=\"has-text-align-center\" data-align=\"center\">64<\/td><td class=\"has-text-align-center\" data-align=\"center\">4<\/td><\/tr><tr><td class=\"has-text-align-center\" data-align=\"center\">MQU714<\/td><td>S\u00edntesis y Caracterizaci\u00f3n de Compuestos Inorg\u00e1nicos<\/td><td class=\"has-text-align-center\" data-align=\"center\">64<\/td><td class=\"has-text-align-center\" data-align=\"center\">4<\/td><\/tr><tr><td class=\"has-text-align-center\" data-align=\"center\">MQU715<\/td><td>Complejometr\u00eda<\/td><td class=\"has-text-align-center\" data-align=\"center\">64<\/td><td class=\"has-text-align-center\" data-align=\"center\">4<\/td><\/tr><tr><td class=\"has-text-align-center\" data-align=\"center\">MQU716<\/td><td>Mecanismos de Reacciones Inorg\u00e1nicas<\/td><td class=\"has-text-align-center\" data-align=\"center\">64<\/td><td class=\"has-text-align-center\" data-align=\"center\">4<\/td><\/tr><tr><td class=\"has-text-align-center\" data-align=\"center\">MQU717<\/td><td>Iones Met\u00e1licos en Sistemas Biol\u00f3gicos<\/td><td class=\"has-text-align-center\" data-align=\"center\">64<\/td><td class=\"has-text-align-center\" data-align=\"center\">4<\/td><\/tr><tr><td class=\"has-text-align-center\" data-align=\"center\">MQU718<\/td><td>Compuestos Inorg\u00e1nicos en Medicina<\/td><td class=\"has-text-align-center\" data-align=\"center\">64<\/td><td class=\"has-text-align-center\" data-align=\"center\">4<\/td><\/tr><tr><td class=\"has-text-align-center\" data-align=\"center\">MQU721<\/td><td>Materiales Carbonosos S\u00edntesis Caracterizaci\u00f3n y Aplicaciones<\/td><td class=\"has-text-align-center\" data-align=\"center\">48<\/td><td class=\"has-text-align-center\" data-align=\"center\">3<\/td><\/tr><tr><td class=\"has-text-align-center\" data-align=\"center\">MQU722<\/td><td>Modelamiento Molecular y Simulaci\u00f3n Computacional Aplicada a la Nanociencia<\/td><td class=\"has-text-align-center\" data-align=\"center\">48<\/td><td class=\"has-text-align-center\" data-align=\"center\">3<\/td><\/tr><tr><td class=\"has-text-align-center\" data-align=\"center\">MQU723<\/td><td>T\u00e9cnicas de Caracterizaci\u00f3n de Superficies y Materiales<\/td><td class=\"has-text-align-center\" data-align=\"center\">64<\/td><td class=\"has-text-align-center\" data-align=\"center\">4<\/td><\/tr><tr><td class=\"has-text-align-center\" data-align=\"center\">MQU724<\/td><td>Corrosi\u00f3n y Electrocorrosi\u00f3n de Materiales<\/td><td class=\"has-text-align-center\" data-align=\"center\">48<\/td><td class=\"has-text-align-center\" data-align=\"center\">3<\/td><\/tr><tr><td class=\"has-text-align-center\" data-align=\"center\">MQU725<\/td><td>Electroqu\u00edmica de Los Recubrimientos Met\u00e1licos<\/td><td class=\"has-text-align-center\" data-align=\"center\">48<\/td><td class=\"has-text-align-center\" data-align=\"center\">3<\/td><\/tr><tr><td class=\"has-text-align-center\" data-align=\"center\">MQU726<\/td><td>T\u00e9cnicas de Caracterizaci\u00f3n Electroqu\u00edmica<\/td><td class=\"has-text-align-center\" data-align=\"center\">48<\/td><td class=\"has-text-align-center\" data-align=\"center\">3<\/td><\/tr><tr><td class=\"has-text-align-center\" data-align=\"center\">MQU729<\/td><td>S\u00edntesis de Electroqu\u00edmica de Materiales<\/td><td class=\"has-text-align-center\" data-align=\"center\">48<\/td><td class=\"has-text-align-center\" data-align=\"center\">3<\/td><\/tr><tr><td class=\"has-text-align-center\" data-align=\"center\">MQU730<\/td><td>T\u00e9cnicas Avanzadas de Electroan\u00e1lisis<\/td><td class=\"has-text-align-center\" data-align=\"center\">48<\/td><td class=\"has-text-align-center\" data-align=\"center\">3<\/td><\/tr><tr><td class=\"has-text-align-center\" data-align=\"center\">MQU731<\/td><td>T\u00f3picos Especiales I ***<\/td><td class=\"has-text-align-center\" data-align=\"center\">16<\/td><td class=\"has-text-align-center\" data-align=\"center\">1<\/td><\/tr><tr><td class=\"has-text-align-center\" data-align=\"center\">MQU732<\/td><td>T\u00f3picos Especiales II ***<\/td><td class=\"has-text-align-center\" data-align=\"center\">32<\/td><td class=\"has-text-align-center\" data-align=\"center\">2<\/td><\/tr><tr><td class=\"has-text-align-center\" data-align=\"center\">MQU733<\/td><td>T\u00f3picos Especiales III ***<\/td><td class=\"has-text-align-center\" data-align=\"center\">48<\/td><td class=\"has-text-align-center\" data-align=\"center\">3<\/td><\/tr><tr><td class=\"has-text-align-center\" data-align=\"center\">MQU734<\/td><td>T\u00f3picos Especiales IV ***<\/td><td class=\"has-text-align-center\" data-align=\"center\">64<\/td><td class=\"has-text-align-center\" data-align=\"center\">4<\/td><\/tr><tr><td class=\"has-text-align-center\" data-align=\"center\">MQU735<\/td><td>T\u00f3picos Especiales V ***<\/td><td class=\"has-text-align-center\" data-align=\"center\">80<\/td><td class=\"has-text-align-center\" data-align=\"center\">5<\/td><\/tr><\/tbody><\/table><figcaption class=\"wp-element-caption\">***Estos cursos pueden ofrecerse varias veces por ejemplo: MQU731A, MQU731B, etc., con diferentes contenidos.<\/figcaption><\/figure>\n<\/div>\n<\/div>\n\n\n\n<h2 class=\"wp-block-heading\">Plana docente<\/h2>\n\n\n\n<p>En construcci\u00f3n. \u00daltima actualizaci\u00f3n 16\/04\/24.<br><\/p>\n\n\n\n<h2 class=\"wp-block-heading\">Bibliograf\u00eda<\/h2>\n\n\n\n<ul class=\"wp-block-list\">\n<li>F\u00edsica \u2013 Qu\u00edmica, Gordon Barrow, Edit. Revert\u00e9, 3ra. Edici\u00f3n.<\/li>\n\n\n\n<li>Qu\u00edmica Inorg\u00e1nica, G. Demitras. Ch. Russ. J. Salmon, J. Weber &#038; G. Weiss, Edit. PrenticeHall.<\/li>\n\n\n\n<li>Principios de Qu\u00edmica Org\u00e1nica. Geissman, Edit. Revert\u00e9.<\/li>\n\n\n\n<li>Qu\u00edmica Org\u00e1nica. Roberts, Stewart &#038; Caseric, Edit. Fondo Educativo<\/li>\n\n\n\n<li>Internacional.Qu\u00edmica Cuantitativa. G. Brown &#038; E. Salle, Edit. Revert\u00e9, (1967).<\/li>\n\n\n\n<li>C\u00e1lculo y Geometr\u00eda Anal\u00edtica, George T. Thomas, Ed. 1966.<\/li>\n<\/ul>\n","protected":false},"excerpt":{"rendered":"<p>Perfil del profesional En construcci\u00f3n. \u00daltima actualizaci\u00f3n 16\/04\/24. Temario (Temario para el examen de Admisi\u00f3n 2021-1) Plan de Estudio Primer Semestre C\u00f3digo Curso Horas Cr\u00e9ditos MQU600 Dise\u00f1o de la Tesis y Trabajo de la Investigaci\u00f3n Cient\u00edfica 32 2 MQU601 Fisicoqu\u00edmica Avanzada* 80 5 MQU602 Qu\u00edmica Org\u00e1nica Avanzada* 80 5 MQU603 Qu\u00edmica de Coordinaci\u00f3n Avanzada* 80 [&hellip;]<\/p>\n","protected":false},"author":1,"featured_media":0,"parent":4553,"menu_order":0,"comment_status":"closed","ping_status":"closed","template":"","meta":{"footnotes":""},"class_list":["post-393","page","type-page","status-publish","hentry"],"_links":{"self":[{"href":"https:\/\/devcc.site\/en\/wp-json\/wp\/v2\/pages\/393","targetHints":{"allow":["GET"]}}],"collection":[{"href":"https:\/\/devcc.site\/en\/wp-json\/wp\/v2\/pages"}],"about":[{"href":"https:\/\/devcc.site\/en\/wp-json\/wp\/v2\/types\/page"}],"author":[{"embeddable":true,"href":"https:\/\/devcc.site\/en\/wp-json\/wp\/v2\/users\/1"}],"replies":[{"embeddable":true,"href":"https:\/\/devcc.site\/en\/wp-json\/wp\/v2\/comments?post=393"}],"version-history":[{"count":14,"href":"https:\/\/devcc.site\/en\/wp-json\/wp\/v2\/pages\/393\/revisions"}],"predecessor-version":[{"id":6962,"href":"https:\/\/devcc.site\/en\/wp-json\/wp\/v2\/pages\/393\/revisions\/6962"}],"up":[{"embeddable":true,"href":"https:\/\/devcc.site\/en\/wp-json\/wp\/v2\/pages\/4553"}],"wp:attachment":[{"href":"https:\/\/devcc.site\/en\/wp-json\/wp\/v2\/media?parent=393"}],"curies":[{"name":"wp","href":"https:\/\/api.w.org\/{rel}","templated":true}]}}