{"id":3750,"date":"2024-05-03T21:19:34","date_gmt":"2024-05-04T02:19:34","guid":{"rendered":"https:\/\/fc.uni.edu.pe\/?page_id=3750"},"modified":"2024-11-25T18:36:47","modified_gmt":"2024-11-25T23:36:47","slug":"astronomia","status":"publish","type":"page","link":"https:\/\/devcc.site\/en\/estudios-de-grado\/astronomia\/","title":{"rendered":"Asociaci\u00f3n Estudiantil de Astronom\u00eda"},"content":{"rendered":"\n<div class=\"wp-block-columns is-layout-flex wp-container-core-columns-is-layout-9d6595d7 wp-block-columns-is-layout-flex\">\n<div class=\"wp-block-column is-layout-flow wp-block-column-is-layout-flow\" style=\"flex-basis:66.66%\">\n<p>La Asociaci\u00f3n Estudiantil Astronom\u00eda (hasta el a\u00f1o 2018 denominado Grupo Astronom\u00eda) est\u00e1 formado en su mayor\u00eda por estudiantes de la escuela de F\u00edsica de la Universidad Nacional de Ingenier\u00eda, egresados de la misma casa de estudios y un profesor asesor.<\/p>\n\n\n\n<p>Desde su creaci\u00f3n muchos estudiantes han formado parte del grupo, varios de ellos son ahora profesores en la Facultad de Ciencias de la UNI, investigadores en el Instituto Geof\u00edsico del Per\u00fa (IGP) o en la Comisi\u00f3n Nacional de Investigaci\u00f3n y Desarrollo Aeroespacial (CONIDA) e instituciones internacionales. Tambi\u00e9n apoya en las actividades de divulgaci\u00f3n del Observatorio Astron\u00f3mico OA-UNI.<\/p>\n\n\n\n<p class=\"has-medium-font-size\"><strong>Nuestra misi\u00f3n: <\/strong><\/p>\n\n\n\n<ol class=\"wp-block-list\">\n<li>Difundir la Astronom\u00eda como ciencia, dentro de todo medio social que se requiera.<\/li>\n\n\n\n<li>Promover el estudio y desarrollo de la Astronom\u00eda, mediante actividades de divulgaci\u00f3n acad\u00e9mica y cient\u00edfica de la Astronom\u00eda y ciencias afines.<\/li>\n\n\n\n<li>Incentivar el estudio de la Astronom\u00eda te\u00f3rica y experimental, as\u00ed como la divulgaci\u00f3n de los trabajos realizados por sus miembros.<\/li>\n\n\n\n<li>Promover la interacci\u00f3n (y la posible incorporaci\u00f3n) t\u00e9cnica y acad\u00e9mica del Grupo Astronom\u00eda con instituciones de astronom\u00eda nacionales e internacionales.<\/li>\n\n\n\n<li>Promover la adquisici\u00f3n de equipos de astronom\u00eda y la asignaci\u00f3n de ambientes adecuados para el desarrollo de la Astronom\u00eda dentro de la universidad.<\/li>\n\n\n\n<li>Apoyar las actividades de divulgaci\u00f3n cient\u00edfica y cultural de la Universidad Nacional de Ingenier\u00eda.<\/li>\n<\/ol>\n\n\n\n<p class=\"has-medium-font-size\"><strong>\u00bfC\u00f3mo participar en la asociaci\u00f3n?<\/strong><\/p>\n\n\n\n<p>Al inicio de cada periodo acad\u00e9mico, la agrupaci\u00f3n realiza una convocatoria general para los interesados en formar parte del grupo. El aviso se publica en las instalaciones de la facultad, las redes sociales y la p\u00e1gina web. Si bien la convocatoria es abierta al p\u00fablico general, debido a que la agrupaci\u00f3n est\u00e1 adscrita a la facultad de Ciencias de la UNI, oficialmente, un miembro debe ser un estudiante o egresado de dicha facultad; sin embargo, no ser parte de la facultad o universidad no es un limitante para participar e involucrarse de las actividades que se realicen.<\/p>\n\n\n\n<div style=\"height:40px\" aria-hidden=\"true\" class=\"wp-block-spacer\"><\/div>\n\n\n\n<div class=\"wp-block-media-text\" style=\"grid-template-columns:38% auto\"><figure class=\"wp-block-media-text__media\"><img decoding=\"async\" src=\"https:\/\/fc.uni.edu.pe\/wp-content\/uploads\/2024\/05\/logo_ga_circle.png\" alt=\"\" class=\"wp-image-3993 size-full\"\/><\/figure><div class=\"wp-block-media-text__content\">\n<hr class=\"wp-block-separator has-alpha-channel-opacity\"\/>\n\n\n\n<p class=\"has-medium-font-size\"><strong>Contacto<\/strong><\/p>\n\n\n\n<p style=\"letter-spacing:0px\"><strong>Asociaci\u00f3n Estudiantil de Astronom\u00eda<\/strong><br><strong>Correo:<\/strong> astrofc@uni.edu.pe<\/p>\n\n\n\n<div class=\"wp-block-group is-vertical is-layout-flex wp-container-core-group-is-layout-8cf370e7 wp-block-group-is-layout-flex\">\n<p style=\"font-size:16px\"><strong><strong>\u276f<\/strong><\/strong> B\u00fascalos en la sala R1-225A<\/p>\n\n\n\n<p style=\"font-size:16px\"><strong><strong><strong><strong><strong>\u276f<\/strong><\/strong><\/strong><\/strong><\/strong> Redes sociales:<\/p>\n\n\n\n<ul class=\"wp-block-list\">\n<li style=\"font-size:16px\"><a href=\"https:\/\/astronomia.uni.edu.pe\/index.php\/aea\/\" target=\"_blank\" rel=\"noreferrer noopener\">P\u00e1gina web<\/a><\/li>\n\n\n\n<li style=\"font-size:16px\"><a href=\"https:\/\/facebook.com\/GrupoAstronomia.UNI\" target=\"_blank\" rel=\"noreferrer noopener\">Facebook<\/a><\/li>\n\n\n\n<li style=\"font-size:16px\"><a href=\"https:\/\/www.instagram.com\/grupoastronomia\/\" target=\"_blank\" rel=\"noreferrer noopener\">Instagram<\/a><\/li>\n\n\n\n<li style=\"font-size:16px\"><a href=\"https:\/\/www.youtube.com\/@grupoastronomiauni9623\" target=\"_blank\" rel=\"noreferrer noopener\">Youtube<\/a><\/li>\n<\/ul>\n\n\n\n<hr class=\"wp-block-separator has-alpha-channel-opacity\"\/>\n<\/div>\n\n\n\n<hr class=\"wp-block-separator has-alpha-channel-opacity\"\/>\n<\/div><\/div>\n<\/div>\n\n\n\n<div class=\"wp-block-column is-layout-flow wp-block-column-is-layout-flow\" style=\"flex-basis:33.33%\">\n<div class=\"wp-block-columns alignwide is-layout-flex wp-container-core-columns-is-layout-829b1d53 wp-block-columns-is-layout-flex\" style=\"margin-bottom:0\">\n<div class=\"wp-block-column has-text-color has-background has-link-color wp-elements-47804da91f598b453846131b2810bb10 is-layout-flow wp-block-column-is-layout-flow\" style=\"color:#000000;background-color:#e7e7e7;padding-top:2em;padding-right:2em;padding-bottom:2em;padding-left:2em\">\n<h2 class=\"wp-block-heading\" id=\"single\" style=\"font-size:20px\"><strong>M\u00e1s informaci\u00f3n<\/strong><\/h2>\n\n\n\n<p><a href=\"https:\/\/fc.uni.edu.pe\/estudios-de-grado\/asociaciones-estudiantiles\/\">Asociaciones estudiantiles<\/a><\/p>\n\n\n\n<ul class=\"wp-block-list\">\n<li><a href=\"https:\/\/fc.uni.edu.pe\/estudios-de-grado\/asociaciones-estudiantiles\/cec-uni\/\">Centro de Estudiantes \u2013 CEC<\/a><\/li>\n\n\n\n<li>Asociaci\u00f3n Estudiantil Astronom\u00eda \u2013 GA<\/li>\n\n\n\n<li><a href=\"https:\/\/fc.uni.edu.pe\/estudios-de-grado\/asociaciones-estudiantiles\/fisica-recreativa\/\">Asociaci\u00f3n Estudiantil de F\u00edsica Recreativa<\/a><\/li>\n\n\n\n<li><a href=\"https:\/\/fc.uni.edu.pe\/estudios-de-grado\/asociaciones-estudiantiles\/aedici\/\">Asociaci\u00f3n Estudiantil de Divulgaci\u00f3n Cient\u00edfica \u2013 AEDICI<\/a><\/li>\n\n\n\n<li><a href=\"https:\/\/fc.uni.edu.pe\/estudios-de-grado\/asociaciones-estudiantiles\/greic\/\">Asociaci\u00f3n Estudiantil de Instrumentaci\u00f3n Cient\u00edfica \u2013 GREIC<\/a><\/li>\n\n\n\n<li><a href=\"https:\/\/fc.uni.edu.pe\/estudios-de-grado\/asociaciones-estudiantiles\/acecom\/\">Asociaci\u00f3n Cient\u00edfica Especializada en Computaci\u00f3n \u2013 ACECOM<\/a><\/li>\n\n\n\n<li><a href=\"https:\/\/fc.uni.edu.pe\/estudios-de-grado\/asociaciones-estudiantiles\/geft\/\">Grupo Estudiantil de F\u00edsica Te\u00f3rica<\/a><\/li>\n\n\n\n<li><a href=\"https:\/\/fc.uni.edu.pe\/estudios-de-grado\/asociaciones-estudiantiles\/gem\/\">Grupo Estudiantil de Matem\u00e1tica<\/a><\/li>\n<\/ul>\n\n\n\n<p><a href=\"https:\/\/fc.uni.edu.pe\/pregrado\/\">Carreras de Pregrado<\/a><\/p>\n\n\n\n<ul class=\"wp-block-list\">\n<li><a href=\"https:\/\/fc.uni.edu.pe\/pregrado\/fisica\/\">F\u00edsica<\/a><\/li>\n\n\n\n<li><a href=\"https:\/\/fc.uni.edu.pe\/pregrado\/matematica\/\">Matem\u00e1tica<\/a><\/li>\n\n\n\n<li><a href=\"https:\/\/fc.uni.edu.pe\/pregrado\/quimica\/\">Qu\u00edmica<\/a><\/li>\n\n\n\n<li><a href=\"https:\/\/fc.uni.edu.pe\/pregrado\/ingenieria-fisica\/\">Ingenier\u00eda F\u00edsica<\/a><\/li>\n\n\n\n<li><a href=\"https:\/\/fc.uni.edu.pe\/pregrado\/ciencia-de-la-computacion\/\">Ciencia de la Computaci\u00f3n<\/a><\/li>\n<\/ul>\n\n\n\n<p><a href=\"https:\/\/fc.uni.edu.pe\/estudios-de-grado\/\">Estudiantes de grado<\/a><\/p>\n\n\n\n<ul class=\"wp-block-list\">\n<li><a href=\"https:\/\/fc.uni.edu.pe\/estudios-de-grado\/calendario-academico\/\">Calendario acad\u00e9mico<\/a><\/li>\n\n\n\n<li><a href=\"https:\/\/fc.uni.edu.pe\/estudios-de-grado\/biblioteca\/\">Biblioteca<\/a> <\/li>\n\n\n\n<li><a href=\"https:\/\/fc.uni.edu.pe\/estudios-de-grado\/grados-y-titulos\/\">Grados y T\u00edtulos<\/a><\/li>\n\n\n\n<li><a href=\"https:\/\/fc.uni.edu.pe\/estadistica\/documentos\/\">Matr\u00edcula y Procedimientos<\/a><\/li>\n\n\n\n<li><a href=\"https:\/\/fc.uni.edu.pe\/estudios-de-grado\/empleabilidad\/\">Seguimiento al graduado<\/a><\/li>\n\n\n\n<li><a href=\"https:\/\/fc.uni.edu.pe\/pregrado\/creditos\/\">Cr\u00e9ditos Extracurriculares<\/a><\/li>\n<\/ul>\n<\/div>\n<\/div>\n\n\n\n<div class=\"wp-block-columns alignwide is-layout-flex wp-container-core-columns-is-layout-829b1d53 wp-block-columns-is-layout-flex\" style=\"margin-bottom:0\">\n<div class=\"wp-block-column has-white-background-color has-text-color has-background has-link-color wp-elements-04b17e7110c617c3b321f8385644b1f9 is-layout-flow wp-block-column-is-layout-flow\" style=\"color:#000000;padding-top:2em;padding-right:2em;padding-bottom:2em;padding-left:2em\"><h2 class=\"wp-block-heading has-black-color has-text-color has-link-color wp-elements-5bbb62aca8f4f02cc39819257b246dc8\" id=\"single\" style=\"font-size:20px\"><strong>Eventos<\/strong> cient\u00edficos<\/h2>\n\n\n<ul class=\"wp-block-latest-posts__list has-link-color bullet-links wp-elements-d1fbb039474d2d6592128aac7caf5d32 wp-block-latest-posts has-text-color has-black-color\"><li><a class=\"wp-block-latest-posts__post-title\" href=\"https:\/\/devcc.site\/en\/2025\/12\/10\/deshidrogenacion-oxidativa-de-etano-odh-de-etano-con-oxidos-metalicos-en-atmosfera-de-co%e2%82%82-hacia-una-economia-circular\/\">Deshidrogenaci\u00f3n oxidativa de etano (ODH) de etano con \u00f3xidos met\u00e1licos en atm\u00f3sfera de CO\u2082: hacia una econom\u00eda circular<\/a><\/li>\n<li><a class=\"wp-block-latest-posts__post-title\" href=\"https:\/\/devcc.site\/en\/2025\/11\/28\/curso-estadistica-aplicada-en-procedimientos-de-quimica-analitica-en-la-industria-2\/\">Curso: Estad\u00edstica aplicada en procedimientos de qu\u00edmica anal\u00edtica en la industria<\/a><\/li>\n<li><a class=\"wp-block-latest-posts__post-title\" href=\"https:\/\/devcc.site\/en\/2025\/11\/05\/modelos-generativos-de-ia-y-sus-aplicaciones\/\">Modelos Generativos de IA y sus Aplicaciones<\/a><\/li>\n<li><a class=\"wp-block-latest-posts__post-title\" href=\"https:\/\/devcc.site\/en\/2025\/10\/15\/nuevas-sorpresas-de-la-mecanica-cuantica-y-los-premios-nobel-2025-de-fisica-y-de-quimica\/\">Nuevas sorpresas de la Mec\u00e1nica Cu\u00e1ntica y los Premios Nobel 2025 de F\u00edsica y de Qu\u00edmica<\/a><\/li>\n<\/ul><\/div>\n<\/div>\n<\/div>\n<\/div>\n\n\n\n<div style=\"height:40px\" aria-hidden=\"true\" class=\"wp-block-spacer\"><\/div>\n","protected":false},"excerpt":{"rendered":"<p>La Asociaci\u00f3n Estudiantil Astronom\u00eda (hasta el a\u00f1o 2018 denominado Grupo Astronom\u00eda) est\u00e1 formado en su mayor\u00eda por estudiantes de la escuela de F\u00edsica de la Universidad Nacional de Ingenier\u00eda, egresados de la misma casa de estudios y un profesor asesor. Desde su creaci\u00f3n muchos estudiantes han formado parte del grupo, varios de ellos son ahora [&hellip;]<\/p>\n","protected":false},"author":1,"featured_media":0,"parent":537,"menu_order":0,"comment_status":"closed","ping_status":"closed","template":"","meta":{"footnotes":""},"class_list":["post-3750","page","type-page","status-publish","hentry"],"_links":{"self":[{"href":"https:\/\/devcc.site\/en\/wp-json\/wp\/v2\/pages\/3750","targetHints":{"allow":["GET"]}}],"collection":[{"href":"https:\/\/devcc.site\/en\/wp-json\/wp\/v2\/pages"}],"about":[{"href":"https:\/\/devcc.site\/en\/wp-json\/wp\/v2\/types\/page"}],"author":[{"embeddable":true,"href":"https:\/\/devcc.site\/en\/wp-json\/wp\/v2\/users\/1"}],"replies":[{"embeddable":true,"href":"https:\/\/devcc.site\/en\/wp-json\/wp\/v2\/comments?post=3750"}],"version-history":[{"count":68,"href":"https:\/\/devcc.site\/en\/wp-json\/wp\/v2\/pages\/3750\/revisions"}],"predecessor-version":[{"id":6649,"href":"https:\/\/devcc.site\/en\/wp-json\/wp\/v2\/pages\/3750\/revisions\/6649"}],"up":[{"embeddable":true,"href":"https:\/\/devcc.site\/en\/wp-json\/wp\/v2\/pages\/537"}],"wp:attachment":[{"href":"https:\/\/devcc.site\/en\/wp-json\/wp\/v2\/media?parent=3750"}],"curies":[{"name":"wp","href":"https:\/\/api.w.org\/{rel}","templated":true}]}}