{"id":363,"date":"2021-05-22T03:54:33","date_gmt":"2021-05-22T03:54:33","guid":{"rendered":"http:\/\/localhost\/fcuni\/?page_id=363"},"modified":"2025-01-07T23:36:28","modified_gmt":"2025-01-08T04:36:28","slug":"fisica","status":"publish","type":"page","link":"https:\/\/devcc.site\/en\/posgrado\/maestrias\/fisica\/","title":{"rendered":"Maestr\u00eda en F\u00edsica"},"content":{"rendered":"<div class=\"wp-block-group\"><div class=\"wp-block-group__inner-container is-layout-constrained wp-block-group-is-layout-constrained\">\n<p class=\"has-background\" style=\"background-color:#dddddd\">We are currently working on update this information. For the moment, this section will be displayed  in spanish. <\/p>\n<\/div><\/div>\n\n\n<h2 class=\"wp-block-heading\">Perfil del profesional<\/h2>\n\n\n\n<h2 class=\"wp-block-heading\">Temario <sup><span class=\"has-inline-color has-cyan-bluish-gray-color\">(Temario para el examen de Admisi\u00f3n 2021-1)<\/span><\/sup><\/h2>\n\n\n\n<ol class=\"wp-block-list\">\n<li><strong>Mec\u00e1nica Cl\u00e1sica<\/strong><br>Vectores y sistemas de coordenadas. Leyes de Newton. Oscilador arm\u00f3nico. Campo central y movimiento planetario. Sistemas coordenados en movimiento. Sistemas de part\u00edculas. Cuerpo r\u00edgido. Ecuaciones de Lagrange y Hamilton.<\/li>\n\n\n\n<li><strong>Mec\u00e1nica Cu\u00e1ntica<\/strong><br>Soluci\u00f3n a la ecuaci\u00f3n de Schr\u00f6dinger en potenciales en una dimensi\u00f3n. Herramientas matem\u00e1ticas de la mec\u00e1nica cu\u00e1ntica. Oscilador arm\u00f3nico. Momentum angular orbital y de spin. El \u00e1tomo de hidr\u00f3geno. M\u00e9todos aproximados.<\/li>\n\n\n\n<li><strong>Electromagnetismo<\/strong><br>Electrost\u00e1tica en el vac\u00edo. M\u00e9todos matem\u00e1ticos para resolver problemas de electrost\u00e1tica. Electrost\u00e1tica en diel\u00e9ctricos. Magnetost\u00e1tica en el vac\u00edo y en medios materiales. Inducci\u00f3n electromagn\u00e9tica. Electromagnetismo en el vac\u00edo y en mediosmateriales.<\/li>\n\n\n\n<li><strong>Termodin\u00e1mica<\/strong><br>Primera ley de la termodin\u00e1mica y procesos c\u00edclicos. Segunda ley de la termodin\u00e1mica. Entropia. Ecuaciones Tds y Gibs Duhem. Potenciales termodin\u00e1micos. Transiciones de fase.<\/li>\n<\/ol>\n\n\n\n<h2 class=\"wp-block-heading titulorojo topmargin\">Plan de Estudio<\/h2>\n\n\n\n<div class=\"wp-block-columns planesdeestudio is-layout-flex wp-container-core-columns-is-layout-9d6595d7 wp-block-columns-is-layout-flex\">\n<div class=\"wp-block-column is-layout-flow wp-block-column-is-layout-flow\">\n<h2 class=\"wp-block-heading\">Primer Semestre<\/h2>\n\n\n\n<figure class=\"wp-block-table is-style-stripes\"><table><thead><tr><th class=\"has-text-align-center\" data-align=\"center\">C\u00f3digo<\/th><th>Curso<\/th><th class=\"has-text-align-center\" data-align=\"center\">Horas<\/th><th class=\"has-text-align-center\" data-align=\"center\">Cr\u00e9ditos<\/th><\/tr><\/thead><tbody><tr><td class=\"has-text-align-center\" data-align=\"center\">MF601<\/td><td>Mec\u00e1nica Cl\u00e1sica*<\/td><td class=\"has-text-align-center\" data-align=\"center\">80<\/td><td class=\"has-text-align-center\" data-align=\"center\">5<\/td><\/tr><tr><td class=\"has-text-align-center\" data-align=\"center\">MF602<\/td><td>Electromagnetismo*<\/td><td class=\"has-text-align-center\" data-align=\"center\">80<\/td><td class=\"has-text-align-center\" data-align=\"center\">5<\/td><\/tr><tr><td class=\"has-text-align-center\" data-align=\"center\">MF603<\/td><td>Mec\u00e1nica Cu\u00e1ntica*<\/td><td class=\"has-text-align-center\" data-align=\"center\">80<\/td><td class=\"has-text-align-center\" data-align=\"center\">5<\/td><\/tr><tr><td class=\"has-text-align-center\" data-align=\"center\">MF604<\/td><td>Mec\u00e1nica Estad\u00edstica Cu\u00e1ntica*<\/td><td class=\"has-text-align-center\" data-align=\"center\">80<\/td><td class=\"has-text-align-center\" data-align=\"center\">5<\/td><\/tr><\/tbody><\/table><\/figure>\n\n\n\n<h2 class=\"wp-block-heading\">Segundo Semestre<\/h2>\n\n\n\n<figure class=\"wp-block-table is-style-stripes\"><table><thead><tr><th>C\u00f3digo<\/th><th>Curso<\/th><th>Horas<\/th><th>Cr\u00e9ditos<\/th><\/tr><\/thead><tbody><tr><td><\/td><td>Cursos Electivos**<\/td><td><\/td><td><\/td><\/tr><\/tbody><\/table><\/figure>\n\n\n\n<h2 class=\"wp-block-heading\">Tercer Semestre<\/h2>\n\n\n\n<figure class=\"wp-block-table is-style-stripes\"><table><thead><tr><th class=\"has-text-align-center\" data-align=\"center\">C\u00f3digo<\/th><th>Curso<\/th><th class=\"has-text-align-center\" data-align=\"center\">Horas<\/th><th class=\"has-text-align-center\" data-align=\"center\">Cr\u00e9ditos<\/th><\/tr><\/thead><tbody><tr><td class=\"has-text-align-center\" data-align=\"center\">MF605<\/td><td>Seminario de Tesis I<\/td><td class=\"has-text-align-center\" data-align=\"center\">128<\/td><td class=\"has-text-align-center\" data-align=\"center\">8<\/td><\/tr><tr><td class=\"has-text-align-center\" data-align=\"center\"><\/td><td>Cursos Electivos**<\/td><td class=\"has-text-align-center\" data-align=\"center\"><\/td><td class=\"has-text-align-center\" data-align=\"center\"><\/td><\/tr><\/tbody><\/table><\/figure>\n\n\n\n<h2 class=\"wp-block-heading\">Cuarto Semestre<\/h2>\n\n\n\n<figure class=\"wp-block-table is-style-stripes\"><table><thead><tr><th class=\"has-text-align-center\" data-align=\"center\">C\u00f3digo<\/th><th>Curso<\/th><th class=\"has-text-align-center\" data-align=\"center\">Horas<\/th><th class=\"has-text-align-center\" data-align=\"center\">Cr\u00e9ditos<\/th><\/tr><\/thead><tbody><tr><td class=\"has-text-align-center\" data-align=\"center\">MF606<\/td><td>Seminario de Tesis II<\/td><td class=\"has-text-align-center\" data-align=\"center\">128<\/td><td class=\"has-text-align-center\" data-align=\"center\">8<\/td><\/tr><\/tbody><\/table><figcaption class=\"wp-element-caption\">*De los 4 cursos, son obligatorios por lo menos 3 cursos de acuerdo a la l\u00ednea de investigaci\u00f3n que elige el estudiante<br>**Tiene que llevar cursos electivos hasta completar los 48 cr\u00e9ditos.<\/figcaption><\/figure>\n<\/div>\n\n\n\n<div class=\"wp-block-column is-layout-flow wp-block-column-is-layout-flow\">\n<h2 class=\"wp-block-heading\">Cursos Electivo<\/h2>\n\n\n\n<figure class=\"wp-block-table is-style-stripes\"><table><thead><tr><th class=\"has-text-align-center\" data-align=\"center\">C\u00f3digo<\/th><th>Curso<\/th><th class=\"has-text-align-center\" data-align=\"center\">Horas<\/th><th class=\"has-text-align-center\" data-align=\"center\">Cr\u00e9ditos<\/th><\/tr><\/thead><tbody><tr><td class=\"has-text-align-center\" data-align=\"center\">MF701<\/td><td>F\u00edsica del Estado S\u00f3lido<\/td><td class=\"has-text-align-center\" data-align=\"center\">64<\/td><td class=\"has-text-align-center\" data-align=\"center\">4<\/td><\/tr><tr><td class=\"has-text-align-center\" data-align=\"center\">MF702<\/td><td>Introducci\u00f3n a la Teor\u00eda de los Campos de Calibre<\/td><td class=\"has-text-align-center\" data-align=\"center\">80<\/td><td class=\"has-text-align-center\" data-align=\"center\">5<\/td><\/tr><tr><td class=\"has-text-align-center\" data-align=\"center\">MF703<\/td><td>Teor\u00eda de la Representaci\u00f3n de los Grupos y sus Aplicaciones<\/td><td class=\"has-text-align-center\" data-align=\"center\">80<\/td><td class=\"has-text-align-center\" data-align=\"center\">5<\/td><\/tr><tr><td class=\"has-text-align-center\" data-align=\"center\">MF704<\/td><td>F\u00edsica de Neutrinos<\/td><td class=\"has-text-align-center\" data-align=\"center\">96<\/td><td class=\"has-text-align-center\" data-align=\"center\">6<\/td><\/tr><tr><td class=\"has-text-align-center\" data-align=\"center\">MF705<\/td><td>Fundamentos de Nanomateriales<\/td><td class=\"has-text-align-center\" data-align=\"center\">64<\/td><td class=\"has-text-align-center\" data-align=\"center\">4<\/td><\/tr><tr><td class=\"has-text-align-center\" data-align=\"center\">MF706<\/td><td>F\u00edsica Experimental de Altas Energ\u00edas<\/td><td class=\"has-text-align-center\" data-align=\"center\">96<\/td><td class=\"has-text-align-center\" data-align=\"center\">6<\/td><\/tr><tr><td class=\"has-text-align-center\" data-align=\"center\">MF707<\/td><td>T\u00e9cnicas Avanzadas en Altas Energ\u00edas<\/td><td class=\"has-text-align-center\" data-align=\"center\">80<\/td><td class=\"has-text-align-center\" data-align=\"center\">5<\/td><\/tr><tr><td class=\"has-text-align-center\" data-align=\"center\">MF708<\/td><td>An\u00e1lisis Estad\u00edstico de Datos en F\u00edsica de Part\u00edculas<\/td><td class=\"has-text-align-center\" data-align=\"center\">96<\/td><td class=\"has-text-align-center\" data-align=\"center\">6<\/td><\/tr><tr><td class=\"has-text-align-center\" data-align=\"center\">MF709<\/td><td>Fisicoqu\u00edmica<\/td><td class=\"has-text-align-center\" data-align=\"center\">64<\/td><td class=\"has-text-align-center\" data-align=\"center\">4<\/td><\/tr><tr><td class=\"has-text-align-center\" data-align=\"center\">MF710<\/td><td>Ciencia de Materiales<\/td><td class=\"has-text-align-center\" data-align=\"center\">64<\/td><td class=\"has-text-align-center\" data-align=\"center\">4<\/td><\/tr><tr><td class=\"has-text-align-center\" data-align=\"center\">MF711<\/td><td>Materiales Avanzados<\/td><td class=\"has-text-align-center\" data-align=\"center\">64<\/td><td class=\"has-text-align-center\" data-align=\"center\">4<\/td><\/tr><tr><td class=\"has-text-align-center\" data-align=\"center\">MF712<\/td><td>Microscop\u00eda Electr\u00f3nica<\/td><td class=\"has-text-align-center\" data-align=\"center\">48<\/td><td class=\"has-text-align-center\" data-align=\"center\">3<\/td><\/tr><tr><td class=\"has-text-align-center\" data-align=\"center\">MF713<\/td><td>Dispositivos e Im\u00e1genes Biom\u00e9dicas<\/td><td class=\"has-text-align-center\" data-align=\"center\">64<\/td><td class=\"has-text-align-center\" data-align=\"center\">4<\/td><\/tr><tr><td class=\"has-text-align-center\" data-align=\"center\">MF714<\/td><td>M\u00e9todos Num\u00e9ricos Aplicados a la F\u00edsica<\/td><td class=\"has-text-align-center\" data-align=\"center\">64<\/td><td class=\"has-text-align-center\" data-align=\"center\">4<\/td><\/tr><tr><td class=\"has-text-align-center\" data-align=\"center\">MF715<\/td><td>Simulaciones y Aplicaciones de Detectores de Radiaci\u00f3n Nuclear y de Altas Energ\u00edas<\/td><td class=\"has-text-align-center\" data-align=\"center\">96<\/td><td class=\"has-text-align-center\" data-align=\"center\">6<\/td><\/tr><tr><td class=\"has-text-align-center\" data-align=\"center\">MF716<\/td><td>F\u00edsica de Part\u00edculas<\/td><td class=\"has-text-align-center\" data-align=\"center\">96<\/td><td class=\"has-text-align-center\" data-align=\"center\">6<\/td><\/tr><tr><td class=\"has-text-align-center\" data-align=\"center\">MF717<\/td><td>Electrodin\u00e1mica Cu\u00e1ntica<\/td><td class=\"has-text-align-center\" data-align=\"center\">96<\/td><td class=\"has-text-align-center\" data-align=\"center\">6<\/td><\/tr><tr><td class=\"has-text-align-center\" data-align=\"center\">MF718<\/td><td>Modelo Est\u00e1ndar<\/td><td class=\"has-text-align-center\" data-align=\"center\">96<\/td><td class=\"has-text-align-center\" data-align=\"center\">6<\/td><\/tr><tr><td class=\"has-text-align-center\" data-align=\"center\">MF719<\/td><td>Simetr\u00edas Discretas en Mec\u00e1nica Cu\u00e1ntica<\/td><td class=\"has-text-align-center\" data-align=\"center\">64<\/td><td class=\"has-text-align-center\" data-align=\"center\">4<\/td><\/tr><tr><td class=\"has-text-align-center\" data-align=\"center\">MF723<\/td><td>T\u00f3picos Especiales I ***<\/td><td class=\"has-text-align-center\" data-align=\"center\">16<\/td><td class=\"has-text-align-center\" data-align=\"center\">1<\/td><\/tr><tr><td class=\"has-text-align-center\" data-align=\"center\">MF724<\/td><td>T\u00f3picos Especiales II ***<\/td><td class=\"has-text-align-center\" data-align=\"center\">32<\/td><td class=\"has-text-align-center\" data-align=\"center\">2<\/td><\/tr><tr><td class=\"has-text-align-center\" data-align=\"center\">MF725<\/td><td>T\u00f3picos Especiales III ***<\/td><td class=\"has-text-align-center\" data-align=\"center\">48<\/td><td class=\"has-text-align-center\" data-align=\"center\">3<\/td><\/tr><tr><td class=\"has-text-align-center\" data-align=\"center\">MF726<\/td><td>T\u00f3picos Especiales IV ***<\/td><td class=\"has-text-align-center\" data-align=\"center\">64<\/td><td class=\"has-text-align-center\" data-align=\"center\">4<\/td><\/tr><tr><td class=\"has-text-align-center\" data-align=\"center\">MF727<\/td><td>T\u00f3picos Especiales V ***<\/td><td class=\"has-text-align-center\" data-align=\"center\">80<\/td><td class=\"has-text-align-center\" data-align=\"center\">5<\/td><\/tr><\/tbody><\/table><figcaption class=\"wp-element-caption\">***Estos cursos pueden ofrecerse varias veces por ejemplo: MF720A, MF720B, etc., con diferentes contenidos.<\/figcaption><\/figure>\n<\/div>\n<\/div>\n\n\n\n<h2 class=\"wp-block-heading\">Plana docente<\/h2>\n\n\n\n<p>En construcci\u00f3n. \u00daltima actualizaci\u00f3n 16\/04\/24. <\/p>\n\n\n\n<h2 class=\"wp-block-heading\">Bibliograf\u00eda<\/h2>\n\n\n\n<ul class=\"wp-block-list\">\n<li>Classical Mechanics. V.Barger and M. Olsson. McGraw-Hill 1995<\/li>\n\n\n\n<li>Introduction to the principles of the mechanics. W. Hauser. Addison-Wesley (1965).<\/li>\n\n\n\n<li>Din\u00e1mica cl\u00e1sica de las part\u00edculas y sistemas. J.B. Marion. Ed Revert\u00e9, 1975.<\/li>\n\n\n\n<li>B.H. Bransden and C.J. Joachain, \u201cQuantum Mechanics\u201d; 2nd ed., Pearson; Dorchester, 2000.<\/li>\n\n\n\n<li>A. I. M. Rae, \u201cQuantum Mechanics\u201d; 5th. ed., Taylor &#038; Francis; 2007.<\/li>\n\n\n\n<li>S. Gasiorowicz, \u201cQuantum Physics\u201d; 3\u00ba ed., Wiley; 2003.<\/li>\n\n\n\n<li>Introduction to Electrodynamics, D.J. Griffiths, 3a edici\u00f3n, Prentice Hall, Inc. (2001).<\/li>\n\n\n\n<li>Foundations of Electromagnetism, J.R. Reitz, F.J. Milford y R.W. Christy, 4a edici\u00f3n, Addison-Wesley (1993)<\/li>\n\n\n\n<li>Calor y termodin\u00e1mica, M. W. Zemansky, R. H. Dittman, sexta<\/li>\n\n\n\n<li>edici\u00f3n,Editorial McGrawHill (1990) M\u00e9xico.<\/li>\n\n\n\n<li>Thermodynamics and an introduction to thermostatistics, H. Callen, 1985,second Edition, John Wiley &#038; Sons, (1985) USA.<\/li>\n<\/ul>\n","protected":false},"excerpt":{"rendered":"<p>Perfil del profesional Temario (Temario para el examen de Admisi\u00f3n 2021-1) Plan de Estudio Primer Semestre C\u00f3digo Curso Horas Cr\u00e9ditos MF601 Mec\u00e1nica Cl\u00e1sica* 80 5 MF602 Electromagnetismo* 80 5 MF603 Mec\u00e1nica Cu\u00e1ntica* 80 5 MF604 Mec\u00e1nica Estad\u00edstica Cu\u00e1ntica* 80 5 Segundo Semestre C\u00f3digo Curso Horas Cr\u00e9ditos Cursos Electivos** Tercer Semestre C\u00f3digo Curso Horas Cr\u00e9ditos MF605 [&hellip;]<\/p>\n","protected":false},"author":1,"featured_media":0,"parent":4553,"menu_order":0,"comment_status":"closed","ping_status":"closed","template":"","meta":{"footnotes":""},"class_list":["post-363","page","type-page","status-publish","hentry"],"_links":{"self":[{"href":"https:\/\/devcc.site\/en\/wp-json\/wp\/v2\/pages\/363","targetHints":{"allow":["GET"]}}],"collection":[{"href":"https:\/\/devcc.site\/en\/wp-json\/wp\/v2\/pages"}],"about":[{"href":"https:\/\/devcc.site\/en\/wp-json\/wp\/v2\/types\/page"}],"author":[{"embeddable":true,"href":"https:\/\/devcc.site\/en\/wp-json\/wp\/v2\/users\/1"}],"replies":[{"embeddable":true,"href":"https:\/\/devcc.site\/en\/wp-json\/wp\/v2\/comments?post=363"}],"version-history":[{"count":29,"href":"https:\/\/devcc.site\/en\/wp-json\/wp\/v2\/pages\/363\/revisions"}],"predecessor-version":[{"id":7004,"href":"https:\/\/devcc.site\/en\/wp-json\/wp\/v2\/pages\/363\/revisions\/7004"}],"up":[{"embeddable":true,"href":"https:\/\/devcc.site\/en\/wp-json\/wp\/v2\/pages\/4553"}],"wp:attachment":[{"href":"https:\/\/devcc.site\/en\/wp-json\/wp\/v2\/media?parent=363"}],"curies":[{"name":"wp","href":"https:\/\/api.w.org\/{rel}","templated":true}]}}