{"id":339,"date":"2021-05-22T03:20:32","date_gmt":"2021-05-22T03:20:32","guid":{"rendered":"http:\/\/localhost\/fcuni\/?page_id=339"},"modified":"2025-01-08T00:04:09","modified_gmt":"2025-01-08T05:04:09","slug":"directorio-posgrado","status":"publish","type":"page","link":"https:\/\/devcc.site\/en\/posgrado\/directorio-posgrado\/","title":{"rendered":"Directory"},"content":{"rendered":"<div class=\"wp-block-group\"><div class=\"wp-block-group__inner-container is-layout-constrained wp-block-group-is-layout-constrained\">\n<p class=\"has-background\" style=\"background-color:#dddddd\">We are currently working on update this information. For the moment, this section will be displayed  in spanish. <\/p>\n<\/div><\/div>\n\n\n<p class=\"has-text-align-center\"><strong>Director: <\/strong>Dr. Rosendo Ochoa Jim\u00e9nez<br><strong>E-mail: <\/strong>postgradofc@uni.edu.pe<br><strong>Tel\u00e9fono: <\/strong>481-1070 Anexo: 5032<\/p>\n\n\n\n<h2 class=\"wp-block-heading titulorojo topmargin\"><strong>Comit\u00e9 de Doctorado:<\/strong><\/h2>\n\n\n\n<div class=\"wp-block-columns comite is-layout-flex wp-container-core-columns-is-layout-9d6595d7 wp-block-columns-is-layout-flex\">\n<div class=\"wp-block-column coluno is-layout-flow wp-block-column-is-layout-flow\">\n<h2 class=\"wp-block-heading\">Presidente<\/h2>\n\n\n\n<p><strong>Nombre:<\/strong> Dr. Rosendo Ochoa Jim\u00e9nez<br><strong>E-mail: <\/strong>postgradofc@uni.edu.pe<\/p>\n<\/div>\n\n\n\n<div class=\"wp-block-column coluno is-layout-flow wp-block-column-is-layout-flow\">\n<h2 class=\"wp-block-heading\">En F\u00edsica<\/h2>\n\n\n\n<p><strong>Nombre:<\/strong> Dr. Heriberto Abraham S\u00e1nchez C\u00f3rdova<br><strong>E-mail: <\/strong>hsanchez@uni.edu.pe<\/p>\n<\/div>\n\n\n\n<div class=\"wp-block-column coluno is-layout-flow wp-block-column-is-layout-flow\">\n<h2 class=\"wp-block-heading\">En Qu\u00edmica<\/h2>\n\n\n\n<p><strong>Nombre:<\/strong> Dr. Gino Picasso Escobar<br><strong>E-mail: <\/strong>gpicasso@uni.edu.pe<\/p>\n<\/div>\n\n\n\n<div class=\"wp-block-column is-layout-flow wp-block-column-is-layout-flow\">\n<h2 class=\"wp-block-heading\">En Matem\u00e1tica<\/h2>\n\n\n\n<p><strong>Nombre:<\/strong> Dr. Roger Metzger Alv\u00e1n<br><strong>E-mail: <\/strong>metzger@imca.edu.pe<\/p>\n<\/div>\n<\/div>\n\n\n\n<h2 class=\"wp-block-heading titulorojo topmargin\">Directorio:<\/h2>\n\n\n\n<div class=\"wp-block-columns is-layout-flex wp-container-core-columns-is-layout-9d6595d7 wp-block-columns-is-layout-flex\">\n<div class=\"wp-block-column coluno is-layout-flow wp-block-column-is-layout-flow\">\n<p><strong>MAESTR\u00cdA EN CIENCIAS EN ENERG\u00cdAS RENOVABLES Y EFICIENCIA ENERG\u00c9TICA<\/strong><br><strong>Coordinador:<\/strong> Dra. M\u00f3nica G\u00f3mez Le\u00f3n<br><strong>E-mail: <\/strong>mgomez@uni.edu.pe<\/p>\n<\/div>\n\n\n\n<div class=\"wp-block-column coluno is-layout-flow wp-block-column-is-layout-flow\">\n<p><strong>MAESTR\u00cdA EN CIENCIAS EN CIENCIA DE LA COMPUTACI\u00d3N<\/strong><br><strong><strong>Coordinador<\/strong> :<\/strong> Dr. Cesar Manuel Castromonte Flores<br><strong>E-mail:<\/strong> ccastromontef@uni.edu.pedu.pe<\/p>\n<\/div>\n\n\n\n<div class=\"wp-block-column is-layout-flow wp-block-column-is-layout-flow\">\n<p><strong>MAESTR\u00cdA EN CIENCIAS EN F\u00cdSICA<\/strong><br><strong><strong>Coordinador<\/strong> :<\/strong> Dra. Carmen Rosa Eyzaguirre Gorvenia<br><strong>E-mail:<\/strong> ceyzaguirre@uni.edu.pe<\/p>\n<\/div>\n<\/div>\n\n\n\n<div class=\"wp-block-columns is-layout-flex wp-container-core-columns-is-layout-9d6595d7 wp-block-columns-is-layout-flex\">\n<div class=\"wp-block-column coluno is-layout-flow wp-block-column-is-layout-flow\">\n<p><strong>MAESTR\u00cdA EN CIENCIAS EN QU\u00cdMICA<\/strong><br><strong>Coordinador:<\/strong> Dra. Ana Cecilia Valderrama Negr\u00f3n<br><strong>E-mail:<\/strong> a.valderrama.n@uni.edu.pe<\/p>\n<\/div>\n\n\n\n<div class=\"wp-block-column coluno is-layout-flow wp-block-column-is-layout-flow\">\n<p><strong>MAESTR\u00cdA EN CIENCIAS EN MATEM\u00c1TICA APLICADA <strong>Coordinador<\/strong> :<\/strong> Dr. Eladio Te\u00f3filo Oca\u00f1a Anaya<br><strong>E-mail:<\/strong> eocana@imca.edu.pe<\/p>\n<\/div>\n\n\n\n<div class=\"wp-block-column is-layout-flow wp-block-column-is-layout-flow\">\n<p><strong>MAESTR\u00cdA EN CIENCIAS EN F\u00cdSICA M\u00c9DICA<\/strong><br><strong><strong>Coordinador<\/strong> : <\/strong>Dra. Susana Petrick Casagrande<br><strong>E-mail: <\/strong>spetrick@uni.edu.pe<\/p>\n<\/div>\n<\/div>\n\n\n\n<div class=\"wp-block-columns is-layout-flex wp-container-core-columns-is-layout-9d6595d7 wp-block-columns-is-layout-flex\">\n<div class=\"wp-block-column is-layout-flow wp-block-column-is-layout-flow\">\n<p><strong>MAESTR\u00cdA EN ENERG\u00cdA NUCLEAR<\/strong><br><strong>Coordinador:<\/strong> Dr. Heriberto Abraham S\u00e1nchez C\u00f3rdova<br><strong>E-mail:<\/strong> hsanchez@uni.edu.pe <\/p>\n<\/div>\n\n\n\n<div class=\"wp-block-column is-layout-flow wp-block-column-is-layout-flow\">\n<p><strong>DOCTORADO EN CIENCIAS CON MENCI\u00d3N EN F\u00cdSICA<\/strong><br><strong>Coordinador:<\/strong> Dr. Heriberto Abraham S\u00e1nchez C\u00f3rdova<br><strong>E-mail:<\/strong> hsanchez@uni.edu.pe <\/p>\n<\/div>\n\n\n\n<div class=\"wp-block-column is-layout-flow wp-block-column-is-layout-flow\">\n<p><strong>DOCTORADO EN CIENCIAS CON MENCI\u00d3N EN MATEM\u00c1TICA<\/strong><br><strong>Coordinador:<\/strong> Dr. Roger Metzger Alv\u00e1n<br><strong>E-mail:<\/strong> metzger@imca.edu.pe <\/p>\n<\/div>\n<\/div>\n\n\n\n<div class=\"wp-block-columns is-layout-flex wp-container-core-columns-is-layout-9d6595d7 wp-block-columns-is-layout-flex\">\n<div class=\"wp-block-column is-layout-flow wp-block-column-is-layout-flow\">\n<p><strong>DOCTORADO EN CIENCIAS CON MENCI\u00d3N EN QU\u00cdMICA<\/strong><br><strong>Coordinador:<\/strong> Dr. Gino Picasso Escobar<br><strong>E-mail:<\/strong> gpicasso@uni.edu.pe <\/p>\n<\/div>\n\n\n\n<div class=\"wp-block-column is-layout-flow wp-block-column-is-layout-flow\"><\/div>\n\n\n\n<div class=\"wp-block-column is-layout-flow wp-block-column-is-layout-flow\"><\/div>\n<\/div>\n","protected":false},"excerpt":{"rendered":"<p>Director: Dr. Rosendo Ochoa Jim\u00e9nezE-mail: postgradofc@uni.edu.peTel\u00e9fono: 481-1070 Anexo: 5032 Comit\u00e9 de Doctorado: Presidente Nombre: Dr. Rosendo Ochoa Jim\u00e9nezE-mail: postgradofc@uni.edu.pe En F\u00edsica Nombre: Dr. Heriberto Abraham S\u00e1nchez C\u00f3rdovaE-mail: hsanchez@uni.edu.pe En Qu\u00edmica Nombre: Dr. Gino Picasso EscobarE-mail: gpicasso@uni.edu.pe En Matem\u00e1tica Nombre: Dr. Roger Metzger Alv\u00e1nE-mail: metzger@imca.edu.pe Directorio: MAESTR\u00cdA EN CIENCIAS EN ENERG\u00cdAS RENOVABLES Y EFICIENCIA ENERG\u00c9TICACoordinador: Dra. [&hellip;]<\/p>\n","protected":false},"author":1,"featured_media":0,"parent":98,"menu_order":0,"comment_status":"closed","ping_status":"closed","template":"","meta":{"footnotes":""},"class_list":["post-339","page","type-page","status-publish","hentry"],"_links":{"self":[{"href":"https:\/\/devcc.site\/en\/wp-json\/wp\/v2\/pages\/339","targetHints":{"allow":["GET"]}}],"collection":[{"href":"https:\/\/devcc.site\/en\/wp-json\/wp\/v2\/pages"}],"about":[{"href":"https:\/\/devcc.site\/en\/wp-json\/wp\/v2\/types\/page"}],"author":[{"embeddable":true,"href":"https:\/\/devcc.site\/en\/wp-json\/wp\/v2\/users\/1"}],"replies":[{"embeddable":true,"href":"https:\/\/devcc.site\/en\/wp-json\/wp\/v2\/comments?post=339"}],"version-history":[{"count":46,"href":"https:\/\/devcc.site\/en\/wp-json\/wp\/v2\/pages\/339\/revisions"}],"predecessor-version":[{"id":7030,"href":"https:\/\/devcc.site\/en\/wp-json\/wp\/v2\/pages\/339\/revisions\/7030"}],"up":[{"embeddable":true,"href":"https:\/\/devcc.site\/en\/wp-json\/wp\/v2\/pages\/98"}],"wp:attachment":[{"href":"https:\/\/devcc.site\/en\/wp-json\/wp\/v2\/media?parent=339"}],"curies":[{"name":"wp","href":"https:\/\/api.w.org\/{rel}","templated":true}]}}