{"id":328,"date":"2021-05-22T02:59:01","date_gmt":"2021-05-22T02:59:01","guid":{"rendered":"http:\/\/localhost\/fcuni\/?page_id=328"},"modified":"2025-01-08T00:03:50","modified_gmt":"2025-01-08T05:03:50","slug":"descargas","status":"publish","type":"page","link":"https:\/\/devcc.site\/en\/posgrado\/descargas\/","title":{"rendered":"Documentos importantes"},"content":{"rendered":"<div class=\"wp-block-group\"><div class=\"wp-block-group__inner-container is-layout-constrained wp-block-group-is-layout-constrained\">\n<p class=\"has-background\" style=\"background-color:#dddddd\">We are currently working on update this information. For the moment, this section will be displayed  in spanish. <\/p>\n<\/div><\/div>\n\n\n<div class=\"wp-block-columns is-layout-flex wp-container-core-columns-is-layout-9d6595d7 wp-block-columns-is-layout-flex\">\n<div class=\"wp-block-column is-layout-flow wp-block-column-is-layout-flow\">\n<h2 class=\"wp-block-heading\"><img loading=\"lazy\" decoding=\"async\" width=\"35\" height=\"35\" class=\"wp-image-331\" style=\"width: 35px;\" src=\"http:\/\/fc.uni.edu.pe\/wp-content\/uploads\/2021\/05\/carpeta-min.png\" alt=\"\">Carpeta de Admisi\u00f3n<\/h2>\n\n\n\n<ul class=\"vinculo wp-block-list\">\n<li><a href=\"http:\/\/fc.uni.edu.pe\/wp-content\/uploads\/2021\/06\/ficha-datos-maestria.docx\" target=\"_blank\" rel=\"noreferrer noopener\">Ficha de Datos &#8211; Maestr\u00eda<\/a><\/li>\n\n\n\n<li><a href=\"http:\/\/fc.uni.edu.pe\/wp-content\/uploads\/2021\/06\/ficha-datos-doctorado.docx\" target=\"_blank\" rel=\"noreferrer noopener\">Ficha de Datos &#8211; Doctorado<\/a><\/li>\n\n\n\n<li><a href=\"http:\/\/fc.uni.edu.pe\/wp-content\/uploads\/2021\/06\/declaracion-jurada.docx\">Declaraci\u00f3n Jurada<\/a><\/li>\n\n\n\n<li><a href=\"http:\/\/fc.uni.edu.pe\/wp-content\/uploads\/2021\/06\/solicitud-doctorado.docx\" target=\"_blank\" rel=\"noreferrer noopener\">Solicitud &#8211; Doctorado<\/a><\/li>\n\n\n\n<li><a href=\"http:\/\/fc.uni.edu.pe\/wp-content\/uploads\/2021\/06\/solicitud-maestria.docx\" target=\"_blank\" rel=\"noreferrer noopener\">Solicitud &#8211; Maestr\u00eda<\/a><\/li>\n<\/ul>\n<\/div>\n\n\n\n<div class=\"wp-block-column is-layout-flow wp-block-column-is-layout-flow\">\n<h2 class=\"wp-block-heading\"><img loading=\"lazy\" decoding=\"async\" width=\"35\" height=\"35\" class=\"wp-image-332\" style=\"width: 35px;\" src=\"http:\/\/fc.uni.edu.pe\/wp-content\/uploads\/2021\/05\/reglamento-min.png\" alt=\"\">Reglamentos<\/h2>\n\n\n\n<ul class=\"vinculo wp-block-list\">\n<li>Estatuto UNI<\/li>\n\n\n\n<li><a href=\"http:\/\/fc.uni.edu.pe\/wp-content\/uploads\/2021\/06\/reglamento-posgrado2021.pdf\">Reglamento de Posgrado<\/a><\/li>\n\n\n\n<li>Exoneraci\u00f3n de Matr\u00edculas y Cr\u00e9ditos<\/li>\n<\/ul>\n<\/div>\n\n\n\n<div class=\"wp-block-column is-layout-flow wp-block-column-is-layout-flow\">\n<h2 class=\"wp-block-heading\"><img loading=\"lazy\" decoding=\"async\" width=\"35\" height=\"35\" class=\"wp-image-333\" style=\"width: 35px;\" src=\"http:\/\/fc.uni.edu.pe\/wp-content\/uploads\/2021\/05\/temario-min.png\" alt=\"\">Temarios<\/h2>\n\n\n\n<ul class=\"vinculo wp-block-list\">\n<li><a href=\"http:\/\/fc.uni.edu.pe\/wp-content\/uploads\/2021\/08\/MAESTRA_EN_CIENCIAS_EN_ENERGIAS_RENOVABLES_Y_EFICIENCIA_ENERGETICA.pdf\" target=\"_blank\" rel=\"noreferrer noopener\">Maestr\u00eda en Ciencias en Energ\u00edas Renovables y Eficiencia Energ\u00e9tica<\/a><\/li>\n\n\n\n<li><a href=\"http:\/\/fc.uni.edu.pe\/wp-content\/uploads\/2021\/08\/MAESTRA_EN_CIENCIAS_EN_FSICA_MDICA.pdf\" target=\"_blank\" rel=\"noreferrer noopener\">Maestr\u00eda en Ciencias en F\u00edsica M\u00e9dica<\/a><\/li>\n\n\n\n<li><a href=\"http:\/\/fc.uni.edu.pe\/wp-content\/uploads\/2021\/08\/MAESTRA_EN_CIENCIAS_EN_FSICA.pdf\" target=\"_blank\" rel=\"noreferrer noopener\">Maestr\u00eda en ciencias en F\u00edsica<\/a><\/li>\n\n\n\n<li><a href=\"http:\/\/fc.uni.edu.pe\/wp-content\/uploads\/2021\/08\/MAESTRA_EN_CIENCIAS_EN_MATEMATICA_APLICADA.pdf\" target=\"_blank\" rel=\"noreferrer noopener\">Maestr\u00eda en Ciencias en Matem\u00e1tica Aplicada<\/a><\/li>\n\n\n\n<li><a href=\"http:\/\/fc.uni.edu.pe\/wp-content\/uploads\/2021\/08\/MAESTRA_EN_CIENCIAS_EN_QUMICA.pdf\" target=\"_blank\" rel=\"noreferrer noopener\">Maestr\u00eda en Ciencias en Qu\u00edmica<\/a><\/li>\n\n\n\n<li><a href=\"http:\/\/fc.uni.edu.pe\/wp-content\/uploads\/2021\/08\/MAESTRIA_EN_CIENCIA_DE_LA_COMPUTACION.pdf\" target=\"_blank\" rel=\"noreferrer noopener\">Maestr\u00eda en Ciencia de la Computaci\u00f3n<\/a><\/li>\n\n\n\n<li><a href=\"http:\/\/fc.uni.edu.pe\/wp-content\/uploads\/2021\/08\/MAESTRA_EN_CIENCIAS_EN_ENERGA_NUCLEAR.pdf\" target=\"_blank\" rel=\"noreferrer noopener\">Maestr\u00eda en Ciencias en Energ\u00eda Nuclear<\/a><\/li>\n\n\n\n<li><a href=\"http:\/\/fc.uni.edu.pe\/wp-content\/uploads\/2021\/08\/DOCTORADO_EN_FSICA.pdf\" target=\"_blank\" rel=\"noreferrer noopener\">Doctorado en F\u00edsica<\/a><\/li>\n\n\n\n<li><a href=\"http:\/\/fc.uni.edu.pe\/wp-content\/uploads\/2021\/08\/DOCTORADO_EN_MATEMATICA.pdf\" target=\"_blank\" rel=\"noreferrer noopener\">Doctorado en Matem\u00e1tica<\/a><\/li>\n\n\n\n<li><a href=\"http:\/\/fc.uni.edu.pe\/wp-content\/uploads\/2021\/08\/DOCTORADO_EN_QUMICA.pdf\" target=\"_blank\" rel=\"noreferrer noopener\">Doctorado en Qu\u00edmica<\/a><\/li>\n<\/ul>\n<\/div>\n<\/div>\n","protected":false},"excerpt":{"rendered":"<p>Carpeta de Admisi\u00f3n Reglamentos Temarios<\/p>\n","protected":false},"author":1,"featured_media":0,"parent":98,"menu_order":0,"comment_status":"closed","ping_status":"closed","template":"","meta":{"footnotes":""},"class_list":["post-328","page","type-page","status-publish","hentry"],"_links":{"self":[{"href":"https:\/\/devcc.site\/en\/wp-json\/wp\/v2\/pages\/328","targetHints":{"allow":["GET"]}}],"collection":[{"href":"https:\/\/devcc.site\/en\/wp-json\/wp\/v2\/pages"}],"about":[{"href":"https:\/\/devcc.site\/en\/wp-json\/wp\/v2\/types\/page"}],"author":[{"embeddable":true,"href":"https:\/\/devcc.site\/en\/wp-json\/wp\/v2\/users\/1"}],"replies":[{"embeddable":true,"href":"https:\/\/devcc.site\/en\/wp-json\/wp\/v2\/comments?post=328"}],"version-history":[{"count":30,"href":"https:\/\/devcc.site\/en\/wp-json\/wp\/v2\/pages\/328\/revisions"}],"predecessor-version":[{"id":7029,"href":"https:\/\/devcc.site\/en\/wp-json\/wp\/v2\/pages\/328\/revisions\/7029"}],"up":[{"embeddable":true,"href":"https:\/\/devcc.site\/en\/wp-json\/wp\/v2\/pages\/98"}],"wp:attachment":[{"href":"https:\/\/devcc.site\/en\/wp-json\/wp\/v2\/media?parent=328"}],"curies":[{"name":"wp","href":"https:\/\/api.w.org\/{rel}","templated":true}]}}